{"id":332,"date":"2024-06-04T10:56:13","date_gmt":"2024-06-04T07:56:13","guid":{"rendered":"http:\/\/nisantasi-kozmetik.test\/?post_type=product&#038;p=332"},"modified":"2026-03-26T17:35:58","modified_gmt":"2026-03-26T14:35:58","slug":"konjac-capsule","status":"publish","type":"product","link":"https:\/\/nisantasicosmetic.com\/tr\/urun\/konjac-kapsulu\/","title":{"rendered":"Konjac Kaps\u00fcl\u00fc"},"content":{"rendered":"<div class=\"col-md-12\">\n<h2>\ud83c\udf3f <strong>Konjac Kaps\u00fcl Nas\u0131l Kullan\u0131l\u0131r?<\/strong><\/h2>\n<p>Konjac kaps\u00fcl\u00fc bir bardak su ile g\u00fcn i\u00e7erisinde t\u00fcketebilirsiniz. G\u00fcnl\u00fck rutininize pratik bir \u015fekilde dahil edebilece\u011finiz kaps\u00fcl formu sayesinde kullan\u0131m kolayl\u0131\u011f\u0131 sa\u011flar<\/p>\n<h2>\u26a0 <strong>Konjac Kaps\u00fcl\u00fc Kimler Kullanamaz?<\/strong><\/h2>\n<ul>\n<li>Hamile ve emzirme d\u00f6nemindeki ki\u015filer<\/li>\n<li>Kalp, b\u00f6brek, tansiyon veya d\u00fc\u015f\u00fck \u015feker rahats\u0131zl\u0131\u011f\u0131 bulunanlar<\/li>\n<li>\u0130\u00e7eri\u011finde yer alan bitkilere kar\u015f\u0131 hassasiyeti veya alerjisi olan ki\u015filer<\/li>\n<\/ul>\n<p>Herhangi bir sa\u011fl\u0131k durumu veya d\u00fczenli ila\u00e7 kullan\u0131m\u0131 s\u00f6z konusuysa, kullan\u0131m \u00f6ncesinde bir uzmana dan\u0131\u015f\u0131lmas\u0131 \u00f6nerilir.<\/p>\n<\/div>","protected":false},"excerpt":{"rendered":"<p>\u0130nce ya\u011flar\u0131 yakman\u0131za yard\u0131mc\u0131 olur. Kilo vermede diren\u00e7 g\u00f6steren v\u00fccutlar\u0131n kilo vermelerinin h\u0131zlanmas\u0131na yard\u0131mc\u0131 olacakt\u0131r.<\/p>","protected":false},"featured_media":1161,"comment_status":"open","ping_status":"closed","template":"","meta":[],"product_brand":[],"product_cat":[89],"product_tag":[],"class_list":{"0":"post-332","1":"product","2":"type-product","3":"status-publish","4":"has-post-thumbnail","6":"product_cat-herbal-products-products","8":"first","9":"instock","10":"sale","11":"taxable","12":"shipping-taxable","13":"purchasable","14":"product-type-simple"},"yoast_head":"<!-- This site is optimized with the Yoast SEO plugin v26.2 - https:\/\/yoast.com\/wordpress\/plugins\/seo\/ -->\n<title>Konjac Capsule - Ni\u015fanta\u015f\u0131 Cosmetic<\/title>\n<meta name=\"description\" content=\"Boost your weight management journey with Konjac Capsule from Ni\u015fanta\u015f\u0131 Cosmetic. Natural, effective, and perfect for a healthier lifestyle!\" \/>\n<meta name=\"robots\" content=\"index, follow, max-snippet:-1, max-image-preview:large, max-video-preview:-1\" \/>\n<link rel=\"canonical\" href=\"https:\/\/nisantasicosmetic.com\/tr\/urun\/konjac-kapsulu\/?wmc-currency=TRY\" \/>\n<meta property=\"og:locale\" content=\"tr_TR\" \/>\n<meta property=\"og:type\" content=\"article\" \/>\n<meta property=\"og:title\" content=\"Konjac Capsule - Ni\u015fanta\u015f\u0131 Cosmetic\" \/>\n<meta property=\"og:description\" content=\"Boost your weight management journey with Konjac Capsule from Ni\u015fanta\u015f\u0131 Cosmetic. Natural, effective, and perfect for a healthier lifestyle!\" \/>\n<meta property=\"og:url\" content=\"https:\/\/nisantasicosmetic.com\/tr\/urun\/konjac-kapsulu\/?wmc-currency=TRY\" \/>\n<meta property=\"og:site_name\" content=\"Ni\u015fanta\u015f\u0131 Cosmetic\" \/>\n<meta property=\"article:modified_time\" content=\"2026-03-26T14:35:58+00:00\" \/>\n<meta property=\"og:image\" content=\"https:\/\/nisantasicosmetic.com\/wp-content\/uploads\/2024\/06\/Konjac-Capsule55-1.png\" \/>\n\t<meta property=\"og:image:width\" content=\"1000\" \/>\n\t<meta property=\"og:image:height\" content=\"1000\" \/>\n\t<meta property=\"og:image:type\" content=\"image\/png\" \/>\n<meta name=\"twitter:card\" content=\"summary_large_image\" \/>\n<meta name=\"twitter:label1\" content=\"Tahmini okuma s\u00fcresi\" \/>\n\t<meta name=\"twitter:data1\" content=\"1 dakika\" \/>\n<script type=\"application\/ld+json\" class=\"yoast-schema-graph\">{\"@context\":\"https:\/\/schema.org\",\"@graph\":[{\"@type\":\"WebPage\",\"@id\":\"https:\/\/nisantasicosmetic.com\/urun\/konjac-capsule\/\",\"url\":\"https:\/\/nisantasicosmetic.com\/urun\/konjac-capsule\/\",\"name\":\"Konjac Capsule - Ni\u015fanta\u015f\u0131 Cosmetic\",\"isPartOf\":{\"@id\":\"https:\/\/nisantasicosmetic.com\/#website\"},\"primaryImageOfPage\":{\"@id\":\"https:\/\/nisantasicosmetic.com\/urun\/konjac-capsule\/#primaryimage\"},\"image\":{\"@id\":\"https:\/\/nisantasicosmetic.com\/urun\/konjac-capsule\/#primaryimage\"},\"thumbnailUrl\":\"https:\/\/nisantasicosmetic.com\/wp-content\/uploads\/2024\/06\/Konjac-Capsule55-1.png\",\"datePublished\":\"2024-06-04T07:56:13+00:00\",\"dateModified\":\"2026-03-26T14:35:58+00:00\",\"description\":\"Boost your weight management journey with Konjac Capsule from Ni\u015fanta\u015f\u0131 Cosmetic. Natural, effective, and perfect for a healthier lifestyle!\",\"breadcrumb\":{\"@id\":\"https:\/\/nisantasicosmetic.com\/urun\/konjac-capsule\/#breadcrumb\"},\"inLanguage\":\"tr\",\"potentialAction\":[{\"@type\":\"ReadAction\",\"target\":[\"https:\/\/nisantasicosmetic.com\/urun\/konjac-capsule\/\"]}]},{\"@type\":\"ImageObject\",\"inLanguage\":\"tr\",\"@id\":\"https:\/\/nisantasicosmetic.com\/urun\/konjac-capsule\/#primaryimage\",\"url\":\"https:\/\/nisantasicosmetic.com\/wp-content\/uploads\/2024\/06\/Konjac-Capsule55-1.png\",\"contentUrl\":\"https:\/\/nisantasicosmetic.com\/wp-content\/uploads\/2024\/06\/Konjac-Capsule55-1.png\",\"width\":1000,\"height\":1000},{\"@type\":\"BreadcrumbList\",\"@id\":\"https:\/\/nisantasicosmetic.com\/urun\/konjac-capsule\/#breadcrumb\",\"itemListElement\":[{\"@type\":\"ListItem\",\"position\":1,\"name\":\"Anasayfa\",\"item\":\"https:\/\/nisantasicosmetic.com\/\"},{\"@type\":\"ListItem\",\"position\":2,\"name\":\"Produtos\",\"item\":\"https:\/\/nisantasicosmetic.com\/pt\/shop\/\"},{\"@type\":\"ListItem\",\"position\":3,\"name\":\"Konjac Capsule\"}]},{\"@type\":\"WebSite\",\"@id\":\"https:\/\/nisantasicosmetic.com\/#website\",\"url\":\"https:\/\/nisantasicosmetic.com\/\",\"name\":\"Ni\u015fanta\u015f\u0131 Kozmetik\",\"description\":\"\",\"publisher\":{\"@id\":\"https:\/\/nisantasicosmetic.com\/#organization\"},\"potentialAction\":[{\"@type\":\"SearchAction\",\"target\":{\"@type\":\"EntryPoint\",\"urlTemplate\":\"https:\/\/nisantasicosmetic.com\/?s={search_term_string}\"},\"query-input\":{\"@type\":\"PropertyValueSpecification\",\"valueRequired\":true,\"valueName\":\"search_term_string\"}}],\"inLanguage\":\"tr\"},{\"@type\":\"Organization\",\"@id\":\"https:\/\/nisantasicosmetic.com\/#organization\",\"name\":\"Ni\u015fanta\u015f\u0131 Kozmetik\",\"url\":\"https:\/\/nisantasicosmetic.com\/\",\"logo\":{\"@type\":\"ImageObject\",\"inLanguage\":\"tr\",\"@id\":\"https:\/\/nisantasicosmetic.com\/#\/schema\/logo\/image\/\",\"url\":\"https:\/\/nisantasicosmetic.com\/wp-content\/uploads\/2024\/06\/Nisantasi-Cosmetic-Logo.png\",\"contentUrl\":\"https:\/\/nisantasicosmetic.com\/wp-content\/uploads\/2024\/06\/Nisantasi-Cosmetic-Logo.png\",\"width\":1080,\"height\":216,\"caption\":\"Ni\u015fanta\u015f\u0131 Kozmetik\"},\"image\":{\"@id\":\"https:\/\/nisantasicosmetic.com\/#\/schema\/logo\/image\/\"}}]}<\/script>\n<!-- \/ Yoast SEO plugin. -->","yoast_head_json":{"title":"Konjac Capsule - Ni\u015fanta\u015f\u0131 Cosmetic","description":"Boost your weight management journey with Konjac Capsule from Ni\u015fanta\u015f\u0131 Cosmetic. Natural, effective, and perfect for a healthier lifestyle!","robots":{"index":"index","follow":"follow","max-snippet":"max-snippet:-1","max-image-preview":"max-image-preview:large","max-video-preview":"max-video-preview:-1"},"canonical":"https:\/\/nisantasicosmetic.com\/tr\/urun\/konjac-kapsulu\/?wmc-currency=TRY","og_locale":"tr_TR","og_type":"article","og_title":"Konjac Capsule - Ni\u015fanta\u015f\u0131 Cosmetic","og_description":"Boost your weight management journey with Konjac Capsule from Ni\u015fanta\u015f\u0131 Cosmetic. Natural, effective, and perfect for a healthier lifestyle!","og_url":"https:\/\/nisantasicosmetic.com\/tr\/urun\/konjac-kapsulu\/?wmc-currency=TRY","og_site_name":"Ni\u015fanta\u015f\u0131 Cosmetic","article_modified_time":"2026-03-26T14:35:58+00:00","og_image":[{"width":1000,"height":1000,"url":"https:\/\/nisantasicosmetic.com\/wp-content\/uploads\/2024\/06\/Konjac-Capsule55-1.png","type":"image\/png"}],"twitter_card":"summary_large_image","twitter_misc":{"Tahmini okuma s\u00fcresi":"1 dakika"},"schema":{"@context":"https:\/\/schema.org","@graph":[{"@type":"WebPage","@id":"https:\/\/nisantasicosmetic.com\/urun\/konjac-capsule\/","url":"https:\/\/nisantasicosmetic.com\/urun\/konjac-capsule\/","name":"Konjac Capsule - Ni\u015fanta\u015f\u0131 Cosmetic","isPartOf":{"@id":"https:\/\/nisantasicosmetic.com\/#website"},"primaryImageOfPage":{"@id":"https:\/\/nisantasicosmetic.com\/urun\/konjac-capsule\/#primaryimage"},"image":{"@id":"https:\/\/nisantasicosmetic.com\/urun\/konjac-capsule\/#primaryimage"},"thumbnailUrl":"https:\/\/nisantasicosmetic.com\/wp-content\/uploads\/2024\/06\/Konjac-Capsule55-1.png","datePublished":"2024-06-04T07:56:13+00:00","dateModified":"2026-03-26T14:35:58+00:00","description":"Boost your weight management journey with Konjac Capsule from Ni\u015fanta\u015f\u0131 Cosmetic. Natural, effective, and perfect for a healthier lifestyle!","breadcrumb":{"@id":"https:\/\/nisantasicosmetic.com\/urun\/konjac-capsule\/#breadcrumb"},"inLanguage":"tr","potentialAction":[{"@type":"ReadAction","target":["https:\/\/nisantasicosmetic.com\/urun\/konjac-capsule\/"]}]},{"@type":"ImageObject","inLanguage":"tr","@id":"https:\/\/nisantasicosmetic.com\/urun\/konjac-capsule\/#primaryimage","url":"https:\/\/nisantasicosmetic.com\/wp-content\/uploads\/2024\/06\/Konjac-Capsule55-1.png","contentUrl":"https:\/\/nisantasicosmetic.com\/wp-content\/uploads\/2024\/06\/Konjac-Capsule55-1.png","width":1000,"height":1000},{"@type":"BreadcrumbList","@id":"https:\/\/nisantasicosmetic.com\/urun\/konjac-capsule\/#breadcrumb","itemListElement":[{"@type":"ListItem","position":1,"name":"Anasayfa","item":"https:\/\/nisantasicosmetic.com\/"},{"@type":"ListItem","position":2,"name":"Produtos","item":"https:\/\/nisantasicosmetic.com\/pt\/shop\/"},{"@type":"ListItem","position":3,"name":"Konjac Capsule"}]},{"@type":"WebSite","@id":"https:\/\/nisantasicosmetic.com\/#website","url":"https:\/\/nisantasicosmetic.com\/","name":"Ni\u015fanta\u015f\u0131 Kozmetik","description":"","publisher":{"@id":"https:\/\/nisantasicosmetic.com\/#organization"},"potentialAction":[{"@type":"SearchAction","target":{"@type":"EntryPoint","urlTemplate":"https:\/\/nisantasicosmetic.com\/?s={search_term_string}"},"query-input":{"@type":"PropertyValueSpecification","valueRequired":true,"valueName":"search_term_string"}}],"inLanguage":"tr"},{"@type":"Organization","@id":"https:\/\/nisantasicosmetic.com\/#organization","name":"Ni\u015fanta\u015f\u0131 Kozmetik","url":"https:\/\/nisantasicosmetic.com\/","logo":{"@type":"ImageObject","inLanguage":"tr","@id":"https:\/\/nisantasicosmetic.com\/#\/schema\/logo\/image\/","url":"https:\/\/nisantasicosmetic.com\/wp-content\/uploads\/2024\/06\/Nisantasi-Cosmetic-Logo.png","contentUrl":"https:\/\/nisantasicosmetic.com\/wp-content\/uploads\/2024\/06\/Nisantasi-Cosmetic-Logo.png","width":1080,"height":216,"caption":"Ni\u015fanta\u015f\u0131 Kozmetik"},"image":{"@id":"https:\/\/nisantasicosmetic.com\/#\/schema\/logo\/image\/"}}]}},"_links":{"self":[{"href":"https:\/\/nisantasicosmetic.com\/tr\/wp-json\/wp\/v2\/product\/332","targetHints":{"allow":["GET"]}}],"collection":[{"href":"https:\/\/nisantasicosmetic.com\/tr\/wp-json\/wp\/v2\/product"}],"about":[{"href":"https:\/\/nisantasicosmetic.com\/tr\/wp-json\/wp\/v2\/types\/product"}],"replies":[{"embeddable":true,"href":"https:\/\/nisantasicosmetic.com\/tr\/wp-json\/wp\/v2\/comments?post=332"}],"wp:featuredmedia":[{"embeddable":true,"href":"https:\/\/nisantasicosmetic.com\/tr\/wp-json\/wp\/v2\/media\/1161"}],"wp:attachment":[{"href":"https:\/\/nisantasicosmetic.com\/tr\/wp-json\/wp\/v2\/media?parent=332"}],"wp:term":[{"taxonomy":"product_brand","embeddable":true,"href":"https:\/\/nisantasicosmetic.com\/tr\/wp-json\/wp\/v2\/product_brand?post=332"},{"taxonomy":"product_cat","embeddable":true,"href":"https:\/\/nisantasicosmetic.com\/tr\/wp-json\/wp\/v2\/product_cat?post=332"},{"taxonomy":"product_tag","embeddable":true,"href":"https:\/\/nisantasicosmetic.com\/tr\/wp-json\/wp\/v2\/product_tag?post=332"}],"curies":[{"name":"wp","href":"https:\/\/api.w.org\/{rel}","templated":true}]}}