{"id":593,"date":"2024-06-05T10:35:20","date_gmt":"2024-06-05T07:35:20","guid":{"rendered":"https:\/\/nisantasi.zarendigital.com\/?page_id=593"},"modified":"2025-01-21T16:19:00","modified_gmt":"2025-01-21T13:19:00","slug":"warranty-and-cancellation-return-conditions","status":"publish","type":"page","link":"https:\/\/nisantasicosmetic.com\/tr\/garanti-ve-iptal-iade-kosullari\/","title":{"rendered":"Garanti ve \u0130ptal &amp; \u0130ade Ko\u015fullar\u0131"},"content":{"rendered":"<div data-elementor-type=\"wp-page\" data-elementor-id=\"593\" class=\"elementor elementor-593\" data-elementor-post-type=\"page\">\n\t\t\t\t\t\t<section class=\"elementor-section elementor-top-section elementor-element elementor-element-a9b5809 elementor-section-height-min-height elementor-section-content-middle elementor-section-boxed elementor-section-height-default elementor-section-items-middle\" data-id=\"a9b5809\" data-element_type=\"section\">\n\t\t\t\t\t\t<div class=\"elementor-container elementor-column-gap-default\">\n\t\t\t\t\t<div class=\"elementor-column elementor-col-100 elementor-top-column elementor-element elementor-element-6dd84ca\" data-id=\"6dd84ca\" data-element_type=\"column\">\n\t\t\t<div class=\"elementor-widget-wrap elementor-element-populated\">\n\t\t\t\t\t\t<section class=\"elementor-section elementor-inner-section elementor-element elementor-element-9155ff6 elementor-section-content-middle elementor-section-boxed elementor-section-height-default elementor-section-height-default\" data-id=\"9155ff6\" data-element_type=\"section\">\n\t\t\t\t\t\t<div class=\"elementor-container elementor-column-gap-default\">\n\t\t\t\t\t<div class=\"elementor-column elementor-col-100 elementor-inner-column elementor-element elementor-element-03b619f\" data-id=\"03b619f\" data-element_type=\"column\">\n\t\t\t<div class=\"elementor-widget-wrap elementor-element-populated\">\n\t\t\t\t\t\t<div class=\"elementor-element elementor-element-15c6acf elementor-widget elementor-widget-heading\" data-id=\"15c6acf\" data-element_type=\"widget\" data-widget_type=\"heading.default\">\n\t\t\t\t<div class=\"elementor-widget-container\">\n\t\t\t\t\t<h1 class=\"elementor-heading-title elementor-size-default\">Garanti ve \u0130ptal &amp; \u0130ade Ko\u015fullar\u0131\n<\/h1>\t\t\t\t<\/div>\n\t\t\t\t<\/div>\n\t\t\t\t<div class=\"elementor-element elementor-element-4635fdc elementor-widget elementor-widget-woocommerce-breadcrumb\" data-id=\"4635fdc\" data-element_type=\"widget\" data-widget_type=\"woocommerce-breadcrumb.default\">\n\t\t\t\t<div class=\"elementor-widget-container\">\n\t\t\t\t\t<nav class=\"woocommerce-breadcrumb\" aria-label=\"Breadcrumb\" data-no-translation=\"\" data-trp-gettext=\"\">Ana Sayfa<\/nav>\t\t\t\t<\/div>\n\t\t\t\t<\/div>\n\t\t\t\t\t<\/div>\n\t\t<\/div>\n\t\t\t\t\t<\/div>\n\t\t<\/section>\n\t\t\t\t\t<\/div>\n\t\t<\/div>\n\t\t\t\t\t<\/div>\n\t\t<\/section>\n\t\t\t\t<section class=\"elementor-section elementor-top-section elementor-element elementor-element-582af76 elementor-section-content-middle elementor-section-boxed elementor-section-height-default elementor-section-height-default\" data-id=\"582af76\" data-element_type=\"section\">\n\t\t\t\t\t\t<div class=\"elementor-container elementor-column-gap-default\">\n\t\t\t\t\t<div class=\"elementor-column elementor-col-100 elementor-top-column elementor-element elementor-element-d649a91\" data-id=\"d649a91\" data-element_type=\"column\">\n\t\t\t<div class=\"elementor-widget-wrap elementor-element-populated\">\n\t\t\t\t\t\t<div class=\"elementor-element elementor-element-3c69c8b elementor-widget elementor-widget-spacer\" data-id=\"3c69c8b\" data-element_type=\"widget\" data-widget_type=\"spacer.default\">\n\t\t\t\t<div class=\"elementor-widget-container\">\n\t\t\t\t\t\t\t<div class=\"elementor-spacer\">\n\t\t\t<div class=\"elementor-spacer-inner\"><\/div>\n\t\t<\/div>\n\t\t\t\t\t\t<\/div>\n\t\t\t\t<\/div>\n\t\t\t\t\t<\/div>\n\t\t<\/div>\n\t\t\t\t\t<\/div>\n\t\t<\/section>\n\t\t\t\t<section class=\"elementor-section elementor-top-section elementor-element elementor-element-ed5e0dd elementor-section-content-middle elementor-section-boxed elementor-section-height-default elementor-section-height-default\" data-id=\"ed5e0dd\" data-element_type=\"section\">\n\t\t\t\t\t\t<div class=\"elementor-container elementor-column-gap-default\">\n\t\t\t\t\t<div class=\"elementor-column elementor-col-100 elementor-top-column elementor-element elementor-element-63cbb73\" data-id=\"63cbb73\" data-element_type=\"column\">\n\t\t\t<div class=\"elementor-widget-wrap elementor-element-populated\">\n\t\t\t\t\t\t<section class=\"elementor-section elementor-inner-section elementor-element elementor-element-34fdd35 elementor-section-content-middle elementor-section-boxed elementor-section-height-default elementor-section-height-default\" data-id=\"34fdd35\" data-element_type=\"section\">\n\t\t\t\t\t\t<div class=\"elementor-container elementor-column-gap-default\">\n\t\t\t\t\t<div class=\"elementor-column elementor-col-100 elementor-inner-column elementor-element elementor-element-ad730be\" data-id=\"ad730be\" data-element_type=\"column\">\n\t\t\t<div class=\"elementor-widget-wrap elementor-element-populated\">\n\t\t\t\t\t\t<div class=\"elementor-element elementor-element-09705db elementor-widget elementor-widget-text-editor\" data-id=\"09705db\" data-element_type=\"widget\" data-widget_type=\"text-editor.default\">\n\t\t\t\t<div class=\"elementor-widget-container\">\n\t\t\t\t\t\t\t\t\t<p><b>GARANT\u0130 \u2013 T\u00dcKET\u0130C\u0130 HAKLARI \u2013 CAYMA \u2013 \u0130PTAL \u0130ADE KO\u015eULLARI<\/b><\/p><p><b>GENEL:<\/b><\/p><p>Kullanmakta oldu\u011funuz site \u00fczerinden elektronik ortamda sipari\u015f vermeniz durumunda taraf\u0131n\u0131za sunulan \u00f6n bilgilendirme formunu ve mesafeli sat\u0131\u015f s\u00f6zle\u015fmesini kabul etmi\u015f say\u0131l\u0131rs\u0131n\u0131z.<\/p><p>Al\u0131c\u0131lar, sat\u0131n ald\u0131klar\u0131 \u00fcr\u00fcn\u00fcn sat\u0131\u015f ve teslimi ile ilgili olarak 6502 say\u0131l\u0131 T\u00fcketicinin Korunmas\u0131 Hakk\u0131nda Kanun ve Mesafeli S\u00f6zle\u015fmeler Y\u00f6netmeli\u011fi (RG:27.11.2014\/29188) h\u00fck\u00fcmleri ile ilgili di\u011fer kanun h\u00fck\u00fcmlerine tabidir.<\/p><p>\u00dcr\u00fcn g\u00f6nderim bedeli olan kargo masraflar\u0131 al\u0131c\u0131lar taraf\u0131ndan \u00f6denecektir.<\/p><p>Sat\u0131n al\u0131nan her \u00fcr\u00fcn, 30 g\u00fcnl\u00fck yasal s\u00fcreyi a\u015fmamak kayd\u0131yla al\u0131c\u0131n\u0131n belirtti\u011fi adresteki ki\u015fi ve\/veya kurulu\u015fa teslim edilir. Bu s\u00fcre i\u00e7erisinde \u00fcr\u00fcn\u00fcn teslim edilmemesi halinde Al\u0131c\u0131 s\u00f6zle\u015fmeyi feshedebilir.<\/p><p>Sat\u0131n al\u0131nan \u00fcr\u00fcn\u00fcn eksiksiz, sipari\u015fte belirtilen niteliklere uygun ve varsa garanti belgesi, kullan\u0131m k\u0131lavuzu gibi belgelerle birlikte teslim edilmesi gerekmektedir.<\/p><p>Sat\u0131n al\u0131nan \u00fcr\u00fcn\u00fcn sat\u0131\u015f\u0131n\u0131n imkans\u0131z hale gelmesi halinde sat\u0131c\u0131, bu durumu \u00f6\u011frendi\u011fi tarihten itibaren 3 g\u00fcn i\u00e7inde al\u0131c\u0131ya yaz\u0131l\u0131 olarak bildirmek zorundad\u0131r. Toplam bedelin 14 g\u00fcn i\u00e7erisinde Al\u0131c\u0131ya iade edilmesi gerekmektedir.<\/p><p><b>SATIN ALINAN \u00dcR\u00dcN\u00dcN \u00dcCRET\u0130 \u00d6DENMEZ \u0130SE:<\/b><\/p><p>Al\u0131c\u0131, sat\u0131n ald\u0131\u011f\u0131 \u00fcr\u00fcn\u00fcn bedelini \u00f6demez veya banka kay\u0131tlar\u0131nda iptal ederse Sat\u0131c\u0131&#039;n\u0131n \u00fcr\u00fcn\u00fc teslim etme y\u00fck\u00fcml\u00fcl\u00fc\u011f\u00fc sona erer.<\/p><p><b>KRED\u0130 KARTININ YETK\u0130S\u0130Z KULLANIMI \u0130LE YAPILAN ALI\u015eVER\u0130\u015eLER:<\/b><\/p><p>\u00dcr\u00fcn teslim edildikten sonra, Al\u0131c\u0131n\u0131n \u00f6deme yapt\u0131\u011f\u0131 kredi kart\u0131n\u0131n yetkisiz ki\u015filerce haks\u0131z olarak kullan\u0131ld\u0131\u011f\u0131n\u0131n ve sat\u0131lan \u00fcr\u00fcn bedelinin ilgili banka veya finans kurulu\u015fu taraf\u0131ndan Sat\u0131c\u0131ya \u00f6denmedi\u011finin tespiti halinde, Al\u0131c\u0131; S\u00f6zle\u015fme konusu \u00fcr\u00fcn\u00fc 3 g\u00fcn i\u00e7erisinde masraflar\u0131 SATICI&#039;ya ait olmak \u00fczere iade edin. SATICI&#039;ya iade etmelidir.<\/p><p><b>\u00d6NG\u00d6R\u00dcLMEYEN NEDENLER NEDEN\u0130YLE \u00dcR\u00dcN ZAMANINDA TESL\u0130M ED\u0130LEMEZ \u0130SE:<\/b><\/p><p>Sat\u0131c\u0131n\u0131n \u00f6ng\u00f6remeyece\u011fi m\u00fccbir sebeplerin ortaya \u00e7\u0131kmas\u0131 ve \u00fcr\u00fcn\u00fcn zaman\u0131nda teslim edilememesi halinde durum Al\u0131c\u0131ya bildirilecektir. Al\u0131c\u0131, sipari\u015fin iptalini, \u00fcr\u00fcn\u00fcn benzeri ile de\u011fi\u015ftirilmesini veya teslimat\u0131n engel ortadan kalkana kadar ertelenmesini talep edebilir. Al\u0131c\u0131n\u0131n sipari\u015fi iptal etmesi halinde; \u00d6demenin nakit yap\u0131lmas\u0131 durumunda bu \u00fccret, iptal tarihinden itibaren 14 g\u00fcn i\u00e7erisinde nakit olarak \u00f6denecektir. Al\u0131c\u0131 \u00f6demeyi kredi kart\u0131 ile yapm\u0131\u015fsa ve iptal ederse bu iptalden itibaren 14 g\u00fcn i\u00e7erisinde \u00fcr\u00fcn bedeli bankaya iade edilir ancak 2-3 hafta i\u00e7erisinde bankan\u0131n al\u0131c\u0131 hesab\u0131na aktarmas\u0131 m\u00fcmk\u00fcnd\u00fcr.<\/p><p><b>ALICI&#039;NIN \u00dcR\u00dcN\u00dc KONTROL ETME Y\u00dcK\u00dcML\u00dcL\u00dc\u011e\u00dc:<\/b><\/p><p>Al\u0131c\u0131, s\u00f6zle\u015fme konusu mal\/hizmeti teslim almadan \u00f6nce muayene edecek; ezik, k\u0131r\u0131k, ambalaj\u0131 y\u0131rt\u0131lm\u0131\u015f vb. hasarl\u0131 ve ay\u0131pl\u0131 mal\/hizmet kargo \u015firketinden teslim al\u0131nmayacakt\u0131r. Teslim al\u0131nan mal\/hizmetin hasars\u0131z ve sa\u011flam oldu\u011fu kabul edilecektir. ALICI, teslimden sonra mal\/hizmeti \u00f6zenle korumak zorundad\u0131r. Cayma hakk\u0131n\u0131n kullan\u0131lmas\u0131 halinde mal\/hizmetin kullan\u0131lmamas\u0131 gerekmektedir. Faturan\u0131n \u00fcr\u00fcnle birlikte iade edilmesi gerekmektedir.<\/p><p><b>VAZGE\u00c7ME HAKKI:<\/b><\/p><p>ALICI; Sat\u0131n ald\u0131\u011f\u0131 \u00fcr\u00fcn\u00fcn kendisine veya g\u00f6sterdi\u011fi adresteki ki\u015fi\/kurulu\u015fa teslim tarihinden itibaren 14 (ond\u00f6rt) g\u00fcn i\u00e7erisinde, hi\u00e7bir hukuki y\u00fck\u00fcml\u00fcl\u00fck alt\u0131na girmeksizin mal\u0131 reddederek s\u00f6zle\u015fmeden cayma hakk\u0131n\u0131 kullanabilir. veya herhangi bir gerek\u00e7e g\u00f6stermeksizin, SATICI&#039;ya a\u015fa\u011f\u0131daki ileti\u015fim bilgileri \u00fczerinden bildirimde bulunmak kayd\u0131yla cezai sorumluluk kabul etmez.<\/p><p><b>CAYMA HAKKI B\u0130LD\u0130R\u0130M\u0130 \u0130\u00c7\u0130N SATICI&#039;NIN \u0130LET\u0130\u015e\u0130M B\u0130LG\u0130LER\u0130:<\/b><\/p><p>\u015e\u0130RKET<\/p><p>\u0130S\u0130M\/UNVANI: N\u0130\u015eANTA\u015eI KOZMET\u0130K<br \/>ADRES:Atak\u00f6y 7. \u2013 8. \u2013 9. \u2013 10. K\u0131s\u0131m \u0130stanbul<br \/>E-POSTA: info@nisantasikozmetik.com<br \/>TELEFON: 08503800101<\/p><p><b>CAYMA HAKKININ S\u00dcRES\u0130:<\/b><\/p><p>Al\u0131c\u0131n\u0131n bir hizmet sat\u0131n almas\u0131 durumunda bu 14 g\u00fcnl\u00fck s\u00fcre s\u00f6zle\u015fmenin imzaland\u0131\u011f\u0131 tarihten itibaren ba\u015flar. Cayma hakk\u0131 s\u00fcresi dolmadan \u00f6nce hizmet ifas\u0131n\u0131n t\u00fcketicinin onay\u0131 ile ba\u015flad\u0131\u011f\u0131 hizmet s\u00f6zle\u015fmelerinde cayma hakk\u0131 kullan\u0131lamaz.<\/p><p>Cayma hakk\u0131n\u0131n kullan\u0131lmas\u0131ndan kaynaklanan masraflar SATICI&#039;ya aittir.<\/p><p>Cayma hakk\u0131n\u0131n kullan\u0131labilmesi i\u00e7in 14 (ond\u00f6rt) g\u00fcn i\u00e7inde SATICI&#039;ya iadeli taahh\u00fctl\u00fc posta, faks veya e-posta yoluyla yaz\u0131l\u0131 bildirimde bulunulmas\u0131 ve \u00fcr\u00fcn\u00fcn &quot;Kulland\u0131\u011f\u0131 \u00dcr\u00fcnler&quot; kapsam\u0131nda kullan\u0131lmam\u0131\u015f olmas\u0131 \u015fartt\u0131r. Bu s\u00f6zle\u015fmede Cayma Hakk\u0131 Kullan\u0131lamaz\u201d h\u00fck\u00fcmleri yer almaktad\u0131r.<\/p><p><b>CAYMA HAKKININ KULLANIMI:<\/b><\/p><p>Ki\u015fiye veya ALICI&#039;ya teslim edilen \u00fcr\u00fcn\u00fcn faturas\u0131, (\u0130ade edilecek \u00fcr\u00fcn\u00fcn faturas\u0131 kurumsal ise iade s\u0131ras\u0131nda kurumun d\u00fczenlemi\u015f oldu\u011fu iade faturas\u0131 ile birlikte g\u00f6nderilmesi gerekmektedir. Faturas\u0131 d\u00fczenlenen sipari\u015f iadeleri \u0130ADE FATURASI kesilmedi\u011fi s\u00fcrece kurumlar ad\u0131na tamamlanamayacakt\u0131r.)<br \/>\u0130ade formu: \u0130ade edilecek \u00fcr\u00fcnlerin kutusu, ambalaj\u0131 ve varsa standart aksesuarlar\u0131yla birlikte eksiksiz ve hasars\u0131z olarak teslim edilmesi gerekmektedir.<\/p><p><b>\u0130ADE KO\u015eULLARI:<\/b><\/p><p>SATICI, cayma bildiriminin kendisine ula\u015fmas\u0131ndan itibaren en ge\u00e7 10 g\u00fcn i\u00e7erisinde toplam bedeli ve ALICI&#039;y\u0131 bor\u00e7 alt\u0131na sokan belgeleri ALICI&#039;ya iade etmek ve 20 g\u00fcn i\u00e7erisinde mal\u0131 geri almakla y\u00fck\u00fcml\u00fcd\u00fcr.<\/p><p>ALICI&#039;n\u0131n kusurundan kaynaklanan bir sebepten dolay\u0131 mal\u0131n de\u011ferinin azalmas\u0131 veya iadenin imkans\u0131z hale gelmesi halinde, ALICI kusuru oran\u0131nda SATICI&#039;n\u0131n zararlar\u0131n\u0131 tazmin etmekle y\u00fck\u00fcml\u00fcd\u00fcr. Ancak cayma hakk\u0131 s\u00fcresi i\u00e7inde mal\u0131n veya \u00fcr\u00fcn\u00fcn usul\u00fcne ayk\u0131r\u0131 kullan\u0131lmas\u0131ndan dolay\u0131 meydana gelen de\u011fi\u015fiklik ve bozulmalardan ALICI sorumlu de\u011fildir.<\/p><p>Cayma hakk\u0131n\u0131n kullan\u0131lmas\u0131 nedeniyle SATICI taraf\u0131ndan belirlenen kampanya limit tutar\u0131n\u0131n alt\u0131na d\u00fc\u015f\u00fclmesi halinde kampanya kapsam\u0131nda yararlan\u0131lan indirim tutar\u0131 iptal edilecektir.<\/p><p><b>Cayma Hakk\u0131n\u0131n Kullan\u0131lamayaca\u011f\u0131 \u00dcr\u00fcnler:<\/b><\/p><p>\u0130\u00e7 \u00e7ama\u015f\u0131r\u0131 altlar\u0131, mayo ve bikini altlar\u0131, makyaj malzemeleri, tek kullan\u0131ml\u0131k \u00fcr\u00fcnler, ALICI&#039;n\u0131n iste\u011fi veya a\u00e7\u0131k\u00e7a ki\u015fisel ihtiya\u00e7lar\u0131 do\u011frultusunda haz\u0131rlanan ve geri g\u00f6nderilemeyecek \u00fcr\u00fcnler, \u00e7abuk bozulma tehlikesi olan veya son kullanma tarihi ge\u00e7ebilecek \u00fcr\u00fcnler, ALICI&#039;ya teslim edilir. Teslimden sonra ALICI taraf\u0131ndan ambalaj\u0131 a\u00e7\u0131lm\u0131\u015f olmas\u0131 halinde iade edilecek sa\u011fl\u0131k ve hijyen a\u00e7\u0131s\u0131ndan uygun olmayan \u00fcr\u00fcnler, teslimden sonra ba\u015fka \u00fcr\u00fcnlerle kar\u0131\u015fan ve do\u011fas\u0131 gere\u011fi ayr\u0131\u015ft\u0131r\u0131lmas\u0131 m\u00fcmk\u00fcn olmayan \u00fcr\u00fcnler, gazete, dergi gibi s\u00fcreli yay\u0131nlarla ilgili mallar Abonelik s\u00f6zle\u015fmesi kapsam\u0131nda sa\u011flananlar d\u0131\u015f\u0131nda, elektronik ortamda an\u0131nda ifa Y\u00f6netmelik uyar\u0131nca, t\u00fcketiciye an\u0131nda teslim edilen hizmetlerin veya gayri maddi mallar\u0131n, ses veya g\u00f6r\u00fcnt\u00fc kay\u0131tlar\u0131n\u0131n iadesi m\u00fcmk\u00fcn de\u011fildir. ALICI taraf\u0131ndan ambalaj\u0131 a\u00e7\u0131lm\u0131\u015f olmas\u0131 halinde kitaplar, dijital i\u00e7erikler, yaz\u0131l\u0131m programlar\u0131, veri kay\u0131t ve veri saklama cihazlar\u0131, bilgisayar sarf malzemeleri. Ayr\u0131ca, cayma hakk\u0131 s\u00fcresi sona ermeden t\u00fcketicinin onay\u0131 ile ifa edilmeye ba\u015flanan hizmetlere ili\u015fkin olarak Y\u00f6netmelik uyar\u0131nca cayma hakk\u0131n\u0131n kullan\u0131lmas\u0131 m\u00fcmk\u00fcn de\u011fildir.<\/p><p>Kozmetik ve ki\u015fisel bak\u0131m \u00fcr\u00fcnleri, i\u00e7 giyim \u00fcr\u00fcnleri, mayo, bikini, kitap, kopyalanabilir yaz\u0131l\u0131m ve programlar, DVD, VCD, CD ve kasetler ile k\u0131rtasiye sarf malzemeleri (toner, kartu\u015f, \u015ferit vb.) a\u00e7\u0131lmam\u0131\u015f, test edilmemi\u015f, bozulmam\u0131\u015f olarak iade edilmelidir. ambalajlama. ve kullan\u0131lmam\u0131\u015f olmalar\u0131 gerekir.<\/p><p><b>TEMERR\u00dcT VE HUKUK\u0130 SONU\u00c7LAR<\/b><\/p><p>ALICI, kredi kart\u0131 ile \u00f6deme i\u015flemlerinde temerr\u00fcde d\u00fc\u015fmesi halinde, kart hamili ile banka aras\u0131ndaki kredi kart\u0131 s\u00f6zle\u015fmesi \u00e7er\u00e7evesinde faiz \u00f6deyece\u011fini ve bankaya kar\u015f\u0131 sorumlu olaca\u011f\u0131n\u0131 kabul, beyan ve taahh\u00fct eder. Bu durumda ilgili banka hukuki yollara ba\u015fvurabilir; do\u011facak masraflar\u0131 ve avukatl\u0131k \u00fccretini ALICI&#039;dan talep edebilir ve her hal\u00fckarda ALICI&#039;n\u0131n borcundan dolay\u0131 temerr\u00fcde d\u00fc\u015fmesi halinde ALICI, borcun gecikmeli ifas\u0131ndan dolay\u0131 SATICI&#039;n\u0131n u\u011frayaca\u011f\u0131 zarar ve ziyanlar\u0131 \u00f6demeyi kabul eder.<\/p><p><b>\u00d6DEME VE TESL\u0130MAT<\/b><\/p><p>Banka hesaplar\u0131m\u0131zdan (TL) herhangi birine Banka Havalesi veya EFT (Elektronik Fon Transferi) yapabilirsiniz.<\/p><p>Web sitemiz \u00fczerinden online tek \u00f6deme veya kredi kartlar\u0131n\u0131za online taksit f\u0131rsatlar\u0131ndan yararlanabilirsiniz. Online \u00f6demelerde sipari\u015finizin sonunda tutar kredi kart\u0131n\u0131zdan tahsil edilecektir.<\/p>\t\t\t\t\t\t\t\t<\/div>\n\t\t\t\t<\/div>\n\t\t\t\t\t<\/div>\n\t\t<\/div>\n\t\t\t\t\t<\/div>\n\t\t<\/section>\n\t\t\t\t\t<\/div>\n\t\t<\/div>\n\t\t\t\t\t<\/div>\n\t\t<\/section>\n\t\t\t\t<\/div>","protected":false},"excerpt":{"rendered":"<p>Warranty and Cancellation &#038; Return Conditions WARRANTY &#8211; CONSUMER RIGHTS &#8211; WITHDRAWAL &#8211; CANCELLATION RETURN CONDITIONS GENERAL: If you place an order electronically through the website you are using, you are deemed to have accepted the preliminary information form and distance sales contract presented to you. Buyers are subject to the provisions of the Consumer [&hellip;]<\/p>","protected":false},"author":1,"featured_media":0,"parent":0,"menu_order":0,"comment_status":"closed","ping_status":"closed","template":"elementor_header_footer","meta":{"footnotes":""},"class_list":["post-593","page","type-page","status-publish","hentry"],"yoast_head":"<!-- This site is optimized with the Yoast SEO plugin v26.2 - https:\/\/yoast.com\/wordpress\/plugins\/seo\/ -->\n<title>Warranty and Cancellation &amp; Return Conditions - Ni\u015fanta\u015f\u0131 Cosmetic<\/title>\n<meta name=\"description\" content=\"Learn about Ni\u015fanta\u015f\u0131 Cosmetic&#039;s warranty, cancellation, and return policies. Hassle-free solutions for a secure shopping experience!\" \/>\n<meta name=\"robots\" content=\"index, follow, max-snippet:-1, max-image-preview:large, max-video-preview:-1\" \/>\n<link rel=\"canonical\" href=\"https:\/\/nisantasicosmetic.com\/tr\/garanti-ve-iptal-iade-kosullari\/?wmc-currency=TRY\" \/>\n<meta property=\"og:locale\" content=\"tr_TR\" \/>\n<meta property=\"og:type\" content=\"article\" \/>\n<meta property=\"og:title\" content=\"Warranty and Cancellation &amp; Return Conditions - Ni\u015fanta\u015f\u0131 Cosmetic\" \/>\n<meta property=\"og:description\" content=\"Learn about Ni\u015fanta\u015f\u0131 Cosmetic&#039;s warranty, cancellation, and return policies. Hassle-free solutions for a secure shopping experience!\" \/>\n<meta property=\"og:url\" content=\"https:\/\/nisantasicosmetic.com\/tr\/garanti-ve-iptal-iade-kosullari\/?wmc-currency=TRY\" \/>\n<meta property=\"og:site_name\" content=\"Ni\u015fanta\u015f\u0131 Cosmetic\" \/>\n<meta property=\"article:modified_time\" content=\"2025-01-21T13:19:00+00:00\" \/>\n<meta name=\"twitter:card\" content=\"summary_large_image\" \/>\n<meta name=\"twitter:label1\" content=\"Tahmini okuma s\u00fcresi\" \/>\n\t<meta name=\"twitter:data1\" content=\"9 dakika\" \/>\n<script type=\"application\/ld+json\" class=\"yoast-schema-graph\">{\"@context\":\"https:\/\/schema.org\",\"@graph\":[{\"@type\":\"WebPage\",\"@id\":\"https:\/\/nisantasicosmetic.com\/warranty-and-cancellation-return-conditions\/\",\"url\":\"https:\/\/nisantasicosmetic.com\/warranty-and-cancellation-return-conditions\/\",\"name\":\"Warranty and Cancellation & Return Conditions - Ni\u015fanta\u015f\u0131 Cosmetic\",\"isPartOf\":{\"@id\":\"https:\/\/nisantasicosmetic.com\/#website\"},\"datePublished\":\"2024-06-05T07:35:20+00:00\",\"dateModified\":\"2025-01-21T13:19:00+00:00\",\"description\":\"Learn about Ni\u015fanta\u015f\u0131 Cosmetic's warranty, cancellation, and return policies. Hassle-free solutions for a secure shopping experience!\",\"breadcrumb\":{\"@id\":\"https:\/\/nisantasicosmetic.com\/warranty-and-cancellation-return-conditions\/#breadcrumb\"},\"inLanguage\":\"tr\",\"potentialAction\":[{\"@type\":\"ReadAction\",\"target\":[\"https:\/\/nisantasicosmetic.com\/warranty-and-cancellation-return-conditions\/\"]}]},{\"@type\":\"BreadcrumbList\",\"@id\":\"https:\/\/nisantasicosmetic.com\/warranty-and-cancellation-return-conditions\/#breadcrumb\",\"itemListElement\":[{\"@type\":\"ListItem\",\"position\":1,\"name\":\"Anasayfa\",\"item\":\"https:\/\/nisantasicosmetic.com\/\"},{\"@type\":\"ListItem\",\"position\":2,\"name\":\"Warranty and Cancellation &#038; Return Conditions\"}]},{\"@type\":\"WebSite\",\"@id\":\"https:\/\/nisantasicosmetic.com\/#website\",\"url\":\"https:\/\/nisantasicosmetic.com\/\",\"name\":\"Ni\u015fanta\u015f\u0131 Kozmetik\",\"description\":\"\",\"publisher\":{\"@id\":\"https:\/\/nisantasicosmetic.com\/#organization\"},\"potentialAction\":[{\"@type\":\"SearchAction\",\"target\":{\"@type\":\"EntryPoint\",\"urlTemplate\":\"https:\/\/nisantasicosmetic.com\/?s={search_term_string}\"},\"query-input\":{\"@type\":\"PropertyValueSpecification\",\"valueRequired\":true,\"valueName\":\"search_term_string\"}}],\"inLanguage\":\"tr\"},{\"@type\":\"Organization\",\"@id\":\"https:\/\/nisantasicosmetic.com\/#organization\",\"name\":\"Ni\u015fanta\u015f\u0131 Kozmetik\",\"url\":\"https:\/\/nisantasicosmetic.com\/\",\"logo\":{\"@type\":\"ImageObject\",\"inLanguage\":\"tr\",\"@id\":\"https:\/\/nisantasicosmetic.com\/#\/schema\/logo\/image\/\",\"url\":\"https:\/\/nisantasicosmetic.com\/wp-content\/uploads\/2024\/06\/Nisantasi-Cosmetic-Logo.png\",\"contentUrl\":\"https:\/\/nisantasicosmetic.com\/wp-content\/uploads\/2024\/06\/Nisantasi-Cosmetic-Logo.png\",\"width\":1080,\"height\":216,\"caption\":\"Ni\u015fanta\u015f\u0131 Kozmetik\"},\"image\":{\"@id\":\"https:\/\/nisantasicosmetic.com\/#\/schema\/logo\/image\/\"}}]}<\/script>\n<!-- \/ Yoast SEO plugin. -->","yoast_head_json":{"title":"Warranty and Cancellation & Return Conditions - Ni\u015fanta\u015f\u0131 Cosmetic","description":"Learn about Ni\u015fanta\u015f\u0131 Cosmetic's warranty, cancellation, and return policies. Hassle-free solutions for a secure shopping experience!","robots":{"index":"index","follow":"follow","max-snippet":"max-snippet:-1","max-image-preview":"max-image-preview:large","max-video-preview":"max-video-preview:-1"},"canonical":"https:\/\/nisantasicosmetic.com\/tr\/garanti-ve-iptal-iade-kosullari\/?wmc-currency=TRY","og_locale":"tr_TR","og_type":"article","og_title":"Warranty and Cancellation & Return Conditions - Ni\u015fanta\u015f\u0131 Cosmetic","og_description":"Learn about Ni\u015fanta\u015f\u0131 Cosmetic's warranty, cancellation, and return policies. Hassle-free solutions for a secure shopping experience!","og_url":"https:\/\/nisantasicosmetic.com\/tr\/garanti-ve-iptal-iade-kosullari\/?wmc-currency=TRY","og_site_name":"Ni\u015fanta\u015f\u0131 Cosmetic","article_modified_time":"2025-01-21T13:19:00+00:00","twitter_card":"summary_large_image","twitter_misc":{"Tahmini okuma s\u00fcresi":"9 dakika"},"schema":{"@context":"https:\/\/schema.org","@graph":[{"@type":"WebPage","@id":"https:\/\/nisantasicosmetic.com\/warranty-and-cancellation-return-conditions\/","url":"https:\/\/nisantasicosmetic.com\/warranty-and-cancellation-return-conditions\/","name":"Warranty and Cancellation & Return Conditions - Ni\u015fanta\u015f\u0131 Cosmetic","isPartOf":{"@id":"https:\/\/nisantasicosmetic.com\/#website"},"datePublished":"2024-06-05T07:35:20+00:00","dateModified":"2025-01-21T13:19:00+00:00","description":"Learn about Ni\u015fanta\u015f\u0131 Cosmetic's warranty, cancellation, and return policies. Hassle-free solutions for a secure shopping experience!","breadcrumb":{"@id":"https:\/\/nisantasicosmetic.com\/warranty-and-cancellation-return-conditions\/#breadcrumb"},"inLanguage":"tr","potentialAction":[{"@type":"ReadAction","target":["https:\/\/nisantasicosmetic.com\/warranty-and-cancellation-return-conditions\/"]}]},{"@type":"BreadcrumbList","@id":"https:\/\/nisantasicosmetic.com\/warranty-and-cancellation-return-conditions\/#breadcrumb","itemListElement":[{"@type":"ListItem","position":1,"name":"Anasayfa","item":"https:\/\/nisantasicosmetic.com\/"},{"@type":"ListItem","position":2,"name":"Warranty and Cancellation &#038; Return Conditions"}]},{"@type":"WebSite","@id":"https:\/\/nisantasicosmetic.com\/#website","url":"https:\/\/nisantasicosmetic.com\/","name":"Ni\u015fanta\u015f\u0131 Kozmetik","description":"","publisher":{"@id":"https:\/\/nisantasicosmetic.com\/#organization"},"potentialAction":[{"@type":"SearchAction","target":{"@type":"EntryPoint","urlTemplate":"https:\/\/nisantasicosmetic.com\/?s={search_term_string}"},"query-input":{"@type":"PropertyValueSpecification","valueRequired":true,"valueName":"search_term_string"}}],"inLanguage":"tr"},{"@type":"Organization","@id":"https:\/\/nisantasicosmetic.com\/#organization","name":"Ni\u015fanta\u015f\u0131 Kozmetik","url":"https:\/\/nisantasicosmetic.com\/","logo":{"@type":"ImageObject","inLanguage":"tr","@id":"https:\/\/nisantasicosmetic.com\/#\/schema\/logo\/image\/","url":"https:\/\/nisantasicosmetic.com\/wp-content\/uploads\/2024\/06\/Nisantasi-Cosmetic-Logo.png","contentUrl":"https:\/\/nisantasicosmetic.com\/wp-content\/uploads\/2024\/06\/Nisantasi-Cosmetic-Logo.png","width":1080,"height":216,"caption":"Ni\u015fanta\u015f\u0131 Kozmetik"},"image":{"@id":"https:\/\/nisantasicosmetic.com\/#\/schema\/logo\/image\/"}}]}},"_links":{"self":[{"href":"https:\/\/nisantasicosmetic.com\/tr\/wp-json\/wp\/v2\/pages\/593","targetHints":{"allow":["GET"]}}],"collection":[{"href":"https:\/\/nisantasicosmetic.com\/tr\/wp-json\/wp\/v2\/pages"}],"about":[{"href":"https:\/\/nisantasicosmetic.com\/tr\/wp-json\/wp\/v2\/types\/page"}],"author":[{"embeddable":true,"href":"https:\/\/nisantasicosmetic.com\/tr\/wp-json\/wp\/v2\/users\/1"}],"replies":[{"embeddable":true,"href":"https:\/\/nisantasicosmetic.com\/tr\/wp-json\/wp\/v2\/comments?post=593"}],"version-history":[{"count":3,"href":"https:\/\/nisantasicosmetic.com\/tr\/wp-json\/wp\/v2\/pages\/593\/revisions"}],"predecessor-version":[{"id":1614,"href":"https:\/\/nisantasicosmetic.com\/tr\/wp-json\/wp\/v2\/pages\/593\/revisions\/1614"}],"wp:attachment":[{"href":"https:\/\/nisantasicosmetic.com\/tr\/wp-json\/wp\/v2\/media?parent=593"}],"curies":[{"name":"wp","href":"https:\/\/api.w.org\/{rel}","templated":true}]}}