{"id":581,"date":"2024-06-05T09:56:41","date_gmt":"2024-06-05T06:56:41","guid":{"rendered":"https:\/\/nisantasi.zarendigital.com\/?page_id=581"},"modified":"2024-06-05T17:39:57","modified_gmt":"2024-06-05T14:39:57","slug":"membership-agreement","status":"publish","type":"page","link":"https:\/\/nisantasicosmetic.com\/tr\/uyelik-sozlesmesi\/","title":{"rendered":"\u00dcyelik S\u00f6zle\u015fmesi"},"content":{"rendered":"<div data-elementor-type=\"wp-page\" data-elementor-id=\"581\" class=\"elementor elementor-581\" data-elementor-post-type=\"page\">\n\t\t\t\t\t\t<section class=\"elementor-section elementor-top-section elementor-element elementor-element-f6fdf1b elementor-section-height-min-height elementor-section-content-middle elementor-section-boxed elementor-section-height-default elementor-section-items-middle\" data-id=\"f6fdf1b\" data-element_type=\"section\">\n\t\t\t\t\t\t<div class=\"elementor-container elementor-column-gap-default\">\n\t\t\t\t\t<div class=\"elementor-column elementor-col-100 elementor-top-column elementor-element elementor-element-60133d5\" data-id=\"60133d5\" data-element_type=\"column\">\n\t\t\t<div class=\"elementor-widget-wrap elementor-element-populated\">\n\t\t\t\t\t\t<section class=\"elementor-section elementor-inner-section elementor-element elementor-element-42e5b59 elementor-section-content-middle elementor-section-boxed elementor-section-height-default elementor-section-height-default\" data-id=\"42e5b59\" data-element_type=\"section\">\n\t\t\t\t\t\t<div class=\"elementor-container elementor-column-gap-default\">\n\t\t\t\t\t<div class=\"elementor-column elementor-col-100 elementor-inner-column elementor-element elementor-element-eef93b9\" data-id=\"eef93b9\" data-element_type=\"column\">\n\t\t\t<div class=\"elementor-widget-wrap elementor-element-populated\">\n\t\t\t\t\t\t<div class=\"elementor-element elementor-element-e197cab elementor-widget elementor-widget-heading\" data-id=\"e197cab\" data-element_type=\"widget\" data-widget_type=\"heading.default\">\n\t\t\t\t<div class=\"elementor-widget-container\">\n\t\t\t\t\t<h2 class=\"elementor-heading-title elementor-size-default\">\u00dcyelik S\u00f6zle\u015fmesi<\/h2>\t\t\t\t<\/div>\n\t\t\t\t<\/div>\n\t\t\t\t<div class=\"elementor-element elementor-element-6050a0c elementor-widget elementor-widget-woocommerce-breadcrumb\" data-id=\"6050a0c\" data-element_type=\"widget\" data-widget_type=\"woocommerce-breadcrumb.default\">\n\t\t\t\t<div class=\"elementor-widget-container\">\n\t\t\t\t\t<nav class=\"woocommerce-breadcrumb\" aria-label=\"Breadcrumb\" data-no-translation=\"\" data-trp-gettext=\"\">Ana Sayfa<\/nav>\t\t\t\t<\/div>\n\t\t\t\t<\/div>\n\t\t\t\t\t<\/div>\n\t\t<\/div>\n\t\t\t\t\t<\/div>\n\t\t<\/section>\n\t\t\t\t\t<\/div>\n\t\t<\/div>\n\t\t\t\t\t<\/div>\n\t\t<\/section>\n\t\t\t\t<section class=\"elementor-section elementor-top-section elementor-element elementor-element-582af76 elementor-section-content-middle elementor-section-boxed elementor-section-height-default elementor-section-height-default\" data-id=\"582af76\" data-element_type=\"section\">\n\t\t\t\t\t\t<div class=\"elementor-container elementor-column-gap-default\">\n\t\t\t\t\t<div class=\"elementor-column elementor-col-100 elementor-top-column elementor-element elementor-element-d649a91\" data-id=\"d649a91\" data-element_type=\"column\">\n\t\t\t<div class=\"elementor-widget-wrap elementor-element-populated\">\n\t\t\t\t\t\t<div class=\"elementor-element elementor-element-3c69c8b elementor-widget elementor-widget-spacer\" data-id=\"3c69c8b\" data-element_type=\"widget\" data-widget_type=\"spacer.default\">\n\t\t\t\t<div class=\"elementor-widget-container\">\n\t\t\t\t\t\t\t<div class=\"elementor-spacer\">\n\t\t\t<div class=\"elementor-spacer-inner\"><\/div>\n\t\t<\/div>\n\t\t\t\t\t\t<\/div>\n\t\t\t\t<\/div>\n\t\t\t\t\t<\/div>\n\t\t<\/div>\n\t\t\t\t\t<\/div>\n\t\t<\/section>\n\t\t\t\t<section class=\"elementor-section elementor-top-section elementor-element elementor-element-ed5e0dd elementor-section-content-middle elementor-section-boxed elementor-section-height-default elementor-section-height-default\" data-id=\"ed5e0dd\" data-element_type=\"section\">\n\t\t\t\t\t\t<div class=\"elementor-container elementor-column-gap-default\">\n\t\t\t\t\t<div class=\"elementor-column elementor-col-100 elementor-top-column elementor-element elementor-element-63cbb73\" data-id=\"63cbb73\" data-element_type=\"column\">\n\t\t\t<div class=\"elementor-widget-wrap elementor-element-populated\">\n\t\t\t\t\t\t<section class=\"elementor-section elementor-inner-section elementor-element elementor-element-34fdd35 elementor-section-content-middle elementor-section-boxed elementor-section-height-default elementor-section-height-default\" data-id=\"34fdd35\" data-element_type=\"section\">\n\t\t\t\t\t\t<div class=\"elementor-container elementor-column-gap-default\">\n\t\t\t\t\t<div class=\"elementor-column elementor-col-100 elementor-inner-column elementor-element elementor-element-ad730be\" data-id=\"ad730be\" data-element_type=\"column\">\n\t\t\t<div class=\"elementor-widget-wrap elementor-element-populated\">\n\t\t\t\t\t\t<div class=\"elementor-element elementor-element-09705db elementor-widget elementor-widget-text-editor\" data-id=\"09705db\" data-element_type=\"widget\" data-widget_type=\"text-editor.default\">\n\t\t\t\t<div class=\"elementor-widget-container\">\n\t\t\t\t\t\t\t\t\t<p><b>S\u0130TE KULLANIM KO\u015eULLARI<\/b><\/p><p>\u00dcyelik S\u00f6zle\u015fmemizde yer alan bu &#039;site kullan\u0131m ko\u015fullar\u0131n\u0131&#039; l\u00fctfen sitemizi kullanmadan \u00f6nce dikkatlice okuyunuz.<br \/>Bu al\u0131\u015fveri\u015f sitesini kullanan ve al\u0131\u015fveri\u015f yapan m\u00fc\u015fterilerimiz a\u015fa\u011f\u0131daki \u015fartlar\u0131 kabul etmi\u015f say\u0131l\u0131rlar:<br \/>Sitemizde yer alan web sayfalar\u0131 ve ona ba\u011fl\u0131 t\u00fcm sayfalar (&#039;site&#039;), www.nisantasikozmetik.com ve www.nisantasikozmetik.com adresindeki N\u0130\u015eANTA\u015eI KOZMET\u0130K \u015firketinin (\u015eirketinin) m\u00fclkiyetindedir ve onlar taraf\u0131ndan i\u015fletilmektedir. Siz (&#039;Kullan\u0131c\u0131&#039;), sitede sunulan t\u00fcm hizmetlerden yararlan\u0131rken, sitedeki hizmetten yararlanmak ve kullanmaya devam etmekle a\u015fa\u011f\u0131daki \u015fartlara tabisiniz; Ba\u011fl\u0131 oldu\u011funuz yasalara uygun olarak s\u00f6zle\u015fme imzalama hakk\u0131na, yetkisine ve hukuki ehliyete sahip oldu\u011funuzu, 18 ya\u015f\u0131n\u0131 doldurdu\u011funuzu, bu s\u00f6zle\u015fmeyi okuyup anlad\u0131\u011f\u0131n\u0131z\u0131 ve s\u00f6zle\u015fmeye ba\u011fl\u0131 oldu\u011funuzu kabul etmi\u015f say\u0131l\u0131rs\u0131n\u0131z. s\u00f6zle\u015fmede yaz\u0131l\u0131 \u015fartlar.<\/p><p>\u0130\u015fbu \u00dcyelik S\u00f6zle\u015fmesi taraflara s\u00f6zle\u015fme konusu site ile ilgili hak ve y\u00fck\u00fcml\u00fcl\u00fckler y\u00fckler ve taraflar i\u015fbu s\u00f6zle\u015fmeyi kabul ettiklerinde s\u00f6z konusu hak ve y\u00fck\u00fcml\u00fcl\u00fckleri eksiksiz, do\u011fru, zaman\u0131nda ve yukar\u0131da belirtilen ko\u015fullar dahilinde yerine getireceklerini beyan ederler. bu anla\u015fma.<\/p><p><b>1. SORUMLULUKLAR<\/b><\/p><p>a.Firma fiyatlarda ve sunulan \u00fcr\u00fcn ve hizmetlerde de\u011fi\u015fiklik yapma hakk\u0131n\u0131 her zaman sakl\u0131 tutar.<\/p><p>b.\u015eirket, \u00fcyenin s\u00f6zle\u015fme konusu hizmetlerden teknik ar\u0131zalar hari\u00e7 yararland\u0131r\u0131laca\u011f\u0131n\u0131 kabul ve taahh\u00fct eder.<\/p><p>C. Kullan\u0131c\u0131, sitenin kullan\u0131m\u0131nda tersine m\u00fchendislik yapmayaca\u011f\u0131n\u0131 veya sitenin kaynak kodunu bulmak veya elde etmek amac\u0131yla ba\u015fka bir i\u015flem yapmayaca\u011f\u0131n\u0131, aksi takdirde \u00fc\u00e7\u00fcnc\u00fc ki\u015filere gelebilecek hukuki ve cezai her t\u00fcrl\u00fc zarardan kendisinin sorumlu olaca\u011f\u0131n\u0131 pe\u015finen kabul eder. Hakk\u0131nda i\u015flem ba\u015flat\u0131lacak.<\/p><p>D. Kullan\u0131c\u0131, site i\u00e7indeki faaliyetlerinde, sitenin herhangi bir b\u00f6l\u00fcm\u00fcnde veya ileti\u015fimlerinde genel ahlaka ve g\u00f6rg\u00fc kurallar\u0131na ayk\u0131r\u0131, hukuka ayk\u0131r\u0131, \u00fc\u00e7\u00fcnc\u00fc ki\u015filerin haklar\u0131na zarar verici, yan\u0131lt\u0131c\u0131, sald\u0131rgan, m\u00fcstehcen, pornografik olabilir, Ki\u015filik haklar\u0131na zarar vermek, telif haklar\u0131n\u0131 ihlal etmek, yasa d\u0131\u015f\u0131 faaliyetleri te\u015fvik etmek. \u0130\u00e7erik \u00fcretmeyece\u011fini ve payla\u015fmayaca\u011f\u0131n\u0131 kabul eder. Aksi takdirde olu\u015facak zarar\u0131n tamam\u0131yla kendisi sorumludur ve bu durumda &#039;Site&#039; yetkilileri, bu t\u00fcr hesaplar\u0131 ask\u0131ya alabilir veya sonland\u0131rabilir ve yasal i\u015flem ba\u015flatma hakk\u0131n\u0131 sakl\u0131 tutar. Bu nedenle adli makamlarca talep edilmesi halinde faaliyetlere veya kullan\u0131c\u0131 hesaplar\u0131na ili\u015fkin bilgileri payla\u015fma hakk\u0131n\u0131 sakl\u0131 tutar.<\/p><p>e. Site \u00fcyelerinin birbirleriyle veya \u00fc\u00e7\u00fcnc\u00fc ki\u015filerle olan ili\u015fkilerinin sorumlulu\u011fu kendilerine aittir.<\/p><p><b>2. Fikri M\u00fclkiyet Haklar\u0131<\/b><\/p><p>2.1. Bu Sitede yer alan \u00fcnvan, i\u015fletme ad\u0131, marka, patent, logo, tasar\u0131m, bilgi ve y\u00f6ntem gibi tescilli veya tescilsiz t\u00fcm fikri m\u00fclkiyet haklar\u0131 site i\u015fleticisi ve sahibi firmaya veya belirtilen ki\u015fiye ait olup, ulusal ve uluslararas\u0131 koruma alt\u0131ndad\u0131r. kanun. Bu Siteyi ziyaret etmek veya bu Sitedeki hizmetleri kullanmak, bu t\u00fcr fikri m\u00fclkiyet haklar\u0131na ili\u015fkin herhangi bir hak vermez.<\/p><p>2.2. Sitedeki bilgiler hi\u00e7bir \u015fekilde \u00e7o\u011falt\u0131lamaz, yay\u0131nlanamaz, kopyalanamaz, sunulamaz ve\/veya aktar\u0131lamaz. Sitenin tamam\u0131 veya bir k\u0131sm\u0131 ba\u015fka bir internet sitesinde izinsiz kullan\u0131lamaz.<\/p><p><b>3. Gizli bilgi<\/b><\/p><p>3.1. \u015eirket, site \u00fczerinden kullan\u0131c\u0131lar taraf\u0131ndan iletilen ki\u015fisel bilgileri \u00fc\u00e7\u00fcnc\u00fc ki\u015filere a\u00e7\u0131klamayacakt\u0131r. Bu ki\u015fisel bilgiler; Ki\u015finin ad\u0131-soyad\u0131, adresi, telefon numaras\u0131, cep telefonu, e-posta adresi gibi Kullan\u0131c\u0131y\u0131 tan\u0131mlamaya y\u00f6nelik her t\u00fcrl\u00fc di\u011fer bilgiyi i\u00e7ermekte olup, k\u0131saca &#039;Gizli Bilgiler&#039; olarak an\u0131lacakt\u0131r.<\/p><p>3.2. Kullan\u0131c\u0131 yaln\u0131zca promosyon, reklam, kampanya, promosyon, duyuru vb. sitelerden yararlanabilir. Sitenin sahibi olan firman\u0131n ileti\u015fim, portf\u00f6y durumu ve demografik bilgilerini ba\u011fl\u0131 oldu\u011fu ba\u011fl\u0131 ortakl\u0131klar\u0131 veya grup \u015firketleri ile payla\u015fmas\u0131na muvafakat etti\u011fini kabul ve beyan eder. ba\u011fl\u0131, pazarlama faaliyetleri kapsam\u0131nda kullan\u0131lmas\u0131yla s\u0131n\u0131rl\u0131d\u0131r. Bu ki\u015fisel bilgiler, \u015firket b\u00fcnyesinde m\u00fc\u015fteri profilinin belirlenmesi, m\u00fc\u015fteri profiline uygun promosyon ve kampanyalar\u0131n sunulmas\u0131 ve istatistiksel \u00e7al\u0131\u015fmalar\u0131n yap\u0131lmas\u0131 amac\u0131yla kullan\u0131labilecektir.<\/p><p>3.3. Gizli Bilgiler, ancak resmi makamlarca zaman\u0131nda bu bilgilerin talep edilmesi halinde ve y\u00fcr\u00fcrl\u00fckteki emredici mevzuat uyar\u0131nca resmi makamlara a\u00e7\u0131klaman\u0131n zorunlu oldu\u011fu durumlarda resmi makamlara a\u00e7\u0131klanabilecektir.<\/p><p>4<b>. Garanti yok:<\/b> BU S\u00d6ZLE\u015eME MADDES\u0130, GE\u00c7ERL\u0130 YASALARIN \u0130Z\u0130N VERD\u0130\u011e\u0130 AZAM\u0130 \u00d6L\u00c7\u00dcDE GE\u00c7ERL\u0130 OLACAKTIR. \u015e\u0130RKET TARAFINDAN SUNULAN H\u0130ZMETLER &quot;OLDU\u011eU G\u0130B\u0130&quot; VE &quot;MEVCUT OLDU\u011eU \u015eEK\u0130LDE&quot; VE H\u0130ZMETLER VEYA UYGULAMA \u0130LE \u0130LG\u0130L\u0130 OLARAK, T\u0130CAR\u0130 ELVER\u0130\u015eL\u0130L\u0130K, BEL\u0130RL\u0130 B\u0130R AMACA UYGUNLUK VEYA \u0130HLAL ETMEME \u0130LE \u0130LG\u0130L\u0130 T\u00dcM ZIMN\u0130 GARANT\u0130LER DAH\u0130L OLMAK \u00dcZERE SA\u011eLANIR (T\u00dcM B\u0130LG\u0130LER) BURADA BULUNMAKTADIR). A\u00c7IK VEYA ZIMN\u0130 H\u0130\u00c7B\u0130R T\u00dcR, YASAL VEYA BA\u015eKA B\u0130R GARANT\u0130 VERMEZ.<\/p><p><span style=\"color: var( --e-global-color-text ); font-size: 1rem; text-align: var(--bs-body-text-align);\"><b>5. Kay\u0131t ve G\u00fcvenlik<\/b><\/span><\/p><p>Kullan\u0131c\u0131n\u0131n do\u011fru, eksiksiz ve g\u00fcncel kay\u0131t bilgilerini sa\u011flamas\u0131 gerekmektedir. Aksi takdirde i\u015fbu S\u00f6zle\u015fme ihlal edilmi\u015f say\u0131lacak ve Kullan\u0131c\u0131ya bilgi verilmeden hesap kapat\u0131labilecektir.<\/p><p>Site ve \u00fc\u00e7\u00fcnc\u00fc taraf sitelerdeki \u015fifre ve hesap g\u00fcvenli\u011finden kullan\u0131c\u0131 sorumludur. Aksi takdirde olu\u015fabilecek veri kayb\u0131ndan, g\u00fcvenlik ihlallerinden veya donan\u0131m ve cihazlarda meydana gelebilecek zararlardan \u015eirket sorumlu tutulamaz.<\/p><p><b>6. M\u00fccbir Sebep<\/b><\/p><p>Taraflar\u0131n kontrol\u00fcnde olmayan; tabii afetler, yang\u0131n, patlamalar, i\u00e7 sava\u015flar, sava\u015flar, isyanlar, halk hareketleri, seferberlik ilan\u0131, grev, lokavt ve salg\u0131n hastal\u0131klar, altyap\u0131 ve internet ar\u0131zalar\u0131, elektrik kesintileri gibi sebeplerden dolay\u0131 s\u00f6zle\u015fmeden kaynaklanan (bundan sonra birlikte &quot;&quot; olarak an\u0131lacakt\u0131r) M\u00fccbir Sebep\u201d). Taraflar\u0131n y\u00fck\u00fcml\u00fcl\u00fcklerini yerine getirmemesi durumunda taraflar bundan sorumlu de\u011fildir. Bu s\u00fcre zarf\u0131nda Taraflar\u0131n i\u015fbu S\u00f6zle\u015fmeden do\u011fan hak ve y\u00fck\u00fcml\u00fcl\u00fckleri ask\u0131ya al\u0131n\u0131r.<\/p><p><b>7. S\u00f6zle\u015fmenin B\u00fct\u00fcnl\u00fc\u011f\u00fc ve Uygulanabilirli\u011fi<\/b><\/p><p>Bu s\u00f6zle\u015fmenin \u015fartlar\u0131ndan herhangi biri k\u0131smen veya tamamen ge\u00e7ersiz hale gelirse s\u00f6zle\u015fmenin geri kalan\u0131 ge\u00e7erlili\u011fini s\u00fcrd\u00fcr\u00fcr.<\/p><p><b>8. S\u00f6zle\u015fmede Yap\u0131lacak De\u011fi\u015fiklikler<\/b><\/p><p>\u015eirket, diledi\u011fi zaman sitede sunulan hizmetleri ve i\u015fbu s\u00f6zle\u015fme \u015fartlar\u0131n\u0131 k\u0131smen veya tamamen de\u011fi\u015ftirebilir. De\u011fi\u015fiklikler sitede yay\u0131nland\u0131\u011f\u0131 tarihten itibaren ge\u00e7erli olacakt\u0131r. De\u011fi\u015fiklikleri takip etmek Kullan\u0131c\u0131n\u0131n sorumlulu\u011fundad\u0131r. Kullan\u0131c\u0131 sunulan hizmetlerden yararlanmaya devam etmekle bu de\u011fi\u015fiklikleri kabul etmi\u015f say\u0131l\u0131r.<\/p><p><b>9. Bildirim<\/b><\/p><p>\u0130\u015fbu \u00dcyelik S\u00f6zle\u015fmesi ile ilgili olarak taraflara g\u00f6nderilecek t\u00fcm bildirimler, \u015eirketin bilinen e-posta adresi ve kullan\u0131c\u0131n\u0131n \u00fcyelik formunda belirtti\u011fi e-posta adresi arac\u0131l\u0131\u011f\u0131yla yap\u0131lacakt\u0131r. Kullan\u0131c\u0131, \u00fcye olurken belirtti\u011fi adresin ge\u00e7erli tebligat adresi oldu\u011funu, de\u011fi\u015fmesi halinde 5 g\u00fcn i\u00e7erisinde yaz\u0131l\u0131 olarak di\u011fer tarafa bildirece\u011fini, aksi halde bu adrese yap\u0131lacak tebligatlar\u0131n ge\u00e7erli say\u0131laca\u011f\u0131n\u0131 kabul eder.<\/p><p><b>10. Delil Anla\u015fmas\u0131<\/b><\/p><p>Taraflar aras\u0131nda i\u015fbu s\u00f6zle\u015fmeye ili\u015fkin i\u015flemlere ili\u015fkin olarak ortaya \u00e7\u0131kabilecek her t\u00fcrl\u00fc ihtilaflarda, Taraflar\u0131n defter, kay\u0131t ve belgeleri, bilgisayar kay\u0131tlar\u0131 ve faks kay\u0131tlar\u0131 6100 Say\u0131l\u0131 Hukuk Muhakemeleri Kanunu uyar\u0131nca delil olarak kabul edilecek olup, Kullan\u0131c\u0131 bu kay\u0131tlara itiraz etmeyece\u011fini kabul eder.<\/p><p><b>11. Uyu\u015fmazl\u0131k \u00c7\u00f6z\u00fcm\u00fc<\/b><\/p><p>\u0130\u015fbu \u00dcyelik S\u00f6zle\u015fmesi&#039;nin uygulanmas\u0131ndan veya yorumlanmas\u0131ndan do\u011facak her t\u00fcrl\u00fc uyu\u015fmazl\u0131\u011f\u0131n \u00e7\u00f6z\u00fcm\u00fcnde \u0130stanbul (Merkez) Adliyesi Mahkemeleri ve \u0130cra Daireleri yetkilidir.<\/p>\t\t\t\t\t\t\t\t<\/div>\n\t\t\t\t<\/div>\n\t\t\t\t\t<\/div>\n\t\t<\/div>\n\t\t\t\t\t<\/div>\n\t\t<\/section>\n\t\t\t\t\t<\/div>\n\t\t<\/div>\n\t\t\t\t\t<\/div>\n\t\t<\/section>\n\t\t\t\t<\/div>","protected":false},"excerpt":{"rendered":"<p>Membership Agreement SITE TERMS OF USE In our Membership Agreement, please read these &#8216;site terms of use&#8217; carefully before using our site.Our customers who use and shop on this shopping site are assumed to have accepted the following terms:The web pages on our site and all pages linked to it (&#8216;site&#8217;) are the property of [&hellip;]<\/p>","protected":false},"author":1,"featured_media":0,"parent":0,"menu_order":0,"comment_status":"closed","ping_status":"closed","template":"elementor_header_footer","meta":{"footnotes":""},"class_list":["post-581","page","type-page","status-publish","hentry"],"yoast_head":"<!-- This site is optimized with the Yoast SEO plugin v26.2 - https:\/\/yoast.com\/wordpress\/plugins\/seo\/ -->\n<title>Membership Agreement - Ni\u015fanta\u015f\u0131 Cosmetic<\/title>\n<meta name=\"description\" content=\"Membership Agreement\" \/>\n<meta name=\"robots\" content=\"index, follow, max-snippet:-1, max-image-preview:large, max-video-preview:-1\" \/>\n<link rel=\"canonical\" href=\"https:\/\/nisantasicosmetic.com\/tr\/uyelik-sozlesmesi\/?wmc-currency=TRY\" \/>\n<meta property=\"og:locale\" content=\"tr_TR\" \/>\n<meta property=\"og:type\" content=\"article\" \/>\n<meta property=\"og:title\" content=\"Membership Agreement - Ni\u015fanta\u015f\u0131 Cosmetic\" \/>\n<meta property=\"og:description\" content=\"Membership Agreement\" \/>\n<meta property=\"og:url\" content=\"https:\/\/nisantasicosmetic.com\/tr\/uyelik-sozlesmesi\/?wmc-currency=TRY\" \/>\n<meta property=\"og:site_name\" content=\"Ni\u015fanta\u015f\u0131 Cosmetic\" \/>\n<meta property=\"article:modified_time\" content=\"2024-06-05T14:39:57+00:00\" \/>\n<meta name=\"twitter:card\" content=\"summary_large_image\" \/>\n<meta name=\"twitter:label1\" content=\"Tahmini okuma s\u00fcresi\" \/>\n\t<meta name=\"twitter:data1\" content=\"8 dakika\" \/>\n<script type=\"application\/ld+json\" class=\"yoast-schema-graph\">{\"@context\":\"https:\/\/schema.org\",\"@graph\":[{\"@type\":\"WebPage\",\"@id\":\"https:\/\/nisantasicosmetic.com\/membership-agreement\/\",\"url\":\"https:\/\/nisantasicosmetic.com\/membership-agreement\/\",\"name\":\"Membership Agreement - Ni\u015fanta\u015f\u0131 Cosmetic\",\"isPartOf\":{\"@id\":\"https:\/\/nisantasicosmetic.com\/#website\"},\"datePublished\":\"2024-06-05T06:56:41+00:00\",\"dateModified\":\"2024-06-05T14:39:57+00:00\",\"description\":\"Membership Agreement\",\"breadcrumb\":{\"@id\":\"https:\/\/nisantasicosmetic.com\/membership-agreement\/#breadcrumb\"},\"inLanguage\":\"tr\",\"potentialAction\":[{\"@type\":\"ReadAction\",\"target\":[\"https:\/\/nisantasicosmetic.com\/membership-agreement\/\"]}]},{\"@type\":\"BreadcrumbList\",\"@id\":\"https:\/\/nisantasicosmetic.com\/membership-agreement\/#breadcrumb\",\"itemListElement\":[{\"@type\":\"ListItem\",\"position\":1,\"name\":\"Anasayfa\",\"item\":\"https:\/\/nisantasicosmetic.com\/\"},{\"@type\":\"ListItem\",\"position\":2,\"name\":\"Membership Agreement\"}]},{\"@type\":\"WebSite\",\"@id\":\"https:\/\/nisantasicosmetic.com\/#website\",\"url\":\"https:\/\/nisantasicosmetic.com\/\",\"name\":\"Ni\u015fanta\u015f\u0131 Kozmetik\",\"description\":\"\",\"publisher\":{\"@id\":\"https:\/\/nisantasicosmetic.com\/#organization\"},\"potentialAction\":[{\"@type\":\"SearchAction\",\"target\":{\"@type\":\"EntryPoint\",\"urlTemplate\":\"https:\/\/nisantasicosmetic.com\/?s={search_term_string}\"},\"query-input\":{\"@type\":\"PropertyValueSpecification\",\"valueRequired\":true,\"valueName\":\"search_term_string\"}}],\"inLanguage\":\"tr\"},{\"@type\":\"Organization\",\"@id\":\"https:\/\/nisantasicosmetic.com\/#organization\",\"name\":\"Ni\u015fanta\u015f\u0131 Kozmetik\",\"url\":\"https:\/\/nisantasicosmetic.com\/\",\"logo\":{\"@type\":\"ImageObject\",\"inLanguage\":\"tr\",\"@id\":\"https:\/\/nisantasicosmetic.com\/#\/schema\/logo\/image\/\",\"url\":\"https:\/\/nisantasicosmetic.com\/wp-content\/uploads\/2024\/06\/Nisantasi-Cosmetic-Logo.png\",\"contentUrl\":\"https:\/\/nisantasicosmetic.com\/wp-content\/uploads\/2024\/06\/Nisantasi-Cosmetic-Logo.png\",\"width\":1080,\"height\":216,\"caption\":\"Ni\u015fanta\u015f\u0131 Kozmetik\"},\"image\":{\"@id\":\"https:\/\/nisantasicosmetic.com\/#\/schema\/logo\/image\/\"}}]}<\/script>\n<!-- \/ Yoast SEO plugin. -->","yoast_head_json":{"title":"Membership Agreement - Ni\u015fanta\u015f\u0131 Cosmetic","description":"Membership Agreement","robots":{"index":"index","follow":"follow","max-snippet":"max-snippet:-1","max-image-preview":"max-image-preview:large","max-video-preview":"max-video-preview:-1"},"canonical":"https:\/\/nisantasicosmetic.com\/tr\/uyelik-sozlesmesi\/?wmc-currency=TRY","og_locale":"tr_TR","og_type":"article","og_title":"Membership Agreement - Ni\u015fanta\u015f\u0131 Cosmetic","og_description":"Membership Agreement","og_url":"https:\/\/nisantasicosmetic.com\/tr\/uyelik-sozlesmesi\/?wmc-currency=TRY","og_site_name":"Ni\u015fanta\u015f\u0131 Cosmetic","article_modified_time":"2024-06-05T14:39:57+00:00","twitter_card":"summary_large_image","twitter_misc":{"Tahmini okuma s\u00fcresi":"8 dakika"},"schema":{"@context":"https:\/\/schema.org","@graph":[{"@type":"WebPage","@id":"https:\/\/nisantasicosmetic.com\/membership-agreement\/","url":"https:\/\/nisantasicosmetic.com\/membership-agreement\/","name":"Membership Agreement - Ni\u015fanta\u015f\u0131 Cosmetic","isPartOf":{"@id":"https:\/\/nisantasicosmetic.com\/#website"},"datePublished":"2024-06-05T06:56:41+00:00","dateModified":"2024-06-05T14:39:57+00:00","description":"Membership Agreement","breadcrumb":{"@id":"https:\/\/nisantasicosmetic.com\/membership-agreement\/#breadcrumb"},"inLanguage":"tr","potentialAction":[{"@type":"ReadAction","target":["https:\/\/nisantasicosmetic.com\/membership-agreement\/"]}]},{"@type":"BreadcrumbList","@id":"https:\/\/nisantasicosmetic.com\/membership-agreement\/#breadcrumb","itemListElement":[{"@type":"ListItem","position":1,"name":"Anasayfa","item":"https:\/\/nisantasicosmetic.com\/"},{"@type":"ListItem","position":2,"name":"Membership Agreement"}]},{"@type":"WebSite","@id":"https:\/\/nisantasicosmetic.com\/#website","url":"https:\/\/nisantasicosmetic.com\/","name":"Ni\u015fanta\u015f\u0131 Kozmetik","description":"","publisher":{"@id":"https:\/\/nisantasicosmetic.com\/#organization"},"potentialAction":[{"@type":"SearchAction","target":{"@type":"EntryPoint","urlTemplate":"https:\/\/nisantasicosmetic.com\/?s={search_term_string}"},"query-input":{"@type":"PropertyValueSpecification","valueRequired":true,"valueName":"search_term_string"}}],"inLanguage":"tr"},{"@type":"Organization","@id":"https:\/\/nisantasicosmetic.com\/#organization","name":"Ni\u015fanta\u015f\u0131 Kozmetik","url":"https:\/\/nisantasicosmetic.com\/","logo":{"@type":"ImageObject","inLanguage":"tr","@id":"https:\/\/nisantasicosmetic.com\/#\/schema\/logo\/image\/","url":"https:\/\/nisantasicosmetic.com\/wp-content\/uploads\/2024\/06\/Nisantasi-Cosmetic-Logo.png","contentUrl":"https:\/\/nisantasicosmetic.com\/wp-content\/uploads\/2024\/06\/Nisantasi-Cosmetic-Logo.png","width":1080,"height":216,"caption":"Ni\u015fanta\u015f\u0131 Kozmetik"},"image":{"@id":"https:\/\/nisantasicosmetic.com\/#\/schema\/logo\/image\/"}}]}},"_links":{"self":[{"href":"https:\/\/nisantasicosmetic.com\/tr\/wp-json\/wp\/v2\/pages\/581","targetHints":{"allow":["GET"]}}],"collection":[{"href":"https:\/\/nisantasicosmetic.com\/tr\/wp-json\/wp\/v2\/pages"}],"about":[{"href":"https:\/\/nisantasicosmetic.com\/tr\/wp-json\/wp\/v2\/types\/page"}],"author":[{"embeddable":true,"href":"https:\/\/nisantasicosmetic.com\/tr\/wp-json\/wp\/v2\/users\/1"}],"replies":[{"embeddable":true,"href":"https:\/\/nisantasicosmetic.com\/tr\/wp-json\/wp\/v2\/comments?post=581"}],"version-history":[{"count":0,"href":"https:\/\/nisantasicosmetic.com\/tr\/wp-json\/wp\/v2\/pages\/581\/revisions"}],"wp:attachment":[{"href":"https:\/\/nisantasicosmetic.com\/tr\/wp-json\/wp\/v2\/media?parent=581"}],"curies":[{"name":"wp","href":"https:\/\/api.w.org\/{rel}","templated":true}]}}