{"id":330,"date":"2024-06-04T10:56:13","date_gmt":"2024-06-04T07:56:13","guid":{"rendered":"http:\/\/nisantasi-kozmetik.test\/?post_type=product&#038;p=330"},"modified":"2026-03-26T17:34:33","modified_gmt":"2026-03-26T14:34:33","slug":"konjac-tea","status":"publish","type":"product","link":"https:\/\/nisantasicosmetic.com\/pt_br\/urun\/cha-konjac\/","title":{"rendered":"Ch\u00e1 Konjac"},"content":{"rendered":"<div class=\"col-md-12\">\n<h2>\ud83c\udf3f <strong>Quais s\u00e3o os ingredientes do Ch\u00e1 Konjac?<\/strong><\/h2>\n<p>O Ch\u00e1 Konjac \u00e9 preparado com uma mistura cuidadosamente equilibrada de ingredientes vegetais, como extrato de farelo de arroz, extrato de alecrim, extrato de br\u00f3colis, extrato de equin\u00e1cea, extrato de goji berry, extrato de mirtilo, extrato de erva-do-iogurte, extrato de palmeira-an\u00e3, extrato de b\u00e9tula, aroma de frutas da floresta e L-Carnitina.<\/p>\n<h2>\u2615 <strong>Como Usar o Ch\u00e1 Konjac?<\/strong><\/h2>\n<p>Adicione um sach\u00ea de ch\u00e1 a uma x\u00edcara de \u00e1gua quente e aproveite ao longo do dia. Sua prepara\u00e7\u00e3o pr\u00e1tica permite incorpor\u00e1-lo facilmente \u00e0 sua rotina di\u00e1ria de bebidas.<\/p>\n<h2>\u26a0 <strong>Para quem o Ch\u00e1 Konjac n\u00e3o \u00e9 indicado?<\/strong><\/h2>\n<ul>\n<li>Pessoas gr\u00e1vidas e em per\u00edodo de amamenta\u00e7\u00e3o<\/li>\n<li>Pessoas com problemas card\u00edacos, renais, press\u00e3o alta ou baixo n\u00edvel de a\u00e7\u00facar no sangue<\/li>\n<li>Pessoas sens\u00edveis ou al\u00e9rgicas \u00e0s ervas contidas no produto<\/li>\n<\/ul>\n<p>Se voc\u00ea tiver qualquer condi\u00e7\u00e3o de sa\u00fade ou estiver tomando medicamentos regularmente, recomenda-se consultar um especialista antes do uso.<\/p>\n<\/div>","protected":false},"excerpt":{"rendered":"<p>Konjac \u00e9 um a\u00e7\u00facar fibroso sem calorias derivado da raiz Konja.<\/p>","protected":false},"featured_media":1159,"comment_status":"open","ping_status":"closed","template":"","meta":[],"product_brand":[],"product_cat":[89],"product_tag":[64,65,66],"class_list":{"0":"post-330","1":"product","2":"type-product","3":"status-publish","4":"has-post-thumbnail","6":"product_cat-herbal-products-products","7":"product_tag-konjac","8":"product_tag-konjac-cay","9":"product_tag-konjac-tea","11":"first","12":"instock","13":"sale","14":"taxable","15":"shipping-taxable","16":"purchasable","17":"product-type-simple"},"yoast_head":"<!-- This site is optimized with the Yoast SEO plugin v26.2 - https:\/\/yoast.com\/wordpress\/plugins\/seo\/ -->\n<title>Konjac Tea - Ni\u015fanta\u015f\u0131 Cosmetic<\/title>\n<meta name=\"description\" content=\"Experience the benefits of Konjac Tea from Ni\u015fanta\u015f\u0131 Cosmetic \u2013 a natural blend designed to support weight management and enhance your well-being!\" \/>\n<meta name=\"robots\" content=\"index, follow, max-snippet:-1, max-image-preview:large, max-video-preview:-1\" \/>\n<link rel=\"canonical\" href=\"https:\/\/nisantasicosmetic.com\/pt_br\/urun\/cha-konjac\/?wmc-currency=EUR\" \/>\n<meta property=\"og:locale\" content=\"pt_BR\" \/>\n<meta property=\"og:type\" content=\"article\" \/>\n<meta property=\"og:title\" content=\"Konjac Tea - Ni\u015fanta\u015f\u0131 Cosmetic\" \/>\n<meta property=\"og:description\" content=\"Experience the benefits of Konjac Tea from Ni\u015fanta\u015f\u0131 Cosmetic \u2013 a natural blend designed to support weight management and enhance your well-being!\" \/>\n<meta property=\"og:url\" content=\"https:\/\/nisantasicosmetic.com\/pt_br\/urun\/cha-konjac\/?wmc-currency=EUR\" \/>\n<meta property=\"og:site_name\" content=\"Ni\u015fanta\u015f\u0131 Cosmetic\" \/>\n<meta property=\"article:modified_time\" content=\"2026-03-26T14:34:33+00:00\" \/>\n<meta property=\"og:image\" content=\"https:\/\/nisantasicosmetic.com\/wp-content\/uploads\/2024\/06\/Konjac-Tea-55-1.png\" \/>\n\t<meta property=\"og:image:width\" content=\"1000\" \/>\n\t<meta property=\"og:image:height\" content=\"1000\" \/>\n\t<meta property=\"og:image:type\" content=\"image\/png\" \/>\n<meta name=\"twitter:card\" content=\"summary_large_image\" \/>\n<meta name=\"twitter:label1\" content=\"Est. tempo de leitura\" \/>\n\t<meta name=\"twitter:data1\" content=\"2 minutos\" \/>\n<script type=\"application\/ld+json\" class=\"yoast-schema-graph\">{\"@context\":\"https:\/\/schema.org\",\"@graph\":[{\"@type\":\"WebPage\",\"@id\":\"https:\/\/nisantasicosmetic.com\/urun\/konjac-tea\/\",\"url\":\"https:\/\/nisantasicosmetic.com\/urun\/konjac-tea\/\",\"name\":\"Konjac Tea - Ni\u015fanta\u015f\u0131 Cosmetic\",\"isPartOf\":{\"@id\":\"https:\/\/nisantasicosmetic.com\/#website\"},\"primaryImageOfPage\":{\"@id\":\"https:\/\/nisantasicosmetic.com\/urun\/konjac-tea\/#primaryimage\"},\"image\":{\"@id\":\"https:\/\/nisantasicosmetic.com\/urun\/konjac-tea\/#primaryimage\"},\"thumbnailUrl\":\"https:\/\/nisantasicosmetic.com\/wp-content\/uploads\/2024\/06\/Konjac-Tea-55-1.png\",\"datePublished\":\"2024-06-04T07:56:13+00:00\",\"dateModified\":\"2026-03-26T14:34:33+00:00\",\"description\":\"Experience the benefits of Konjac Tea from Ni\u015fanta\u015f\u0131 Cosmetic \u2013 a natural blend designed to support weight management and enhance your well-being!\",\"breadcrumb\":{\"@id\":\"https:\/\/nisantasicosmetic.com\/urun\/konjac-tea\/#breadcrumb\"},\"inLanguage\":\"pt-BR\",\"potentialAction\":[{\"@type\":\"ReadAction\",\"target\":[\"https:\/\/nisantasicosmetic.com\/urun\/konjac-tea\/\"]}]},{\"@type\":\"ImageObject\",\"inLanguage\":\"pt-BR\",\"@id\":\"https:\/\/nisantasicosmetic.com\/urun\/konjac-tea\/#primaryimage\",\"url\":\"https:\/\/nisantasicosmetic.com\/wp-content\/uploads\/2024\/06\/Konjac-Tea-55-1.png\",\"contentUrl\":\"https:\/\/nisantasicosmetic.com\/wp-content\/uploads\/2024\/06\/Konjac-Tea-55-1.png\",\"width\":1000,\"height\":1000},{\"@type\":\"BreadcrumbList\",\"@id\":\"https:\/\/nisantasicosmetic.com\/urun\/konjac-tea\/#breadcrumb\",\"itemListElement\":[{\"@type\":\"ListItem\",\"position\":1,\"name\":\"Anasayfa\",\"item\":\"https:\/\/nisantasicosmetic.com\/\"},{\"@type\":\"ListItem\",\"position\":2,\"name\":\"Produtos\",\"item\":\"https:\/\/nisantasicosmetic.com\/pt\/shop\/\"},{\"@type\":\"ListItem\",\"position\":3,\"name\":\"Konjac Tea\"}]},{\"@type\":\"WebSite\",\"@id\":\"https:\/\/nisantasicosmetic.com\/#website\",\"url\":\"https:\/\/nisantasicosmetic.com\/\",\"name\":\"Ni\u015fanta\u015f\u0131 Kozmetik\",\"description\":\"\",\"publisher\":{\"@id\":\"https:\/\/nisantasicosmetic.com\/#organization\"},\"potentialAction\":[{\"@type\":\"SearchAction\",\"target\":{\"@type\":\"EntryPoint\",\"urlTemplate\":\"https:\/\/nisantasicosmetic.com\/?s={search_term_string}\"},\"query-input\":{\"@type\":\"PropertyValueSpecification\",\"valueRequired\":true,\"valueName\":\"search_term_string\"}}],\"inLanguage\":\"pt-BR\"},{\"@type\":\"Organization\",\"@id\":\"https:\/\/nisantasicosmetic.com\/#organization\",\"name\":\"Ni\u015fanta\u015f\u0131 Kozmetik\",\"url\":\"https:\/\/nisantasicosmetic.com\/\",\"logo\":{\"@type\":\"ImageObject\",\"inLanguage\":\"pt-BR\",\"@id\":\"https:\/\/nisantasicosmetic.com\/#\/schema\/logo\/image\/\",\"url\":\"https:\/\/nisantasicosmetic.com\/wp-content\/uploads\/2024\/06\/Nisantasi-Cosmetic-Logo.png\",\"contentUrl\":\"https:\/\/nisantasicosmetic.com\/wp-content\/uploads\/2024\/06\/Nisantasi-Cosmetic-Logo.png\",\"width\":1080,\"height\":216,\"caption\":\"Ni\u015fanta\u015f\u0131 Kozmetik\"},\"image\":{\"@id\":\"https:\/\/nisantasicosmetic.com\/#\/schema\/logo\/image\/\"}}]}<\/script>\n<!-- \/ Yoast SEO plugin. -->","yoast_head_json":{"title":"Konjac Tea - Ni\u015fanta\u015f\u0131 Cosmetic","description":"Experience the benefits of Konjac Tea from Ni\u015fanta\u015f\u0131 Cosmetic \u2013 a natural blend designed to support weight management and enhance your well-being!","robots":{"index":"index","follow":"follow","max-snippet":"max-snippet:-1","max-image-preview":"max-image-preview:large","max-video-preview":"max-video-preview:-1"},"canonical":"https:\/\/nisantasicosmetic.com\/pt_br\/urun\/cha-konjac\/?wmc-currency=EUR","og_locale":"pt_BR","og_type":"article","og_title":"Konjac Tea - Ni\u015fanta\u015f\u0131 Cosmetic","og_description":"Experience the benefits of Konjac Tea from Ni\u015fanta\u015f\u0131 Cosmetic \u2013 a natural blend designed to support weight management and enhance your well-being!","og_url":"https:\/\/nisantasicosmetic.com\/pt_br\/urun\/cha-konjac\/?wmc-currency=EUR","og_site_name":"Ni\u015fanta\u015f\u0131 Cosmetic","article_modified_time":"2026-03-26T14:34:33+00:00","og_image":[{"width":1000,"height":1000,"url":"https:\/\/nisantasicosmetic.com\/wp-content\/uploads\/2024\/06\/Konjac-Tea-55-1.png","type":"image\/png"}],"twitter_card":"summary_large_image","twitter_misc":{"Est. tempo de leitura":"2 minutos"},"schema":{"@context":"https:\/\/schema.org","@graph":[{"@type":"WebPage","@id":"https:\/\/nisantasicosmetic.com\/urun\/konjac-tea\/","url":"https:\/\/nisantasicosmetic.com\/urun\/konjac-tea\/","name":"Konjac Tea - Ni\u015fanta\u015f\u0131 Cosmetic","isPartOf":{"@id":"https:\/\/nisantasicosmetic.com\/#website"},"primaryImageOfPage":{"@id":"https:\/\/nisantasicosmetic.com\/urun\/konjac-tea\/#primaryimage"},"image":{"@id":"https:\/\/nisantasicosmetic.com\/urun\/konjac-tea\/#primaryimage"},"thumbnailUrl":"https:\/\/nisantasicosmetic.com\/wp-content\/uploads\/2024\/06\/Konjac-Tea-55-1.png","datePublished":"2024-06-04T07:56:13+00:00","dateModified":"2026-03-26T14:34:33+00:00","description":"Experience the benefits of Konjac Tea from Ni\u015fanta\u015f\u0131 Cosmetic \u2013 a natural blend designed to support weight management and enhance your well-being!","breadcrumb":{"@id":"https:\/\/nisantasicosmetic.com\/urun\/konjac-tea\/#breadcrumb"},"inLanguage":"pt-BR","potentialAction":[{"@type":"ReadAction","target":["https:\/\/nisantasicosmetic.com\/urun\/konjac-tea\/"]}]},{"@type":"ImageObject","inLanguage":"pt-BR","@id":"https:\/\/nisantasicosmetic.com\/urun\/konjac-tea\/#primaryimage","url":"https:\/\/nisantasicosmetic.com\/wp-content\/uploads\/2024\/06\/Konjac-Tea-55-1.png","contentUrl":"https:\/\/nisantasicosmetic.com\/wp-content\/uploads\/2024\/06\/Konjac-Tea-55-1.png","width":1000,"height":1000},{"@type":"BreadcrumbList","@id":"https:\/\/nisantasicosmetic.com\/urun\/konjac-tea\/#breadcrumb","itemListElement":[{"@type":"ListItem","position":1,"name":"Anasayfa","item":"https:\/\/nisantasicosmetic.com\/"},{"@type":"ListItem","position":2,"name":"Produtos","item":"https:\/\/nisantasicosmetic.com\/pt\/shop\/"},{"@type":"ListItem","position":3,"name":"Konjac Tea"}]},{"@type":"WebSite","@id":"https:\/\/nisantasicosmetic.com\/#website","url":"https:\/\/nisantasicosmetic.com\/","name":"Ni\u015fanta\u015f\u0131 Kozmetik","description":"","publisher":{"@id":"https:\/\/nisantasicosmetic.com\/#organization"},"potentialAction":[{"@type":"SearchAction","target":{"@type":"EntryPoint","urlTemplate":"https:\/\/nisantasicosmetic.com\/?s={search_term_string}"},"query-input":{"@type":"PropertyValueSpecification","valueRequired":true,"valueName":"search_term_string"}}],"inLanguage":"pt-BR"},{"@type":"Organization","@id":"https:\/\/nisantasicosmetic.com\/#organization","name":"Ni\u015fanta\u015f\u0131 Kozmetik","url":"https:\/\/nisantasicosmetic.com\/","logo":{"@type":"ImageObject","inLanguage":"pt-BR","@id":"https:\/\/nisantasicosmetic.com\/#\/schema\/logo\/image\/","url":"https:\/\/nisantasicosmetic.com\/wp-content\/uploads\/2024\/06\/Nisantasi-Cosmetic-Logo.png","contentUrl":"https:\/\/nisantasicosmetic.com\/wp-content\/uploads\/2024\/06\/Nisantasi-Cosmetic-Logo.png","width":1080,"height":216,"caption":"Ni\u015fanta\u015f\u0131 Kozmetik"},"image":{"@id":"https:\/\/nisantasicosmetic.com\/#\/schema\/logo\/image\/"}}]}},"_links":{"self":[{"href":"https:\/\/nisantasicosmetic.com\/pt_br\/wp-json\/wp\/v2\/product\/330","targetHints":{"allow":["GET"]}}],"collection":[{"href":"https:\/\/nisantasicosmetic.com\/pt_br\/wp-json\/wp\/v2\/product"}],"about":[{"href":"https:\/\/nisantasicosmetic.com\/pt_br\/wp-json\/wp\/v2\/types\/product"}],"replies":[{"embeddable":true,"href":"https:\/\/nisantasicosmetic.com\/pt_br\/wp-json\/wp\/v2\/comments?post=330"}],"wp:featuredmedia":[{"embeddable":true,"href":"https:\/\/nisantasicosmetic.com\/pt_br\/wp-json\/wp\/v2\/media\/1159"}],"wp:attachment":[{"href":"https:\/\/nisantasicosmetic.com\/pt_br\/wp-json\/wp\/v2\/media?parent=330"}],"wp:term":[{"taxonomy":"product_brand","embeddable":true,"href":"https:\/\/nisantasicosmetic.com\/pt_br\/wp-json\/wp\/v2\/product_brand?post=330"},{"taxonomy":"product_cat","embeddable":true,"href":"https:\/\/nisantasicosmetic.com\/pt_br\/wp-json\/wp\/v2\/product_cat?post=330"},{"taxonomy":"product_tag","embeddable":true,"href":"https:\/\/nisantasicosmetic.com\/pt_br\/wp-json\/wp\/v2\/product_tag?post=330"}],"curies":[{"name":"wp","href":"https:\/\/api.w.org\/{rel}","templated":true}]}}