{"id":1393,"date":"2024-06-13T17:34:29","date_gmt":"2024-06-13T14:34:29","guid":{"rendered":"https:\/\/nisantasicosmetic.com\/?post_type=product&#038;p=1393"},"modified":"2026-04-07T16:54:48","modified_gmt":"2026-04-07T13:54:48","slug":"konjac-body-gel-2","status":"publish","type":"product","link":"https:\/\/nisantasicosmetic.com\/pt_br\/urun\/gel-corporal-konjac\/","title":{"rendered":"Gel Corporal Konjac"},"content":{"rendered":"<h2>Um toque refrescante para sua rotina de cuidados di\u00e1rios<\/h2>\n<p>O Konjac Body Gel \u00e9 absorvido rapidamente sem pesar na pele, gra\u00e7as \u00e0 sua estrutura \u00e0 base de \u00e1gua. Oferece um uso pr\u00e1tico com sua f\u00f3rmula que n\u00e3o deixa sensa\u00e7\u00e3o oleosa. \u2728<\/p>\n<h3>Caracter\u00edsticas:<\/h3>\n<ul>\n<li class=\" translation-block\"><strong>Estrutura \u00e0 Base de \u00c1gua:<\/strong> F\u00f3rmula leve e de r\u00e1pida absor\u00e7\u00e3o.<\/li>\n<li class=\" translation-block\"><strong>N\u00e3o deixa res\u00edduos oleosos:<\/strong> Aplica\u00e7\u00e3o pr\u00e1tica e limpa.<\/li>\n<li><strong>Massage Support:<\/strong> Easily applied through massage thanks to its gel form.<\/li>\n<\/ul>\n<h3>Uso:<\/h3>\n<p>Aplique na pele limpa, massageando com movimentos circulares. \ud83e\uddf4<\/p>\n<h3>\ud83d\udee1\ufe0f Aviso Legal<\/h3>\n<p>Produto cosm\u00e9tico. Apenas para uso externo. Mantenha fora do alcance de crian\u00e7as. Conservar em local fresco e seco.<\/p>","protected":false},"excerpt":{"rendered":"<p>A Refreshing Touch to Your Daily Skincare Routine Thanks to its water-based structure, Konjac Body Gel absorbs quickly without weighing down your skin. It offers practical use with its non-greasy formula. \u2728 Features: Water-Based Structure: Fast-absorbing, lightweight formula. Leaves No Greasy Residue: Practical and clean application. Massage Support: Easily applied through massage thanks to its [&hellip;]<\/p>","protected":false},"featured_media":1091,"comment_status":"open","ping_status":"closed","template":"","meta":[],"product_brand":[],"product_cat":[89],"product_tag":[],"class_list":{"0":"post-1393","1":"product","2":"type-product","3":"status-publish","4":"has-post-thumbnail","6":"product_cat-herbal-products-products","8":"first","9":"instock","10":"sale","11":"taxable","12":"shipping-taxable","13":"purchasable","14":"product-type-simple"},"yoast_head":"<!-- This site is optimized with the Yoast SEO plugin v26.2 - https:\/\/yoast.com\/wordpress\/plugins\/seo\/ -->\n<title>Konjac Body Gel - Ni\u015fanta\u015f\u0131 Cosmetic<\/title>\n<meta name=\"description\" content=\"Explore Konjac Body Gel at Ni\u015fanta\u015f\u0131 Cosmetic \u2013 a refreshing gel for smooth, toned skin. Nourish and rejuvenate your body with every use!\" \/>\n<meta name=\"robots\" content=\"index, follow, max-snippet:-1, max-image-preview:large, max-video-preview:-1\" \/>\n<link rel=\"canonical\" href=\"https:\/\/nisantasicosmetic.com\/pt_br\/urun\/gel-corporal-konjac\/?wmc-currency=EUR\" \/>\n<meta property=\"og:locale\" content=\"pt_BR\" \/>\n<meta property=\"og:type\" content=\"article\" \/>\n<meta property=\"og:title\" content=\"Konjac Body Gel - Ni\u015fanta\u015f\u0131 Cosmetic\" \/>\n<meta property=\"og:description\" content=\"Explore Konjac Body Gel at Ni\u015fanta\u015f\u0131 Cosmetic \u2013 a refreshing gel for smooth, toned skin. Nourish and rejuvenate your body with every use!\" \/>\n<meta property=\"og:url\" content=\"https:\/\/nisantasicosmetic.com\/pt_br\/urun\/gel-corporal-konjac\/?wmc-currency=EUR\" \/>\n<meta property=\"og:site_name\" content=\"Ni\u015fanta\u015f\u0131 Cosmetic\" \/>\n<meta property=\"article:modified_time\" content=\"2026-04-07T13:54:48+00:00\" \/>\n<meta property=\"og:image\" content=\"https:\/\/nisantasicosmetic.com\/wp-content\/uploads\/2024\/06\/Konjac-Jel-3.png\" \/>\n\t<meta property=\"og:image:width\" content=\"1000\" \/>\n\t<meta property=\"og:image:height\" content=\"1000\" \/>\n\t<meta property=\"og:image:type\" content=\"image\/png\" \/>\n<meta name=\"twitter:card\" content=\"summary_large_image\" \/>\n<meta name=\"twitter:label1\" content=\"Est. tempo de leitura\" \/>\n\t<meta name=\"twitter:data1\" content=\"3 minutos\" \/>\n<script type=\"application\/ld+json\" class=\"yoast-schema-graph\">{\"@context\":\"https:\/\/schema.org\",\"@graph\":[{\"@type\":\"WebPage\",\"@id\":\"https:\/\/nisantasicosmetic.com\/urun\/konjac-body-gel-2\/\",\"url\":\"https:\/\/nisantasicosmetic.com\/urun\/konjac-body-gel-2\/\",\"name\":\"Konjac Body Gel - Ni\u015fanta\u015f\u0131 Cosmetic\",\"isPartOf\":{\"@id\":\"https:\/\/nisantasicosmetic.com\/#website\"},\"primaryImageOfPage\":{\"@id\":\"https:\/\/nisantasicosmetic.com\/urun\/konjac-body-gel-2\/#primaryimage\"},\"image\":{\"@id\":\"https:\/\/nisantasicosmetic.com\/urun\/konjac-body-gel-2\/#primaryimage\"},\"thumbnailUrl\":\"https:\/\/nisantasicosmetic.com\/wp-content\/uploads\/2024\/06\/Konjac-Jel-3.png\",\"datePublished\":\"2024-06-13T14:34:29+00:00\",\"dateModified\":\"2026-04-07T13:54:48+00:00\",\"description\":\"Explore Konjac Body Gel at Ni\u015fanta\u015f\u0131 Cosmetic \u2013 a refreshing gel for smooth, toned skin. Nourish and rejuvenate your body with every use!\",\"breadcrumb\":{\"@id\":\"https:\/\/nisantasicosmetic.com\/urun\/konjac-body-gel-2\/#breadcrumb\"},\"inLanguage\":\"pt-BR\",\"potentialAction\":[{\"@type\":\"ReadAction\",\"target\":[\"https:\/\/nisantasicosmetic.com\/urun\/konjac-body-gel-2\/\"]}]},{\"@type\":\"ImageObject\",\"inLanguage\":\"pt-BR\",\"@id\":\"https:\/\/nisantasicosmetic.com\/urun\/konjac-body-gel-2\/#primaryimage\",\"url\":\"https:\/\/nisantasicosmetic.com\/wp-content\/uploads\/2024\/06\/Konjac-Jel-3.png\",\"contentUrl\":\"https:\/\/nisantasicosmetic.com\/wp-content\/uploads\/2024\/06\/Konjac-Jel-3.png\",\"width\":1000,\"height\":1000},{\"@type\":\"BreadcrumbList\",\"@id\":\"https:\/\/nisantasicosmetic.com\/urun\/konjac-body-gel-2\/#breadcrumb\",\"itemListElement\":[{\"@type\":\"ListItem\",\"position\":1,\"name\":\"Anasayfa\",\"item\":\"https:\/\/nisantasicosmetic.com\/\"},{\"@type\":\"ListItem\",\"position\":2,\"name\":\"Produtos\",\"item\":\"https:\/\/nisantasicosmetic.com\/pt\/shop\/\"},{\"@type\":\"ListItem\",\"position\":3,\"name\":\"Konjac Body Gel\"}]},{\"@type\":\"WebSite\",\"@id\":\"https:\/\/nisantasicosmetic.com\/#website\",\"url\":\"https:\/\/nisantasicosmetic.com\/\",\"name\":\"Ni\u015fanta\u015f\u0131 Kozmetik\",\"description\":\"\",\"publisher\":{\"@id\":\"https:\/\/nisantasicosmetic.com\/#organization\"},\"potentialAction\":[{\"@type\":\"SearchAction\",\"target\":{\"@type\":\"EntryPoint\",\"urlTemplate\":\"https:\/\/nisantasicosmetic.com\/?s={search_term_string}\"},\"query-input\":{\"@type\":\"PropertyValueSpecification\",\"valueRequired\":true,\"valueName\":\"search_term_string\"}}],\"inLanguage\":\"pt-BR\"},{\"@type\":\"Organization\",\"@id\":\"https:\/\/nisantasicosmetic.com\/#organization\",\"name\":\"Ni\u015fanta\u015f\u0131 Kozmetik\",\"url\":\"https:\/\/nisantasicosmetic.com\/\",\"logo\":{\"@type\":\"ImageObject\",\"inLanguage\":\"pt-BR\",\"@id\":\"https:\/\/nisantasicosmetic.com\/#\/schema\/logo\/image\/\",\"url\":\"https:\/\/nisantasicosmetic.com\/wp-content\/uploads\/2024\/06\/Nisantasi-Cosmetic-Logo.png\",\"contentUrl\":\"https:\/\/nisantasicosmetic.com\/wp-content\/uploads\/2024\/06\/Nisantasi-Cosmetic-Logo.png\",\"width\":1080,\"height\":216,\"caption\":\"Ni\u015fanta\u015f\u0131 Kozmetik\"},\"image\":{\"@id\":\"https:\/\/nisantasicosmetic.com\/#\/schema\/logo\/image\/\"}}]}<\/script>\n<!-- \/ Yoast SEO plugin. -->","yoast_head_json":{"title":"Konjac Body Gel - Ni\u015fanta\u015f\u0131 Cosmetic","description":"Explore Konjac Body Gel at Ni\u015fanta\u015f\u0131 Cosmetic \u2013 a refreshing gel for smooth, toned skin. Nourish and rejuvenate your body with every use!","robots":{"index":"index","follow":"follow","max-snippet":"max-snippet:-1","max-image-preview":"max-image-preview:large","max-video-preview":"max-video-preview:-1"},"canonical":"https:\/\/nisantasicosmetic.com\/pt_br\/urun\/gel-corporal-konjac\/?wmc-currency=EUR","og_locale":"pt_BR","og_type":"article","og_title":"Konjac Body Gel - Ni\u015fanta\u015f\u0131 Cosmetic","og_description":"Explore Konjac Body Gel at Ni\u015fanta\u015f\u0131 Cosmetic \u2013 a refreshing gel for smooth, toned skin. Nourish and rejuvenate your body with every use!","og_url":"https:\/\/nisantasicosmetic.com\/pt_br\/urun\/gel-corporal-konjac\/?wmc-currency=EUR","og_site_name":"Ni\u015fanta\u015f\u0131 Cosmetic","article_modified_time":"2026-04-07T13:54:48+00:00","og_image":[{"width":1000,"height":1000,"url":"https:\/\/nisantasicosmetic.com\/wp-content\/uploads\/2024\/06\/Konjac-Jel-3.png","type":"image\/png"}],"twitter_card":"summary_large_image","twitter_misc":{"Est. tempo de leitura":"3 minutos"},"schema":{"@context":"https:\/\/schema.org","@graph":[{"@type":"WebPage","@id":"https:\/\/nisantasicosmetic.com\/urun\/konjac-body-gel-2\/","url":"https:\/\/nisantasicosmetic.com\/urun\/konjac-body-gel-2\/","name":"Konjac Body Gel - Ni\u015fanta\u015f\u0131 Cosmetic","isPartOf":{"@id":"https:\/\/nisantasicosmetic.com\/#website"},"primaryImageOfPage":{"@id":"https:\/\/nisantasicosmetic.com\/urun\/konjac-body-gel-2\/#primaryimage"},"image":{"@id":"https:\/\/nisantasicosmetic.com\/urun\/konjac-body-gel-2\/#primaryimage"},"thumbnailUrl":"https:\/\/nisantasicosmetic.com\/wp-content\/uploads\/2024\/06\/Konjac-Jel-3.png","datePublished":"2024-06-13T14:34:29+00:00","dateModified":"2026-04-07T13:54:48+00:00","description":"Explore Konjac Body Gel at Ni\u015fanta\u015f\u0131 Cosmetic \u2013 a refreshing gel for smooth, toned skin. Nourish and rejuvenate your body with every use!","breadcrumb":{"@id":"https:\/\/nisantasicosmetic.com\/urun\/konjac-body-gel-2\/#breadcrumb"},"inLanguage":"pt-BR","potentialAction":[{"@type":"ReadAction","target":["https:\/\/nisantasicosmetic.com\/urun\/konjac-body-gel-2\/"]}]},{"@type":"ImageObject","inLanguage":"pt-BR","@id":"https:\/\/nisantasicosmetic.com\/urun\/konjac-body-gel-2\/#primaryimage","url":"https:\/\/nisantasicosmetic.com\/wp-content\/uploads\/2024\/06\/Konjac-Jel-3.png","contentUrl":"https:\/\/nisantasicosmetic.com\/wp-content\/uploads\/2024\/06\/Konjac-Jel-3.png","width":1000,"height":1000},{"@type":"BreadcrumbList","@id":"https:\/\/nisantasicosmetic.com\/urun\/konjac-body-gel-2\/#breadcrumb","itemListElement":[{"@type":"ListItem","position":1,"name":"Anasayfa","item":"https:\/\/nisantasicosmetic.com\/"},{"@type":"ListItem","position":2,"name":"Produtos","item":"https:\/\/nisantasicosmetic.com\/pt\/shop\/"},{"@type":"ListItem","position":3,"name":"Konjac Body Gel"}]},{"@type":"WebSite","@id":"https:\/\/nisantasicosmetic.com\/#website","url":"https:\/\/nisantasicosmetic.com\/","name":"Ni\u015fanta\u015f\u0131 Kozmetik","description":"","publisher":{"@id":"https:\/\/nisantasicosmetic.com\/#organization"},"potentialAction":[{"@type":"SearchAction","target":{"@type":"EntryPoint","urlTemplate":"https:\/\/nisantasicosmetic.com\/?s={search_term_string}"},"query-input":{"@type":"PropertyValueSpecification","valueRequired":true,"valueName":"search_term_string"}}],"inLanguage":"pt-BR"},{"@type":"Organization","@id":"https:\/\/nisantasicosmetic.com\/#organization","name":"Ni\u015fanta\u015f\u0131 Kozmetik","url":"https:\/\/nisantasicosmetic.com\/","logo":{"@type":"ImageObject","inLanguage":"pt-BR","@id":"https:\/\/nisantasicosmetic.com\/#\/schema\/logo\/image\/","url":"https:\/\/nisantasicosmetic.com\/wp-content\/uploads\/2024\/06\/Nisantasi-Cosmetic-Logo.png","contentUrl":"https:\/\/nisantasicosmetic.com\/wp-content\/uploads\/2024\/06\/Nisantasi-Cosmetic-Logo.png","width":1080,"height":216,"caption":"Ni\u015fanta\u015f\u0131 Kozmetik"},"image":{"@id":"https:\/\/nisantasicosmetic.com\/#\/schema\/logo\/image\/"}}]}},"_links":{"self":[{"href":"https:\/\/nisantasicosmetic.com\/pt_br\/wp-json\/wp\/v2\/product\/1393","targetHints":{"allow":["GET"]}}],"collection":[{"href":"https:\/\/nisantasicosmetic.com\/pt_br\/wp-json\/wp\/v2\/product"}],"about":[{"href":"https:\/\/nisantasicosmetic.com\/pt_br\/wp-json\/wp\/v2\/types\/product"}],"replies":[{"embeddable":true,"href":"https:\/\/nisantasicosmetic.com\/pt_br\/wp-json\/wp\/v2\/comments?post=1393"}],"wp:featuredmedia":[{"embeddable":true,"href":"https:\/\/nisantasicosmetic.com\/pt_br\/wp-json\/wp\/v2\/media\/1091"}],"wp:attachment":[{"href":"https:\/\/nisantasicosmetic.com\/pt_br\/wp-json\/wp\/v2\/media?parent=1393"}],"wp:term":[{"taxonomy":"product_brand","embeddable":true,"href":"https:\/\/nisantasicosmetic.com\/pt_br\/wp-json\/wp\/v2\/product_brand?post=1393"},{"taxonomy":"product_cat","embeddable":true,"href":"https:\/\/nisantasicosmetic.com\/pt_br\/wp-json\/wp\/v2\/product_cat?post=1393"},{"taxonomy":"product_tag","embeddable":true,"href":"https:\/\/nisantasicosmetic.com\/pt_br\/wp-json\/wp\/v2\/product_tag?post=1393"}],"curies":[{"name":"wp","href":"https:\/\/api.w.org\/{rel}","templated":true}]}}