{"id":570,"date":"2024-06-05T09:51:53","date_gmt":"2024-06-05T06:51:53","guid":{"rendered":"https:\/\/nisantasi.zarendigital.com\/?page_id=570"},"modified":"2025-01-21T16:09:24","modified_gmt":"2025-01-21T13:09:24","slug":"privacy-and-security-policy","status":"publish","type":"page","link":"https:\/\/nisantasicosmetic.com\/pt\/politica-de-privacidade-e-seguranca\/","title":{"rendered":"Pol\u00edtica de Privacidade e Seguran\u00e7a"},"content":{"rendered":"<div data-elementor-type=\"wp-page\" data-elementor-id=\"570\" class=\"elementor elementor-570\" data-elementor-post-type=\"page\">\n\t\t\t\t\t\t<section class=\"elementor-section elementor-top-section elementor-element elementor-element-20ee0a9 elementor-section-height-min-height elementor-section-content-middle elementor-section-boxed elementor-section-height-default elementor-section-items-middle\" data-id=\"20ee0a9\" data-element_type=\"section\">\n\t\t\t\t\t\t<div class=\"elementor-container elementor-column-gap-default\">\n\t\t\t\t\t<div class=\"elementor-column elementor-col-100 elementor-top-column elementor-element elementor-element-12ba3ea\" data-id=\"12ba3ea\" data-element_type=\"column\">\n\t\t\t<div class=\"elementor-widget-wrap elementor-element-populated\">\n\t\t\t\t\t\t<section class=\"elementor-section elementor-inner-section elementor-element elementor-element-a4b6a46 elementor-section-content-middle elementor-section-boxed elementor-section-height-default elementor-section-height-default\" data-id=\"a4b6a46\" data-element_type=\"section\">\n\t\t\t\t\t\t<div class=\"elementor-container elementor-column-gap-default\">\n\t\t\t\t\t<div class=\"elementor-column elementor-col-100 elementor-inner-column elementor-element elementor-element-182d7f6\" data-id=\"182d7f6\" data-element_type=\"column\">\n\t\t\t<div class=\"elementor-widget-wrap elementor-element-populated\">\n\t\t\t\t\t\t<div class=\"elementor-element elementor-element-77a4a43 elementor-widget elementor-widget-heading\" data-id=\"77a4a43\" data-element_type=\"widget\" data-widget_type=\"heading.default\">\n\t\t\t\t<div class=\"elementor-widget-container\">\n\t\t\t\t\t<h1 class=\"elementor-heading-title elementor-size-default\">Pol\u00edtica de Privacidade e Seguran\u00e7a<\/h1>\t\t\t\t<\/div>\n\t\t\t\t<\/div>\n\t\t\t\t<div class=\"elementor-element elementor-element-66312b8 elementor-widget elementor-widget-woocommerce-breadcrumb\" data-id=\"66312b8\" data-element_type=\"widget\" data-widget_type=\"woocommerce-breadcrumb.default\">\n\t\t\t\t<div class=\"elementor-widget-container\">\n\t\t\t\t\t<nav class=\"woocommerce-breadcrumb\" aria-label=\"Breadcrumb\" data-no-translation=\"\" data-trp-gettext=\"\">In\u00edcio<\/nav>\t\t\t\t<\/div>\n\t\t\t\t<\/div>\n\t\t\t\t\t<\/div>\n\t\t<\/div>\n\t\t\t\t\t<\/div>\n\t\t<\/section>\n\t\t\t\t\t<\/div>\n\t\t<\/div>\n\t\t\t\t\t<\/div>\n\t\t<\/section>\n\t\t\t\t<section class=\"elementor-section elementor-top-section elementor-element elementor-element-582af76 elementor-section-content-middle elementor-section-boxed elementor-section-height-default elementor-section-height-default\" data-id=\"582af76\" data-element_type=\"section\">\n\t\t\t\t\t\t<div class=\"elementor-container elementor-column-gap-default\">\n\t\t\t\t\t<div class=\"elementor-column elementor-col-100 elementor-top-column elementor-element elementor-element-d649a91\" data-id=\"d649a91\" data-element_type=\"column\">\n\t\t\t<div class=\"elementor-widget-wrap elementor-element-populated\">\n\t\t\t\t\t\t<div class=\"elementor-element elementor-element-3c69c8b elementor-widget elementor-widget-spacer\" data-id=\"3c69c8b\" data-element_type=\"widget\" data-widget_type=\"spacer.default\">\n\t\t\t\t<div class=\"elementor-widget-container\">\n\t\t\t\t\t\t\t<div class=\"elementor-spacer\">\n\t\t\t<div class=\"elementor-spacer-inner\"><\/div>\n\t\t<\/div>\n\t\t\t\t\t\t<\/div>\n\t\t\t\t<\/div>\n\t\t\t\t\t<\/div>\n\t\t<\/div>\n\t\t\t\t\t<\/div>\n\t\t<\/section>\n\t\t\t\t<section class=\"elementor-section elementor-top-section elementor-element elementor-element-ed5e0dd elementor-section-content-middle elementor-section-boxed elementor-section-height-default elementor-section-height-default\" data-id=\"ed5e0dd\" data-element_type=\"section\">\n\t\t\t\t\t\t<div class=\"elementor-container elementor-column-gap-default\">\n\t\t\t\t\t<div class=\"elementor-column elementor-col-100 elementor-top-column elementor-element elementor-element-63cbb73\" data-id=\"63cbb73\" data-element_type=\"column\">\n\t\t\t<div class=\"elementor-widget-wrap elementor-element-populated\">\n\t\t\t\t\t\t<section class=\"elementor-section elementor-inner-section elementor-element elementor-element-34fdd35 elementor-section-content-middle elementor-section-boxed elementor-section-height-default elementor-section-height-default\" data-id=\"34fdd35\" data-element_type=\"section\">\n\t\t\t\t\t\t<div class=\"elementor-container elementor-column-gap-default\">\n\t\t\t\t\t<div class=\"elementor-column elementor-col-100 elementor-inner-column elementor-element elementor-element-ad730be\" data-id=\"ad730be\" data-element_type=\"column\">\n\t\t\t<div class=\"elementor-widget-wrap elementor-element-populated\">\n\t\t\t\t\t\t<div class=\"elementor-element elementor-element-09705db elementor-widget elementor-widget-text-editor\" data-id=\"09705db\" data-element_type=\"widget\" data-widget_type=\"text-editor.default\">\n\t\t\t\t<div class=\"elementor-widget-container\">\n\t\t\t\t\t\t\t\t\t<p>Privacidade e seguran\u00e7a . Todos os servi\u00e7os prestados em nossa loja e na ZAREN COSMET\u0130C, registrados no endere\u00e7o Atak\u00f6y 7. \u2013 8. \u2013 9. \u2013 10. Part Istanbul, pertencem e s\u00e3o operados por nossa empresa.<\/p><p>Nossa empresa pode coletar dados pessoais para diversos fins. Abaixo, \u00e9 indicado como e de que forma s\u00e3o recolhidos os dados pessoais recolhidos, e como e de que forma esses dados s\u00e3o protegidos.<\/p><p>Ao preencher v\u00e1rios formul\u00e1rios e pesquisas em nossa Afilia\u00e7\u00e3o ou Loja, algumas informa\u00e7\u00f5es pessoais sobre os membros (como nome e sobrenome, informa\u00e7\u00f5es da empresa, telefone, endere\u00e7o ou endere\u00e7os de e-mail) s\u00e3o coletadas por nossa Loja devido \u00e0 natureza do neg\u00f3cio . Privacidade e seguran\u00e7a .<\/p><p>\u00c0s vezes, nossa empresa pode enviar informa\u00e7\u00f5es de campanha, informa\u00e7\u00f5es sobre novos produtos e ofertas promocionais a seus clientes e membros. Nossos membros podem fazer qualquer escolha sobre receber ou n\u00e3o tais informa\u00e7\u00f5es ao se tornarem membros e, ap\u00f3s fazer login, podem alterar essa escolha na se\u00e7\u00e3o de informa\u00e7\u00f5es da conta ou fazer uma notifica\u00e7\u00e3o atrav\u00e9s do link na mensagem informativa que recebem.<\/p><p>Durante o processo de aprova\u00e7\u00e3o realizado atrav\u00e9s de nossa loja ou por e-mail, as informa\u00e7\u00f5es pessoais transmitidas eletronicamente \u00e0 nossa loja por nossos membros n\u00e3o ser\u00e3o divulgadas a terceiros, exceto para os fins e escopo determinados pelo \u201cContrato de Usu\u00e1rio\u201d que firmamos com nossos Membros.<\/p><p>A nossa empresa regista e utiliza os endere\u00e7os IP dos seus membros para identificar problemas relacionados com o sistema e resolver rapidamente quaisquer problemas ou disputas que possam surgir relativamente ao servi\u00e7o prestado. Os endere\u00e7os IP tamb\u00e9m podem ser usados para identificar usu\u00e1rios de maneira geral e coletar informa\u00e7\u00f5es demogr\u00e1ficas amplas.<\/p><p>Nossa empresa poder\u00e1 utilizar as informa\u00e7\u00f5es solicitadas para fins de marketing direto por si ou por seus colaboradores, al\u00e9m dos prop\u00f3sitos e escopo especificados no Contrato de Ades\u00e3o. Informa\u00e7\u00f5es pessoais tamb\u00e9m poder\u00e3o ser utilizadas para entrar em contato com o usu\u00e1rio quando necess\u00e1rio. Informa\u00e7\u00f5es solicitadas pela nossa empresa ou informa\u00e7\u00f5es fornecidas pelo usu\u00e1rio ou informa\u00e7\u00f5es relativas a transa\u00e7\u00f5es realizadas atrav\u00e9s da nossa Loja; Pode ser utilizado pela nossa empresa e pelos seus colaboradores para diversas avalia\u00e7\u00f5es estat\u00edsticas, cria\u00e7\u00e3o de bases de dados e pesquisas de mercado, sem revelar a identidade dos nossos membros, fora dos fins e \u00e2mbito determinados pelo \u201cContrato de Ades\u00e3o\u201d.<\/p><p>Nossa empresa se esfor\u00e7a para manter as informa\u00e7\u00f5es confidenciais estritamente privadas e confidenciais, para considerar isso como uma obriga\u00e7\u00e3o de confidencialidade e para tomar todas as precau\u00e7\u00f5es necess\u00e1rias e tomar o devido cuidado para garantir e manter a confidencialidade e evitar que toda ou parte das informa\u00e7\u00f5es confidenciais cheguem ao p\u00fablico. dom\u00ednio ou uso n\u00e3o autorizado ou divulga\u00e7\u00e3o a terceiros. promete mostrar. Privacidade e seguran\u00e7a .<\/p><p><b>SEGURAN\u00c7A DO CART\u00c3O DE CR\u00c9DITO<\/b><\/p><p>Nossa empresa prioriza a seguran\u00e7a dos titulares de cart\u00e3o de cr\u00e9dito que compram em nossos sites de compras. As informa\u00e7\u00f5es do seu cart\u00e3o de cr\u00e9dito n\u00e3o s\u00e3o armazenadas de forma alguma em nosso sistema.<\/p><p>Ao entrar no processo de transa\u00e7\u00e3o, h\u00e1 duas coisas que voc\u00ea precisa prestar aten\u00e7\u00e3o para entender que est\u00e1 em um site seguro. Um deles \u00e9 um \u00edcone de chave ou cadeado na linha inferior do seu navegador. Isso mostra que voc\u00ea est\u00e1 em um site seguro e que todas as suas informa\u00e7\u00f5es est\u00e3o criptografadas e protegidas. Esta informa\u00e7\u00e3o \u00e9 utilizada apenas dependendo do processo de transa\u00e7\u00e3o de venda e de acordo com as instru\u00e7\u00f5es que voc\u00ea fornecer. As informa\u00e7\u00f5es sobre o cart\u00e3o de cr\u00e9dito utilizado durante as compras s\u00e3o criptografadas com protocolo SSL (Secure Sockets Layer) de 128 bits, independente de nossos sites de compras, e enviadas ao banco relevante para consulta. Caso a disponibilidade do cart\u00e3o seja aprovada poder\u00e1 ser sustentado para compras. Como nenhuma informa\u00e7\u00e3o sobre o cart\u00e3o pode ser visualizada ou registrada por n\u00f3s, terceiros ficam impedidos de obter essas informa\u00e7\u00f5es em qualquer circunst\u00e2ncia.<\/p><p>A confiabilidade das informa\u00e7\u00f5es de pagamento\/fatura\/endere\u00e7o de entrega de pedidos feitos on-line com cart\u00e3o de cr\u00e9dito \u00e9 auditada pela nossa empresa contra fraude de cart\u00e3o de cr\u00e9dito. Portanto, os clientes que fazem pedidos em nossos sites de compras pela primeira vez devem primeiro confirmar a veracidade de suas informa\u00e7\u00f5es financeiras e de endere\u00e7o\/telefone para que seus pedidos cheguem \u00e0 fase de abastecimento e entrega. Se necess\u00e1rio, o cliente titular do cart\u00e3o de cr\u00e9dito ou o banco relevante \u00e9 contactado para verificar esta informa\u00e7\u00e3o. Privacidade e seguran\u00e7a.<\/p><p>Somente voc\u00ea pode acessar e alterar todas as informa\u00e7\u00f5es fornecidas ao se tornar membro. Se voc\u00ea mantiver suas informa\u00e7\u00f5es de login de membro seguras, n\u00e3o ser\u00e1 poss\u00edvel que outras pessoas acessem ou alterem informa\u00e7\u00f5es sobre voc\u00ea. Para este prop\u00f3sito, a \u00e1rea de seguran\u00e7a SSL de 128 bits \u00e9 usada durante as transa\u00e7\u00f5es de ades\u00e3o. Este sistema \u00e9 um padr\u00e3o internacional de criptografia imposs\u00edvel de ser quebrado.<\/p><p>Os sites de compras pela Internet que possuem uma linha de informa\u00e7\u00f5es ou atendimento ao cliente e onde s\u00e3o indicados o endere\u00e7o completo e as informa\u00e7\u00f5es de telefone s\u00e3o mais preferidos hoje. Desta forma, voc\u00ea poder\u00e1 obter informa\u00e7\u00f5es detalhadas sobre todos os assuntos que lhe v\u00eam \u00e0 mente e obter melhores informa\u00e7\u00f5es sobre a confiabilidade da empresa que presta o servi\u00e7o de compras online.<\/p><p>Obs: Recomendamos que voc\u00ea fique atento ao endere\u00e7o completo e telefone da empresa nos sites de compras pela internet. Se for fazer compras, anote todos os dados de telefone\/endere\u00e7o da loja onde adquiriu o produto antes de efetuar a compra. Confirme por telefone antes de comprar caso n\u00e3o confie. Todas as informa\u00e7\u00f5es sobre a nossa empresa e a sua localiza\u00e7\u00e3o est\u00e3o indicadas em todos os nossos sites de compras online.<\/p><p><b>SEGURAN\u00c7A DE INFORMA\u00c7\u00d5ES DO CART\u00c3O DE CR\u00c9DITO POR CORREIO<\/b><\/p><p>Sua identidade e informa\u00e7\u00f5es de cart\u00e3o de cr\u00e9dito que voc\u00ea nos enviar por meio de pedido postal com cart\u00e3o de cr\u00e9dito ser\u00e3o mantidas por nossa empresa de acordo com o princ\u00edpio de confidencialidade. Essas informa\u00e7\u00f5es s\u00e3o guardadas por 60 dias contra poss\u00edveis obje\u00e7\u00f5es a saques no cart\u00e3o de cr\u00e9dito e depois s\u00e3o destru\u00eddas. Se for deduzido do seu cart\u00e3o qualquer valor que n\u00e3o seja a taxa indicada no formul\u00e1rio de encomenda por correio aprovado por si que nos enviar\u00e1 pelo pre\u00e7o dos produtos que encomendou, poder\u00e1 naturalmente opor-se ao banco e impedir o pagamento deste valor , portanto n\u00e3o representa um risco.<\/p><p><b>SITES E APLICATIVOS DE TERCEIROS<\/b><\/p><p>Nossa loja pode fornecer links para outros sites dentro do site. Nossa empresa n\u00e3o se responsabiliza pelas pr\u00e1ticas de privacidade e conte\u00fado dos sites acessados atrav\u00e9s desses links. Os an\u00fancios publicados no site da nossa empresa s\u00e3o distribu\u00eddos aos nossos usu\u00e1rios atrav\u00e9s dos nossos parceiros comerciais de publicidade. Os Princ\u00edpios da Pol\u00edtica de Privacidade neste acordo aplicam-se apenas ao uso da nossa Loja e n\u00e3o cobrem sites de terceiros.<\/p><p><b>CASOS EXCEPCIONAIS<\/b><\/p><p>Nos casos limitados especificados abaixo, nossa Empresa poder\u00e1 divulgar informa\u00e7\u00f5es do usu\u00e1rio a terceiros fora das disposi\u00e7\u00f5es desta \u201cPol\u00edtica de Privacidade\u201d. Estas situa\u00e7\u00f5es s\u00e3o em n\u00famero limitado;<\/p><p>1. Cumprir as obriga\u00e7\u00f5es impostas pelas normas legais emanadas e em vigor pela autoridade jur\u00eddica competente, tais como Lei, Decreto-Lei, Regulamento, etc.;<\/p><p>2.Para cumprir os requisitos do \u201cAcordo de Ades\u00e3o\u201d e demais acordos celebrados pela nossa loja com os utilizadores e coloc\u00e1-los em pr\u00e1tica; Privacidade e seguran\u00e7a.<\/p><p>3. Solicitar informa\u00e7\u00f5es sobre os usu\u00e1rios para fins de realiza\u00e7\u00e3o de pesquisa ou investiga\u00e7\u00e3o devidamente realizada pela autoridade administrativa e judicial competente;<\/p><p>4. Nos casos em que seja necess\u00e1rio fornecer informa\u00e7\u00f5es para proteger os direitos ou a seguran\u00e7a dos usu\u00e1rios.<\/p><p><b>SEGURAN\u00c7A DE E-MAIL<\/b><\/p><p>Nunca inclua o n\u00famero do seu cart\u00e3o de cr\u00e9dito ou senhas nos e-mails que voc\u00ea envia ao Atendimento ao Cliente da nossa loja sobre qualquer um dos seus pedidos. As informa\u00e7\u00f5es contidas nos e-mails poder\u00e3o ser visualizadas por terceiros. Nossa empresa n\u00e3o pode garantir a seguran\u00e7a das informa\u00e7\u00f5es transferidas de seus e-mails em hip\u00f3tese alguma.<\/p><p><b>COOKIES DO NAVEGADOR<\/b><\/p><p>A nossa empresa pode obter informa\u00e7\u00f5es sobre os utilizadores que visitam a nossa loja e a utiliza\u00e7\u00e3o do site atrav\u00e9s de um ficheiro de comunica\u00e7\u00e3o t\u00e9cnica (Cookie). Os arquivos de comunica\u00e7\u00e3o t\u00e9cnica em quest\u00e3o s\u00e3o pequenos arquivos de texto que um site envia ao navegador do usu\u00e1rio para serem armazenados na mem\u00f3ria principal. O arquivo de comunica\u00e7\u00e3o t\u00e9cnica facilita o uso da Internet armazenando status e prefer\u00eancias sobre o site.<\/p><p>O arquivo de comunica\u00e7\u00e3o t\u00e9cnica ajuda a obter informa\u00e7\u00f5es estat\u00edsticas sobre quantas pessoas visitam o site, com que finalidade, quantas vezes uma pessoa visita o site e quanto tempo permanece no site, e a produzir dinamicamente an\u00fancios e conte\u00fado a partir de p\u00e1ginas de usu\u00e1rio especialmente projetadas para usu\u00e1rios. O arquivo de comunica\u00e7\u00e3o t\u00e9cnica n\u00e3o foi projetado para recuperar dados ou qualquer outra informa\u00e7\u00e3o pessoal da mem\u00f3ria principal ou do seu e-mail. A maioria dos navegadores s\u00e3o inicialmente projetados para aceitar arquivos de comunica\u00e7\u00e3o t\u00e9cnica, mas os usu\u00e1rios podem alterar as configura\u00e7\u00f5es para que o arquivo de comunica\u00e7\u00e3o t\u00e9cnica n\u00e3o seja recebido ou seja dado um aviso quando o arquivo de comunica\u00e7\u00e3o t\u00e9cnica for enviado.<\/p><p>Nossa empresa poder\u00e1 alterar as disposi\u00e7\u00f5es desta \u201cPol\u00edtica de Privacidade\u201d a qualquer momento, publicando-a no site ou enviando e-mail aos usu\u00e1rios ou publicando-a no site. Caso as disposi\u00e7\u00f5es da Pol\u00edtica de Privacidade sejam alteradas, a mesma entrar\u00e1 em vigor na data de publica\u00e7\u00e3o.<\/p><p>Para quaisquer d\u00favidas e sugest\u00f5es sobre a nossa pol\u00edtica de privacidade, voc\u00ea pode enviar um email para info@zarencosmetic.com. Voc\u00ea pode entrar em contato com nossa empresa a partir das informa\u00e7\u00f5es de contato abaixo. Privacidade e seguran\u00e7a .<\/p><p>Nome da Empresa: ZAREN COSM\u00c9TICOS<br \/>Endere\u00e7o: Atak\u00f6y 7. \u2013 8. \u2013 9. \u2013 10. Se\u00e7\u00e3o Istambul<br \/>E-mail: info@zarencosmetic.com<br \/>Tel: 08503800101<\/p>\t\t\t\t\t\t\t\t<\/div>\n\t\t\t\t<\/div>\n\t\t\t\t\t<\/div>\n\t\t<\/div>\n\t\t\t\t\t<\/div>\n\t\t<\/section>\n\t\t\t\t\t<\/div>\n\t\t<\/div>\n\t\t\t\t\t<\/div>\n\t\t<\/section>\n\t\t\t\t<\/div>","protected":false},"excerpt":{"rendered":"<p>Privacy and Security Policy Privacy and Security . All services provided in our store and ZAREN COSMET\u0130C, registered at the address of Atak\u00f6y 7. \u2013 8. \u2013 9. \u2013 10. Part Istanbul, belong to and are operated by our company. Our company may collect personal data for various purposes. Below, it is stated how and [&hellip;]<\/p>","protected":false},"author":1,"featured_media":0,"parent":0,"menu_order":0,"comment_status":"closed","ping_status":"closed","template":"elementor_header_footer","meta":{"footnotes":""},"class_list":["post-570","page","type-page","status-publish","hentry"],"yoast_head":"<!-- This site is optimized with the Yoast SEO plugin v26.2 - https:\/\/yoast.com\/wordpress\/plugins\/seo\/ -->\n<title>Privacy and Security Policy - Ni\u015fanta\u015f\u0131 Cosmetic<\/title>\n<meta name=\"description\" content=\"You can read and follow Ni\u015fanta\u015f\u0131 Cosmetic&#039;s entire Privacy and Security Policy here. All products are under guarantee.\" \/>\n<meta name=\"robots\" content=\"index, follow, max-snippet:-1, max-image-preview:large, max-video-preview:-1\" \/>\n<link rel=\"canonical\" href=\"https:\/\/nisantasicosmetic.com\/pt\/politica-de-privacidade-e-seguranca\/?wmc-currency=EUR\" \/>\n<meta property=\"og:locale\" content=\"pt_PT\" \/>\n<meta property=\"og:type\" content=\"article\" \/>\n<meta property=\"og:title\" content=\"Privacy and Security Policy - Ni\u015fanta\u015f\u0131 Cosmetic\" \/>\n<meta property=\"og:description\" content=\"You can read and follow Ni\u015fanta\u015f\u0131 Cosmetic&#039;s entire Privacy and Security Policy here. All products are under guarantee.\" \/>\n<meta property=\"og:url\" content=\"https:\/\/nisantasicosmetic.com\/pt\/politica-de-privacidade-e-seguranca\/?wmc-currency=EUR\" \/>\n<meta property=\"og:site_name\" content=\"Ni\u015fanta\u015f\u0131 Cosmetic\" \/>\n<meta property=\"article:modified_time\" content=\"2025-01-21T13:09:24+00:00\" \/>\n<meta name=\"twitter:card\" content=\"summary_large_image\" \/>\n<meta name=\"twitter:label1\" content=\"Tempo estimado de leitura\" \/>\n\t<meta name=\"twitter:data1\" content=\"10 minutos\" \/>\n<script type=\"application\/ld+json\" class=\"yoast-schema-graph\">{\"@context\":\"https:\/\/schema.org\",\"@graph\":[{\"@type\":\"WebPage\",\"@id\":\"https:\/\/nisantasicosmetic.com\/privacy-and-security-policy\/\",\"url\":\"https:\/\/nisantasicosmetic.com\/privacy-and-security-policy\/\",\"name\":\"Privacy and Security Policy - Ni\u015fanta\u015f\u0131 Cosmetic\",\"isPartOf\":{\"@id\":\"https:\/\/nisantasicosmetic.com\/#website\"},\"datePublished\":\"2024-06-05T06:51:53+00:00\",\"dateModified\":\"2025-01-21T13:09:24+00:00\",\"description\":\"You can read and follow Ni\u015fanta\u015f\u0131 Cosmetic's entire Privacy and Security Policy here. All products are under guarantee.\",\"breadcrumb\":{\"@id\":\"https:\/\/nisantasicosmetic.com\/privacy-and-security-policy\/#breadcrumb\"},\"inLanguage\":\"pt-PT\",\"potentialAction\":[{\"@type\":\"ReadAction\",\"target\":[\"https:\/\/nisantasicosmetic.com\/privacy-and-security-policy\/\"]}]},{\"@type\":\"BreadcrumbList\",\"@id\":\"https:\/\/nisantasicosmetic.com\/privacy-and-security-policy\/#breadcrumb\",\"itemListElement\":[{\"@type\":\"ListItem\",\"position\":1,\"name\":\"Anasayfa\",\"item\":\"https:\/\/nisantasicosmetic.com\/\"},{\"@type\":\"ListItem\",\"position\":2,\"name\":\"Privacy and Security Policy\"}]},{\"@type\":\"WebSite\",\"@id\":\"https:\/\/nisantasicosmetic.com\/#website\",\"url\":\"https:\/\/nisantasicosmetic.com\/\",\"name\":\"Ni\u015fanta\u015f\u0131 Kozmetik\",\"description\":\"\",\"publisher\":{\"@id\":\"https:\/\/nisantasicosmetic.com\/#organization\"},\"potentialAction\":[{\"@type\":\"SearchAction\",\"target\":{\"@type\":\"EntryPoint\",\"urlTemplate\":\"https:\/\/nisantasicosmetic.com\/?s={search_term_string}\"},\"query-input\":{\"@type\":\"PropertyValueSpecification\",\"valueRequired\":true,\"valueName\":\"search_term_string\"}}],\"inLanguage\":\"pt-PT\"},{\"@type\":\"Organization\",\"@id\":\"https:\/\/nisantasicosmetic.com\/#organization\",\"name\":\"Ni\u015fanta\u015f\u0131 Kozmetik\",\"url\":\"https:\/\/nisantasicosmetic.com\/\",\"logo\":{\"@type\":\"ImageObject\",\"inLanguage\":\"pt-PT\",\"@id\":\"https:\/\/nisantasicosmetic.com\/#\/schema\/logo\/image\/\",\"url\":\"https:\/\/nisantasicosmetic.com\/wp-content\/uploads\/2024\/06\/Nisantasi-Cosmetic-Logo.png\",\"contentUrl\":\"https:\/\/nisantasicosmetic.com\/wp-content\/uploads\/2024\/06\/Nisantasi-Cosmetic-Logo.png\",\"width\":1080,\"height\":216,\"caption\":\"Ni\u015fanta\u015f\u0131 Kozmetik\"},\"image\":{\"@id\":\"https:\/\/nisantasicosmetic.com\/#\/schema\/logo\/image\/\"}}]}<\/script>\n<!-- \/ Yoast SEO plugin. -->","yoast_head_json":{"title":"Privacy and Security Policy - Ni\u015fanta\u015f\u0131 Cosmetic","description":"You can read and follow Ni\u015fanta\u015f\u0131 Cosmetic's entire Privacy and Security Policy here. All products are under guarantee.","robots":{"index":"index","follow":"follow","max-snippet":"max-snippet:-1","max-image-preview":"max-image-preview:large","max-video-preview":"max-video-preview:-1"},"canonical":"https:\/\/nisantasicosmetic.com\/pt\/politica-de-privacidade-e-seguranca\/?wmc-currency=EUR","og_locale":"pt_PT","og_type":"article","og_title":"Privacy and Security Policy - Ni\u015fanta\u015f\u0131 Cosmetic","og_description":"You can read and follow Ni\u015fanta\u015f\u0131 Cosmetic's entire Privacy and Security Policy here. All products are under guarantee.","og_url":"https:\/\/nisantasicosmetic.com\/pt\/politica-de-privacidade-e-seguranca\/?wmc-currency=EUR","og_site_name":"Ni\u015fanta\u015f\u0131 Cosmetic","article_modified_time":"2025-01-21T13:09:24+00:00","twitter_card":"summary_large_image","twitter_misc":{"Tempo estimado de leitura":"10 minutos"},"schema":{"@context":"https:\/\/schema.org","@graph":[{"@type":"WebPage","@id":"https:\/\/nisantasicosmetic.com\/privacy-and-security-policy\/","url":"https:\/\/nisantasicosmetic.com\/privacy-and-security-policy\/","name":"Privacy and Security Policy - Ni\u015fanta\u015f\u0131 Cosmetic","isPartOf":{"@id":"https:\/\/nisantasicosmetic.com\/#website"},"datePublished":"2024-06-05T06:51:53+00:00","dateModified":"2025-01-21T13:09:24+00:00","description":"You can read and follow Ni\u015fanta\u015f\u0131 Cosmetic's entire Privacy and Security Policy here. All products are under guarantee.","breadcrumb":{"@id":"https:\/\/nisantasicosmetic.com\/privacy-and-security-policy\/#breadcrumb"},"inLanguage":"pt-PT","potentialAction":[{"@type":"ReadAction","target":["https:\/\/nisantasicosmetic.com\/privacy-and-security-policy\/"]}]},{"@type":"BreadcrumbList","@id":"https:\/\/nisantasicosmetic.com\/privacy-and-security-policy\/#breadcrumb","itemListElement":[{"@type":"ListItem","position":1,"name":"Anasayfa","item":"https:\/\/nisantasicosmetic.com\/"},{"@type":"ListItem","position":2,"name":"Privacy and Security Policy"}]},{"@type":"WebSite","@id":"https:\/\/nisantasicosmetic.com\/#website","url":"https:\/\/nisantasicosmetic.com\/","name":"Ni\u015fanta\u015f\u0131 Kozmetik","description":"","publisher":{"@id":"https:\/\/nisantasicosmetic.com\/#organization"},"potentialAction":[{"@type":"SearchAction","target":{"@type":"EntryPoint","urlTemplate":"https:\/\/nisantasicosmetic.com\/?s={search_term_string}"},"query-input":{"@type":"PropertyValueSpecification","valueRequired":true,"valueName":"search_term_string"}}],"inLanguage":"pt-PT"},{"@type":"Organization","@id":"https:\/\/nisantasicosmetic.com\/#organization","name":"Ni\u015fanta\u015f\u0131 Kozmetik","url":"https:\/\/nisantasicosmetic.com\/","logo":{"@type":"ImageObject","inLanguage":"pt-PT","@id":"https:\/\/nisantasicosmetic.com\/#\/schema\/logo\/image\/","url":"https:\/\/nisantasicosmetic.com\/wp-content\/uploads\/2024\/06\/Nisantasi-Cosmetic-Logo.png","contentUrl":"https:\/\/nisantasicosmetic.com\/wp-content\/uploads\/2024\/06\/Nisantasi-Cosmetic-Logo.png","width":1080,"height":216,"caption":"Ni\u015fanta\u015f\u0131 Kozmetik"},"image":{"@id":"https:\/\/nisantasicosmetic.com\/#\/schema\/logo\/image\/"}}]}},"_links":{"self":[{"href":"https:\/\/nisantasicosmetic.com\/pt\/wp-json\/wp\/v2\/pages\/570","targetHints":{"allow":["GET"]}}],"collection":[{"href":"https:\/\/nisantasicosmetic.com\/pt\/wp-json\/wp\/v2\/pages"}],"about":[{"href":"https:\/\/nisantasicosmetic.com\/pt\/wp-json\/wp\/v2\/types\/page"}],"author":[{"embeddable":true,"href":"https:\/\/nisantasicosmetic.com\/pt\/wp-json\/wp\/v2\/users\/1"}],"replies":[{"embeddable":true,"href":"https:\/\/nisantasicosmetic.com\/pt\/wp-json\/wp\/v2\/comments?post=570"}],"version-history":[{"count":3,"href":"https:\/\/nisantasicosmetic.com\/pt\/wp-json\/wp\/v2\/pages\/570\/revisions"}],"predecessor-version":[{"id":1632,"href":"https:\/\/nisantasicosmetic.com\/pt\/wp-json\/wp\/v2\/pages\/570\/revisions\/1632"}],"wp:attachment":[{"href":"https:\/\/nisantasicosmetic.com\/pt\/wp-json\/wp\/v2\/media?parent=570"}],"curies":[{"name":"wp","href":"https:\/\/api.w.org\/{rel}","templated":true}]}}