{"id":332,"date":"2024-06-04T10:56:13","date_gmt":"2024-06-04T07:56:13","guid":{"rendered":"http:\/\/nisantasi-kozmetik.test\/?post_type=product&#038;p=332"},"modified":"2026-03-26T17:35:58","modified_gmt":"2026-03-26T14:35:58","slug":"konjac-capsule","status":"publish","type":"product","link":"https:\/\/nisantasicosmetic.com\/it\/urun\/capsula-di-konjac\/","title":{"rendered":"Capsula Konjac"},"content":{"rendered":"<div class=\"col-md-12\">\n<h2>\ud83c\udf3f <strong>Come usare la capsula Konjac?<\/strong><\/h2>\n<p>Puoi assumere la capsula di Konjac con un bicchiere d'acqua durante la giornata. Grazie alla sua forma in capsula, offre facilit\u00e0 d'uso e pu\u00f2 essere facilmente integrata nella tua routine quotidiana.<\/p>\n<h2>\u26a0 <strong>Chi non pu\u00f2 usare la capsula Konjac?<\/strong><\/h2>\n<ul>\n<li>Donne in gravidanza e in allattamento<\/li>\n<li>Persone con problemi cardiaci, renali, pressione alta o zucchero basso nel sangue<\/li>\n<li>Persone sensibili o allergiche alle erbe contenute nel prodotto<\/li>\n<\/ul>\n<p>Se hai qualche condizione di salute o assumi farmaci regolarmente, \u00e8 consigliabile consultare uno specialista prima dell\u2019uso.<\/p>\n<\/div>","protected":false},"excerpt":{"rendered":"<p>Ti aiuta a bruciare i grassi magri. Aiuter\u00e0 ad accelerare la perdita di peso dei corpi che mostrano resistenza alla perdita di peso.<\/p>","protected":false},"featured_media":1161,"comment_status":"open","ping_status":"closed","template":"","meta":[],"product_brand":[],"product_cat":[89],"product_tag":[],"class_list":{"0":"post-332","1":"product","2":"type-product","3":"status-publish","4":"has-post-thumbnail","6":"product_cat-herbal-products-products","8":"first","9":"instock","10":"sale","11":"taxable","12":"shipping-taxable","13":"purchasable","14":"product-type-simple"},"yoast_head":"<!-- This site is optimized with the Yoast SEO plugin v26.2 - https:\/\/yoast.com\/wordpress\/plugins\/seo\/ -->\n<title>Konjac Capsule - Ni\u015fanta\u015f\u0131 Cosmetic<\/title>\n<meta name=\"description\" content=\"Boost your weight management journey with Konjac Capsule from Ni\u015fanta\u015f\u0131 Cosmetic. Natural, effective, and perfect for a healthier lifestyle!\" \/>\n<meta name=\"robots\" content=\"index, follow, max-snippet:-1, max-image-preview:large, max-video-preview:-1\" \/>\n<link rel=\"canonical\" href=\"https:\/\/nisantasicosmetic.com\/it\/urun\/capsula-di-konjac\/?wmc-currency=EUR\" \/>\n<meta property=\"og:locale\" content=\"it_IT\" \/>\n<meta property=\"og:type\" content=\"article\" \/>\n<meta property=\"og:title\" content=\"Konjac Capsule - Ni\u015fanta\u015f\u0131 Cosmetic\" \/>\n<meta property=\"og:description\" content=\"Boost your weight management journey with Konjac Capsule from Ni\u015fanta\u015f\u0131 Cosmetic. Natural, effective, and perfect for a healthier lifestyle!\" \/>\n<meta property=\"og:url\" content=\"https:\/\/nisantasicosmetic.com\/it\/urun\/capsula-di-konjac\/?wmc-currency=EUR\" \/>\n<meta property=\"og:site_name\" content=\"Ni\u015fanta\u015f\u0131 Cosmetic\" \/>\n<meta property=\"article:modified_time\" content=\"2026-03-26T14:35:58+00:00\" \/>\n<meta property=\"og:image\" content=\"https:\/\/nisantasicosmetic.com\/wp-content\/uploads\/2024\/06\/Konjac-Capsule55-1.png\" \/>\n\t<meta property=\"og:image:width\" content=\"1000\" \/>\n\t<meta property=\"og:image:height\" content=\"1000\" \/>\n\t<meta property=\"og:image:type\" content=\"image\/png\" \/>\n<meta name=\"twitter:card\" content=\"summary_large_image\" \/>\n<meta name=\"twitter:label1\" content=\"Tempo di lettura stimato\" \/>\n\t<meta name=\"twitter:data1\" content=\"1 minuto\" \/>\n<script type=\"application\/ld+json\" class=\"yoast-schema-graph\">{\"@context\":\"https:\/\/schema.org\",\"@graph\":[{\"@type\":\"WebPage\",\"@id\":\"https:\/\/nisantasicosmetic.com\/urun\/konjac-capsule\/\",\"url\":\"https:\/\/nisantasicosmetic.com\/urun\/konjac-capsule\/\",\"name\":\"Konjac Capsule - Ni\u015fanta\u015f\u0131 Cosmetic\",\"isPartOf\":{\"@id\":\"https:\/\/nisantasicosmetic.com\/#website\"},\"primaryImageOfPage\":{\"@id\":\"https:\/\/nisantasicosmetic.com\/urun\/konjac-capsule\/#primaryimage\"},\"image\":{\"@id\":\"https:\/\/nisantasicosmetic.com\/urun\/konjac-capsule\/#primaryimage\"},\"thumbnailUrl\":\"https:\/\/nisantasicosmetic.com\/wp-content\/uploads\/2024\/06\/Konjac-Capsule55-1.png\",\"datePublished\":\"2024-06-04T07:56:13+00:00\",\"dateModified\":\"2026-03-26T14:35:58+00:00\",\"description\":\"Boost your weight management journey with Konjac Capsule from Ni\u015fanta\u015f\u0131 Cosmetic. Natural, effective, and perfect for a healthier lifestyle!\",\"breadcrumb\":{\"@id\":\"https:\/\/nisantasicosmetic.com\/urun\/konjac-capsule\/#breadcrumb\"},\"inLanguage\":\"it-IT\",\"potentialAction\":[{\"@type\":\"ReadAction\",\"target\":[\"https:\/\/nisantasicosmetic.com\/urun\/konjac-capsule\/\"]}]},{\"@type\":\"ImageObject\",\"inLanguage\":\"it-IT\",\"@id\":\"https:\/\/nisantasicosmetic.com\/urun\/konjac-capsule\/#primaryimage\",\"url\":\"https:\/\/nisantasicosmetic.com\/wp-content\/uploads\/2024\/06\/Konjac-Capsule55-1.png\",\"contentUrl\":\"https:\/\/nisantasicosmetic.com\/wp-content\/uploads\/2024\/06\/Konjac-Capsule55-1.png\",\"width\":1000,\"height\":1000},{\"@type\":\"BreadcrumbList\",\"@id\":\"https:\/\/nisantasicosmetic.com\/urun\/konjac-capsule\/#breadcrumb\",\"itemListElement\":[{\"@type\":\"ListItem\",\"position\":1,\"name\":\"Anasayfa\",\"item\":\"https:\/\/nisantasicosmetic.com\/\"},{\"@type\":\"ListItem\",\"position\":2,\"name\":\"Produtos\",\"item\":\"https:\/\/nisantasicosmetic.com\/pt\/shop\/\"},{\"@type\":\"ListItem\",\"position\":3,\"name\":\"Konjac Capsule\"}]},{\"@type\":\"WebSite\",\"@id\":\"https:\/\/nisantasicosmetic.com\/#website\",\"url\":\"https:\/\/nisantasicosmetic.com\/\",\"name\":\"Ni\u015fanta\u015f\u0131 Kozmetik\",\"description\":\"\",\"publisher\":{\"@id\":\"https:\/\/nisantasicosmetic.com\/#organization\"},\"potentialAction\":[{\"@type\":\"SearchAction\",\"target\":{\"@type\":\"EntryPoint\",\"urlTemplate\":\"https:\/\/nisantasicosmetic.com\/?s={search_term_string}\"},\"query-input\":{\"@type\":\"PropertyValueSpecification\",\"valueRequired\":true,\"valueName\":\"search_term_string\"}}],\"inLanguage\":\"it-IT\"},{\"@type\":\"Organization\",\"@id\":\"https:\/\/nisantasicosmetic.com\/#organization\",\"name\":\"Ni\u015fanta\u015f\u0131 Kozmetik\",\"url\":\"https:\/\/nisantasicosmetic.com\/\",\"logo\":{\"@type\":\"ImageObject\",\"inLanguage\":\"it-IT\",\"@id\":\"https:\/\/nisantasicosmetic.com\/#\/schema\/logo\/image\/\",\"url\":\"https:\/\/nisantasicosmetic.com\/wp-content\/uploads\/2024\/06\/Nisantasi-Cosmetic-Logo.png\",\"contentUrl\":\"https:\/\/nisantasicosmetic.com\/wp-content\/uploads\/2024\/06\/Nisantasi-Cosmetic-Logo.png\",\"width\":1080,\"height\":216,\"caption\":\"Ni\u015fanta\u015f\u0131 Kozmetik\"},\"image\":{\"@id\":\"https:\/\/nisantasicosmetic.com\/#\/schema\/logo\/image\/\"}}]}<\/script>\n<!-- \/ Yoast SEO plugin. -->","yoast_head_json":{"title":"Konjac Capsule - Ni\u015fanta\u015f\u0131 Cosmetic","description":"Boost your weight management journey with Konjac Capsule from Ni\u015fanta\u015f\u0131 Cosmetic. Natural, effective, and perfect for a healthier lifestyle!","robots":{"index":"index","follow":"follow","max-snippet":"max-snippet:-1","max-image-preview":"max-image-preview:large","max-video-preview":"max-video-preview:-1"},"canonical":"https:\/\/nisantasicosmetic.com\/it\/urun\/capsula-di-konjac\/?wmc-currency=EUR","og_locale":"it_IT","og_type":"article","og_title":"Konjac Capsule - Ni\u015fanta\u015f\u0131 Cosmetic","og_description":"Boost your weight management journey with Konjac Capsule from Ni\u015fanta\u015f\u0131 Cosmetic. Natural, effective, and perfect for a healthier lifestyle!","og_url":"https:\/\/nisantasicosmetic.com\/it\/urun\/capsula-di-konjac\/?wmc-currency=EUR","og_site_name":"Ni\u015fanta\u015f\u0131 Cosmetic","article_modified_time":"2026-03-26T14:35:58+00:00","og_image":[{"width":1000,"height":1000,"url":"https:\/\/nisantasicosmetic.com\/wp-content\/uploads\/2024\/06\/Konjac-Capsule55-1.png","type":"image\/png"}],"twitter_card":"summary_large_image","twitter_misc":{"Tempo di lettura stimato":"1 minuto"},"schema":{"@context":"https:\/\/schema.org","@graph":[{"@type":"WebPage","@id":"https:\/\/nisantasicosmetic.com\/urun\/konjac-capsule\/","url":"https:\/\/nisantasicosmetic.com\/urun\/konjac-capsule\/","name":"Konjac Capsule - Ni\u015fanta\u015f\u0131 Cosmetic","isPartOf":{"@id":"https:\/\/nisantasicosmetic.com\/#website"},"primaryImageOfPage":{"@id":"https:\/\/nisantasicosmetic.com\/urun\/konjac-capsule\/#primaryimage"},"image":{"@id":"https:\/\/nisantasicosmetic.com\/urun\/konjac-capsule\/#primaryimage"},"thumbnailUrl":"https:\/\/nisantasicosmetic.com\/wp-content\/uploads\/2024\/06\/Konjac-Capsule55-1.png","datePublished":"2024-06-04T07:56:13+00:00","dateModified":"2026-03-26T14:35:58+00:00","description":"Boost your weight management journey with Konjac Capsule from Ni\u015fanta\u015f\u0131 Cosmetic. Natural, effective, and perfect for a healthier lifestyle!","breadcrumb":{"@id":"https:\/\/nisantasicosmetic.com\/urun\/konjac-capsule\/#breadcrumb"},"inLanguage":"it-IT","potentialAction":[{"@type":"ReadAction","target":["https:\/\/nisantasicosmetic.com\/urun\/konjac-capsule\/"]}]},{"@type":"ImageObject","inLanguage":"it-IT","@id":"https:\/\/nisantasicosmetic.com\/urun\/konjac-capsule\/#primaryimage","url":"https:\/\/nisantasicosmetic.com\/wp-content\/uploads\/2024\/06\/Konjac-Capsule55-1.png","contentUrl":"https:\/\/nisantasicosmetic.com\/wp-content\/uploads\/2024\/06\/Konjac-Capsule55-1.png","width":1000,"height":1000},{"@type":"BreadcrumbList","@id":"https:\/\/nisantasicosmetic.com\/urun\/konjac-capsule\/#breadcrumb","itemListElement":[{"@type":"ListItem","position":1,"name":"Anasayfa","item":"https:\/\/nisantasicosmetic.com\/"},{"@type":"ListItem","position":2,"name":"Produtos","item":"https:\/\/nisantasicosmetic.com\/pt\/shop\/"},{"@type":"ListItem","position":3,"name":"Konjac Capsule"}]},{"@type":"WebSite","@id":"https:\/\/nisantasicosmetic.com\/#website","url":"https:\/\/nisantasicosmetic.com\/","name":"Ni\u015fanta\u015f\u0131 Kozmetik","description":"","publisher":{"@id":"https:\/\/nisantasicosmetic.com\/#organization"},"potentialAction":[{"@type":"SearchAction","target":{"@type":"EntryPoint","urlTemplate":"https:\/\/nisantasicosmetic.com\/?s={search_term_string}"},"query-input":{"@type":"PropertyValueSpecification","valueRequired":true,"valueName":"search_term_string"}}],"inLanguage":"it-IT"},{"@type":"Organization","@id":"https:\/\/nisantasicosmetic.com\/#organization","name":"Ni\u015fanta\u015f\u0131 Kozmetik","url":"https:\/\/nisantasicosmetic.com\/","logo":{"@type":"ImageObject","inLanguage":"it-IT","@id":"https:\/\/nisantasicosmetic.com\/#\/schema\/logo\/image\/","url":"https:\/\/nisantasicosmetic.com\/wp-content\/uploads\/2024\/06\/Nisantasi-Cosmetic-Logo.png","contentUrl":"https:\/\/nisantasicosmetic.com\/wp-content\/uploads\/2024\/06\/Nisantasi-Cosmetic-Logo.png","width":1080,"height":216,"caption":"Ni\u015fanta\u015f\u0131 Kozmetik"},"image":{"@id":"https:\/\/nisantasicosmetic.com\/#\/schema\/logo\/image\/"}}]}},"_links":{"self":[{"href":"https:\/\/nisantasicosmetic.com\/it\/wp-json\/wp\/v2\/product\/332","targetHints":{"allow":["GET"]}}],"collection":[{"href":"https:\/\/nisantasicosmetic.com\/it\/wp-json\/wp\/v2\/product"}],"about":[{"href":"https:\/\/nisantasicosmetic.com\/it\/wp-json\/wp\/v2\/types\/product"}],"replies":[{"embeddable":true,"href":"https:\/\/nisantasicosmetic.com\/it\/wp-json\/wp\/v2\/comments?post=332"}],"wp:featuredmedia":[{"embeddable":true,"href":"https:\/\/nisantasicosmetic.com\/it\/wp-json\/wp\/v2\/media\/1161"}],"wp:attachment":[{"href":"https:\/\/nisantasicosmetic.com\/it\/wp-json\/wp\/v2\/media?parent=332"}],"wp:term":[{"taxonomy":"product_brand","embeddable":true,"href":"https:\/\/nisantasicosmetic.com\/it\/wp-json\/wp\/v2\/product_brand?post=332"},{"taxonomy":"product_cat","embeddable":true,"href":"https:\/\/nisantasicosmetic.com\/it\/wp-json\/wp\/v2\/product_cat?post=332"},{"taxonomy":"product_tag","embeddable":true,"href":"https:\/\/nisantasicosmetic.com\/it\/wp-json\/wp\/v2\/product_tag?post=332"}],"curies":[{"name":"wp","href":"https:\/\/api.w.org\/{rel}","templated":true}]}}