{"id":64,"date":"2024-06-03T17:04:10","date_gmt":"2024-06-03T14:04:10","guid":{"rendered":"http:\/\/nisantasi-kozmetik.test\/?page_id=64"},"modified":"2026-03-25T16:24:45","modified_gmt":"2026-03-25T13:24:45","slug":"about-us","status":"publish","type":"page","link":"https:\/\/nisantasicosmetic.com\/it\/chi-siamo\/","title":{"rendered":"Chi siamo"},"content":{"rendered":"<div data-elementor-type=\"wp-page\" data-elementor-id=\"64\" class=\"elementor elementor-64\" data-elementor-post-type=\"page\">\n\t\t\t\t\t\t<section class=\"elementor-section elementor-top-section elementor-element elementor-element-6f55a29 elementor-section-height-min-height elementor-section-content-middle elementor-section-boxed elementor-section-height-default elementor-section-items-middle\" data-id=\"6f55a29\" data-element_type=\"section\">\n\t\t\t\t\t\t<div class=\"elementor-container elementor-column-gap-default\">\n\t\t\t\t\t<div class=\"elementor-column elementor-col-100 elementor-top-column elementor-element elementor-element-adf0021\" data-id=\"adf0021\" data-element_type=\"column\">\n\t\t\t<div class=\"elementor-widget-wrap elementor-element-populated\">\n\t\t\t\t\t\t<section class=\"elementor-section elementor-inner-section elementor-element elementor-element-2601934 elementor-section-content-middle elementor-section-boxed elementor-section-height-default elementor-section-height-default\" data-id=\"2601934\" data-element_type=\"section\">\n\t\t\t\t\t\t<div class=\"elementor-container elementor-column-gap-default\">\n\t\t\t\t\t<div class=\"elementor-column elementor-col-100 elementor-inner-column elementor-element elementor-element-eddc5ff\" data-id=\"eddc5ff\" data-element_type=\"column\">\n\t\t\t<div class=\"elementor-widget-wrap elementor-element-populated\">\n\t\t\t\t\t\t<div class=\"elementor-element elementor-element-178da9b elementor-widget elementor-widget-heading\" data-id=\"178da9b\" data-element_type=\"widget\" data-widget_type=\"heading.default\">\n\t\t\t\t<div class=\"elementor-widget-container\">\n\t\t\t\t\t<h2 class=\"elementor-heading-title elementor-size-default\">Chi siamo<\/h2>\t\t\t\t<\/div>\n\t\t\t\t<\/div>\n\t\t\t\t<div class=\"elementor-element elementor-element-7415991 elementor-widget elementor-widget-woocommerce-breadcrumb\" data-id=\"7415991\" data-element_type=\"widget\" data-widget_type=\"woocommerce-breadcrumb.default\">\n\t\t\t\t<div class=\"elementor-widget-container\">\n\t\t\t\t\t<nav class=\"woocommerce-breadcrumb\" aria-label=\"Breadcrumb\" data-no-translation=\"\" data-trp-gettext=\"\">Casa<\/nav>\t\t\t\t<\/div>\n\t\t\t\t<\/div>\n\t\t\t\t\t<\/div>\n\t\t<\/div>\n\t\t\t\t\t<\/div>\n\t\t<\/section>\n\t\t\t\t\t<\/div>\n\t\t<\/div>\n\t\t\t\t\t<\/div>\n\t\t<\/section>\n\t\t\t\t<section class=\"elementor-section elementor-top-section elementor-element elementor-element-582af76 elementor-section-content-middle elementor-section-boxed elementor-section-height-default elementor-section-height-default\" data-id=\"582af76\" data-element_type=\"section\">\n\t\t\t\t\t\t<div class=\"elementor-container elementor-column-gap-default\">\n\t\t\t\t\t<div class=\"elementor-column elementor-col-100 elementor-top-column elementor-element elementor-element-d649a91\" data-id=\"d649a91\" data-element_type=\"column\">\n\t\t\t<div class=\"elementor-widget-wrap elementor-element-populated\">\n\t\t\t\t\t\t<div class=\"elementor-element elementor-element-3c69c8b elementor-widget elementor-widget-spacer\" data-id=\"3c69c8b\" data-element_type=\"widget\" data-widget_type=\"spacer.default\">\n\t\t\t\t<div class=\"elementor-widget-container\">\n\t\t\t\t\t\t\t<div class=\"elementor-spacer\">\n\t\t\t<div class=\"elementor-spacer-inner\"><\/div>\n\t\t<\/div>\n\t\t\t\t\t\t<\/div>\n\t\t\t\t<\/div>\n\t\t\t\t\t<\/div>\n\t\t<\/div>\n\t\t\t\t\t<\/div>\n\t\t<\/section>\n\t\t\t\t<section class=\"elementor-section elementor-top-section elementor-element elementor-element-ed5e0dd elementor-section-content-middle elementor-section-boxed elementor-section-height-default elementor-section-height-default\" data-id=\"ed5e0dd\" data-element_type=\"section\">\n\t\t\t\t\t\t<div class=\"elementor-container elementor-column-gap-default\">\n\t\t\t\t\t<div class=\"elementor-column elementor-col-100 elementor-top-column elementor-element elementor-element-63cbb73\" data-id=\"63cbb73\" data-element_type=\"column\">\n\t\t\t<div class=\"elementor-widget-wrap elementor-element-populated\">\n\t\t\t\t\t\t<section class=\"elementor-section elementor-inner-section elementor-element elementor-element-34fdd35 elementor-section-content-middle elementor-section-boxed elementor-section-height-default elementor-section-height-default\" data-id=\"34fdd35\" data-element_type=\"section\">\n\t\t\t\t\t\t<div class=\"elementor-container elementor-column-gap-default\">\n\t\t\t\t\t<div class=\"elementor-column elementor-col-100 elementor-inner-column elementor-element elementor-element-ad730be\" data-id=\"ad730be\" data-element_type=\"column\">\n\t\t\t<div class=\"elementor-widget-wrap elementor-element-populated\">\n\t\t\t\t\t\t<div class=\"elementor-element elementor-element-09705db elementor-widget elementor-widget-text-editor\" data-id=\"09705db\" data-element_type=\"widget\" data-widget_type=\"text-editor.default\">\n\t\t\t\t<div class=\"elementor-widget-container\">\n\t\t\t\t\t\t\t\t\t<p data-start=\"66\" data-end=\"361\">Ni\u015fanta\u015f\u0131 Cosmetic \u00e8 una piattaforma di vendita online che offre un'ampia gamma di prodotti per la cura personale e cosmetica. Il nostro obiettivo \u00e8 fornire agli utenti opzioni che rispondano a diverse esigenze, da formule ispirate a ingredienti naturali a prodotti sviluppati con tecniche di produzione moderne.<\/p><p data-start=\"363\" data-end=\"658\">Nel riunire prodotti che rendono le routine quotidiane di cura pi\u00f9 piacevoli e pratiche, diamo priorit\u00e0 alla qualit\u00e0, all'affidabilit\u00e0 e all'esperienza dell'utente. Con i prodotti che offriamo nelle categorie skincare, cura personale e lifestyle, miriamo a offrire ai nostri clienti un'esperienza di acquisto ricca.<\/p><p data-start=\"660\" data-end=\"946\">Da Ni\u015fanta\u015f\u0131 Cosmetic consideriamo la soddisfazione del cliente la nostra massima priorit\u00e0. Pertanto, selezioniamo attentamente i nostri prodotti e ci assicuriamo che i marchi con cui collaboriamo rispettino gli standard di qualit\u00e0 e sicurezza. Prestiamo grande attenzione al feedback degli utenti per migliorare continuamente i nostri servizi.<\/p><p data-start=\"948\" data-end=\"1139\">Con il nostro impegno per una comunicazione trasparente, forniamo informazioni chiare e comprensibili sui nostri prodotti e ci impegniamo a garantire un'esperienza affidabile in ogni fase del processo di acquisto.<\/p><p>\n\n\n\n<\/p><p data-start=\"1141\" data-end=\"1264\" data-is-last-node=\"\" data-is-only-node=\"\">Come famiglia Ni\u015fanta\u015f\u0131 Cosmetic , siamo felici di offrirvi prodotti che accompagnano le vostre routine quotidiane di cura e stile di vita.<\/p>\n<p>Vi auguriamo giorni sani e belli!<\/p>\n<p>Il team di cosmetici Nisantasi<\/p>\t\t\t\t\t\t\t\t<\/div>\n\t\t\t\t<\/div>\n\t\t\t\t\t<\/div>\n\t\t<\/div>\n\t\t\t\t\t<\/div>\n\t\t<\/section>\n\t\t\t\t\t<\/div>\n\t\t<\/div>\n\t\t\t\t\t<\/div>\n\t\t<\/section>\n\t\t\t\t<\/div>","protected":false},"excerpt":{"rendered":"<p>About Us Ni\u015fanta\u015f\u0131 Cosmetic is an online retail platform offering a wide range of products in the personal care and cosmetic sector. Our goal is to bring together options that cater to different needs, from formulas inspired by natural ingredients to products developed with modern production techniques. While bringing together products that make daily care [&hellip;]<\/p>","protected":false},"author":1,"featured_media":0,"parent":0,"menu_order":0,"comment_status":"closed","ping_status":"closed","template":"elementor_header_footer","meta":{"footnotes":""},"class_list":["post-64","page","type-page","status-publish","hentry"],"yoast_head":"<!-- This site is optimized with the Yoast SEO plugin v26.2 - https:\/\/yoast.com\/wordpress\/plugins\/seo\/ -->\n<title>About Us - Ni\u015fanta\u015f\u0131 Cosmetic<\/title>\n<meta name=\"description\" content=\"Learn more about Ni\u015fanta\u015f\u0131 Cosmetic, a leading provider of advanced cosmetic treatments and personalized care for enhanced beauty and wellness.\" \/>\n<meta name=\"robots\" content=\"index, follow, max-snippet:-1, max-image-preview:large, max-video-preview:-1\" \/>\n<link rel=\"canonical\" href=\"https:\/\/nisantasicosmetic.com\/it\/chi-siamo\/?wmc-currency=EUR\" \/>\n<meta property=\"og:locale\" content=\"it_IT\" \/>\n<meta property=\"og:type\" content=\"article\" \/>\n<meta property=\"og:title\" content=\"About Us - Ni\u015fanta\u015f\u0131 Cosmetic\" \/>\n<meta property=\"og:description\" content=\"Learn more about Ni\u015fanta\u015f\u0131 Cosmetic, a leading provider of advanced cosmetic treatments and personalized care for enhanced beauty and wellness.\" \/>\n<meta property=\"og:url\" content=\"https:\/\/nisantasicosmetic.com\/it\/chi-siamo\/?wmc-currency=EUR\" \/>\n<meta property=\"og:site_name\" content=\"Ni\u015fanta\u015f\u0131 Cosmetic\" \/>\n<meta property=\"article:modified_time\" content=\"2026-03-25T13:24:45+00:00\" \/>\n<meta name=\"twitter:card\" content=\"summary_large_image\" \/>\n<meta name=\"twitter:label1\" content=\"Tempo di lettura stimato\" \/>\n\t<meta name=\"twitter:data1\" content=\"2 minuti\" \/>\n<script type=\"application\/ld+json\" class=\"yoast-schema-graph\">{\"@context\":\"https:\/\/schema.org\",\"@graph\":[{\"@type\":\"WebPage\",\"@id\":\"https:\/\/nisantasicosmetic.com\/about-us\/\",\"url\":\"https:\/\/nisantasicosmetic.com\/about-us\/\",\"name\":\"About Us - Ni\u015fanta\u015f\u0131 Cosmetic\",\"isPartOf\":{\"@id\":\"https:\/\/nisantasicosmetic.com\/#website\"},\"datePublished\":\"2024-06-03T14:04:10+00:00\",\"dateModified\":\"2026-03-25T13:24:45+00:00\",\"description\":\"Learn more about Ni\u015fanta\u015f\u0131 Cosmetic, a leading provider of advanced cosmetic treatments and personalized care for enhanced beauty and wellness.\",\"breadcrumb\":{\"@id\":\"https:\/\/nisantasicosmetic.com\/about-us\/#breadcrumb\"},\"inLanguage\":\"it-IT\",\"potentialAction\":[{\"@type\":\"ReadAction\",\"target\":[\"https:\/\/nisantasicosmetic.com\/about-us\/\"]}]},{\"@type\":\"BreadcrumbList\",\"@id\":\"https:\/\/nisantasicosmetic.com\/about-us\/#breadcrumb\",\"itemListElement\":[{\"@type\":\"ListItem\",\"position\":1,\"name\":\"Anasayfa\",\"item\":\"https:\/\/nisantasicosmetic.com\/\"},{\"@type\":\"ListItem\",\"position\":2,\"name\":\"About Us\"}]},{\"@type\":\"WebSite\",\"@id\":\"https:\/\/nisantasicosmetic.com\/#website\",\"url\":\"https:\/\/nisantasicosmetic.com\/\",\"name\":\"Ni\u015fanta\u015f\u0131 Kozmetik\",\"description\":\"\",\"publisher\":{\"@id\":\"https:\/\/nisantasicosmetic.com\/#organization\"},\"potentialAction\":[{\"@type\":\"SearchAction\",\"target\":{\"@type\":\"EntryPoint\",\"urlTemplate\":\"https:\/\/nisantasicosmetic.com\/?s={search_term_string}\"},\"query-input\":{\"@type\":\"PropertyValueSpecification\",\"valueRequired\":true,\"valueName\":\"search_term_string\"}}],\"inLanguage\":\"it-IT\"},{\"@type\":\"Organization\",\"@id\":\"https:\/\/nisantasicosmetic.com\/#organization\",\"name\":\"Ni\u015fanta\u015f\u0131 Kozmetik\",\"url\":\"https:\/\/nisantasicosmetic.com\/\",\"logo\":{\"@type\":\"ImageObject\",\"inLanguage\":\"it-IT\",\"@id\":\"https:\/\/nisantasicosmetic.com\/#\/schema\/logo\/image\/\",\"url\":\"https:\/\/nisantasicosmetic.com\/wp-content\/uploads\/2024\/06\/Nisantasi-Cosmetic-Logo.png\",\"contentUrl\":\"https:\/\/nisantasicosmetic.com\/wp-content\/uploads\/2024\/06\/Nisantasi-Cosmetic-Logo.png\",\"width\":1080,\"height\":216,\"caption\":\"Ni\u015fanta\u015f\u0131 Kozmetik\"},\"image\":{\"@id\":\"https:\/\/nisantasicosmetic.com\/#\/schema\/logo\/image\/\"}}]}<\/script>\n<!-- \/ Yoast SEO plugin. -->","yoast_head_json":{"title":"About Us - Ni\u015fanta\u015f\u0131 Cosmetic","description":"Learn more about Ni\u015fanta\u015f\u0131 Cosmetic, a leading provider of advanced cosmetic treatments and personalized care for enhanced beauty and wellness.","robots":{"index":"index","follow":"follow","max-snippet":"max-snippet:-1","max-image-preview":"max-image-preview:large","max-video-preview":"max-video-preview:-1"},"canonical":"https:\/\/nisantasicosmetic.com\/it\/chi-siamo\/?wmc-currency=EUR","og_locale":"it_IT","og_type":"article","og_title":"About Us - Ni\u015fanta\u015f\u0131 Cosmetic","og_description":"Learn more about Ni\u015fanta\u015f\u0131 Cosmetic, a leading provider of advanced cosmetic treatments and personalized care for enhanced beauty and wellness.","og_url":"https:\/\/nisantasicosmetic.com\/it\/chi-siamo\/?wmc-currency=EUR","og_site_name":"Ni\u015fanta\u015f\u0131 Cosmetic","article_modified_time":"2026-03-25T13:24:45+00:00","twitter_card":"summary_large_image","twitter_misc":{"Tempo di lettura stimato":"2 minuti"},"schema":{"@context":"https:\/\/schema.org","@graph":[{"@type":"WebPage","@id":"https:\/\/nisantasicosmetic.com\/about-us\/","url":"https:\/\/nisantasicosmetic.com\/about-us\/","name":"About Us - Ni\u015fanta\u015f\u0131 Cosmetic","isPartOf":{"@id":"https:\/\/nisantasicosmetic.com\/#website"},"datePublished":"2024-06-03T14:04:10+00:00","dateModified":"2026-03-25T13:24:45+00:00","description":"Learn more about Ni\u015fanta\u015f\u0131 Cosmetic, a leading provider of advanced cosmetic treatments and personalized care for enhanced beauty and wellness.","breadcrumb":{"@id":"https:\/\/nisantasicosmetic.com\/about-us\/#breadcrumb"},"inLanguage":"it-IT","potentialAction":[{"@type":"ReadAction","target":["https:\/\/nisantasicosmetic.com\/about-us\/"]}]},{"@type":"BreadcrumbList","@id":"https:\/\/nisantasicosmetic.com\/about-us\/#breadcrumb","itemListElement":[{"@type":"ListItem","position":1,"name":"Anasayfa","item":"https:\/\/nisantasicosmetic.com\/"},{"@type":"ListItem","position":2,"name":"About Us"}]},{"@type":"WebSite","@id":"https:\/\/nisantasicosmetic.com\/#website","url":"https:\/\/nisantasicosmetic.com\/","name":"Ni\u015fanta\u015f\u0131 Kozmetik","description":"","publisher":{"@id":"https:\/\/nisantasicosmetic.com\/#organization"},"potentialAction":[{"@type":"SearchAction","target":{"@type":"EntryPoint","urlTemplate":"https:\/\/nisantasicosmetic.com\/?s={search_term_string}"},"query-input":{"@type":"PropertyValueSpecification","valueRequired":true,"valueName":"search_term_string"}}],"inLanguage":"it-IT"},{"@type":"Organization","@id":"https:\/\/nisantasicosmetic.com\/#organization","name":"Ni\u015fanta\u015f\u0131 Kozmetik","url":"https:\/\/nisantasicosmetic.com\/","logo":{"@type":"ImageObject","inLanguage":"it-IT","@id":"https:\/\/nisantasicosmetic.com\/#\/schema\/logo\/image\/","url":"https:\/\/nisantasicosmetic.com\/wp-content\/uploads\/2024\/06\/Nisantasi-Cosmetic-Logo.png","contentUrl":"https:\/\/nisantasicosmetic.com\/wp-content\/uploads\/2024\/06\/Nisantasi-Cosmetic-Logo.png","width":1080,"height":216,"caption":"Ni\u015fanta\u015f\u0131 Kozmetik"},"image":{"@id":"https:\/\/nisantasicosmetic.com\/#\/schema\/logo\/image\/"}}]}},"_links":{"self":[{"href":"https:\/\/nisantasicosmetic.com\/it\/wp-json\/wp\/v2\/pages\/64","targetHints":{"allow":["GET"]}}],"collection":[{"href":"https:\/\/nisantasicosmetic.com\/it\/wp-json\/wp\/v2\/pages"}],"about":[{"href":"https:\/\/nisantasicosmetic.com\/it\/wp-json\/wp\/v2\/types\/page"}],"author":[{"embeddable":true,"href":"https:\/\/nisantasicosmetic.com\/it\/wp-json\/wp\/v2\/users\/1"}],"replies":[{"embeddable":true,"href":"https:\/\/nisantasicosmetic.com\/it\/wp-json\/wp\/v2\/comments?post=64"}],"version-history":[{"count":4,"href":"https:\/\/nisantasicosmetic.com\/it\/wp-json\/wp\/v2\/pages\/64\/revisions"}],"predecessor-version":[{"id":2321,"href":"https:\/\/nisantasicosmetic.com\/it\/wp-json\/wp\/v2\/pages\/64\/revisions\/2321"}],"wp:attachment":[{"href":"https:\/\/nisantasicosmetic.com\/it\/wp-json\/wp\/v2\/media?parent=64"}],"curies":[{"name":"wp","href":"https:\/\/api.w.org\/{rel}","templated":true}]}}