{"id":593,"date":"2024-06-05T10:35:20","date_gmt":"2024-06-05T07:35:20","guid":{"rendered":"https:\/\/nisantasi.zarendigital.com\/?page_id=593"},"modified":"2025-01-21T16:19:00","modified_gmt":"2025-01-21T13:19:00","slug":"warranty-and-cancellation-return-conditions","status":"publish","type":"page","link":"https:\/\/nisantasicosmetic.com\/it\/condizioni-di-garanzia-e-cancellazione-restituzione\/","title":{"rendered":"Garanzia e Condizioni di Cancellazione e Reso"},"content":{"rendered":"<div data-elementor-type=\"wp-page\" data-elementor-id=\"593\" class=\"elementor elementor-593\" data-elementor-post-type=\"page\">\n\t\t\t\t\t\t<section class=\"elementor-section elementor-top-section elementor-element elementor-element-a9b5809 elementor-section-height-min-height elementor-section-content-middle elementor-section-boxed elementor-section-height-default elementor-section-items-middle\" data-id=\"a9b5809\" data-element_type=\"section\">\n\t\t\t\t\t\t<div class=\"elementor-container elementor-column-gap-default\">\n\t\t\t\t\t<div class=\"elementor-column elementor-col-100 elementor-top-column elementor-element elementor-element-6dd84ca\" data-id=\"6dd84ca\" data-element_type=\"column\">\n\t\t\t<div class=\"elementor-widget-wrap elementor-element-populated\">\n\t\t\t\t\t\t<section class=\"elementor-section elementor-inner-section elementor-element elementor-element-9155ff6 elementor-section-content-middle elementor-section-boxed elementor-section-height-default elementor-section-height-default\" data-id=\"9155ff6\" data-element_type=\"section\">\n\t\t\t\t\t\t<div class=\"elementor-container elementor-column-gap-default\">\n\t\t\t\t\t<div class=\"elementor-column elementor-col-100 elementor-inner-column elementor-element elementor-element-03b619f\" data-id=\"03b619f\" data-element_type=\"column\">\n\t\t\t<div class=\"elementor-widget-wrap elementor-element-populated\">\n\t\t\t\t\t\t<div class=\"elementor-element elementor-element-15c6acf elementor-widget elementor-widget-heading\" data-id=\"15c6acf\" data-element_type=\"widget\" data-widget_type=\"heading.default\">\n\t\t\t\t<div class=\"elementor-widget-container\">\n\t\t\t\t\t<h1 class=\"elementor-heading-title elementor-size-default\">Garanzia e Condizioni di Cancellazione e Reso\n<\/h1>\t\t\t\t<\/div>\n\t\t\t\t<\/div>\n\t\t\t\t<div class=\"elementor-element elementor-element-4635fdc elementor-widget elementor-widget-woocommerce-breadcrumb\" data-id=\"4635fdc\" data-element_type=\"widget\" data-widget_type=\"woocommerce-breadcrumb.default\">\n\t\t\t\t<div class=\"elementor-widget-container\">\n\t\t\t\t\t<nav class=\"woocommerce-breadcrumb\" aria-label=\"Breadcrumb\" data-no-translation=\"\" data-trp-gettext=\"\">Casa<\/nav>\t\t\t\t<\/div>\n\t\t\t\t<\/div>\n\t\t\t\t\t<\/div>\n\t\t<\/div>\n\t\t\t\t\t<\/div>\n\t\t<\/section>\n\t\t\t\t\t<\/div>\n\t\t<\/div>\n\t\t\t\t\t<\/div>\n\t\t<\/section>\n\t\t\t\t<section class=\"elementor-section elementor-top-section elementor-element elementor-element-582af76 elementor-section-content-middle elementor-section-boxed elementor-section-height-default elementor-section-height-default\" data-id=\"582af76\" data-element_type=\"section\">\n\t\t\t\t\t\t<div class=\"elementor-container elementor-column-gap-default\">\n\t\t\t\t\t<div class=\"elementor-column elementor-col-100 elementor-top-column elementor-element elementor-element-d649a91\" data-id=\"d649a91\" data-element_type=\"column\">\n\t\t\t<div class=\"elementor-widget-wrap elementor-element-populated\">\n\t\t\t\t\t\t<div class=\"elementor-element elementor-element-3c69c8b elementor-widget elementor-widget-spacer\" data-id=\"3c69c8b\" data-element_type=\"widget\" data-widget_type=\"spacer.default\">\n\t\t\t\t<div class=\"elementor-widget-container\">\n\t\t\t\t\t\t\t<div class=\"elementor-spacer\">\n\t\t\t<div class=\"elementor-spacer-inner\"><\/div>\n\t\t<\/div>\n\t\t\t\t\t\t<\/div>\n\t\t\t\t<\/div>\n\t\t\t\t\t<\/div>\n\t\t<\/div>\n\t\t\t\t\t<\/div>\n\t\t<\/section>\n\t\t\t\t<section class=\"elementor-section elementor-top-section elementor-element elementor-element-ed5e0dd elementor-section-content-middle elementor-section-boxed elementor-section-height-default elementor-section-height-default\" data-id=\"ed5e0dd\" data-element_type=\"section\">\n\t\t\t\t\t\t<div class=\"elementor-container elementor-column-gap-default\">\n\t\t\t\t\t<div class=\"elementor-column elementor-col-100 elementor-top-column elementor-element elementor-element-63cbb73\" data-id=\"63cbb73\" data-element_type=\"column\">\n\t\t\t<div class=\"elementor-widget-wrap elementor-element-populated\">\n\t\t\t\t\t\t<section class=\"elementor-section elementor-inner-section elementor-element elementor-element-34fdd35 elementor-section-content-middle elementor-section-boxed elementor-section-height-default elementor-section-height-default\" data-id=\"34fdd35\" data-element_type=\"section\">\n\t\t\t\t\t\t<div class=\"elementor-container elementor-column-gap-default\">\n\t\t\t\t\t<div class=\"elementor-column elementor-col-100 elementor-inner-column elementor-element elementor-element-ad730be\" data-id=\"ad730be\" data-element_type=\"column\">\n\t\t\t<div class=\"elementor-widget-wrap elementor-element-populated\">\n\t\t\t\t\t\t<div class=\"elementor-element elementor-element-09705db elementor-widget elementor-widget-text-editor\" data-id=\"09705db\" data-element_type=\"widget\" data-widget_type=\"text-editor.default\">\n\t\t\t\t<div class=\"elementor-widget-container\">\n\t\t\t\t\t\t\t\t\t<p><b>GARANZIA \u2013 DIRITTI DEL CONSUMATORE \u2013 RECESSO \u2013 CONDIZIONI DI RESO ANNULLAMENTO<\/b><\/p><p><b>GENERALE:<\/b><\/p><p>Se effettui un ordine per via elettronica attraverso il sito web che stai utilizzando, si ritiene che tu abbia accettato il modulo di informazioni preliminari e il contratto di vendita a distanza che ti sono stati presentati.<\/p><p>Gli acquirenti sono soggetti alle disposizioni della legge sulla tutela dei consumatori n. 6502 e al regolamento sui contratti a distanza (OG: 27.11.2014\/29188) e ad altre leggi applicabili relative alla vendita e alla consegna dei prodotti acquistati.<\/p><p>Le spese di spedizione, che rappresentano il costo della spedizione del prodotto, saranno a carico degli acquirenti.<\/p><p>Ogni prodotto acquistato viene consegnato alla persona e\/o all&#039;organizzazione all&#039;indirizzo indicato dall&#039;acquirente, a condizione che non superi il termine legale di 30 giorni. Se il prodotto non viene consegnato entro questo termine, l&#039;Acquirente potr\u00e0 risolvere il contratto.<\/p><p>Il prodotto acquistato dovr\u00e0 essere consegnato completo e conforme alle caratteristiche specificate nell&#039;ordine e munito di documenti quali certificato di garanzia ed eventuale manuale d&#039;uso.<\/p><p>Se diventa impossibile vendere il prodotto acquistato, il venditore deve avvisare per iscritto l&#039;acquirente entro 3 giorni dalla conoscenza di questa situazione. Il prezzo totale dovr\u00e0 essere restituito all&#039;Acquirente entro 14 giorni.<\/p><p><b>SE NON VIENE PAGATO IL PREZZO DEL PRODOTTO ACQUISTATO:<\/b><\/p><p>Se l&#039;Acquirente non paga il prodotto acquistato o lo annulla nei suoi movimenti bancari, cessa l&#039;obbligo del Venditore di consegnare il prodotto.<\/p><p><b>ACQUISTI EFFETTUATI CON UTILIZZO NON AUTORIZZATO DI CARTA DI CREDITO:<\/b><\/p><p>Dopo la consegna del prodotto, se viene accertato che la carta di credito con cui l&#039;acquirente ha pagato \u00e8 stata utilizzata indebitamente da persone non autorizzate e il prezzo del prodotto venduto non viene pagato al Venditore dalla relativa banca o istituto finanziario, l&#039;Acquirente dovr\u00e0 restituire il prodotto oggetto del contratto entro 3 giorni, a spese del VENDITORE. deve restituirlo al VENDITORE.<\/p><p><b>SE IL PRODOTTO NON PU\u00d2 ESSERE CONSEGNATO IN TEMPO PER MOTIVI IMPREVEDIBILI:<\/b><\/p><p>Se si verifica un caso di forza maggiore che il Venditore non pu\u00f2 prevedere e il prodotto non pu\u00f2 essere consegnato in tempo, la situazione verr\u00e0 notificata all&#039;Acquirente. L&#039;acquirente potr\u00e0 richiedere l&#039;annullamento dell&#039;ordine, la sostituzione del prodotto con uno simile o il rinvio della consegna fino all&#039;eliminazione dell&#039;ostacolo. Se l&#039;acquirente annulla l&#039;ordine; Se il pagamento viene effettuato in contanti, tale quota verr\u00e0 pagata in contanti entro 14 giorni dalla data di cancellazione. Se l&#039;acquirente ha effettuato il pagamento con carta di credito e lo annulla, il prezzo del prodotto verr\u00e0 restituito alla banca entro 14 giorni da tale annullamento, ma \u00e8 possibile che la banca lo trasferisca sul conto dell&#039;acquirente entro 2-3 settimane.<\/p><p><b>OBBLIGO DELL&#039;ACQUIRENTE DI VERIFICARE IL PRODOTTO:<\/b><\/p><p>L&#039;acquirente ispezioner\u00e0 i beni\/servizi oggetto del contratto prima di riceverli; ammaccature, rotture, imballaggi strappati, ecc. Beni\/servizi danneggiati e difettosi non verranno ricevuti dalla compagnia di carico. I beni\/servizi ricevuti si riterranno non danneggiati ed integri. L&#039;ACQUIRENTE deve proteggere attentamente i beni\/servizi dopo la consegna. Se si vuole avvalersi del diritto di recesso, i beni\/servizi non devono essere utilizzati. La fattura deve essere restituita insieme al prodotto.<\/p><p><b>DIRITTO DI RECESSO:<\/b><\/p><p>ACQUIRENTE; Entro 14 (quattordici) giorni dalla data di consegna del prodotto acquistato a s\u00e9 o alla persona\/organizzazione all&#039;indirizzo indicato, potr\u00e0 esercitare il diritto di recesso dal contratto rifiutando la merce senza assumere alcuna responsabilit\u00e0 legale o responsabilit\u00e0 penale e senza fornire alcuna giustificazione, a condizione che lo comunichi al VENDITORE tramite le informazioni di contatto riportate di seguito.<\/p><p><b>INFORMAZIONI DI CONTATTO DEL VENDITORE PER LA COMUNICAZIONE DEL DIRITTO DI RECESSO:<\/b><\/p><p>AZIENDA<\/p><p>NOME\/TITOLO: N\u0130\u015eANTA\u015eI COSMETICS<br \/>INDIRIZZO: Atak\u00f6y 7a \u2013 8a \u2013 9a \u2013 10a Sezione Istanbul<br \/>E-MAIL: info@nisantasikozmetik.com<br \/>TELEFONO: 08503800101<\/p><p><b>DURATA DEL DIRITTO DI RECESSO:<\/b><\/p><p>Se l&#039;acquirente acquista un servizio, tale periodo di 14 giorni decorre dalla data di firma del contratto. Il diritto di recesso non pu\u00f2 essere esercitato nei contratti di servizi in cui l&#039;esecuzione del servizio inizia con l&#039;approvazione del consumatore prima della scadenza del diritto di recesso.<\/p><p>Le spese derivanti dall&#039;esercizio del diritto di recesso appartengono al VENDITORE.<\/p><p>Per esercitare il diritto di recesso \u00e8 necessario inviare comunicazione scritta al VENDITORE a mezzo raccomandata, fax o e-mail entro 14 (quattordici) giorni e il prodotto non deve essere stato utilizzato nell&#039;ambito dei \u201cProdotti per i quali \u00e8 Il diritto di recesso non pu\u00f2 essere esercitato\u201d previste dal presente contratto.<\/p><p><b>UTILIZZO DEL DIRITTO DI RECESSO:<\/b><\/p><p>La fattura del prodotto consegnato alla persona o all&#039;ACQUIRENTE, (Se la fattura del prodotto da restituire \u00e8 aziendale, deve essere inviata insieme alla fattura di reso emessa dall&#039;istituto al momento della restituzione. Resi dell&#039;ordine la cui fattura viene emessa il conto delle istituzioni non pu\u00f2 essere completata a meno che non venga emessa la FATTURA DI RESO.)<br \/>Modulo di reso: I prodotti da restituire dovranno essere consegnati integri ed integri, completi della loro scatola, imballo ed eventuali accessori standard.<\/p><p><b>CONDIZIONI DI RESO:<\/b><\/p><p>Il VENDITORE \u00e8 tenuto a restituire all&#039;ACQUIRENTE il prezzo totale e i documenti che mettono in debito l&#039;ACQUIRENTE entro un termine massimo di 10 giorni dal ricevimento della comunicazione di recesso e a ricevere la merce entro 20 giorni.<\/p><p>Se il valore della merce diminuisce o la restituzione diventa impossibile per colpa dell&#039;ACQUIRENTE, l&#039;ACQUIRENTE \u00e8 tenuto a risarcire i danni del VENDITORE in proporzione alla colpa. Tuttavia, l&#039;ACQUIRENTE non \u00e8 responsabile di eventuali modifiche o deterioramenti avvenuti a causa di un uso improprio del bene o del prodotto entro il periodo di diritto di recesso.<\/p><p>Se l&#039;importo limite della campagna fissato dal VENDITORE scende al di sotto a causa dell&#039;esercizio del diritto di recesso, l&#039;importo dello sconto utilizzato nell&#039;ambito della campagna verr\u00e0 annullato.<\/p><p><b>PRODOTTI PER I QUALI NON PU\u00d2 ESERCITARE IL DIRITTO DI RECESSO:<\/b><\/p><p>Slip intimi, costumi da bagno e slip bikini, materiali per il trucco, prodotti usa e getta, beni preparati in linea con la richiesta dell&#039;ACQUIRENTE o esigenze chiaramente personali e che non possono essere rispediti, beni che rischiano di deteriorarsi rapidamente o che potrebbero scadere, sono consegnato all&#039;ACQUIRENTE. Prodotti che non sono idonei alla salute e all&#039;igiene da restituire se l&#039;imballaggio viene aperto dall&#039;ACQUIRENTE dopo la consegna, prodotti che sono mescolati con altri prodotti dopo la consegna e non possono essere separati per la loro natura, beni relativi a periodici come giornali e riviste , diversi da quelli previsti nell&#039;ambito del contratto di abbonamento, adempimento immediato in ambiente elettronico In conformit\u00e0 al Regolamento, non \u00e8 possibile restituire immediatamente al consumatore i servizi forniti o i beni immateriali consegnati, nonch\u00e9 registrazioni audio o video , libri, contenuti digitali, programmi software, dispositivi di registrazione e archiviazione dati, materiali di consumo informatici, se la loro confezione \u00e8 stata aperta dall&#039;ACQUIRENTE. Inoltre, non \u00e8 possibile esercitare il diritto di recesso per servizi la cui esecuzione abbia avuto inizio con il consenso del consumatore prima della scadenza del diritto di recesso, ai sensi del Regolamento.<\/p><p>Cosmetici e prodotti per la cura personale, prodotti di biancheria intima, costumi da bagno, bikini, libri, software e programmi copiabili, DVD, VCD, CD e cassette e materiali di consumo di cancelleria (toner, cartucce, nastri, ecc.) devono essere restituiti in confezioni non aperte, non testate e intatte. confezione. e devono essere inutilizzati.<\/p><p><b>INADEMPIMENTO E CONSEGUENZE LEGALI<\/b><\/p><p>L&#039;ACQUIRENTE accetta, dichiara e si impegna a pagare gli interessi in caso di inadempienza nell&#039;effettuare transazioni di pagamento con carta di credito nell&#039;ambito del contratto di carta di credito tra il titolare della carta e la banca e sar\u00e0 responsabile nei confronti della banca. In questo caso la banca interessata potr\u00e0 adire le vie legali; potr\u00e0 esigere dall&#039;ACQUIRENTE le spese e le spese legali sostenute e, in ogni caso, in caso di inadempimento dovuto al debito dell&#039;ACQUIRENTE, l&#039;ACQUIRENTE si impegna a risarcire i danni e le perdite subite dal VENDITORE a causa del ritardato adempimento del debito.<\/p><p><b>PAGAMENTO E CONSEGNA<\/b><\/p><p>Puoi effettuare un bonifico bancario o EFT (trasferimento elettronico di fondi) su uno qualsiasi dei nostri conti bancari (TL).<\/p><p>Puoi beneficiare delle opportunit\u00e0 di pagamento unico online o di rateizzazione online con le tue carte di credito attraverso il nostro sito web. Per i pagamenti on-line l&#039;importo verr\u00e0 addebitato sulla tua carta di credito al termine dell&#039;ordine.<\/p>\t\t\t\t\t\t\t\t<\/div>\n\t\t\t\t<\/div>\n\t\t\t\t\t<\/div>\n\t\t<\/div>\n\t\t\t\t\t<\/div>\n\t\t<\/section>\n\t\t\t\t\t<\/div>\n\t\t<\/div>\n\t\t\t\t\t<\/div>\n\t\t<\/section>\n\t\t\t\t<\/div>","protected":false},"excerpt":{"rendered":"<p>Warranty and Cancellation &#038; Return Conditions WARRANTY &#8211; CONSUMER RIGHTS &#8211; WITHDRAWAL &#8211; CANCELLATION RETURN CONDITIONS GENERAL: If you place an order electronically through the website you are using, you are deemed to have accepted the preliminary information form and distance sales contract presented to you. Buyers are subject to the provisions of the Consumer [&hellip;]<\/p>","protected":false},"author":1,"featured_media":0,"parent":0,"menu_order":0,"comment_status":"closed","ping_status":"closed","template":"elementor_header_footer","meta":{"footnotes":""},"class_list":["post-593","page","type-page","status-publish","hentry"],"yoast_head":"<!-- This site is optimized with the Yoast SEO plugin v26.2 - https:\/\/yoast.com\/wordpress\/plugins\/seo\/ -->\n<title>Warranty and Cancellation &amp; Return Conditions - Ni\u015fanta\u015f\u0131 Cosmetic<\/title>\n<meta name=\"description\" content=\"Learn about Ni\u015fanta\u015f\u0131 Cosmetic&#039;s warranty, cancellation, and return policies. Hassle-free solutions for a secure shopping experience!\" \/>\n<meta name=\"robots\" content=\"index, follow, max-snippet:-1, max-image-preview:large, max-video-preview:-1\" \/>\n<link rel=\"canonical\" href=\"https:\/\/nisantasicosmetic.com\/it\/condizioni-di-garanzia-e-cancellazione-restituzione\/?wmc-currency=EUR\" \/>\n<meta property=\"og:locale\" content=\"it_IT\" \/>\n<meta property=\"og:type\" content=\"article\" \/>\n<meta property=\"og:title\" content=\"Warranty and Cancellation &amp; Return Conditions - Ni\u015fanta\u015f\u0131 Cosmetic\" \/>\n<meta property=\"og:description\" content=\"Learn about Ni\u015fanta\u015f\u0131 Cosmetic&#039;s warranty, cancellation, and return policies. Hassle-free solutions for a secure shopping experience!\" \/>\n<meta property=\"og:url\" content=\"https:\/\/nisantasicosmetic.com\/it\/condizioni-di-garanzia-e-cancellazione-restituzione\/?wmc-currency=EUR\" \/>\n<meta property=\"og:site_name\" content=\"Ni\u015fanta\u015f\u0131 Cosmetic\" \/>\n<meta property=\"article:modified_time\" content=\"2025-01-21T13:19:00+00:00\" \/>\n<meta name=\"twitter:card\" content=\"summary_large_image\" \/>\n<meta name=\"twitter:label1\" content=\"Tempo di lettura stimato\" \/>\n\t<meta name=\"twitter:data1\" content=\"9 minuti\" \/>\n<script type=\"application\/ld+json\" class=\"yoast-schema-graph\">{\"@context\":\"https:\/\/schema.org\",\"@graph\":[{\"@type\":\"WebPage\",\"@id\":\"https:\/\/nisantasicosmetic.com\/warranty-and-cancellation-return-conditions\/\",\"url\":\"https:\/\/nisantasicosmetic.com\/warranty-and-cancellation-return-conditions\/\",\"name\":\"Warranty and Cancellation & Return Conditions - Ni\u015fanta\u015f\u0131 Cosmetic\",\"isPartOf\":{\"@id\":\"https:\/\/nisantasicosmetic.com\/#website\"},\"datePublished\":\"2024-06-05T07:35:20+00:00\",\"dateModified\":\"2025-01-21T13:19:00+00:00\",\"description\":\"Learn about Ni\u015fanta\u015f\u0131 Cosmetic's warranty, cancellation, and return policies. Hassle-free solutions for a secure shopping experience!\",\"breadcrumb\":{\"@id\":\"https:\/\/nisantasicosmetic.com\/warranty-and-cancellation-return-conditions\/#breadcrumb\"},\"inLanguage\":\"it-IT\",\"potentialAction\":[{\"@type\":\"ReadAction\",\"target\":[\"https:\/\/nisantasicosmetic.com\/warranty-and-cancellation-return-conditions\/\"]}]},{\"@type\":\"BreadcrumbList\",\"@id\":\"https:\/\/nisantasicosmetic.com\/warranty-and-cancellation-return-conditions\/#breadcrumb\",\"itemListElement\":[{\"@type\":\"ListItem\",\"position\":1,\"name\":\"Anasayfa\",\"item\":\"https:\/\/nisantasicosmetic.com\/\"},{\"@type\":\"ListItem\",\"position\":2,\"name\":\"Warranty and Cancellation &#038; Return Conditions\"}]},{\"@type\":\"WebSite\",\"@id\":\"https:\/\/nisantasicosmetic.com\/#website\",\"url\":\"https:\/\/nisantasicosmetic.com\/\",\"name\":\"Ni\u015fanta\u015f\u0131 Kozmetik\",\"description\":\"\",\"publisher\":{\"@id\":\"https:\/\/nisantasicosmetic.com\/#organization\"},\"potentialAction\":[{\"@type\":\"SearchAction\",\"target\":{\"@type\":\"EntryPoint\",\"urlTemplate\":\"https:\/\/nisantasicosmetic.com\/?s={search_term_string}\"},\"query-input\":{\"@type\":\"PropertyValueSpecification\",\"valueRequired\":true,\"valueName\":\"search_term_string\"}}],\"inLanguage\":\"it-IT\"},{\"@type\":\"Organization\",\"@id\":\"https:\/\/nisantasicosmetic.com\/#organization\",\"name\":\"Ni\u015fanta\u015f\u0131 Kozmetik\",\"url\":\"https:\/\/nisantasicosmetic.com\/\",\"logo\":{\"@type\":\"ImageObject\",\"inLanguage\":\"it-IT\",\"@id\":\"https:\/\/nisantasicosmetic.com\/#\/schema\/logo\/image\/\",\"url\":\"https:\/\/nisantasicosmetic.com\/wp-content\/uploads\/2024\/06\/Nisantasi-Cosmetic-Logo.png\",\"contentUrl\":\"https:\/\/nisantasicosmetic.com\/wp-content\/uploads\/2024\/06\/Nisantasi-Cosmetic-Logo.png\",\"width\":1080,\"height\":216,\"caption\":\"Ni\u015fanta\u015f\u0131 Kozmetik\"},\"image\":{\"@id\":\"https:\/\/nisantasicosmetic.com\/#\/schema\/logo\/image\/\"}}]}<\/script>\n<!-- \/ Yoast SEO plugin. -->","yoast_head_json":{"title":"Warranty and Cancellation & Return Conditions - Ni\u015fanta\u015f\u0131 Cosmetic","description":"Learn about Ni\u015fanta\u015f\u0131 Cosmetic's warranty, cancellation, and return policies. Hassle-free solutions for a secure shopping experience!","robots":{"index":"index","follow":"follow","max-snippet":"max-snippet:-1","max-image-preview":"max-image-preview:large","max-video-preview":"max-video-preview:-1"},"canonical":"https:\/\/nisantasicosmetic.com\/it\/condizioni-di-garanzia-e-cancellazione-restituzione\/?wmc-currency=EUR","og_locale":"it_IT","og_type":"article","og_title":"Warranty and Cancellation & Return Conditions - Ni\u015fanta\u015f\u0131 Cosmetic","og_description":"Learn about Ni\u015fanta\u015f\u0131 Cosmetic's warranty, cancellation, and return policies. Hassle-free solutions for a secure shopping experience!","og_url":"https:\/\/nisantasicosmetic.com\/it\/condizioni-di-garanzia-e-cancellazione-restituzione\/?wmc-currency=EUR","og_site_name":"Ni\u015fanta\u015f\u0131 Cosmetic","article_modified_time":"2025-01-21T13:19:00+00:00","twitter_card":"summary_large_image","twitter_misc":{"Tempo di lettura stimato":"9 minuti"},"schema":{"@context":"https:\/\/schema.org","@graph":[{"@type":"WebPage","@id":"https:\/\/nisantasicosmetic.com\/warranty-and-cancellation-return-conditions\/","url":"https:\/\/nisantasicosmetic.com\/warranty-and-cancellation-return-conditions\/","name":"Warranty and Cancellation & Return Conditions - Ni\u015fanta\u015f\u0131 Cosmetic","isPartOf":{"@id":"https:\/\/nisantasicosmetic.com\/#website"},"datePublished":"2024-06-05T07:35:20+00:00","dateModified":"2025-01-21T13:19:00+00:00","description":"Learn about Ni\u015fanta\u015f\u0131 Cosmetic's warranty, cancellation, and return policies. Hassle-free solutions for a secure shopping experience!","breadcrumb":{"@id":"https:\/\/nisantasicosmetic.com\/warranty-and-cancellation-return-conditions\/#breadcrumb"},"inLanguage":"it-IT","potentialAction":[{"@type":"ReadAction","target":["https:\/\/nisantasicosmetic.com\/warranty-and-cancellation-return-conditions\/"]}]},{"@type":"BreadcrumbList","@id":"https:\/\/nisantasicosmetic.com\/warranty-and-cancellation-return-conditions\/#breadcrumb","itemListElement":[{"@type":"ListItem","position":1,"name":"Anasayfa","item":"https:\/\/nisantasicosmetic.com\/"},{"@type":"ListItem","position":2,"name":"Warranty and Cancellation &#038; Return Conditions"}]},{"@type":"WebSite","@id":"https:\/\/nisantasicosmetic.com\/#website","url":"https:\/\/nisantasicosmetic.com\/","name":"Ni\u015fanta\u015f\u0131 Kozmetik","description":"","publisher":{"@id":"https:\/\/nisantasicosmetic.com\/#organization"},"potentialAction":[{"@type":"SearchAction","target":{"@type":"EntryPoint","urlTemplate":"https:\/\/nisantasicosmetic.com\/?s={search_term_string}"},"query-input":{"@type":"PropertyValueSpecification","valueRequired":true,"valueName":"search_term_string"}}],"inLanguage":"it-IT"},{"@type":"Organization","@id":"https:\/\/nisantasicosmetic.com\/#organization","name":"Ni\u015fanta\u015f\u0131 Kozmetik","url":"https:\/\/nisantasicosmetic.com\/","logo":{"@type":"ImageObject","inLanguage":"it-IT","@id":"https:\/\/nisantasicosmetic.com\/#\/schema\/logo\/image\/","url":"https:\/\/nisantasicosmetic.com\/wp-content\/uploads\/2024\/06\/Nisantasi-Cosmetic-Logo.png","contentUrl":"https:\/\/nisantasicosmetic.com\/wp-content\/uploads\/2024\/06\/Nisantasi-Cosmetic-Logo.png","width":1080,"height":216,"caption":"Ni\u015fanta\u015f\u0131 Kozmetik"},"image":{"@id":"https:\/\/nisantasicosmetic.com\/#\/schema\/logo\/image\/"}}]}},"_links":{"self":[{"href":"https:\/\/nisantasicosmetic.com\/it\/wp-json\/wp\/v2\/pages\/593","targetHints":{"allow":["GET"]}}],"collection":[{"href":"https:\/\/nisantasicosmetic.com\/it\/wp-json\/wp\/v2\/pages"}],"about":[{"href":"https:\/\/nisantasicosmetic.com\/it\/wp-json\/wp\/v2\/types\/page"}],"author":[{"embeddable":true,"href":"https:\/\/nisantasicosmetic.com\/it\/wp-json\/wp\/v2\/users\/1"}],"replies":[{"embeddable":true,"href":"https:\/\/nisantasicosmetic.com\/it\/wp-json\/wp\/v2\/comments?post=593"}],"version-history":[{"count":3,"href":"https:\/\/nisantasicosmetic.com\/it\/wp-json\/wp\/v2\/pages\/593\/revisions"}],"predecessor-version":[{"id":1614,"href":"https:\/\/nisantasicosmetic.com\/it\/wp-json\/wp\/v2\/pages\/593\/revisions\/1614"}],"wp:attachment":[{"href":"https:\/\/nisantasicosmetic.com\/it\/wp-json\/wp\/v2\/media?parent=593"}],"curies":[{"name":"wp","href":"https:\/\/api.w.org\/{rel}","templated":true}]}}