{"id":570,"date":"2024-06-05T09:51:53","date_gmt":"2024-06-05T06:51:53","guid":{"rendered":"https:\/\/nisantasi.zarendigital.com\/?page_id=570"},"modified":"2025-01-21T16:09:24","modified_gmt":"2025-01-21T13:09:24","slug":"privacy-and-security-policy","status":"publish","type":"page","link":"https:\/\/nisantasicosmetic.com\/it\/politica-sulla-privacy-e-sulla-sicurezza\/","title":{"rendered":"Politica sulla privacy e sulla sicurezza"},"content":{"rendered":"<div data-elementor-type=\"wp-page\" data-elementor-id=\"570\" class=\"elementor elementor-570\" data-elementor-post-type=\"page\">\n\t\t\t\t\t\t<section class=\"elementor-section elementor-top-section elementor-element elementor-element-20ee0a9 elementor-section-height-min-height elementor-section-content-middle elementor-section-boxed elementor-section-height-default elementor-section-items-middle\" data-id=\"20ee0a9\" data-element_type=\"section\">\n\t\t\t\t\t\t<div class=\"elementor-container elementor-column-gap-default\">\n\t\t\t\t\t<div class=\"elementor-column elementor-col-100 elementor-top-column elementor-element elementor-element-12ba3ea\" data-id=\"12ba3ea\" data-element_type=\"column\">\n\t\t\t<div class=\"elementor-widget-wrap elementor-element-populated\">\n\t\t\t\t\t\t<section class=\"elementor-section elementor-inner-section elementor-element elementor-element-a4b6a46 elementor-section-content-middle elementor-section-boxed elementor-section-height-default elementor-section-height-default\" data-id=\"a4b6a46\" data-element_type=\"section\">\n\t\t\t\t\t\t<div class=\"elementor-container elementor-column-gap-default\">\n\t\t\t\t\t<div class=\"elementor-column elementor-col-100 elementor-inner-column elementor-element elementor-element-182d7f6\" data-id=\"182d7f6\" data-element_type=\"column\">\n\t\t\t<div class=\"elementor-widget-wrap elementor-element-populated\">\n\t\t\t\t\t\t<div class=\"elementor-element elementor-element-77a4a43 elementor-widget elementor-widget-heading\" data-id=\"77a4a43\" data-element_type=\"widget\" data-widget_type=\"heading.default\">\n\t\t\t\t<div class=\"elementor-widget-container\">\n\t\t\t\t\t<h1 class=\"elementor-heading-title elementor-size-default\">Politica sulla privacy e sulla sicurezza<\/h1>\t\t\t\t<\/div>\n\t\t\t\t<\/div>\n\t\t\t\t<div class=\"elementor-element elementor-element-66312b8 elementor-widget elementor-widget-woocommerce-breadcrumb\" data-id=\"66312b8\" data-element_type=\"widget\" data-widget_type=\"woocommerce-breadcrumb.default\">\n\t\t\t\t<div class=\"elementor-widget-container\">\n\t\t\t\t\t<nav class=\"woocommerce-breadcrumb\" aria-label=\"Breadcrumb\" data-no-translation=\"\" data-trp-gettext=\"\">Casa<\/nav>\t\t\t\t<\/div>\n\t\t\t\t<\/div>\n\t\t\t\t\t<\/div>\n\t\t<\/div>\n\t\t\t\t\t<\/div>\n\t\t<\/section>\n\t\t\t\t\t<\/div>\n\t\t<\/div>\n\t\t\t\t\t<\/div>\n\t\t<\/section>\n\t\t\t\t<section class=\"elementor-section elementor-top-section elementor-element elementor-element-582af76 elementor-section-content-middle elementor-section-boxed elementor-section-height-default elementor-section-height-default\" data-id=\"582af76\" data-element_type=\"section\">\n\t\t\t\t\t\t<div class=\"elementor-container elementor-column-gap-default\">\n\t\t\t\t\t<div class=\"elementor-column elementor-col-100 elementor-top-column elementor-element elementor-element-d649a91\" data-id=\"d649a91\" data-element_type=\"column\">\n\t\t\t<div class=\"elementor-widget-wrap elementor-element-populated\">\n\t\t\t\t\t\t<div class=\"elementor-element elementor-element-3c69c8b elementor-widget elementor-widget-spacer\" data-id=\"3c69c8b\" data-element_type=\"widget\" data-widget_type=\"spacer.default\">\n\t\t\t\t<div class=\"elementor-widget-container\">\n\t\t\t\t\t\t\t<div class=\"elementor-spacer\">\n\t\t\t<div class=\"elementor-spacer-inner\"><\/div>\n\t\t<\/div>\n\t\t\t\t\t\t<\/div>\n\t\t\t\t<\/div>\n\t\t\t\t\t<\/div>\n\t\t<\/div>\n\t\t\t\t\t<\/div>\n\t\t<\/section>\n\t\t\t\t<section class=\"elementor-section elementor-top-section elementor-element elementor-element-ed5e0dd elementor-section-content-middle elementor-section-boxed elementor-section-height-default elementor-section-height-default\" data-id=\"ed5e0dd\" data-element_type=\"section\">\n\t\t\t\t\t\t<div class=\"elementor-container elementor-column-gap-default\">\n\t\t\t\t\t<div class=\"elementor-column elementor-col-100 elementor-top-column elementor-element elementor-element-63cbb73\" data-id=\"63cbb73\" data-element_type=\"column\">\n\t\t\t<div class=\"elementor-widget-wrap elementor-element-populated\">\n\t\t\t\t\t\t<section class=\"elementor-section elementor-inner-section elementor-element elementor-element-34fdd35 elementor-section-content-middle elementor-section-boxed elementor-section-height-default elementor-section-height-default\" data-id=\"34fdd35\" data-element_type=\"section\">\n\t\t\t\t\t\t<div class=\"elementor-container elementor-column-gap-default\">\n\t\t\t\t\t<div class=\"elementor-column elementor-col-100 elementor-inner-column elementor-element elementor-element-ad730be\" data-id=\"ad730be\" data-element_type=\"column\">\n\t\t\t<div class=\"elementor-widget-wrap elementor-element-populated\">\n\t\t\t\t\t\t<div class=\"elementor-element elementor-element-09705db elementor-widget elementor-widget-text-editor\" data-id=\"09705db\" data-element_type=\"widget\" data-widget_type=\"text-editor.default\">\n\t\t\t\t<div class=\"elementor-widget-container\">\n\t\t\t\t\t\t\t\t\t<p>Privacy e sicurezza. Tutti i servizi forniti nel nostro negozio e ZAREN COSMET\u0130C, registrato all&#039;indirizzo Atak\u00f6y 7. \u2013 8. \u2013 9. \u2013 10. Parte Istanbul, appartengono e sono gestiti dalla nostra azienda.<\/p><p>La nostra azienda pu\u00f2 raccogliere dati personali per vari scopi. Di seguito viene indicato come e in che modo vengono raccolti i dati personali raccolti e come e in che modo tali dati vengono protetti.<\/p><p>Compilando vari moduli e sondaggi sulla nostra Iscrizione o sul nostro Negozio, alcune informazioni personali sui membri (come nome-cognome, informazioni sull&#039;azienda, telefono, indirizzo o indirizzi e-mail) vengono raccolte dal nostro Negozio a causa della natura dell&#039;attivit\u00e0 . Privacy e sicurezza.<\/p><p>La nostra azienda pu\u00f2 talvolta inviare informazioni sulle campagne, informazioni sui nuovi prodotti e offerte promozionali ai propri clienti e membri. I nostri membri possono scegliere se ricevere o meno tali informazioni mentre diventano membri e, dopo aver effettuato l&#039;accesso, possono modificare questa scelta nella sezione informazioni sull&#039;account o effettuare una notifica tramite il collegamento nel messaggio informativo che ricevono.<\/p><p>Durante il processo di approvazione effettuato tramite il nostro negozio o via e-mail, le informazioni personali trasmesse elettronicamente al nostro negozio dai nostri membri non saranno divulgate a terzi tranne che per gli scopi e l&#039;ambito determinati dal &quot;Accordo con l&#039;utente&quot; che abbiamo stipulato con il nostro Membri.<\/p><p>La nostra azienda registra e utilizza gli indirizzi IP dei suoi membri al fine di identificare problemi legati al sistema e risolvere rapidamente eventuali problemi o controversie che potrebbero sorgere riguardo al servizio fornito. Gli indirizzi IP possono anche essere utilizzati per identificare in generale gli utenti e raccogliere informazioni demografiche generali.<\/p><p>La nostra azienda pu\u00f2 utilizzare le informazioni richieste per scopi di marketing diretto da sola o dai suoi collaboratori, oltre gli scopi e l&#039;ambito specificati nel Contratto di adesione. I dati personali potrebbero essere utilizzati anche per contattare l&#039;utente in caso di necessit\u00e0. Informazioni richieste dalla nostra azienda o informazioni fornite dall&#039;utente o informazioni relative alle transazioni effettuate tramite il nostro Negozio; Possono essere utilizzati dalla nostra azienda e dai suoi collaboratori per varie valutazioni statistiche, creazione di database e ricerche di mercato, senza rivelare l&#039;identit\u00e0 dei nostri membri, al di fuori degli scopi e dell&#039;ambito determinati dal &quot;Contratto di adesione&quot;.<\/p><p>La nostra azienda si impegna a mantenere le informazioni riservate strettamente private e confidenziali, a considerarle un obbligo di riservatezza e a prendere tutte le precauzioni necessarie e ad adottare la dovuta cura per garantire e mantenere la riservatezza e per impedire che tutte o parte delle informazioni riservate diventino pubbliche dominio o uso non autorizzato o divulgazione a terzi. promette di mostrare. Privacy e sicurezza.<\/p><p><b>SICUREZZA DELLA CARTA DI CREDITO<\/b><\/p><p>La nostra azienda d\u00e0 priorit\u00e0 alla sicurezza dei titolari di carte di credito che acquistano dai nostri siti di shopping. I dati della tua carta di credito non vengono memorizzati in alcun modo nel nostro sistema.<\/p><p>Quando entri nel processo di transazione, ci sono due cose a cui devi prestare attenzione per capire che ti trovi su un sito sicuro. Uno di questi \u00e8 l&#039;icona di una chiave o di un lucchetto nella riga inferiore del browser. Ci\u00f2 dimostra che ti trovi su un sito Web sicuro e che tutte le tue informazioni sono crittografate e protette. Queste informazioni vengono utilizzate solo in base al processo di transazione di vendita e in conformit\u00e0 con le istruzioni fornite. Le informazioni sulla carta di credito utilizzata durante lo shopping vengono crittografate con il protocollo SSL (Secure Sockets Layer) a 128 bit, indipendente dai nostri siti di shopping, e inviate alla banca pertinente per la richiesta. Se la disponibilit\u00e0 della carta \u00e8 approvata \u00e8 possibile sostenere gli acquisti. Poich\u00e9 da noi non \u00e8 possibile visualizzare o registrare alcuna informazione sulla carta, in nessun caso \u00e8 impedito a terzi di ottenere queste informazioni.<\/p><p>L&#039;affidabilit\u00e0 delle informazioni di pagamento\/fattura\/indirizzo di consegna degli ordini effettuati online tramite carta di credito viene verificata dalla nostra azienda contro le frodi con carta di credito. Pertanto, i clienti che ordinano per la prima volta dai nostri siti di acquisto devono prima confermare l&#039;esattezza delle proprie informazioni finanziarie e di indirizzo\/telefono affinch\u00e9 i loro ordini raggiungano la fase di fornitura e consegna. Se necessario, il cliente titolare della carta di credito o la banca interessata vengono contattati per verificare queste informazioni. Privacy e sicurezza.<\/p><p>Solo tu puoi accedere e modificare tutte le informazioni fornite quando diventi membro. Se mantieni sicure le informazioni di accesso del tuo membro, non sar\u00e0 possibile per altri accedere o modificare le informazioni su di te. A questo scopo, durante le transazioni di adesione viene utilizzata un&#039;area di sicurezza SSL a 128 bit. Questo sistema \u00e8 uno standard di crittografia internazionale impossibile da violare.<\/p><p>Oggi sono pi\u00f9 preferiti i siti di acquisti su Internet che dispongono di una linea di informazioni o di un servizio clienti e in cui sono indicati l&#039;indirizzo completo e le informazioni telefoniche. In questo modo, puoi ottenere informazioni dettagliate su tutti i problemi che ti vengono in mente e ottenere informazioni migliori sull&#039;affidabilit\u00e0 dell&#039;azienda che fornisce il servizio di acquisto online.<\/p><p>Nota: ti consigliamo di prestare attenzione all&#039;indirizzo completo e al numero di telefono dell&#039;azienda sui siti di acquisti su Internet. Se hai intenzione di fare acquisti, prendi nota di tutte le informazioni di telefono\/indirizzo del negozio in cui hai acquistato il prodotto prima di effettuare l&#039;acquisto. Conferma telefonicamente prima di fare acquisti se non ti fidi. Tutte le informazioni sulla nostra azienda e sulla sua ubicazione sono riportate su tutti i nostri siti di shopping online.<\/p><p><b>SICUREZZA DELLE INFORMAZIONI DELLA CARTA DI CREDITO PER POSTA<\/b><\/p><p>La tua identit\u00e0 e i dati della tua carta di credito che ci invii tramite il metodo di vendita per corrispondenza con carta di credito saranno conservati dalla nostra azienda nel rispetto del principio di riservatezza. Queste informazioni vengono conservate per 60 giorni contro eventuali contestazioni ai prelievi dalla carta di credito e poi vengono distrutte. Se sulla tua carta viene prelevato un importo diverso da quello indicato sul modulo di vendita per corrispondenza da te approvato che ci invierai per il prezzo dei prodotti che hai ordinato, puoi naturalmente opporti alla banca e impedire il pagamento di tale importo , quindi non presenta rischi.<\/p><p><b>SITI WEB E APPLICAZIONI DI TERZE PARTI<\/b><\/p><p>Il nostro negozio pu\u00f2 fornire collegamenti ad altri siti all&#039;interno del sito web. La nostra azienda non si assume alcuna responsabilit\u00e0 per le pratiche sulla privacy e il contenuto dei siti a cui si accede tramite questi collegamenti. Gli annunci pubblicati sul sito della nostra azienda vengono distribuiti ai nostri utenti tramite i nostri partner commerciali pubblicitari. I principi dell&#039;informativa sulla privacy contenuti nel presente accordo si applicano solo all&#039;uso del nostro Negozio e non coprono i siti Web di terzi.<\/p><p><b>CASI ECCEZIONALI<\/b><\/p><p>Nei casi limitati specificati di seguito, la nostra Societ\u00e0 pu\u00f2 divulgare le informazioni dell&#039;utente a terzi al di fuori delle disposizioni della presente &quot;Informativa sulla privacy&quot;. Queste situazioni sono in numero limitato;<\/p><p>1. Per ottemperare agli obblighi imposti dalle norme di legge emanate e vigenti dall&#039;Autorit\u00e0 Giudiziaria competente, quali Legge, Decreti Legge, Regolamento, ecc.;<\/p><p>2. Al fine di soddisfare i requisiti del &quot;Contratto di adesione&quot; e di altri accordi conclusi dal nostro negozio con gli utenti e di metterli in pratica; Privacy e sicurezza.<\/p><p>3. Richiedere informazioni sugli utenti ai fini dello svolgimento di ricerche o indagini debitamente svolte dall&#039;autorit\u00e0 amministrativa e giudiziaria competente;<\/p><p>4. Nei casi in cui sia necessario fornire informazioni per proteggere i diritti o la sicurezza degli utenti.<\/p><p><b>SICUREZZA DELLA POSTA ELETTRONICA<\/b><\/p><p>Non includere mai il numero della tua carta di credito o le password nelle e-mail che invii al Servizio Clienti del nostro negozio in merito ai tuoi ordini. Le informazioni contenute nelle e-mail potrebbero essere visualizzate da terzi. La nostra azienda non pu\u00f2 garantire in nessun caso la sicurezza delle informazioni trasferite dalle vostre e-mail.<\/p><p><b>COOKIE DEL BROWSER<\/b><\/p><p>La nostra azienda pu\u00f2 ottenere informazioni sugli utenti che visitano il nostro negozio e sul loro utilizzo del sito web utilizzando un file di comunicazione tecnica (Cookie). I file di comunicazione tecnica in questione sono piccoli file di testo che un sito web invia al browser dell&#039;utente per essere archiviati nella memoria principale. Il file di comunicazione tecnica facilita l&#039;uso di Internet memorizzando lo stato e le preferenze sul sito.<\/p><p>Il file di comunicazione tecnica aiuta a ottenere informazioni statistiche su quante persone visitano il sito, per quale scopo, quante volte una persona visita il sito e per quanto tempo rimane sul sito, e a produrre dinamicamente pubblicit\u00e0 e contenuti da pagine utente appositamente progettate per gli utenti. Il file di comunicazione tecnica non \u00e8 progettato per recuperare dati o altre informazioni personali dalla memoria principale o dalla tua posta elettronica. La maggior parte dei browser sono inizialmente progettati per accettare file di comunicazione tecnica, ma gli utenti possono modificare le impostazioni in modo che il file di comunicazione tecnica non venga ricevuto o venga visualizzato un avviso quando viene inviato il file di comunicazione tecnica.<\/p><p>La nostra azienda potr\u00e0 modificare le disposizioni della presente \u201cPrivacy Policy\u201d in qualsiasi momento pubblicandola sul sito o inviando e-mail agli utenti o pubblicandola sul sito. Se le disposizioni della Privacy Policy cambiano, entreranno in vigore alla data di pubblicazione.<\/p><p>Per qualsiasi domanda e suggerimento riguardante la nostra politica sulla privacy, puoi inviare un&#039;e-mail a info@zarencosmetic.com. Puoi contattare la nostra azienda dalle informazioni di contatto riportate di seguito. Privacy e sicurezza.<\/p><p>Nome dell&#039;azienda: ZAREN COSMETICS<br \/>Indirizzo: Atak\u00f6y 7. \u2013 8. \u2013 9. \u2013 10. Sezione Istanbul<br \/>E-mail: info@zarencosmetic.com<br \/>Tel: 08503800101<\/p>\t\t\t\t\t\t\t\t<\/div>\n\t\t\t\t<\/div>\n\t\t\t\t\t<\/div>\n\t\t<\/div>\n\t\t\t\t\t<\/div>\n\t\t<\/section>\n\t\t\t\t\t<\/div>\n\t\t<\/div>\n\t\t\t\t\t<\/div>\n\t\t<\/section>\n\t\t\t\t<\/div>","protected":false},"excerpt":{"rendered":"<p>Privacy and Security Policy Privacy and Security . All services provided in our store and ZAREN COSMET\u0130C, registered at the address of Atak\u00f6y 7. \u2013 8. \u2013 9. \u2013 10. Part Istanbul, belong to and are operated by our company. Our company may collect personal data for various purposes. Below, it is stated how and [&hellip;]<\/p>","protected":false},"author":1,"featured_media":0,"parent":0,"menu_order":0,"comment_status":"closed","ping_status":"closed","template":"elementor_header_footer","meta":{"footnotes":""},"class_list":["post-570","page","type-page","status-publish","hentry"],"yoast_head":"<!-- This site is optimized with the Yoast SEO plugin v26.2 - https:\/\/yoast.com\/wordpress\/plugins\/seo\/ -->\n<title>Privacy and Security Policy - Ni\u015fanta\u015f\u0131 Cosmetic<\/title>\n<meta name=\"description\" content=\"You can read and follow Ni\u015fanta\u015f\u0131 Cosmetic&#039;s entire Privacy and Security Policy here. All products are under guarantee.\" \/>\n<meta name=\"robots\" content=\"index, follow, max-snippet:-1, max-image-preview:large, max-video-preview:-1\" \/>\n<link rel=\"canonical\" href=\"https:\/\/nisantasicosmetic.com\/it\/politica-sulla-privacy-e-sulla-sicurezza\/?wmc-currency=EUR\" \/>\n<meta property=\"og:locale\" content=\"it_IT\" \/>\n<meta property=\"og:type\" content=\"article\" \/>\n<meta property=\"og:title\" content=\"Privacy and Security Policy - Ni\u015fanta\u015f\u0131 Cosmetic\" \/>\n<meta property=\"og:description\" content=\"You can read and follow Ni\u015fanta\u015f\u0131 Cosmetic&#039;s entire Privacy and Security Policy here. All products are under guarantee.\" \/>\n<meta property=\"og:url\" content=\"https:\/\/nisantasicosmetic.com\/it\/politica-sulla-privacy-e-sulla-sicurezza\/?wmc-currency=EUR\" \/>\n<meta property=\"og:site_name\" content=\"Ni\u015fanta\u015f\u0131 Cosmetic\" \/>\n<meta property=\"article:modified_time\" content=\"2025-01-21T13:09:24+00:00\" \/>\n<meta name=\"twitter:card\" content=\"summary_large_image\" \/>\n<meta name=\"twitter:label1\" content=\"Tempo di lettura stimato\" \/>\n\t<meta name=\"twitter:data1\" content=\"10 minuti\" \/>\n<script type=\"application\/ld+json\" class=\"yoast-schema-graph\">{\"@context\":\"https:\/\/schema.org\",\"@graph\":[{\"@type\":\"WebPage\",\"@id\":\"https:\/\/nisantasicosmetic.com\/privacy-and-security-policy\/\",\"url\":\"https:\/\/nisantasicosmetic.com\/privacy-and-security-policy\/\",\"name\":\"Privacy and Security Policy - Ni\u015fanta\u015f\u0131 Cosmetic\",\"isPartOf\":{\"@id\":\"https:\/\/nisantasicosmetic.com\/#website\"},\"datePublished\":\"2024-06-05T06:51:53+00:00\",\"dateModified\":\"2025-01-21T13:09:24+00:00\",\"description\":\"You can read and follow Ni\u015fanta\u015f\u0131 Cosmetic's entire Privacy and Security Policy here. All products are under guarantee.\",\"breadcrumb\":{\"@id\":\"https:\/\/nisantasicosmetic.com\/privacy-and-security-policy\/#breadcrumb\"},\"inLanguage\":\"it-IT\",\"potentialAction\":[{\"@type\":\"ReadAction\",\"target\":[\"https:\/\/nisantasicosmetic.com\/privacy-and-security-policy\/\"]}]},{\"@type\":\"BreadcrumbList\",\"@id\":\"https:\/\/nisantasicosmetic.com\/privacy-and-security-policy\/#breadcrumb\",\"itemListElement\":[{\"@type\":\"ListItem\",\"position\":1,\"name\":\"Anasayfa\",\"item\":\"https:\/\/nisantasicosmetic.com\/\"},{\"@type\":\"ListItem\",\"position\":2,\"name\":\"Privacy and Security Policy\"}]},{\"@type\":\"WebSite\",\"@id\":\"https:\/\/nisantasicosmetic.com\/#website\",\"url\":\"https:\/\/nisantasicosmetic.com\/\",\"name\":\"Ni\u015fanta\u015f\u0131 Kozmetik\",\"description\":\"\",\"publisher\":{\"@id\":\"https:\/\/nisantasicosmetic.com\/#organization\"},\"potentialAction\":[{\"@type\":\"SearchAction\",\"target\":{\"@type\":\"EntryPoint\",\"urlTemplate\":\"https:\/\/nisantasicosmetic.com\/?s={search_term_string}\"},\"query-input\":{\"@type\":\"PropertyValueSpecification\",\"valueRequired\":true,\"valueName\":\"search_term_string\"}}],\"inLanguage\":\"it-IT\"},{\"@type\":\"Organization\",\"@id\":\"https:\/\/nisantasicosmetic.com\/#organization\",\"name\":\"Ni\u015fanta\u015f\u0131 Kozmetik\",\"url\":\"https:\/\/nisantasicosmetic.com\/\",\"logo\":{\"@type\":\"ImageObject\",\"inLanguage\":\"it-IT\",\"@id\":\"https:\/\/nisantasicosmetic.com\/#\/schema\/logo\/image\/\",\"url\":\"https:\/\/nisantasicosmetic.com\/wp-content\/uploads\/2024\/06\/Nisantasi-Cosmetic-Logo.png\",\"contentUrl\":\"https:\/\/nisantasicosmetic.com\/wp-content\/uploads\/2024\/06\/Nisantasi-Cosmetic-Logo.png\",\"width\":1080,\"height\":216,\"caption\":\"Ni\u015fanta\u015f\u0131 Kozmetik\"},\"image\":{\"@id\":\"https:\/\/nisantasicosmetic.com\/#\/schema\/logo\/image\/\"}}]}<\/script>\n<!-- \/ Yoast SEO plugin. -->","yoast_head_json":{"title":"Privacy and Security Policy - Ni\u015fanta\u015f\u0131 Cosmetic","description":"You can read and follow Ni\u015fanta\u015f\u0131 Cosmetic's entire Privacy and Security Policy here. All products are under guarantee.","robots":{"index":"index","follow":"follow","max-snippet":"max-snippet:-1","max-image-preview":"max-image-preview:large","max-video-preview":"max-video-preview:-1"},"canonical":"https:\/\/nisantasicosmetic.com\/it\/politica-sulla-privacy-e-sulla-sicurezza\/?wmc-currency=EUR","og_locale":"it_IT","og_type":"article","og_title":"Privacy and Security Policy - Ni\u015fanta\u015f\u0131 Cosmetic","og_description":"You can read and follow Ni\u015fanta\u015f\u0131 Cosmetic's entire Privacy and Security Policy here. All products are under guarantee.","og_url":"https:\/\/nisantasicosmetic.com\/it\/politica-sulla-privacy-e-sulla-sicurezza\/?wmc-currency=EUR","og_site_name":"Ni\u015fanta\u015f\u0131 Cosmetic","article_modified_time":"2025-01-21T13:09:24+00:00","twitter_card":"summary_large_image","twitter_misc":{"Tempo di lettura stimato":"10 minuti"},"schema":{"@context":"https:\/\/schema.org","@graph":[{"@type":"WebPage","@id":"https:\/\/nisantasicosmetic.com\/privacy-and-security-policy\/","url":"https:\/\/nisantasicosmetic.com\/privacy-and-security-policy\/","name":"Privacy and Security Policy - Ni\u015fanta\u015f\u0131 Cosmetic","isPartOf":{"@id":"https:\/\/nisantasicosmetic.com\/#website"},"datePublished":"2024-06-05T06:51:53+00:00","dateModified":"2025-01-21T13:09:24+00:00","description":"You can read and follow Ni\u015fanta\u015f\u0131 Cosmetic's entire Privacy and Security Policy here. All products are under guarantee.","breadcrumb":{"@id":"https:\/\/nisantasicosmetic.com\/privacy-and-security-policy\/#breadcrumb"},"inLanguage":"it-IT","potentialAction":[{"@type":"ReadAction","target":["https:\/\/nisantasicosmetic.com\/privacy-and-security-policy\/"]}]},{"@type":"BreadcrumbList","@id":"https:\/\/nisantasicosmetic.com\/privacy-and-security-policy\/#breadcrumb","itemListElement":[{"@type":"ListItem","position":1,"name":"Anasayfa","item":"https:\/\/nisantasicosmetic.com\/"},{"@type":"ListItem","position":2,"name":"Privacy and Security Policy"}]},{"@type":"WebSite","@id":"https:\/\/nisantasicosmetic.com\/#website","url":"https:\/\/nisantasicosmetic.com\/","name":"Ni\u015fanta\u015f\u0131 Kozmetik","description":"","publisher":{"@id":"https:\/\/nisantasicosmetic.com\/#organization"},"potentialAction":[{"@type":"SearchAction","target":{"@type":"EntryPoint","urlTemplate":"https:\/\/nisantasicosmetic.com\/?s={search_term_string}"},"query-input":{"@type":"PropertyValueSpecification","valueRequired":true,"valueName":"search_term_string"}}],"inLanguage":"it-IT"},{"@type":"Organization","@id":"https:\/\/nisantasicosmetic.com\/#organization","name":"Ni\u015fanta\u015f\u0131 Kozmetik","url":"https:\/\/nisantasicosmetic.com\/","logo":{"@type":"ImageObject","inLanguage":"it-IT","@id":"https:\/\/nisantasicosmetic.com\/#\/schema\/logo\/image\/","url":"https:\/\/nisantasicosmetic.com\/wp-content\/uploads\/2024\/06\/Nisantasi-Cosmetic-Logo.png","contentUrl":"https:\/\/nisantasicosmetic.com\/wp-content\/uploads\/2024\/06\/Nisantasi-Cosmetic-Logo.png","width":1080,"height":216,"caption":"Ni\u015fanta\u015f\u0131 Kozmetik"},"image":{"@id":"https:\/\/nisantasicosmetic.com\/#\/schema\/logo\/image\/"}}]}},"_links":{"self":[{"href":"https:\/\/nisantasicosmetic.com\/it\/wp-json\/wp\/v2\/pages\/570","targetHints":{"allow":["GET"]}}],"collection":[{"href":"https:\/\/nisantasicosmetic.com\/it\/wp-json\/wp\/v2\/pages"}],"about":[{"href":"https:\/\/nisantasicosmetic.com\/it\/wp-json\/wp\/v2\/types\/page"}],"author":[{"embeddable":true,"href":"https:\/\/nisantasicosmetic.com\/it\/wp-json\/wp\/v2\/users\/1"}],"replies":[{"embeddable":true,"href":"https:\/\/nisantasicosmetic.com\/it\/wp-json\/wp\/v2\/comments?post=570"}],"version-history":[{"count":3,"href":"https:\/\/nisantasicosmetic.com\/it\/wp-json\/wp\/v2\/pages\/570\/revisions"}],"predecessor-version":[{"id":1632,"href":"https:\/\/nisantasicosmetic.com\/it\/wp-json\/wp\/v2\/pages\/570\/revisions\/1632"}],"wp:attachment":[{"href":"https:\/\/nisantasicosmetic.com\/it\/wp-json\/wp\/v2\/media?parent=570"}],"curies":[{"name":"wp","href":"https:\/\/api.w.org\/{rel}","templated":true}]}}