{"id":544,"date":"2024-06-05T09:32:06","date_gmt":"2024-06-05T06:32:06","guid":{"rendered":"https:\/\/nisantasi.zarendigital.com\/?page_id=544"},"modified":"2024-06-05T17:41:53","modified_gmt":"2024-06-05T14:41:53","slug":"personal-data-protection-law-agreement","status":"publish","type":"page","link":"https:\/\/nisantasicosmetic.com\/it\/accordo-legge-sulla-protezione-dei-dati-personali\/","title":{"rendered":"Accordo sulla legge sulla protezione dei dati personali"},"content":{"rendered":"<div data-elementor-type=\"wp-page\" data-elementor-id=\"544\" class=\"elementor elementor-544\" data-elementor-post-type=\"page\">\n\t\t\t\t\t\t<section class=\"elementor-section elementor-top-section elementor-element elementor-element-1769d87 elementor-section-height-min-height elementor-section-content-middle elementor-section-boxed elementor-section-height-default elementor-section-items-middle\" data-id=\"1769d87\" data-element_type=\"section\">\n\t\t\t\t\t\t<div class=\"elementor-container elementor-column-gap-default\">\n\t\t\t\t\t<div class=\"elementor-column elementor-col-100 elementor-top-column elementor-element elementor-element-5f039fa\" data-id=\"5f039fa\" data-element_type=\"column\">\n\t\t\t<div class=\"elementor-widget-wrap elementor-element-populated\">\n\t\t\t\t\t\t<section class=\"elementor-section elementor-inner-section elementor-element elementor-element-b01a4cc elementor-section-content-middle elementor-section-boxed elementor-section-height-default elementor-section-height-default\" data-id=\"b01a4cc\" data-element_type=\"section\">\n\t\t\t\t\t\t<div class=\"elementor-container elementor-column-gap-default\">\n\t\t\t\t\t<div class=\"elementor-column elementor-col-100 elementor-inner-column elementor-element elementor-element-cd4178e\" data-id=\"cd4178e\" data-element_type=\"column\">\n\t\t\t<div class=\"elementor-widget-wrap elementor-element-populated\">\n\t\t\t\t\t\t<div class=\"elementor-element elementor-element-5910c5e elementor-widget elementor-widget-heading\" data-id=\"5910c5e\" data-element_type=\"widget\" data-widget_type=\"heading.default\">\n\t\t\t\t<div class=\"elementor-widget-container\">\n\t\t\t\t\t<h2 class=\"elementor-heading-title elementor-size-default\">Accordo sulla legge sulla protezione dei dati personali<\/h2>\t\t\t\t<\/div>\n\t\t\t\t<\/div>\n\t\t\t\t<div class=\"elementor-element elementor-element-c566768 elementor-widget elementor-widget-woocommerce-breadcrumb\" data-id=\"c566768\" data-element_type=\"widget\" data-widget_type=\"woocommerce-breadcrumb.default\">\n\t\t\t\t<div class=\"elementor-widget-container\">\n\t\t\t\t\t<nav class=\"woocommerce-breadcrumb\" aria-label=\"Breadcrumb\" data-no-translation=\"\" data-trp-gettext=\"\">Casa<\/nav>\t\t\t\t<\/div>\n\t\t\t\t<\/div>\n\t\t\t\t\t<\/div>\n\t\t<\/div>\n\t\t\t\t\t<\/div>\n\t\t<\/section>\n\t\t\t\t\t<\/div>\n\t\t<\/div>\n\t\t\t\t\t<\/div>\n\t\t<\/section>\n\t\t\t\t<section class=\"elementor-section elementor-top-section elementor-element elementor-element-582af76 elementor-section-content-middle elementor-section-boxed elementor-section-height-default elementor-section-height-default\" data-id=\"582af76\" data-element_type=\"section\">\n\t\t\t\t\t\t<div class=\"elementor-container elementor-column-gap-default\">\n\t\t\t\t\t<div class=\"elementor-column elementor-col-100 elementor-top-column elementor-element elementor-element-d649a91\" data-id=\"d649a91\" data-element_type=\"column\">\n\t\t\t<div class=\"elementor-widget-wrap elementor-element-populated\">\n\t\t\t\t\t\t<div class=\"elementor-element elementor-element-3c69c8b elementor-widget elementor-widget-spacer\" data-id=\"3c69c8b\" data-element_type=\"widget\" data-widget_type=\"spacer.default\">\n\t\t\t\t<div class=\"elementor-widget-container\">\n\t\t\t\t\t\t\t<div class=\"elementor-spacer\">\n\t\t\t<div class=\"elementor-spacer-inner\"><\/div>\n\t\t<\/div>\n\t\t\t\t\t\t<\/div>\n\t\t\t\t<\/div>\n\t\t\t\t\t<\/div>\n\t\t<\/div>\n\t\t\t\t\t<\/div>\n\t\t<\/section>\n\t\t\t\t<section class=\"elementor-section elementor-top-section elementor-element elementor-element-ed5e0dd elementor-section-content-middle elementor-section-boxed elementor-section-height-default elementor-section-height-default\" data-id=\"ed5e0dd\" data-element_type=\"section\">\n\t\t\t\t\t\t<div class=\"elementor-container elementor-column-gap-default\">\n\t\t\t\t\t<div class=\"elementor-column elementor-col-100 elementor-top-column elementor-element elementor-element-63cbb73\" data-id=\"63cbb73\" data-element_type=\"column\">\n\t\t\t<div class=\"elementor-widget-wrap elementor-element-populated\">\n\t\t\t\t\t\t<section class=\"elementor-section elementor-inner-section elementor-element elementor-element-34fdd35 elementor-section-content-middle elementor-section-boxed elementor-section-height-default elementor-section-height-default\" data-id=\"34fdd35\" data-element_type=\"section\">\n\t\t\t\t\t\t<div class=\"elementor-container elementor-column-gap-default\">\n\t\t\t\t\t<div class=\"elementor-column elementor-col-100 elementor-inner-column elementor-element elementor-element-ad730be\" data-id=\"ad730be\" data-element_type=\"column\">\n\t\t\t<div class=\"elementor-widget-wrap elementor-element-populated\">\n\t\t\t\t\t\t<div class=\"elementor-element elementor-element-09705db elementor-widget elementor-widget-text-editor\" data-id=\"09705db\" data-element_type=\"widget\" data-widget_type=\"text-editor.default\">\n\t\t\t\t<div class=\"elementor-widget-container\">\n\t\t\t\t\t\t\t\t\t<p>Nell&#039;Accordo sulla legge sulla protezione dei dati personali, i principi relativi al trattamento dei dati personali da parte del titolare del trattamento dei dati Private \u00dcsk\u00fcdar American Academy (&quot;Istituzione&quot;), in conformit\u00e0 con la legge sulla protezione dei dati personali n. 6698 (&quot;Legge&quot;) e la legislazione pertinente , sono indicati di seguito.<\/p><ul><li><b>Titolare e Rappresentante del trattamento<\/b><\/li><\/ul><p>I tuoi dati personali sono trattati dal titolare del trattamento \u00dcsk\u00fcdar American Academy in conformit\u00e0 con i requisiti della tecnologia attuale, nelle procedure specificate di seguito.<\/p><ul><li><b>Finalit\u00e0 e motivi giuridici del trattamento dei dati personali<\/b><\/li><\/ul><p>Tutte le informazioni raccolte in tutte le transazioni da svolgersi nell&#039;ambito delle attivit\u00e0 di istruzione e formazione sono trattate per essere utilizzate nei processi dei servizi di istruzione e formazione e per lo svolgimento delle attivit\u00e0 dell&#039;Istituzione in conformit\u00e0 alla legge. L&#039;ambito di queste attivit\u00e0 comprende il lavoro delle unit\u00e0 aziendali, la regolamentazione delle politiche commerciali e sociali, la garanzia del funzionamento aziendale, la garanzia della sicurezza dei dati e la gestione dei processi delle risorse umane.<\/p><ul><li><b>Luoghi in cui vengono trasferiti i dati personali trattati e finalit\u00e0 del trasferimento<\/b><\/li><\/ul><p>I dati possono essere trasferiti a istituzioni della Fondazione Salute ed Educazione, associazioni di ex studenti, partner commerciali, fornitori, subappaltatori e, eccezionalmente, privati, nell&#039;ambito del servizio di istruzione e formazione richiesto, in conformit\u00e0 con la Legge. Lo scopo del trattamento dei dati personali e lo scopo del trasferimento dei dati sono paralleli.<\/p><ul><li><b>Modalit\u00e0 di raccolta e motivo legale dei dati personali<\/b><\/li><\/ul><p>I tuoi dati personali vengono raccolti dalla nostra Istituzione attraverso varie modalit\u00e0, in particolare all&#039;interno delle reti dell&#039;Istituzione, su supporti scritti ed elettronici, al fine di svolgere le nostre attivit\u00e0 di istruzione e formazione. I tuoi dati personali potranno essere trattati e trasferiti per le finalit\u00e0 specificate nella presente Informativa nel rispetto dei principi fondamentali, delle condizioni di trattamento dei dati e delle eccezioni previste dalla Legge.<\/p><ul><li><b>Modalit\u00e0 per rivolgersi al Responsabile del trattamento e al Titolare del trattamento<\/b><\/li><\/ul><p>Ai sensi dell&#039;articolo 11 della Legge, richiedendo al nostro Ente i Suoi dati personali; a) sapere se i dati sono stati trattati, b) richiedere informazioni se sono stati trattati, c) conoscere le finalit\u00e0 del trattamento e se \u00e8 utilizzato in conformit\u00e0 allo scopo, d) conoscere i soggetti ai quali sono stati trattati sono stati trasferiti nel territorio nazionale\/all&#039;estero, e) chiedere la rettifica qualora siano stati trattati in modo incompleto\/errato, f) per rispettare la Legge. Richiederne la cancellazione\/distruzione nel quadro delle condizioni previste all&#039;articolo 7, g) Richiedere che le operazioni effettuate ai sensi delle clausole (e) e (f) di cui sopra siano comunicate ai terzi ai quali \u00e8 stato trasferito, h ) Obiettare ad un risultato a tuo sfavore perch\u00e9 analizzato esclusivamente da sistemi automatici. , i) Se subisci un danno a causa di un trattamento illecito, hai il diritto di chiedere il risarcimento del danno.<\/p><ul><li><b>Puoi indirizzarci le tue informazioni e richieste di candidatura utilizzando il modulo di domanda nel link sottostante.<\/b><\/li><\/ul><p>La nostra istituzione finalizza le vostre richieste gratuitamente nel pi\u00f9 breve tempo possibile e al massimo entro trenta giorni, a seconda della natura della richiesta. Tuttavia, se la transazione richiede un costo aggiuntivo, potrebbe essere addebitata una commissione. La nostra istituzione pu\u00f2 accettare la richiesta ed elaborarla, oppure pu\u00f2 respingere la richiesta per iscritto, spiegandone il motivo.<\/p><ul><li><b>I tuoi diritti riguardo al trattamento dei dati<\/b><\/li><\/ul><p>Nei casi in cui la domanda presentata seguendo la suddetta procedura viene respinta, la risposta risulta insufficiente, ovvero la domanda non riceve risposta in tempo utile; Il diritto di proporre reclamo al Garante per la Protezione dei Dati Personali (\u201cOrganismo\u201d) \u00e8 esercitabile entro trenta giorni dalla notifica del riscontro e, in ogni caso, entro sessanta giorni dalla data del ricorso. Tuttavia, non \u00e8 possibile proporre reclamo senza esaurire il rimedio.<\/p><p>A seguito di denuncia o di notizia di presunta violazione, il Consiglio, d&#039;ufficio, svolge gli accertamenti necessari per le materie di sua competenza. A seguito di reclamo, il Collegio esamina la richiesta e fornisce risposta agli interessati. Se non viene data risposta entro sessanta giorni dalla data del reclamo, la richiesta si intende respinta. Se all&#039;esito del reclamo o dell&#039;accertamento d&#039;ufficio risulta che sussiste una violazione, il Collegio decide che l&#039;illegittimit\u00e0 rilevata sar\u00e0 sanata dal titolare del trattamento e ne d\u00e0 comunicazione ai soggetti interessati. Tale decisione sar\u00e0 attuata senza indugio e al pi\u00f9 tardi entro trenta giorni dalla notifica. Il Consiglio potr\u00e0 decidere di interrompere il trattamento o il trasferimento dei dati all&#039;estero in caso di danno irreparabile o impossibile e qualora sussista una palese violazione di legge.<\/p><p>La ringraziamo per la fiducia accordataci, precisando che i suoi dati sono attentamente tutelati dal nostro Ente.<\/p>\t\t\t\t\t\t\t\t<\/div>\n\t\t\t\t<\/div>\n\t\t\t\t\t<\/div>\n\t\t<\/div>\n\t\t\t\t\t<\/div>\n\t\t<\/section>\n\t\t\t\t\t<\/div>\n\t\t<\/div>\n\t\t\t\t\t<\/div>\n\t\t<\/section>\n\t\t\t\t<\/div>","protected":false},"excerpt":{"rendered":"<p>Personal Data Protection Law Agreement In the Personal Data Protection Law Agreement, the principles regarding the processing of your personal data by the data controller Private \u00dcsk\u00fcdar American Academy (&#8220;Institution&#8221;), in accordance with the Personal Data Protection Law No. 6698 (&#8220;Law&#8221;) and relevant legislation, are stated below. Data Controller and Representative Your personal data is [&hellip;]<\/p>","protected":false},"author":1,"featured_media":0,"parent":0,"menu_order":0,"comment_status":"closed","ping_status":"closed","template":"elementor_header_footer","meta":{"footnotes":""},"class_list":["post-544","page","type-page","status-publish","hentry"],"yoast_head":"<!-- This site is optimized with the Yoast SEO plugin v26.2 - https:\/\/yoast.com\/wordpress\/plugins\/seo\/ -->\n<title>Personal Data Protection Law Agreement - Ni\u015fanta\u015f\u0131 Cosmetic<\/title>\n<meta name=\"description\" content=\"Personal Data Protection Law Agreement\" \/>\n<meta name=\"robots\" content=\"index, follow, max-snippet:-1, max-image-preview:large, max-video-preview:-1\" \/>\n<link rel=\"canonical\" href=\"https:\/\/nisantasicosmetic.com\/it\/accordo-legge-sulla-protezione-dei-dati-personali\/?wmc-currency=EUR\" \/>\n<meta property=\"og:locale\" content=\"it_IT\" \/>\n<meta property=\"og:type\" content=\"article\" \/>\n<meta property=\"og:title\" content=\"Personal Data Protection Law Agreement - Ni\u015fanta\u015f\u0131 Cosmetic\" \/>\n<meta property=\"og:description\" content=\"Personal Data Protection Law Agreement\" \/>\n<meta property=\"og:url\" content=\"https:\/\/nisantasicosmetic.com\/it\/accordo-legge-sulla-protezione-dei-dati-personali\/?wmc-currency=EUR\" \/>\n<meta property=\"og:site_name\" content=\"Ni\u015fanta\u015f\u0131 Cosmetic\" \/>\n<meta property=\"article:modified_time\" content=\"2024-06-05T14:41:53+00:00\" \/>\n<meta name=\"twitter:card\" content=\"summary_large_image\" \/>\n<meta name=\"twitter:label1\" content=\"Tempo di lettura stimato\" \/>\n\t<meta name=\"twitter:data1\" content=\"5 minuti\" \/>\n<script type=\"application\/ld+json\" class=\"yoast-schema-graph\">{\"@context\":\"https:\/\/schema.org\",\"@graph\":[{\"@type\":\"WebPage\",\"@id\":\"https:\/\/nisantasicosmetic.com\/personal-data-protection-law-agreement\/\",\"url\":\"https:\/\/nisantasicosmetic.com\/personal-data-protection-law-agreement\/\",\"name\":\"Personal Data Protection Law Agreement - Ni\u015fanta\u015f\u0131 Cosmetic\",\"isPartOf\":{\"@id\":\"https:\/\/nisantasicosmetic.com\/#website\"},\"datePublished\":\"2024-06-05T06:32:06+00:00\",\"dateModified\":\"2024-06-05T14:41:53+00:00\",\"description\":\"Personal Data Protection Law Agreement\",\"breadcrumb\":{\"@id\":\"https:\/\/nisantasicosmetic.com\/personal-data-protection-law-agreement\/#breadcrumb\"},\"inLanguage\":\"it-IT\",\"potentialAction\":[{\"@type\":\"ReadAction\",\"target\":[\"https:\/\/nisantasicosmetic.com\/personal-data-protection-law-agreement\/\"]}]},{\"@type\":\"BreadcrumbList\",\"@id\":\"https:\/\/nisantasicosmetic.com\/personal-data-protection-law-agreement\/#breadcrumb\",\"itemListElement\":[{\"@type\":\"ListItem\",\"position\":1,\"name\":\"Anasayfa\",\"item\":\"https:\/\/nisantasicosmetic.com\/\"},{\"@type\":\"ListItem\",\"position\":2,\"name\":\"Personal Data Protection Law Agreement\"}]},{\"@type\":\"WebSite\",\"@id\":\"https:\/\/nisantasicosmetic.com\/#website\",\"url\":\"https:\/\/nisantasicosmetic.com\/\",\"name\":\"Ni\u015fanta\u015f\u0131 Kozmetik\",\"description\":\"\",\"publisher\":{\"@id\":\"https:\/\/nisantasicosmetic.com\/#organization\"},\"potentialAction\":[{\"@type\":\"SearchAction\",\"target\":{\"@type\":\"EntryPoint\",\"urlTemplate\":\"https:\/\/nisantasicosmetic.com\/?s={search_term_string}\"},\"query-input\":{\"@type\":\"PropertyValueSpecification\",\"valueRequired\":true,\"valueName\":\"search_term_string\"}}],\"inLanguage\":\"it-IT\"},{\"@type\":\"Organization\",\"@id\":\"https:\/\/nisantasicosmetic.com\/#organization\",\"name\":\"Ni\u015fanta\u015f\u0131 Kozmetik\",\"url\":\"https:\/\/nisantasicosmetic.com\/\",\"logo\":{\"@type\":\"ImageObject\",\"inLanguage\":\"it-IT\",\"@id\":\"https:\/\/nisantasicosmetic.com\/#\/schema\/logo\/image\/\",\"url\":\"https:\/\/nisantasicosmetic.com\/wp-content\/uploads\/2024\/06\/Nisantasi-Cosmetic-Logo.png\",\"contentUrl\":\"https:\/\/nisantasicosmetic.com\/wp-content\/uploads\/2024\/06\/Nisantasi-Cosmetic-Logo.png\",\"width\":1080,\"height\":216,\"caption\":\"Ni\u015fanta\u015f\u0131 Kozmetik\"},\"image\":{\"@id\":\"https:\/\/nisantasicosmetic.com\/#\/schema\/logo\/image\/\"}}]}<\/script>\n<!-- \/ Yoast SEO plugin. -->","yoast_head_json":{"title":"Personal Data Protection Law Agreement - Ni\u015fanta\u015f\u0131 Cosmetic","description":"Personal Data Protection Law Agreement","robots":{"index":"index","follow":"follow","max-snippet":"max-snippet:-1","max-image-preview":"max-image-preview:large","max-video-preview":"max-video-preview:-1"},"canonical":"https:\/\/nisantasicosmetic.com\/it\/accordo-legge-sulla-protezione-dei-dati-personali\/?wmc-currency=EUR","og_locale":"it_IT","og_type":"article","og_title":"Personal Data Protection Law Agreement - Ni\u015fanta\u015f\u0131 Cosmetic","og_description":"Personal Data Protection Law Agreement","og_url":"https:\/\/nisantasicosmetic.com\/it\/accordo-legge-sulla-protezione-dei-dati-personali\/?wmc-currency=EUR","og_site_name":"Ni\u015fanta\u015f\u0131 Cosmetic","article_modified_time":"2024-06-05T14:41:53+00:00","twitter_card":"summary_large_image","twitter_misc":{"Tempo di lettura stimato":"5 minuti"},"schema":{"@context":"https:\/\/schema.org","@graph":[{"@type":"WebPage","@id":"https:\/\/nisantasicosmetic.com\/personal-data-protection-law-agreement\/","url":"https:\/\/nisantasicosmetic.com\/personal-data-protection-law-agreement\/","name":"Personal Data Protection Law Agreement - Ni\u015fanta\u015f\u0131 Cosmetic","isPartOf":{"@id":"https:\/\/nisantasicosmetic.com\/#website"},"datePublished":"2024-06-05T06:32:06+00:00","dateModified":"2024-06-05T14:41:53+00:00","description":"Personal Data Protection Law Agreement","breadcrumb":{"@id":"https:\/\/nisantasicosmetic.com\/personal-data-protection-law-agreement\/#breadcrumb"},"inLanguage":"it-IT","potentialAction":[{"@type":"ReadAction","target":["https:\/\/nisantasicosmetic.com\/personal-data-protection-law-agreement\/"]}]},{"@type":"BreadcrumbList","@id":"https:\/\/nisantasicosmetic.com\/personal-data-protection-law-agreement\/#breadcrumb","itemListElement":[{"@type":"ListItem","position":1,"name":"Anasayfa","item":"https:\/\/nisantasicosmetic.com\/"},{"@type":"ListItem","position":2,"name":"Personal Data Protection Law Agreement"}]},{"@type":"WebSite","@id":"https:\/\/nisantasicosmetic.com\/#website","url":"https:\/\/nisantasicosmetic.com\/","name":"Ni\u015fanta\u015f\u0131 Kozmetik","description":"","publisher":{"@id":"https:\/\/nisantasicosmetic.com\/#organization"},"potentialAction":[{"@type":"SearchAction","target":{"@type":"EntryPoint","urlTemplate":"https:\/\/nisantasicosmetic.com\/?s={search_term_string}"},"query-input":{"@type":"PropertyValueSpecification","valueRequired":true,"valueName":"search_term_string"}}],"inLanguage":"it-IT"},{"@type":"Organization","@id":"https:\/\/nisantasicosmetic.com\/#organization","name":"Ni\u015fanta\u015f\u0131 Kozmetik","url":"https:\/\/nisantasicosmetic.com\/","logo":{"@type":"ImageObject","inLanguage":"it-IT","@id":"https:\/\/nisantasicosmetic.com\/#\/schema\/logo\/image\/","url":"https:\/\/nisantasicosmetic.com\/wp-content\/uploads\/2024\/06\/Nisantasi-Cosmetic-Logo.png","contentUrl":"https:\/\/nisantasicosmetic.com\/wp-content\/uploads\/2024\/06\/Nisantasi-Cosmetic-Logo.png","width":1080,"height":216,"caption":"Ni\u015fanta\u015f\u0131 Kozmetik"},"image":{"@id":"https:\/\/nisantasicosmetic.com\/#\/schema\/logo\/image\/"}}]}},"_links":{"self":[{"href":"https:\/\/nisantasicosmetic.com\/it\/wp-json\/wp\/v2\/pages\/544","targetHints":{"allow":["GET"]}}],"collection":[{"href":"https:\/\/nisantasicosmetic.com\/it\/wp-json\/wp\/v2\/pages"}],"about":[{"href":"https:\/\/nisantasicosmetic.com\/it\/wp-json\/wp\/v2\/types\/page"}],"author":[{"embeddable":true,"href":"https:\/\/nisantasicosmetic.com\/it\/wp-json\/wp\/v2\/users\/1"}],"replies":[{"embeddable":true,"href":"https:\/\/nisantasicosmetic.com\/it\/wp-json\/wp\/v2\/comments?post=544"}],"version-history":[{"count":0,"href":"https:\/\/nisantasicosmetic.com\/it\/wp-json\/wp\/v2\/pages\/544\/revisions"}],"wp:attachment":[{"href":"https:\/\/nisantasicosmetic.com\/it\/wp-json\/wp\/v2\/media?parent=544"}],"curies":[{"name":"wp","href":"https:\/\/api.w.org\/{rel}","templated":true}]}}