{"id":331,"date":"2024-06-04T10:56:13","date_gmt":"2024-06-04T07:56:13","guid":{"rendered":"http:\/\/nisantasi-kozmetik.test\/?post_type=product&#038;p=331"},"modified":"2026-03-26T17:34:59","modified_gmt":"2026-03-26T14:34:59","slug":"konjac-herbal-tea","status":"publish","type":"product","link":"https:\/\/nisantasicosmetic.com\/fr\/urun\/tisane-konjac\/","title":{"rendered":"Konjac Herbal Tea"},"content":{"rendered":"<h1><strong>Quel est le contenu de la tisane de Konjac ?<\/strong><\/h1>\n<p>Konjac Herbal Tea est pr\u00e9par\u00e9 avec un m\u00e9lange soigneusement s\u00e9lectionn\u00e9 d'ingr\u00e9dients \u00e0 base de plantes tels que le th\u00e9 vert, le gombo, l'avoine, la cannelle, le clou de girofle, la racine de r\u00e9glisse et l'\u00e9corce de citron.<\/p>\n<h2><strong>Comment utiliser la tisane de Konjac ?<\/strong><\/h2>\n<p>Ajoutez un sachet de th\u00e9 \u00e0 une tasse d'eau chaude et d\u00e9gustez-le tout au long de la journ\u00e9e.<\/p>","protected":false},"excerpt":{"rendered":"<section class=\"text-token-text-primary w-full focus:outline-none [--shadow-height:45px] has-data-writing-block:pointer-events-none has-data-writing-block:-mt-(--shadow-height) has-data-writing-block:pt-(--shadow-height) [&amp;:has([data-writing-block])&gt;*]:pointer-events-auto scroll-mt-(--header-height)\" dir=\"auto\" data-turn-id=\"417f3541-2e7c-451c-9134-a33de82456de\" data-testid=\"conversation-turn-5\" data-scroll-anchor=\"false\" data-turn=\"user\"><\/section>\n<section class=\"text-token-text-primary w-full focus:outline-none [--shadow-height:45px] has-data-writing-block:pointer-events-none has-data-writing-block:-mt-(--shadow-height) has-data-writing-block:pt-(--shadow-height) [&amp;:has([data-writing-block])&gt;*]:pointer-events-auto scroll-mt-[calc(var(--header-height)+min(200px,max(70px,20svh)))]\" dir=\"auto\" data-turn-id=\"request-WEB:3de689ca-5a98-426c-bf48-e7b4ce771eb9-2\" data-testid=\"conversation-turn-6\" data-scroll-anchor=\"true\" data-turn=\"assistant\">\n<div class=\"text-base my-auto mx-auto pb-10 [--thread-content-margin:var(--thread-content-margin-xs,calc(var(--spacing)*4))] @w-sm\/main:[--thread-content-margin:var(--thread-content-margin-sm,calc(var(--spacing)*6))] @w-lg\/main:[--thread-content-margin:var(--thread-content-margin-lg,calc(var(--spacing)*16))] px-(--thread-content-margin)\">\n<div class=\"[--thread-content-max-width:40rem] @w-lg\/main:[--thread-content-max-width:48rem] mx-auto max-w-(--thread-content-max-width) flex-1 group\/turn-messages focus-visible:outline-hidden relative flex w-full min-w-0 flex-col agent-turn\">\n<div class=\"flex max-w-full flex-col gap-4 grow\">\n<div class=\"min-h-8 text-message relative flex w-full flex-col items-end gap-2 text-start break-words whitespace-normal outline-none keyboard-focused:focus-ring [.text-message+&amp;]:mt-1\" dir=\"auto\" tabindex=\"0\" data-message-author-role=\"assistant\" data-message-id=\"d0411f11-62a2-4b1e-ab18-e7ed1fe1878e\" data-message-model-slug=\"gpt-5-3\" data-turn-start-message=\"true\">\n<div class=\"flex w-full flex-col gap-1 empty:hidden\">\n<div class=\"markdown prose dark:prose-invert w-full wrap-break-word light markdown-new-styling\">\n<p data-start=\"0\" data-end=\"120\" data-is-last-node=\"\" data-is-only-node=\"\">Konjac Herbal Tea est une alternative de boisson \u00e0 base de plantes, dot\u00e9e d'une formule sp\u00e9ciale con\u00e7ue pour apporter l\u00e9g\u00e8ret\u00e9 et \u00e9quilibre \u00e0 votre routine quotidienne.<\/p>\n<\/div>\n<\/div>\n<\/div>\n<\/div>\n<\/div>\n<\/div>\n<\/section>","protected":false},"featured_media":1083,"comment_status":"open","ping_status":"closed","template":"","meta":[],"product_brand":[],"product_cat":[89],"product_tag":[],"class_list":{"0":"post-331","1":"product","2":"type-product","3":"status-publish","4":"has-post-thumbnail","6":"product_cat-herbal-products-products","8":"first","9":"instock","10":"sale","11":"taxable","12":"shipping-taxable","13":"purchasable","14":"product-type-simple"},"yoast_head":"<!-- This site is optimized with the Yoast SEO plugin v26.2 - https:\/\/yoast.com\/wordpress\/plugins\/seo\/ -->\n<title>Konjac Herbal Tea - Ni\u015fanta\u015f\u0131 Cosmetic<\/title>\n<meta name=\"description\" content=\"Konjac Herbal Tea is a plant-based beverage alternative formulated to bring lightness and balance to your daily routine.\" \/>\n<meta name=\"robots\" content=\"index, follow, max-snippet:-1, max-image-preview:large, max-video-preview:-1\" \/>\n<link rel=\"canonical\" href=\"https:\/\/nisantasicosmetic.com\/fr\/urun\/tisane-konjac\/?wmc-currency=EUR\" \/>\n<meta property=\"og:locale\" content=\"fr_FR\" \/>\n<meta property=\"og:type\" content=\"article\" \/>\n<meta property=\"og:title\" content=\"Konjac Herbal Tea - Ni\u015fanta\u015f\u0131 Cosmetic\" \/>\n<meta property=\"og:description\" content=\"Konjac Herbal Tea is a plant-based beverage alternative formulated to bring lightness and balance to your daily routine.\" \/>\n<meta property=\"og:url\" content=\"https:\/\/nisantasicosmetic.com\/fr\/urun\/tisane-konjac\/?wmc-currency=EUR\" \/>\n<meta property=\"og:site_name\" content=\"Ni\u015fanta\u015f\u0131 Cosmetic\" \/>\n<meta property=\"article:modified_time\" content=\"2026-03-26T14:34:59+00:00\" \/>\n<meta property=\"og:image\" content=\"https:\/\/nisantasicosmetic.com\/wp-content\/uploads\/2024\/06\/Konjac-Herbal-Tea-1-1.png\" \/>\n\t<meta property=\"og:image:width\" content=\"1000\" \/>\n\t<meta property=\"og:image:height\" content=\"1000\" \/>\n\t<meta property=\"og:image:type\" content=\"image\/png\" \/>\n<meta name=\"twitter:card\" content=\"summary_large_image\" \/>\n<meta name=\"twitter:label1\" content=\"Dur\u00e9e de lecture estim\u00e9e\" \/>\n\t<meta name=\"twitter:data1\" content=\"1 minute\" \/>\n<script type=\"application\/ld+json\" class=\"yoast-schema-graph\">{\"@context\":\"https:\/\/schema.org\",\"@graph\":[{\"@type\":\"WebPage\",\"@id\":\"https:\/\/nisantasicosmetic.com\/urun\/konjac-herbal-tea\/\",\"url\":\"https:\/\/nisantasicosmetic.com\/urun\/konjac-herbal-tea\/\",\"name\":\"Konjac Herbal Tea - Ni\u015fanta\u015f\u0131 Cosmetic\",\"isPartOf\":{\"@id\":\"https:\/\/nisantasicosmetic.com\/#website\"},\"primaryImageOfPage\":{\"@id\":\"https:\/\/nisantasicosmetic.com\/urun\/konjac-herbal-tea\/#primaryimage\"},\"image\":{\"@id\":\"https:\/\/nisantasicosmetic.com\/urun\/konjac-herbal-tea\/#primaryimage\"},\"thumbnailUrl\":\"https:\/\/nisantasicosmetic.com\/wp-content\/uploads\/2024\/06\/Konjac-Herbal-Tea-1-1.png\",\"datePublished\":\"2024-06-04T07:56:13+00:00\",\"dateModified\":\"2026-03-26T14:34:59+00:00\",\"description\":\"Konjac Herbal Tea is a plant-based beverage alternative formulated to bring lightness and balance to your daily routine.\",\"breadcrumb\":{\"@id\":\"https:\/\/nisantasicosmetic.com\/urun\/konjac-herbal-tea\/#breadcrumb\"},\"inLanguage\":\"fr-FR\",\"potentialAction\":[{\"@type\":\"ReadAction\",\"target\":[\"https:\/\/nisantasicosmetic.com\/urun\/konjac-herbal-tea\/\"]}]},{\"@type\":\"ImageObject\",\"inLanguage\":\"fr-FR\",\"@id\":\"https:\/\/nisantasicosmetic.com\/urun\/konjac-herbal-tea\/#primaryimage\",\"url\":\"https:\/\/nisantasicosmetic.com\/wp-content\/uploads\/2024\/06\/Konjac-Herbal-Tea-1-1.png\",\"contentUrl\":\"https:\/\/nisantasicosmetic.com\/wp-content\/uploads\/2024\/06\/Konjac-Herbal-Tea-1-1.png\",\"width\":1000,\"height\":1000},{\"@type\":\"BreadcrumbList\",\"@id\":\"https:\/\/nisantasicosmetic.com\/urun\/konjac-herbal-tea\/#breadcrumb\",\"itemListElement\":[{\"@type\":\"ListItem\",\"position\":1,\"name\":\"Anasayfa\",\"item\":\"https:\/\/nisantasicosmetic.com\/\"},{\"@type\":\"ListItem\",\"position\":2,\"name\":\"Produtos\",\"item\":\"https:\/\/nisantasicosmetic.com\/pt\/shop\/\"},{\"@type\":\"ListItem\",\"position\":3,\"name\":\"Konjac Herbal Tea\"}]},{\"@type\":\"WebSite\",\"@id\":\"https:\/\/nisantasicosmetic.com\/#website\",\"url\":\"https:\/\/nisantasicosmetic.com\/\",\"name\":\"Ni\u015fanta\u015f\u0131 Kozmetik\",\"description\":\"\",\"publisher\":{\"@id\":\"https:\/\/nisantasicosmetic.com\/#organization\"},\"potentialAction\":[{\"@type\":\"SearchAction\",\"target\":{\"@type\":\"EntryPoint\",\"urlTemplate\":\"https:\/\/nisantasicosmetic.com\/?s={search_term_string}\"},\"query-input\":{\"@type\":\"PropertyValueSpecification\",\"valueRequired\":true,\"valueName\":\"search_term_string\"}}],\"inLanguage\":\"fr-FR\"},{\"@type\":\"Organization\",\"@id\":\"https:\/\/nisantasicosmetic.com\/#organization\",\"name\":\"Ni\u015fanta\u015f\u0131 Kozmetik\",\"url\":\"https:\/\/nisantasicosmetic.com\/\",\"logo\":{\"@type\":\"ImageObject\",\"inLanguage\":\"fr-FR\",\"@id\":\"https:\/\/nisantasicosmetic.com\/#\/schema\/logo\/image\/\",\"url\":\"https:\/\/nisantasicosmetic.com\/wp-content\/uploads\/2024\/06\/Nisantasi-Cosmetic-Logo.png\",\"contentUrl\":\"https:\/\/nisantasicosmetic.com\/wp-content\/uploads\/2024\/06\/Nisantasi-Cosmetic-Logo.png\",\"width\":1080,\"height\":216,\"caption\":\"Ni\u015fanta\u015f\u0131 Kozmetik\"},\"image\":{\"@id\":\"https:\/\/nisantasicosmetic.com\/#\/schema\/logo\/image\/\"}}]}<\/script>\n<!-- \/ Yoast SEO plugin. -->","yoast_head_json":{"title":"Konjac Herbal Tea - Ni\u015fanta\u015f\u0131 Cosmetic","description":"Konjac Herbal Tea is a plant-based beverage alternative formulated to bring lightness and balance to your daily routine.","robots":{"index":"index","follow":"follow","max-snippet":"max-snippet:-1","max-image-preview":"max-image-preview:large","max-video-preview":"max-video-preview:-1"},"canonical":"https:\/\/nisantasicosmetic.com\/fr\/urun\/tisane-konjac\/?wmc-currency=EUR","og_locale":"fr_FR","og_type":"article","og_title":"Konjac Herbal Tea - Ni\u015fanta\u015f\u0131 Cosmetic","og_description":"Konjac Herbal Tea is a plant-based beverage alternative formulated to bring lightness and balance to your daily routine.","og_url":"https:\/\/nisantasicosmetic.com\/fr\/urun\/tisane-konjac\/?wmc-currency=EUR","og_site_name":"Ni\u015fanta\u015f\u0131 Cosmetic","article_modified_time":"2026-03-26T14:34:59+00:00","og_image":[{"width":1000,"height":1000,"url":"https:\/\/nisantasicosmetic.com\/wp-content\/uploads\/2024\/06\/Konjac-Herbal-Tea-1-1.png","type":"image\/png"}],"twitter_card":"summary_large_image","twitter_misc":{"Dur\u00e9e de lecture estim\u00e9e":"1 minute"},"schema":{"@context":"https:\/\/schema.org","@graph":[{"@type":"WebPage","@id":"https:\/\/nisantasicosmetic.com\/urun\/konjac-herbal-tea\/","url":"https:\/\/nisantasicosmetic.com\/urun\/konjac-herbal-tea\/","name":"Konjac Herbal Tea - Ni\u015fanta\u015f\u0131 Cosmetic","isPartOf":{"@id":"https:\/\/nisantasicosmetic.com\/#website"},"primaryImageOfPage":{"@id":"https:\/\/nisantasicosmetic.com\/urun\/konjac-herbal-tea\/#primaryimage"},"image":{"@id":"https:\/\/nisantasicosmetic.com\/urun\/konjac-herbal-tea\/#primaryimage"},"thumbnailUrl":"https:\/\/nisantasicosmetic.com\/wp-content\/uploads\/2024\/06\/Konjac-Herbal-Tea-1-1.png","datePublished":"2024-06-04T07:56:13+00:00","dateModified":"2026-03-26T14:34:59+00:00","description":"Konjac Herbal Tea is a plant-based beverage alternative formulated to bring lightness and balance to your daily routine.","breadcrumb":{"@id":"https:\/\/nisantasicosmetic.com\/urun\/konjac-herbal-tea\/#breadcrumb"},"inLanguage":"fr-FR","potentialAction":[{"@type":"ReadAction","target":["https:\/\/nisantasicosmetic.com\/urun\/konjac-herbal-tea\/"]}]},{"@type":"ImageObject","inLanguage":"fr-FR","@id":"https:\/\/nisantasicosmetic.com\/urun\/konjac-herbal-tea\/#primaryimage","url":"https:\/\/nisantasicosmetic.com\/wp-content\/uploads\/2024\/06\/Konjac-Herbal-Tea-1-1.png","contentUrl":"https:\/\/nisantasicosmetic.com\/wp-content\/uploads\/2024\/06\/Konjac-Herbal-Tea-1-1.png","width":1000,"height":1000},{"@type":"BreadcrumbList","@id":"https:\/\/nisantasicosmetic.com\/urun\/konjac-herbal-tea\/#breadcrumb","itemListElement":[{"@type":"ListItem","position":1,"name":"Anasayfa","item":"https:\/\/nisantasicosmetic.com\/"},{"@type":"ListItem","position":2,"name":"Produtos","item":"https:\/\/nisantasicosmetic.com\/pt\/shop\/"},{"@type":"ListItem","position":3,"name":"Konjac Herbal Tea"}]},{"@type":"WebSite","@id":"https:\/\/nisantasicosmetic.com\/#website","url":"https:\/\/nisantasicosmetic.com\/","name":"Ni\u015fanta\u015f\u0131 Kozmetik","description":"","publisher":{"@id":"https:\/\/nisantasicosmetic.com\/#organization"},"potentialAction":[{"@type":"SearchAction","target":{"@type":"EntryPoint","urlTemplate":"https:\/\/nisantasicosmetic.com\/?s={search_term_string}"},"query-input":{"@type":"PropertyValueSpecification","valueRequired":true,"valueName":"search_term_string"}}],"inLanguage":"fr-FR"},{"@type":"Organization","@id":"https:\/\/nisantasicosmetic.com\/#organization","name":"Ni\u015fanta\u015f\u0131 Kozmetik","url":"https:\/\/nisantasicosmetic.com\/","logo":{"@type":"ImageObject","inLanguage":"fr-FR","@id":"https:\/\/nisantasicosmetic.com\/#\/schema\/logo\/image\/","url":"https:\/\/nisantasicosmetic.com\/wp-content\/uploads\/2024\/06\/Nisantasi-Cosmetic-Logo.png","contentUrl":"https:\/\/nisantasicosmetic.com\/wp-content\/uploads\/2024\/06\/Nisantasi-Cosmetic-Logo.png","width":1080,"height":216,"caption":"Ni\u015fanta\u015f\u0131 Kozmetik"},"image":{"@id":"https:\/\/nisantasicosmetic.com\/#\/schema\/logo\/image\/"}}]}},"_links":{"self":[{"href":"https:\/\/nisantasicosmetic.com\/fr\/wp-json\/wp\/v2\/product\/331","targetHints":{"allow":["GET"]}}],"collection":[{"href":"https:\/\/nisantasicosmetic.com\/fr\/wp-json\/wp\/v2\/product"}],"about":[{"href":"https:\/\/nisantasicosmetic.com\/fr\/wp-json\/wp\/v2\/types\/product"}],"replies":[{"embeddable":true,"href":"https:\/\/nisantasicosmetic.com\/fr\/wp-json\/wp\/v2\/comments?post=331"}],"wp:featuredmedia":[{"embeddable":true,"href":"https:\/\/nisantasicosmetic.com\/fr\/wp-json\/wp\/v2\/media\/1083"}],"wp:attachment":[{"href":"https:\/\/nisantasicosmetic.com\/fr\/wp-json\/wp\/v2\/media?parent=331"}],"wp:term":[{"taxonomy":"product_brand","embeddable":true,"href":"https:\/\/nisantasicosmetic.com\/fr\/wp-json\/wp\/v2\/product_brand?post=331"},{"taxonomy":"product_cat","embeddable":true,"href":"https:\/\/nisantasicosmetic.com\/fr\/wp-json\/wp\/v2\/product_cat?post=331"},{"taxonomy":"product_tag","embeddable":true,"href":"https:\/\/nisantasicosmetic.com\/fr\/wp-json\/wp\/v2\/product_tag?post=331"}],"curies":[{"name":"wp","href":"https:\/\/api.w.org\/{rel}","templated":true}]}}