{"id":601,"date":"2024-06-05T10:38:45","date_gmt":"2024-06-05T07:38:45","guid":{"rendered":"https:\/\/nisantasi.zarendigital.com\/?page_id=601"},"modified":"2024-08-07T17:24:24","modified_gmt":"2024-08-07T14:24:24","slug":"payment-and-delivery","status":"publish","type":"page","link":"https:\/\/nisantasicosmetic.com\/fr\/paiement-et-livraison\/","title":{"rendered":"Paiement et livraison"},"content":{"rendered":"<div data-elementor-type=\"wp-page\" data-elementor-id=\"601\" class=\"elementor elementor-601\" data-elementor-post-type=\"page\">\n\t\t\t\t\t\t<section class=\"elementor-section elementor-top-section elementor-element elementor-element-f7d29a3 elementor-section-height-min-height elementor-section-content-middle elementor-section-boxed elementor-section-height-default elementor-section-items-middle\" data-id=\"f7d29a3\" data-element_type=\"section\">\n\t\t\t\t\t\t<div class=\"elementor-container elementor-column-gap-default\">\n\t\t\t\t\t<div class=\"elementor-column elementor-col-100 elementor-top-column elementor-element elementor-element-6b37439\" data-id=\"6b37439\" data-element_type=\"column\">\n\t\t\t<div class=\"elementor-widget-wrap elementor-element-populated\">\n\t\t\t\t\t\t<section class=\"elementor-section elementor-inner-section elementor-element elementor-element-dae98ac elementor-section-content-middle elementor-section-boxed elementor-section-height-default elementor-section-height-default\" data-id=\"dae98ac\" data-element_type=\"section\">\n\t\t\t\t\t\t<div class=\"elementor-container elementor-column-gap-default\">\n\t\t\t\t\t<div class=\"elementor-column elementor-col-100 elementor-inner-column elementor-element elementor-element-5778c9c\" data-id=\"5778c9c\" data-element_type=\"column\">\n\t\t\t<div class=\"elementor-widget-wrap elementor-element-populated\">\n\t\t\t\t\t\t<div class=\"elementor-element elementor-element-d053a9a elementor-widget elementor-widget-heading\" data-id=\"d053a9a\" data-element_type=\"widget\" data-widget_type=\"heading.default\">\n\t\t\t\t<div class=\"elementor-widget-container\">\n\t\t\t\t\t<h1 class=\"elementor-heading-title elementor-size-default\">Paiement et livraison<\/h1>\t\t\t\t<\/div>\n\t\t\t\t<\/div>\n\t\t\t\t<div class=\"elementor-element elementor-element-ab5209b elementor-widget elementor-widget-woocommerce-breadcrumb\" data-id=\"ab5209b\" data-element_type=\"widget\" data-widget_type=\"woocommerce-breadcrumb.default\">\n\t\t\t\t<div class=\"elementor-widget-container\">\n\t\t\t\t\t<nav class=\"woocommerce-breadcrumb\" aria-label=\"Breadcrumb\" data-no-translation=\"\" data-trp-gettext=\"\">Accueil<\/nav>\t\t\t\t<\/div>\n\t\t\t\t<\/div>\n\t\t\t\t\t<\/div>\n\t\t<\/div>\n\t\t\t\t\t<\/div>\n\t\t<\/section>\n\t\t\t\t\t<\/div>\n\t\t<\/div>\n\t\t\t\t\t<\/div>\n\t\t<\/section>\n\t\t\t\t<section class=\"elementor-section elementor-top-section elementor-element elementor-element-582af76 elementor-section-content-middle elementor-section-boxed elementor-section-height-default elementor-section-height-default\" data-id=\"582af76\" data-element_type=\"section\">\n\t\t\t\t\t\t<div class=\"elementor-container elementor-column-gap-default\">\n\t\t\t\t\t<div class=\"elementor-column elementor-col-100 elementor-top-column elementor-element elementor-element-d649a91\" data-id=\"d649a91\" data-element_type=\"column\">\n\t\t\t<div class=\"elementor-widget-wrap elementor-element-populated\">\n\t\t\t\t\t\t<div class=\"elementor-element elementor-element-3c69c8b elementor-widget elementor-widget-spacer\" data-id=\"3c69c8b\" data-element_type=\"widget\" data-widget_type=\"spacer.default\">\n\t\t\t\t<div class=\"elementor-widget-container\">\n\t\t\t\t\t\t\t<div class=\"elementor-spacer\">\n\t\t\t<div class=\"elementor-spacer-inner\"><\/div>\n\t\t<\/div>\n\t\t\t\t\t\t<\/div>\n\t\t\t\t<\/div>\n\t\t\t\t\t<\/div>\n\t\t<\/div>\n\t\t\t\t\t<\/div>\n\t\t<\/section>\n\t\t\t\t<section class=\"elementor-section elementor-top-section elementor-element elementor-element-ed5e0dd elementor-section-content-middle elementor-section-boxed elementor-section-height-default elementor-section-height-default\" data-id=\"ed5e0dd\" data-element_type=\"section\">\n\t\t\t\t\t\t<div class=\"elementor-container elementor-column-gap-default\">\n\t\t\t\t\t<div class=\"elementor-column elementor-col-100 elementor-top-column elementor-element elementor-element-63cbb73\" data-id=\"63cbb73\" data-element_type=\"column\">\n\t\t\t<div class=\"elementor-widget-wrap elementor-element-populated\">\n\t\t\t\t\t\t<section class=\"elementor-section elementor-inner-section elementor-element elementor-element-34fdd35 elementor-section-content-middle elementor-section-boxed elementor-section-height-default elementor-section-height-default\" data-id=\"34fdd35\" data-element_type=\"section\">\n\t\t\t\t\t\t<div class=\"elementor-container elementor-column-gap-default\">\n\t\t\t\t\t<div class=\"elementor-column elementor-col-100 elementor-inner-column elementor-element elementor-element-ad730be\" data-id=\"ad730be\" data-element_type=\"column\">\n\t\t\t<div class=\"elementor-widget-wrap elementor-element-populated\">\n\t\t\t\t\t\t<div class=\"elementor-element elementor-element-09705db elementor-widget elementor-widget-text-editor\" data-id=\"09705db\" data-element_type=\"widget\" data-widget_type=\"text-editor.default\">\n\t\t\t\t<div class=\"elementor-widget-container\">\n\t\t\t\t\t\t\t\t\t<p><b>Paiement et livraison<\/b><\/p>\n<p>1) Vous pouvez effectuer un virement bancaire ou un EFT (transfert \u00e9lectronique de fonds) vers l&#039;un de nos comptes bancaires Akbank, Finasbank, Garanti Bank, T.\u0130\u015f Bank et Yap\u0131 Kredi (TL).<\/p>\n<p>2) Vous pouvez b\u00e9n\u00e9ficier de nos opportunit\u00e9s de paiement unique en ligne ou de versement en ligne d&#039;Akbank avec vos cartes de cr\u00e9dit via notre site Web. Pour les paiements en ligne, le montant sera d\u00e9bit\u00e9 de votre carte bancaire \u00e0 la fin de votre commande. En cas d&#039;annulation de commande due \u00e0 une \u00e9ventuelle annulation de commande ou \u00e0 des probl\u00e8mes de stock, le remboursement sera effectu\u00e9 sur votre carte bancaire dans un d\u00e9lai de 3 jours ouvr\u00e9s.<\/p>\n<p>3) Remboursement du prix de la commande Dans le cas o\u00f9 vos commandes sont annul\u00e9es pour des raisons possibles\u00a0; XXXXXX Limited Company rembourse le prix du produit sur votre compte et\/ou votre carte de cr\u00e9dit dans un d\u00e9lai de trois jours ouvrables. Cependant, vous devez fournir de mani\u00e8re exacte et compl\u00e8te vos informations de compte bancaire et\/ou de carte de cr\u00e9dit aux autorit\u00e9s financi\u00e8res de notre entreprise.<\/p>\n<p>4) Livraison Nous nous effor\u00e7ons de livrer les produits que vous avez command\u00e9s le jour m\u00eame. Pour les produits dont la livraison prend du temps, le d\u00e9lai de livraison du fret est de 3 jours ouvrables, comme indiqu\u00e9 dans les d\u00e9tails du produit. Vous serez inform\u00e9 en cas d&#039;un \u00e9ventuel retard de livraison. Afin que la livraison du produit s&#039;effectue sans aucune interruption, veuillez indiquer l&#039;adresse de votre localisation dans la journ\u00e9e comme adresse de livraison. Vos demandes seront trait\u00e9es selon le type de livraison que vous aurez pr\u00e9cis\u00e9 en fin de commande. Les produits de notre soci\u00e9t\u00e9 bas\u00e9e \u00e0 Istanbul seront envoy\u00e9s par la soci\u00e9t\u00e9 de fret XXXXXXXX. Une fois vos commandes approuv\u00e9es, elles seront livr\u00e9es \u00e0 la soci\u00e9t\u00e9 de fret au plus tard dans un d\u00e9lai de 2 (deux) jours ouvrables. Vous pouvez discuter de diff\u00e9rentes conditions de livraison en consultant notre repr\u00e9sentant client. De plus, les livraisons de fret ne sont valables que pour la Turquie.<\/p>\n<p>5) Suivi des paiements Si le syst\u00e8me en question ne peut pas finaliser la transaction en raison d&#039;un probl\u00e8me, notre visiteur est inform\u00e9 de cette situation gr\u00e2ce \u00e0 la page de paiement. En cas d&#039;erreur dans l&#039;adresse indiqu\u00e9e, le client est contact\u00e9 concernant la commande dont la livraison ne peut \u00eatre effectu\u00e9e. La validit\u00e9 de l&#039;adresse e-mail renseign\u00e9e par notre visiteur est confirm\u00e9e par l&#039;e-mail automatique envoy\u00e9 suite au transfert de la commande. Nous sommes responsables envers la banque dont nous utilisons le syst\u00e8me de carte de cr\u00e9dit, ainsi qu&#039;envers le client, concernant la livraison. S&#039;il vous pla\u00eet soyez prudente! Ouvrez et v\u00e9rifiez les colis qui, selon vous, ont \u00e9t\u00e9 endommag\u00e9s lors de l&#039;exp\u00e9dition devant le repr\u00e9sentant de l&#039;entreprise qui vous les a livr\u00e9s. Si vous pensez que le produit est endommag\u00e9, ne recevez pas le produit en tenant un rapport aupr\u00e8s de la soci\u00e9t\u00e9 de fret. Une fois le produit re\u00e7u, il est suppos\u00e9 que la soci\u00e9t\u00e9 de transport a pleinement rempli son obligation. Si le produit est endommag\u00e9 : Envoyez dans les plus brefs d\u00e9lais le rapport que vous avez pr\u00e9par\u00e9 au num\u00e9ro de fax 0212 XXXXXXX et signalez la situation \u00e0 l&#039;adresse e-mail XXXXXXXX@XXXX.com. Si vous terminez ces proc\u00e9dures, nous commencerons \u00e0 travailler sur votre colis et veillerons \u00e0 ce que la livraison soit r\u00e9p\u00e9t\u00e9e dans les plus brefs d\u00e9lais. Si vous expliquez bri\u00e8vement dans cet e-mail pourquoi vous souhaitez retourner le produit, vous nous aiderez dans notre travail sur le produit.<\/p>\t\t\t\t\t\t\t\t<\/div>\n\t\t\t\t<\/div>\n\t\t\t\t\t<\/div>\n\t\t<\/div>\n\t\t\t\t\t<\/div>\n\t\t<\/section>\n\t\t\t\t\t<\/div>\n\t\t<\/div>\n\t\t\t\t\t<\/div>\n\t\t<\/section>\n\t\t\t\t<\/div>","protected":false},"excerpt":{"rendered":"<p>Payment And Delivery Payment and Delivery 1) You can make a Bank Transfer or EFT (Electronic Fund Transfer) to any of our Akbank, Finasbank, Garanti Bank, T.\u0130\u015f Bank and Yap\u0131 Kredi bank accounts (TL). 2) You can benefit from our online single payment or online installment opportunities from Akbank with your credit cards through our [&hellip;]<\/p>","protected":false},"author":1,"featured_media":0,"parent":0,"menu_order":0,"comment_status":"closed","ping_status":"closed","template":"elementor_header_footer","meta":{"footnotes":""},"class_list":["post-601","page","type-page","status-publish","hentry"],"yoast_head":"<!-- This site is optimized with the Yoast SEO plugin v26.2 - https:\/\/yoast.com\/wordpress\/plugins\/seo\/ -->\n<title>Payment And Delivery - Ni\u015fanta\u015f\u0131 Cosmetic<\/title>\n<meta name=\"description\" content=\"Payment And Delivery\" \/>\n<meta name=\"robots\" content=\"index, follow, max-snippet:-1, max-image-preview:large, max-video-preview:-1\" \/>\n<link rel=\"canonical\" href=\"https:\/\/nisantasicosmetic.com\/fr\/paiement-et-livraison\/?wmc-currency=EUR\" \/>\n<meta property=\"og:locale\" content=\"fr_FR\" \/>\n<meta property=\"og:type\" content=\"article\" \/>\n<meta property=\"og:title\" content=\"Payment And Delivery - Ni\u015fanta\u015f\u0131 Cosmetic\" \/>\n<meta property=\"og:description\" content=\"Payment And Delivery\" \/>\n<meta property=\"og:url\" content=\"https:\/\/nisantasicosmetic.com\/fr\/paiement-et-livraison\/?wmc-currency=EUR\" \/>\n<meta property=\"og:site_name\" content=\"Ni\u015fanta\u015f\u0131 Cosmetic\" \/>\n<meta property=\"article:modified_time\" content=\"2024-08-07T14:24:24+00:00\" \/>\n<meta name=\"twitter:card\" content=\"summary_large_image\" \/>\n<meta name=\"twitter:label1\" content=\"Dur\u00e9e de lecture estim\u00e9e\" \/>\n\t<meta name=\"twitter:data1\" content=\"4 minutes\" \/>\n<script type=\"application\/ld+json\" class=\"yoast-schema-graph\">{\"@context\":\"https:\/\/schema.org\",\"@graph\":[{\"@type\":\"WebPage\",\"@id\":\"https:\/\/nisantasicosmetic.com\/payment-and-delivery\/\",\"url\":\"https:\/\/nisantasicosmetic.com\/payment-and-delivery\/\",\"name\":\"Payment And Delivery - Ni\u015fanta\u015f\u0131 Cosmetic\",\"isPartOf\":{\"@id\":\"https:\/\/nisantasicosmetic.com\/#website\"},\"datePublished\":\"2024-06-05T07:38:45+00:00\",\"dateModified\":\"2024-08-07T14:24:24+00:00\",\"description\":\"Payment And Delivery\",\"breadcrumb\":{\"@id\":\"https:\/\/nisantasicosmetic.com\/payment-and-delivery\/#breadcrumb\"},\"inLanguage\":\"fr-FR\",\"potentialAction\":[{\"@type\":\"ReadAction\",\"target\":[\"https:\/\/nisantasicosmetic.com\/payment-and-delivery\/\"]}]},{\"@type\":\"BreadcrumbList\",\"@id\":\"https:\/\/nisantasicosmetic.com\/payment-and-delivery\/#breadcrumb\",\"itemListElement\":[{\"@type\":\"ListItem\",\"position\":1,\"name\":\"Anasayfa\",\"item\":\"https:\/\/nisantasicosmetic.com\/\"},{\"@type\":\"ListItem\",\"position\":2,\"name\":\"Payment And Delivery\"}]},{\"@type\":\"WebSite\",\"@id\":\"https:\/\/nisantasicosmetic.com\/#website\",\"url\":\"https:\/\/nisantasicosmetic.com\/\",\"name\":\"Ni\u015fanta\u015f\u0131 Kozmetik\",\"description\":\"\",\"publisher\":{\"@id\":\"https:\/\/nisantasicosmetic.com\/#organization\"},\"potentialAction\":[{\"@type\":\"SearchAction\",\"target\":{\"@type\":\"EntryPoint\",\"urlTemplate\":\"https:\/\/nisantasicosmetic.com\/?s={search_term_string}\"},\"query-input\":{\"@type\":\"PropertyValueSpecification\",\"valueRequired\":true,\"valueName\":\"search_term_string\"}}],\"inLanguage\":\"fr-FR\"},{\"@type\":\"Organization\",\"@id\":\"https:\/\/nisantasicosmetic.com\/#organization\",\"name\":\"Ni\u015fanta\u015f\u0131 Kozmetik\",\"url\":\"https:\/\/nisantasicosmetic.com\/\",\"logo\":{\"@type\":\"ImageObject\",\"inLanguage\":\"fr-FR\",\"@id\":\"https:\/\/nisantasicosmetic.com\/#\/schema\/logo\/image\/\",\"url\":\"https:\/\/nisantasicosmetic.com\/wp-content\/uploads\/2024\/06\/Nisantasi-Cosmetic-Logo.png\",\"contentUrl\":\"https:\/\/nisantasicosmetic.com\/wp-content\/uploads\/2024\/06\/Nisantasi-Cosmetic-Logo.png\",\"width\":1080,\"height\":216,\"caption\":\"Ni\u015fanta\u015f\u0131 Kozmetik\"},\"image\":{\"@id\":\"https:\/\/nisantasicosmetic.com\/#\/schema\/logo\/image\/\"}}]}<\/script>\n<!-- \/ Yoast SEO plugin. -->","yoast_head_json":{"title":"Payment And Delivery - Ni\u015fanta\u015f\u0131 Cosmetic","description":"Payment And Delivery","robots":{"index":"index","follow":"follow","max-snippet":"max-snippet:-1","max-image-preview":"max-image-preview:large","max-video-preview":"max-video-preview:-1"},"canonical":"https:\/\/nisantasicosmetic.com\/fr\/paiement-et-livraison\/?wmc-currency=EUR","og_locale":"fr_FR","og_type":"article","og_title":"Payment And Delivery - Ni\u015fanta\u015f\u0131 Cosmetic","og_description":"Payment And Delivery","og_url":"https:\/\/nisantasicosmetic.com\/fr\/paiement-et-livraison\/?wmc-currency=EUR","og_site_name":"Ni\u015fanta\u015f\u0131 Cosmetic","article_modified_time":"2024-08-07T14:24:24+00:00","twitter_card":"summary_large_image","twitter_misc":{"Dur\u00e9e de lecture estim\u00e9e":"4 minutes"},"schema":{"@context":"https:\/\/schema.org","@graph":[{"@type":"WebPage","@id":"https:\/\/nisantasicosmetic.com\/payment-and-delivery\/","url":"https:\/\/nisantasicosmetic.com\/payment-and-delivery\/","name":"Payment And Delivery - Ni\u015fanta\u015f\u0131 Cosmetic","isPartOf":{"@id":"https:\/\/nisantasicosmetic.com\/#website"},"datePublished":"2024-06-05T07:38:45+00:00","dateModified":"2024-08-07T14:24:24+00:00","description":"Payment And Delivery","breadcrumb":{"@id":"https:\/\/nisantasicosmetic.com\/payment-and-delivery\/#breadcrumb"},"inLanguage":"fr-FR","potentialAction":[{"@type":"ReadAction","target":["https:\/\/nisantasicosmetic.com\/payment-and-delivery\/"]}]},{"@type":"BreadcrumbList","@id":"https:\/\/nisantasicosmetic.com\/payment-and-delivery\/#breadcrumb","itemListElement":[{"@type":"ListItem","position":1,"name":"Anasayfa","item":"https:\/\/nisantasicosmetic.com\/"},{"@type":"ListItem","position":2,"name":"Payment And Delivery"}]},{"@type":"WebSite","@id":"https:\/\/nisantasicosmetic.com\/#website","url":"https:\/\/nisantasicosmetic.com\/","name":"Ni\u015fanta\u015f\u0131 Kozmetik","description":"","publisher":{"@id":"https:\/\/nisantasicosmetic.com\/#organization"},"potentialAction":[{"@type":"SearchAction","target":{"@type":"EntryPoint","urlTemplate":"https:\/\/nisantasicosmetic.com\/?s={search_term_string}"},"query-input":{"@type":"PropertyValueSpecification","valueRequired":true,"valueName":"search_term_string"}}],"inLanguage":"fr-FR"},{"@type":"Organization","@id":"https:\/\/nisantasicosmetic.com\/#organization","name":"Ni\u015fanta\u015f\u0131 Kozmetik","url":"https:\/\/nisantasicosmetic.com\/","logo":{"@type":"ImageObject","inLanguage":"fr-FR","@id":"https:\/\/nisantasicosmetic.com\/#\/schema\/logo\/image\/","url":"https:\/\/nisantasicosmetic.com\/wp-content\/uploads\/2024\/06\/Nisantasi-Cosmetic-Logo.png","contentUrl":"https:\/\/nisantasicosmetic.com\/wp-content\/uploads\/2024\/06\/Nisantasi-Cosmetic-Logo.png","width":1080,"height":216,"caption":"Ni\u015fanta\u015f\u0131 Kozmetik"},"image":{"@id":"https:\/\/nisantasicosmetic.com\/#\/schema\/logo\/image\/"}}]}},"_links":{"self":[{"href":"https:\/\/nisantasicosmetic.com\/fr\/wp-json\/wp\/v2\/pages\/601","targetHints":{"allow":["GET"]}}],"collection":[{"href":"https:\/\/nisantasicosmetic.com\/fr\/wp-json\/wp\/v2\/pages"}],"about":[{"href":"https:\/\/nisantasicosmetic.com\/fr\/wp-json\/wp\/v2\/types\/page"}],"author":[{"embeddable":true,"href":"https:\/\/nisantasicosmetic.com\/fr\/wp-json\/wp\/v2\/users\/1"}],"replies":[{"embeddable":true,"href":"https:\/\/nisantasicosmetic.com\/fr\/wp-json\/wp\/v2\/comments?post=601"}],"version-history":[{"count":3,"href":"https:\/\/nisantasicosmetic.com\/fr\/wp-json\/wp\/v2\/pages\/601\/revisions"}],"predecessor-version":[{"id":1629,"href":"https:\/\/nisantasicosmetic.com\/fr\/wp-json\/wp\/v2\/pages\/601\/revisions\/1629"}],"wp:attachment":[{"href":"https:\/\/nisantasicosmetic.com\/fr\/wp-json\/wp\/v2\/media?parent=601"}],"curies":[{"name":"wp","href":"https:\/\/api.w.org\/{rel}","templated":true}]}}