{"id":1963,"date":"2025-01-06T15:29:56","date_gmt":"2025-01-06T12:29:56","guid":{"rendered":"https:\/\/nisantasicosmetic.com\/?post_type=product&#038;p=1963"},"modified":"2026-03-26T17:27:31","modified_gmt":"2026-03-26T14:27:31","slug":"diox-detoks-tea","status":"publish","type":"product","link":"https:\/\/nisantasicosmetic.com\/es\/urun\/diox-detoks-tea\/","title":{"rendered":"T\u00e9 Detox Diox"},"content":{"rendered":"<h4><strong>\u00bfQu\u00e9 es Diox Tea Detox?<\/strong><\/h4>\n<p>Diox Tea es un t\u00e9 de hierbas arom\u00e1tico elaborado con extractos de plantas cuidadosamente seleccionadas. Con sus ingredientes naturales, ofrece una opci\u00f3n deliciosa y agradable para tu rutina diaria de bebidas.<\/p>\n<h4><strong>\u00bfPor qu\u00e9 Diox Tea Detox?<\/strong><\/h4>\n<ul>\n<li><strong>Elaborado con ingredientes herbales:<\/strong> Preparado con una mezcla equilibrada de extractos de plantas selectas.<\/li>\n<li><strong>Delicioso y arom\u00e1tico:<\/strong> Ofrece una experiencia de bebida agradable gracias a hierbas cuidadosamente seleccionadas.<\/li>\n<li><strong>Uso Pr\u00e1ctico:<\/strong> Se puede preparar f\u00e1cilmente con agua caliente y disfrutarse en distintos momentos del d\u00eda.<\/li>\n<\/ul>\n<h4><strong>Recomendaci\u00f3n de Uso<\/strong><\/h4>\n<ul>\n<li>A\u00f1ada una bolsita de t\u00e9 a su taza, vierta agua caliente sobre ella y remueva.<\/li>\n<li>Puede disfrutarlo endulzado con miel natural si lo desea.<\/li>\n<li>Puede incorporarlo a su rutina de bebidas a cualquier hora del d\u00eda.<\/li>\n<\/ul>\n<p><strong>Caracter\u00edsticas del Producto<\/strong><\/p>\n<ul>\n<li><strong>Empaque Especial:<\/strong> Presentado en un envase que ayuda a conservar la frescura.<\/li>\n<li><strong>F\u00e1cil de Transportar:<\/strong> Gracias a su forma pr\u00e1ctica, puedes llevarlo contigo durante todo el d\u00eda.<\/li>\n<li><strong>Sabor Arom\u00e1tico:<\/strong> Ofrece una experiencia de t\u00e9 agradable con la armon\u00eda de los ingredientes herbales.<\/li>\n<\/ul>\n<h4><strong>Amplia Red de Ventas:<\/strong><\/h4>\n<p>Llega a los usuarios no solo en Turqu\u00eda y Europa, sino tambi\u00e9n en otras regiones.<\/p>","protected":false},"excerpt":{"rendered":"<p><strong>DIOX Detox Tea<\/strong>\u00a1Revitaliza tu cuerpo con esta poderosa mezcla de hierbas! Apoya la digesti\u00f3n, acelera el metabolismo y ayuda a la desintoxicaci\u00f3n natural. Perfecto para un estilo de vida m\u00e1s saludable y lleno de energ\u00eda. \u00a1Pru\u00e9balo ahora para un camino refrescante hacia el bienestar!<\/p>","protected":false},"featured_media":1964,"comment_status":"closed","ping_status":"closed","template":"","meta":[],"product_brand":[],"product_cat":[89],"product_tag":[],"class_list":{"0":"post-1963","1":"product","2":"type-product","3":"status-publish","4":"has-post-thumbnail","6":"product_cat-herbal-products-products","8":"first","9":"instock","10":"sale","11":"taxable","12":"shipping-taxable","13":"purchasable","14":"product-type-simple"},"yoast_head":"<!-- This site is optimized with the Yoast SEO plugin v26.2 - https:\/\/yoast.com\/wordpress\/plugins\/seo\/ -->\n<title>Diox Detoks Tea - Ni\u015fanta\u015f\u0131 Cosmetic<\/title>\n<meta name=\"description\" content=\"Discover Diox Detox Tea at Ni\u015fanta\u015f\u0131 Cosmetic, a refreshing blend designed to cleanse your body and boost your wellness routine. Shop now!\" \/>\n<meta name=\"robots\" content=\"index, follow, max-snippet:-1, max-image-preview:large, max-video-preview:-1\" \/>\n<link rel=\"canonical\" href=\"https:\/\/nisantasicosmetic.com\/es\/urun\/diox-detoks-tea\/?wmc-currency=EUR\" \/>\n<meta property=\"og:locale\" content=\"es_ES\" \/>\n<meta property=\"og:type\" content=\"article\" \/>\n<meta property=\"og:title\" content=\"Diox Detoks Tea - Ni\u015fanta\u015f\u0131 Cosmetic\" \/>\n<meta property=\"og:description\" content=\"Discover Diox Detox Tea at Ni\u015fanta\u015f\u0131 Cosmetic, a refreshing blend designed to cleanse your body and boost your wellness routine. Shop now!\" \/>\n<meta property=\"og:url\" content=\"https:\/\/nisantasicosmetic.com\/es\/urun\/diox-detoks-tea\/?wmc-currency=EUR\" \/>\n<meta property=\"og:site_name\" content=\"Ni\u015fanta\u015f\u0131 Cosmetic\" \/>\n<meta property=\"article:modified_time\" content=\"2026-03-26T14:27:31+00:00\" \/>\n<meta property=\"og:image\" content=\"https:\/\/nisantasicosmetic.com\/wp-content\/uploads\/2025\/01\/Adsiz-tasarim-64.png\" \/>\n\t<meta property=\"og:image:width\" content=\"1000\" \/>\n\t<meta property=\"og:image:height\" content=\"1000\" \/>\n\t<meta property=\"og:image:type\" content=\"image\/png\" \/>\n<meta name=\"twitter:card\" content=\"summary_large_image\" \/>\n<meta name=\"twitter:label1\" content=\"Tiempo de lectura\" \/>\n\t<meta name=\"twitter:data1\" content=\"2 minutos\" \/>\n<script type=\"application\/ld+json\" class=\"yoast-schema-graph\">{\"@context\":\"https:\/\/schema.org\",\"@graph\":[{\"@type\":\"WebPage\",\"@id\":\"https:\/\/nisantasicosmetic.com\/urun\/diox-detoks-tea\/\",\"url\":\"https:\/\/nisantasicosmetic.com\/urun\/diox-detoks-tea\/\",\"name\":\"Diox Detoks Tea - Ni\u015fanta\u015f\u0131 Cosmetic\",\"isPartOf\":{\"@id\":\"https:\/\/nisantasicosmetic.com\/#website\"},\"primaryImageOfPage\":{\"@id\":\"https:\/\/nisantasicosmetic.com\/urun\/diox-detoks-tea\/#primaryimage\"},\"image\":{\"@id\":\"https:\/\/nisantasicosmetic.com\/urun\/diox-detoks-tea\/#primaryimage\"},\"thumbnailUrl\":\"https:\/\/nisantasicosmetic.com\/wp-content\/uploads\/2025\/01\/Adsiz-tasarim-64.png\",\"datePublished\":\"2025-01-06T12:29:56+00:00\",\"dateModified\":\"2026-03-26T14:27:31+00:00\",\"description\":\"Discover Diox Detox Tea at Ni\u015fanta\u015f\u0131 Cosmetic, a refreshing blend designed to cleanse your body and boost your wellness routine. Shop now!\",\"breadcrumb\":{\"@id\":\"https:\/\/nisantasicosmetic.com\/urun\/diox-detoks-tea\/#breadcrumb\"},\"inLanguage\":\"es\",\"potentialAction\":[{\"@type\":\"ReadAction\",\"target\":[\"https:\/\/nisantasicosmetic.com\/urun\/diox-detoks-tea\/\"]}]},{\"@type\":\"ImageObject\",\"inLanguage\":\"es\",\"@id\":\"https:\/\/nisantasicosmetic.com\/urun\/diox-detoks-tea\/#primaryimage\",\"url\":\"https:\/\/nisantasicosmetic.com\/wp-content\/uploads\/2025\/01\/Adsiz-tasarim-64.png\",\"contentUrl\":\"https:\/\/nisantasicosmetic.com\/wp-content\/uploads\/2025\/01\/Adsiz-tasarim-64.png\",\"width\":1000,\"height\":1000},{\"@type\":\"BreadcrumbList\",\"@id\":\"https:\/\/nisantasicosmetic.com\/urun\/diox-detoks-tea\/#breadcrumb\",\"itemListElement\":[{\"@type\":\"ListItem\",\"position\":1,\"name\":\"Anasayfa\",\"item\":\"https:\/\/nisantasicosmetic.com\/\"},{\"@type\":\"ListItem\",\"position\":2,\"name\":\"Produtos\",\"item\":\"https:\/\/nisantasicosmetic.com\/pt\/shop\/\"},{\"@type\":\"ListItem\",\"position\":3,\"name\":\"Diox Detoks Tea\"}]},{\"@type\":\"WebSite\",\"@id\":\"https:\/\/nisantasicosmetic.com\/#website\",\"url\":\"https:\/\/nisantasicosmetic.com\/\",\"name\":\"Ni\u015fanta\u015f\u0131 Kozmetik\",\"description\":\"\",\"publisher\":{\"@id\":\"https:\/\/nisantasicosmetic.com\/#organization\"},\"potentialAction\":[{\"@type\":\"SearchAction\",\"target\":{\"@type\":\"EntryPoint\",\"urlTemplate\":\"https:\/\/nisantasicosmetic.com\/?s={search_term_string}\"},\"query-input\":{\"@type\":\"PropertyValueSpecification\",\"valueRequired\":true,\"valueName\":\"search_term_string\"}}],\"inLanguage\":\"es\"},{\"@type\":\"Organization\",\"@id\":\"https:\/\/nisantasicosmetic.com\/#organization\",\"name\":\"Ni\u015fanta\u015f\u0131 Kozmetik\",\"url\":\"https:\/\/nisantasicosmetic.com\/\",\"logo\":{\"@type\":\"ImageObject\",\"inLanguage\":\"es\",\"@id\":\"https:\/\/nisantasicosmetic.com\/#\/schema\/logo\/image\/\",\"url\":\"https:\/\/nisantasicosmetic.com\/wp-content\/uploads\/2024\/06\/Nisantasi-Cosmetic-Logo.png\",\"contentUrl\":\"https:\/\/nisantasicosmetic.com\/wp-content\/uploads\/2024\/06\/Nisantasi-Cosmetic-Logo.png\",\"width\":1080,\"height\":216,\"caption\":\"Ni\u015fanta\u015f\u0131 Kozmetik\"},\"image\":{\"@id\":\"https:\/\/nisantasicosmetic.com\/#\/schema\/logo\/image\/\"}}]}<\/script>\n<!-- \/ Yoast SEO plugin. -->","yoast_head_json":{"title":"Diox Detoks Tea - Ni\u015fanta\u015f\u0131 Cosmetic","description":"Discover Diox Detox Tea at Ni\u015fanta\u015f\u0131 Cosmetic, a refreshing blend designed to cleanse your body and boost your wellness routine. Shop now!","robots":{"index":"index","follow":"follow","max-snippet":"max-snippet:-1","max-image-preview":"max-image-preview:large","max-video-preview":"max-video-preview:-1"},"canonical":"https:\/\/nisantasicosmetic.com\/es\/urun\/diox-detoks-tea\/?wmc-currency=EUR","og_locale":"es_ES","og_type":"article","og_title":"Diox Detoks Tea - Ni\u015fanta\u015f\u0131 Cosmetic","og_description":"Discover Diox Detox Tea at Ni\u015fanta\u015f\u0131 Cosmetic, a refreshing blend designed to cleanse your body and boost your wellness routine. Shop now!","og_url":"https:\/\/nisantasicosmetic.com\/es\/urun\/diox-detoks-tea\/?wmc-currency=EUR","og_site_name":"Ni\u015fanta\u015f\u0131 Cosmetic","article_modified_time":"2026-03-26T14:27:31+00:00","og_image":[{"width":1000,"height":1000,"url":"https:\/\/nisantasicosmetic.com\/wp-content\/uploads\/2025\/01\/Adsiz-tasarim-64.png","type":"image\/png"}],"twitter_card":"summary_large_image","twitter_misc":{"Tiempo de lectura":"2 minutos"},"schema":{"@context":"https:\/\/schema.org","@graph":[{"@type":"WebPage","@id":"https:\/\/nisantasicosmetic.com\/urun\/diox-detoks-tea\/","url":"https:\/\/nisantasicosmetic.com\/urun\/diox-detoks-tea\/","name":"Diox Detoks Tea - Ni\u015fanta\u015f\u0131 Cosmetic","isPartOf":{"@id":"https:\/\/nisantasicosmetic.com\/#website"},"primaryImageOfPage":{"@id":"https:\/\/nisantasicosmetic.com\/urun\/diox-detoks-tea\/#primaryimage"},"image":{"@id":"https:\/\/nisantasicosmetic.com\/urun\/diox-detoks-tea\/#primaryimage"},"thumbnailUrl":"https:\/\/nisantasicosmetic.com\/wp-content\/uploads\/2025\/01\/Adsiz-tasarim-64.png","datePublished":"2025-01-06T12:29:56+00:00","dateModified":"2026-03-26T14:27:31+00:00","description":"Discover Diox Detox Tea at Ni\u015fanta\u015f\u0131 Cosmetic, a refreshing blend designed to cleanse your body and boost your wellness routine. Shop now!","breadcrumb":{"@id":"https:\/\/nisantasicosmetic.com\/urun\/diox-detoks-tea\/#breadcrumb"},"inLanguage":"es","potentialAction":[{"@type":"ReadAction","target":["https:\/\/nisantasicosmetic.com\/urun\/diox-detoks-tea\/"]}]},{"@type":"ImageObject","inLanguage":"es","@id":"https:\/\/nisantasicosmetic.com\/urun\/diox-detoks-tea\/#primaryimage","url":"https:\/\/nisantasicosmetic.com\/wp-content\/uploads\/2025\/01\/Adsiz-tasarim-64.png","contentUrl":"https:\/\/nisantasicosmetic.com\/wp-content\/uploads\/2025\/01\/Adsiz-tasarim-64.png","width":1000,"height":1000},{"@type":"BreadcrumbList","@id":"https:\/\/nisantasicosmetic.com\/urun\/diox-detoks-tea\/#breadcrumb","itemListElement":[{"@type":"ListItem","position":1,"name":"Anasayfa","item":"https:\/\/nisantasicosmetic.com\/"},{"@type":"ListItem","position":2,"name":"Produtos","item":"https:\/\/nisantasicosmetic.com\/pt\/shop\/"},{"@type":"ListItem","position":3,"name":"Diox Detoks Tea"}]},{"@type":"WebSite","@id":"https:\/\/nisantasicosmetic.com\/#website","url":"https:\/\/nisantasicosmetic.com\/","name":"Ni\u015fanta\u015f\u0131 Kozmetik","description":"","publisher":{"@id":"https:\/\/nisantasicosmetic.com\/#organization"},"potentialAction":[{"@type":"SearchAction","target":{"@type":"EntryPoint","urlTemplate":"https:\/\/nisantasicosmetic.com\/?s={search_term_string}"},"query-input":{"@type":"PropertyValueSpecification","valueRequired":true,"valueName":"search_term_string"}}],"inLanguage":"es"},{"@type":"Organization","@id":"https:\/\/nisantasicosmetic.com\/#organization","name":"Ni\u015fanta\u015f\u0131 Kozmetik","url":"https:\/\/nisantasicosmetic.com\/","logo":{"@type":"ImageObject","inLanguage":"es","@id":"https:\/\/nisantasicosmetic.com\/#\/schema\/logo\/image\/","url":"https:\/\/nisantasicosmetic.com\/wp-content\/uploads\/2024\/06\/Nisantasi-Cosmetic-Logo.png","contentUrl":"https:\/\/nisantasicosmetic.com\/wp-content\/uploads\/2024\/06\/Nisantasi-Cosmetic-Logo.png","width":1080,"height":216,"caption":"Ni\u015fanta\u015f\u0131 Kozmetik"},"image":{"@id":"https:\/\/nisantasicosmetic.com\/#\/schema\/logo\/image\/"}}]}},"_links":{"self":[{"href":"https:\/\/nisantasicosmetic.com\/es\/wp-json\/wp\/v2\/product\/1963","targetHints":{"allow":["GET"]}}],"collection":[{"href":"https:\/\/nisantasicosmetic.com\/es\/wp-json\/wp\/v2\/product"}],"about":[{"href":"https:\/\/nisantasicosmetic.com\/es\/wp-json\/wp\/v2\/types\/product"}],"replies":[{"embeddable":true,"href":"https:\/\/nisantasicosmetic.com\/es\/wp-json\/wp\/v2\/comments?post=1963"}],"wp:featuredmedia":[{"embeddable":true,"href":"https:\/\/nisantasicosmetic.com\/es\/wp-json\/wp\/v2\/media\/1964"}],"wp:attachment":[{"href":"https:\/\/nisantasicosmetic.com\/es\/wp-json\/wp\/v2\/media?parent=1963"}],"wp:term":[{"taxonomy":"product_brand","embeddable":true,"href":"https:\/\/nisantasicosmetic.com\/es\/wp-json\/wp\/v2\/product_brand?post=1963"},{"taxonomy":"product_cat","embeddable":true,"href":"https:\/\/nisantasicosmetic.com\/es\/wp-json\/wp\/v2\/product_cat?post=1963"},{"taxonomy":"product_tag","embeddable":true,"href":"https:\/\/nisantasicosmetic.com\/es\/wp-json\/wp\/v2\/product_tag?post=1963"}],"curies":[{"name":"wp","href":"https:\/\/api.w.org\/{rel}","templated":true}]}}