{"id":593,"date":"2024-06-05T10:35:20","date_gmt":"2024-06-05T07:35:20","guid":{"rendered":"https:\/\/nisantasi.zarendigital.com\/?page_id=593"},"modified":"2025-01-21T16:19:00","modified_gmt":"2025-01-21T13:19:00","slug":"warranty-and-cancellation-return-conditions","status":"publish","type":"page","link":"https:\/\/nisantasicosmetic.com\/es\/condiciones-de-devolucion-garantia-y-cancelacion\/","title":{"rendered":"Garant\u00eda y Condiciones de Cancelaci\u00f3n y Devoluci\u00f3n"},"content":{"rendered":"<div data-elementor-type=\"wp-page\" data-elementor-id=\"593\" class=\"elementor elementor-593\" data-elementor-post-type=\"page\">\n\t\t\t\t\t\t<section class=\"elementor-section elementor-top-section elementor-element elementor-element-a9b5809 elementor-section-height-min-height elementor-section-content-middle elementor-section-boxed elementor-section-height-default elementor-section-items-middle\" data-id=\"a9b5809\" data-element_type=\"section\">\n\t\t\t\t\t\t<div class=\"elementor-container elementor-column-gap-default\">\n\t\t\t\t\t<div class=\"elementor-column elementor-col-100 elementor-top-column elementor-element elementor-element-6dd84ca\" data-id=\"6dd84ca\" data-element_type=\"column\">\n\t\t\t<div class=\"elementor-widget-wrap elementor-element-populated\">\n\t\t\t\t\t\t<section class=\"elementor-section elementor-inner-section elementor-element elementor-element-9155ff6 elementor-section-content-middle elementor-section-boxed elementor-section-height-default elementor-section-height-default\" data-id=\"9155ff6\" data-element_type=\"section\">\n\t\t\t\t\t\t<div class=\"elementor-container elementor-column-gap-default\">\n\t\t\t\t\t<div class=\"elementor-column elementor-col-100 elementor-inner-column elementor-element elementor-element-03b619f\" data-id=\"03b619f\" data-element_type=\"column\">\n\t\t\t<div class=\"elementor-widget-wrap elementor-element-populated\">\n\t\t\t\t\t\t<div class=\"elementor-element elementor-element-15c6acf elementor-widget elementor-widget-heading\" data-id=\"15c6acf\" data-element_type=\"widget\" data-widget_type=\"heading.default\">\n\t\t\t\t<div class=\"elementor-widget-container\">\n\t\t\t\t\t<h1 class=\"elementor-heading-title elementor-size-default\">Garant\u00eda y Condiciones de Cancelaci\u00f3n y Devoluci\u00f3n\n<\/h1>\t\t\t\t<\/div>\n\t\t\t\t<\/div>\n\t\t\t\t<div class=\"elementor-element elementor-element-4635fdc elementor-widget elementor-widget-woocommerce-breadcrumb\" data-id=\"4635fdc\" data-element_type=\"widget\" data-widget_type=\"woocommerce-breadcrumb.default\">\n\t\t\t\t<div class=\"elementor-widget-container\">\n\t\t\t\t\t<nav class=\"woocommerce-breadcrumb\" aria-label=\"Breadcrumb\" data-no-translation=\"\" data-trp-gettext=\"\">Inicio<\/nav>\t\t\t\t<\/div>\n\t\t\t\t<\/div>\n\t\t\t\t\t<\/div>\n\t\t<\/div>\n\t\t\t\t\t<\/div>\n\t\t<\/section>\n\t\t\t\t\t<\/div>\n\t\t<\/div>\n\t\t\t\t\t<\/div>\n\t\t<\/section>\n\t\t\t\t<section class=\"elementor-section elementor-top-section elementor-element elementor-element-582af76 elementor-section-content-middle elementor-section-boxed elementor-section-height-default elementor-section-height-default\" data-id=\"582af76\" data-element_type=\"section\">\n\t\t\t\t\t\t<div class=\"elementor-container elementor-column-gap-default\">\n\t\t\t\t\t<div class=\"elementor-column elementor-col-100 elementor-top-column elementor-element elementor-element-d649a91\" data-id=\"d649a91\" data-element_type=\"column\">\n\t\t\t<div class=\"elementor-widget-wrap elementor-element-populated\">\n\t\t\t\t\t\t<div class=\"elementor-element elementor-element-3c69c8b elementor-widget elementor-widget-spacer\" data-id=\"3c69c8b\" data-element_type=\"widget\" data-widget_type=\"spacer.default\">\n\t\t\t\t<div class=\"elementor-widget-container\">\n\t\t\t\t\t\t\t<div class=\"elementor-spacer\">\n\t\t\t<div class=\"elementor-spacer-inner\"><\/div>\n\t\t<\/div>\n\t\t\t\t\t\t<\/div>\n\t\t\t\t<\/div>\n\t\t\t\t\t<\/div>\n\t\t<\/div>\n\t\t\t\t\t<\/div>\n\t\t<\/section>\n\t\t\t\t<section class=\"elementor-section elementor-top-section elementor-element elementor-element-ed5e0dd elementor-section-content-middle elementor-section-boxed elementor-section-height-default elementor-section-height-default\" data-id=\"ed5e0dd\" data-element_type=\"section\">\n\t\t\t\t\t\t<div class=\"elementor-container elementor-column-gap-default\">\n\t\t\t\t\t<div class=\"elementor-column elementor-col-100 elementor-top-column elementor-element elementor-element-63cbb73\" data-id=\"63cbb73\" data-element_type=\"column\">\n\t\t\t<div class=\"elementor-widget-wrap elementor-element-populated\">\n\t\t\t\t\t\t<section class=\"elementor-section elementor-inner-section elementor-element elementor-element-34fdd35 elementor-section-content-middle elementor-section-boxed elementor-section-height-default elementor-section-height-default\" data-id=\"34fdd35\" data-element_type=\"section\">\n\t\t\t\t\t\t<div class=\"elementor-container elementor-column-gap-default\">\n\t\t\t\t\t<div class=\"elementor-column elementor-col-100 elementor-inner-column elementor-element elementor-element-ad730be\" data-id=\"ad730be\" data-element_type=\"column\">\n\t\t\t<div class=\"elementor-widget-wrap elementor-element-populated\">\n\t\t\t\t\t\t<div class=\"elementor-element elementor-element-09705db elementor-widget elementor-widget-text-editor\" data-id=\"09705db\" data-element_type=\"widget\" data-widget_type=\"text-editor.default\">\n\t\t\t\t<div class=\"elementor-widget-container\">\n\t\t\t\t\t\t\t\t\t<p><b>GARANT\u00cdA \u2013 DERECHOS DEL CONSUMIDOR \u2013 DESISTIMIENTO \u2013 CANCELACI\u00d3N CONDICIONES DE DEVOLUCI\u00d3N<\/b><\/p><p><b>GENERAL:<\/b><\/p><p>Si realiza un pedido electr\u00f3nicamente a trav\u00e9s del sitio web que est\u00e1 utilizando, se considerar\u00e1 que ha aceptado el formulario de informaci\u00f3n preliminar y el contrato de venta a distancia que se le present\u00f3.<\/p><p>Los compradores est\u00e1n sujetos a las disposiciones de la Ley de Protecci\u00f3n al Consumidor N\u00b0 6502 y el Reglamento de Contratos a Distancia (GO: 27.11.2014\/29188) y dem\u00e1s leyes aplicables en materia de venta y entrega de los productos que adquieran.<\/p><p>Los gastos de env\u00edo, que son el coste del env\u00edo del producto, correr\u00e1n a cargo de los compradores.<\/p><p>Cada producto adquirido se entrega a la persona y\/u organizaci\u00f3n en el domicilio especificado por el comprador, siempre que no supere el plazo legal de 30 d\u00edas. Si el producto no se entrega dentro de este plazo, el Comprador podr\u00e1 rescindir el contrato.<\/p><p>El producto adquirido deber\u00e1 entregarse completo y conforme a las cualificaciones especificadas en el pedido y con documentos como certificado de garant\u00eda y manual de usuario, en su caso.<\/p><p>Si resulta imposible vender el producto adquirido, el vendedor deber\u00e1 notificarlo por escrito al comprador dentro de los 3 d\u00edas siguientes a su conocimiento de esta situaci\u00f3n. El precio total deber\u00e1 ser devuelto al Comprador en un plazo de 14 d\u00edas.<\/p><p><b>SI NO SE PAGA EL PRECIO DEL PRODUCTO ADQUIRIDO:<\/b><\/p><p>Si el Comprador no paga el producto que adquiri\u00f3 o lo cancela en sus registros bancarios, termina la obligaci\u00f3n del Vendedor de entregar el producto.<\/p><p><b>COMPRAS REALIZADAS CON USO NO AUTORIZADO DE TARJETA DE CR\u00c9DITO:<\/b><\/p><p>Despu\u00e9s de la entrega del producto, si se determina que la tarjeta de cr\u00e9dito con la que el comprador pag\u00f3 ha sido utilizada injustamente por personas no autorizadas y el precio del producto vendido no es pagado al Vendedor por el banco o instituci\u00f3n financiera correspondiente, el Comprador deber\u00e1 devolver el producto objeto del contrato en el plazo de 3 d\u00edas, a cargo del VENDEDOR. deber\u00e1 devolverlo al VENDEDOR.<\/p><p><b>SI EL PRODUCTO NO PUEDE ENTREGARSE A TIEMPO POR MOTIVOS IMPREDECIBLES:<\/b><\/p><p>Si se produce fuerza mayor que el Vendedor no puede prever y el producto no puede entregarse a tiempo, se notificar\u00e1 la situaci\u00f3n al Comprador. El comprador podr\u00e1 solicitar la cancelaci\u00f3n del pedido, la sustituci\u00f3n del producto por uno similar o el aplazamiento de la entrega hasta eliminar el obst\u00e1culo. Si el comprador cancela el pedido; Si el pago se realiza en efectivo, esta tarifa se abonar\u00e1 en efectivo dentro de los 14 d\u00edas siguientes a la fecha de cancelaci\u00f3n. Si el comprador ha realizado el pago con tarjeta de cr\u00e9dito y lo cancela, el precio del producto ser\u00e1 devuelto al banco en un plazo de 14 d\u00edas desde esta cancelaci\u00f3n, pero es posible que el banco lo transfiera a la cuenta del comprador en un plazo de 2-3 semanas.<\/p><p><b>OBLIGACI\u00d3N DEL COMPRADOR DE COMPROBAR EL PRODUCTO:<\/b><\/p><p>El comprador inspeccionar\u00e1 los bienes\/servicios objeto del contrato antes de recibirlos; abolladuras, roturas, embalajes rotos, etc. No se recibir\u00e1n bienes\/servicios da\u00f1ados y defectuosos de la empresa de carga. Los bienes\/servicios recibidos se considerar\u00e1n intactos y sin da\u00f1os. El COMPRADOR debe proteger los bienes\/servicios cuidadosamente despu\u00e9s de la entrega. Si se va a utilizar el derecho de desistimiento, no se deben utilizar los bienes\/servicios. La Factura deber\u00e1 ser devuelta junto con el producto.<\/p><p><b>DERECHO A RETIRADA:<\/b><\/p><p>COMPRADOR; Dentro de los 14 (catorce) d\u00edas siguientes a la fecha de entrega del producto adquirido a \u00e9l o a la persona\/organizaci\u00f3n en la direcci\u00f3n indicada, podr\u00e1 ejercer su derecho de desistimiento del contrato rechazando la mercanc\u00eda sin asumir responsabilidad legal. o responsabilidad penal y sin dar justificaci\u00f3n alguna, siempre que lo notifique al VENDEDOR a trav\u00e9s de los datos de contacto que figuran a continuaci\u00f3n.<\/p><p><b>INFORMACI\u00d3N DE CONTACTO DEL VENDEDOR PARA NOTIFICACI\u00d3N DEL DERECHO DE RETIRO:<\/b><\/p><p>COMPA\u00d1\u00cdA<\/p><p>NOMBRE\/T\u00cdTULO: COSM\u00c9TICOS N\u0130\u015eANTA\u015eI<br \/>DIRECCI\u00d3N: Atak\u00f6y 7.\u00ba \u2013 8.\u00ba \u2013 9.\u00ba \u2013 10.\u00ba Secci\u00f3n Estambul<br \/>CORREO ELECTR\u00d3NICO: info@nisantasikozmetik.com<br \/>TEL\u00c9FONO: 08503800101<\/p><p><b>DURACI\u00d3N DEL DERECHO DE DESISTIMIENTO:<\/b><\/p><p>Si el comprador adquiere un servicio, este plazo de 14 d\u00edas comienza a contar desde la fecha de firma del contrato. El derecho de desistimiento no puede ejercerse en contratos de servicios donde la prestaci\u00f3n del servicio comienza con la aprobaci\u00f3n del consumidor antes de que expire el derecho de desistimiento.<\/p><p>Los gastos derivados del ejercicio del derecho de desistimiento pertenecen al VENDEDOR.<\/p><p>Para ejercer el derecho de desistimiento, deber\u00e1 realizarse una notificaci\u00f3n escrita al VENDEDOR por correo certificado, fax o correo electr\u00f3nico dentro de los 14 (catorce) d\u00edas y el producto no deber\u00e1 haber sido utilizado en el marco de los \u201cProductos para los cuales el No se puede ejercer el derecho de desistimiento\u201d establecidos en este contrato.<\/p><p><b>USO DEL DERECHO DE DESISTIMIENTO:<\/b><\/p><p>La factura del producto entregado a la persona o al COMPRADOR, (Si la factura del producto a devolver es corporativa, deber\u00e1 enviarse junto con la factura de devoluci\u00f3n emitida por la instituci\u00f3n al devolverlo. Devoluciones de pedido cuya factura se emite el nombre de las instituciones no se puede completar a menos que se emita la FACTURA DE DEVOLUCI\u00d3N.)<br \/>Formulario de devoluci\u00f3n: Los productos a devolver deber\u00e1n entregarse completos y sin desperfectos, junto con su caja, embalaje y accesorios est\u00e1ndar, en su caso.<\/p><p><b>CONDICIONES DE DEVOLUCI\u00d3N:<\/b><\/p><p>El VENDEDOR est\u00e1 obligado a devolver el precio total y los documentos que endeudan al COMPRADOR en un plazo m\u00e1ximo de 10 d\u00edas despu\u00e9s de recibir la notificaci\u00f3n de desistimiento, y a recibir la mercanc\u00eda de vuelta en un plazo de 20 d\u00edas.<\/p><p>Si el valor de la mercanc\u00eda disminuye o la devoluci\u00f3n se vuelve imposible por un motivo causado por culpa del COMPRADOR, el COMPRADOR est\u00e1 obligado a compensar los da\u00f1os y perjuicios del VENDEDOR en proporci\u00f3n a la culpa. Sin embargo, el COMPRADOR no se hace responsable de los cambios o deterioros que se produzcan por el uso inadecuado de la mercanc\u00eda o producto dentro del plazo de derecho de desistimiento.<\/p><p>Si el importe l\u00edmite de la campa\u00f1a establecido por el VENDEDOR cae por debajo debido al ejercicio del derecho de desistimiento, se cancelar\u00e1 el importe del descuento utilizado en el \u00e1mbito de la campa\u00f1a.<\/p><p><b>PRODUCTOS PARA LOS CUALES NO SE PUEDE EJERCER EL DERECHO DE DESISTIMIENTO:<\/b><\/p><p>Se proh\u00edben las prendas interiores, los trajes de ba\u00f1o y las braguitas de bikini, los materiales de maquillaje, los productos desechables, los productos preparados seg\u00fan el pedido del COMPRADOR o seg\u00fan necesidades claramente personales y que no puedan ser devueltos, los productos que est\u00e9n en peligro de deteriorarse r\u00e1pidamente o que puedan caducar. entregado al COMPRADOR. Productos que no sean aptos para la salud y la higiene a devolver si el embalaje es abierto por el COMPRADOR despu\u00e9s de la entrega, productos que se mezclan con otros productos despu\u00e9s de la entrega y no se pueden separar por su naturaleza, bienes relacionados con publicaciones peri\u00f3dicas como peri\u00f3dicos y revistas. , distintos de los previstos en el \u00e1mbito del contrato de suscripci\u00f3n, cumplimiento instant\u00e1neo en el entorno electr\u00f3nico De conformidad con el Reglamento, no es posible devolver los servicios prestados o los bienes intangibles entregados inmediatamente al consumidor, as\u00ed como las grabaciones de audio o v\u00eddeo. , libros, contenidos digitales, programas de software, dispositivos de registro y almacenamiento de datos, consumibles inform\u00e1ticos, si su embalaje ha sido abierto por el COMPRADOR. Adem\u00e1s, no es posible ejercer el derecho de desistimiento respecto de servicios que comenzaron a realizarse con la aprobaci\u00f3n del consumidor antes de que expire el derecho de desistimiento, de conformidad con el Reglamento.<\/p><p>Los cosm\u00e9ticos y productos de cuidado personal, ropa interior, trajes de ba\u00f1o, bikinis, libros, software y programas copiables, DVD, VCD, CD y casetes, y consumibles de papeler\u00eda (t\u00f3ner, cartuchos, cintas, etc.) deben devolverse sin abrir, sin probar e intactos. embalaje. y deben estar sin uso.<\/p><p><b>INCUMPLIMIENTO Y CONSECUENCIAS LEGALES<\/b><\/p><p>El COMPRADOR acepta, declara y se compromete a que en caso de incumplimiento al realizar transacciones de pago con tarjeta de cr\u00e9dito, pagar\u00e1 intereses en el marco del contrato de tarjeta de cr\u00e9dito entre el titular de la tarjeta y el banco y ser\u00e1 responsable ante el banco. En este caso, el banco correspondiente podr\u00e1 emprender acciones legales; podr\u00e1 exigir al COMPRADOR los gastos y honorarios de abogados ocasionados, y en todo caso, en caso de incumplimiento por deuda del COMPRADOR, el COMPRADOR se compromete a pagar los da\u00f1os y perjuicios sufridos por el VENDEDOR por el retraso en el cumplimiento de la deuda.<\/p><p><b>PAGO Y ENTREGA<\/b><\/p><p>Puede realizar una Transferencia Bancaria o EFT (Transferencia Electr\u00f3nica de Fondos) a cualquiera de nuestras cuentas bancarias (TL).<\/p><p>Puede beneficiarse de oportunidades de pago \u00fanico en l\u00ednea o de pago en cuotas en l\u00ednea con sus tarjetas de cr\u00e9dito a trav\u00e9s de nuestro sitio web. Para pagos en l\u00ednea, el importe se cargar\u00e1 en su tarjeta de cr\u00e9dito al finalizar su pedido.<\/p>\t\t\t\t\t\t\t\t<\/div>\n\t\t\t\t<\/div>\n\t\t\t\t\t<\/div>\n\t\t<\/div>\n\t\t\t\t\t<\/div>\n\t\t<\/section>\n\t\t\t\t\t<\/div>\n\t\t<\/div>\n\t\t\t\t\t<\/div>\n\t\t<\/section>\n\t\t\t\t<\/div>","protected":false},"excerpt":{"rendered":"<p>Warranty and Cancellation &#038; Return Conditions WARRANTY &#8211; CONSUMER RIGHTS &#8211; WITHDRAWAL &#8211; CANCELLATION RETURN CONDITIONS GENERAL: If you place an order electronically through the website you are using, you are deemed to have accepted the preliminary information form and distance sales contract presented to you. Buyers are subject to the provisions of the Consumer [&hellip;]<\/p>","protected":false},"author":1,"featured_media":0,"parent":0,"menu_order":0,"comment_status":"closed","ping_status":"closed","template":"elementor_header_footer","meta":{"footnotes":""},"class_list":["post-593","page","type-page","status-publish","hentry"],"yoast_head":"<!-- This site is optimized with the Yoast SEO plugin v26.2 - https:\/\/yoast.com\/wordpress\/plugins\/seo\/ -->\n<title>Warranty and Cancellation &amp; Return Conditions - Ni\u015fanta\u015f\u0131 Cosmetic<\/title>\n<meta name=\"description\" content=\"Learn about Ni\u015fanta\u015f\u0131 Cosmetic&#039;s warranty, cancellation, and return policies. Hassle-free solutions for a secure shopping experience!\" \/>\n<meta name=\"robots\" content=\"index, follow, max-snippet:-1, max-image-preview:large, max-video-preview:-1\" \/>\n<link rel=\"canonical\" href=\"https:\/\/nisantasicosmetic.com\/es\/condiciones-de-devolucion-garantia-y-cancelacion\/?wmc-currency=EUR\" \/>\n<meta property=\"og:locale\" content=\"es_ES\" \/>\n<meta property=\"og:type\" content=\"article\" \/>\n<meta property=\"og:title\" content=\"Warranty and Cancellation &amp; Return Conditions - Ni\u015fanta\u015f\u0131 Cosmetic\" \/>\n<meta property=\"og:description\" content=\"Learn about Ni\u015fanta\u015f\u0131 Cosmetic&#039;s warranty, cancellation, and return policies. Hassle-free solutions for a secure shopping experience!\" \/>\n<meta property=\"og:url\" content=\"https:\/\/nisantasicosmetic.com\/es\/condiciones-de-devolucion-garantia-y-cancelacion\/?wmc-currency=EUR\" \/>\n<meta property=\"og:site_name\" content=\"Ni\u015fanta\u015f\u0131 Cosmetic\" \/>\n<meta property=\"article:modified_time\" content=\"2025-01-21T13:19:00+00:00\" \/>\n<meta name=\"twitter:card\" content=\"summary_large_image\" \/>\n<meta name=\"twitter:label1\" content=\"Tiempo de lectura\" \/>\n\t<meta name=\"twitter:data1\" content=\"9 minutos\" \/>\n<script type=\"application\/ld+json\" class=\"yoast-schema-graph\">{\"@context\":\"https:\/\/schema.org\",\"@graph\":[{\"@type\":\"WebPage\",\"@id\":\"https:\/\/nisantasicosmetic.com\/warranty-and-cancellation-return-conditions\/\",\"url\":\"https:\/\/nisantasicosmetic.com\/warranty-and-cancellation-return-conditions\/\",\"name\":\"Warranty and Cancellation & Return Conditions - Ni\u015fanta\u015f\u0131 Cosmetic\",\"isPartOf\":{\"@id\":\"https:\/\/nisantasicosmetic.com\/#website\"},\"datePublished\":\"2024-06-05T07:35:20+00:00\",\"dateModified\":\"2025-01-21T13:19:00+00:00\",\"description\":\"Learn about Ni\u015fanta\u015f\u0131 Cosmetic's warranty, cancellation, and return policies. Hassle-free solutions for a secure shopping experience!\",\"breadcrumb\":{\"@id\":\"https:\/\/nisantasicosmetic.com\/warranty-and-cancellation-return-conditions\/#breadcrumb\"},\"inLanguage\":\"es\",\"potentialAction\":[{\"@type\":\"ReadAction\",\"target\":[\"https:\/\/nisantasicosmetic.com\/warranty-and-cancellation-return-conditions\/\"]}]},{\"@type\":\"BreadcrumbList\",\"@id\":\"https:\/\/nisantasicosmetic.com\/warranty-and-cancellation-return-conditions\/#breadcrumb\",\"itemListElement\":[{\"@type\":\"ListItem\",\"position\":1,\"name\":\"Anasayfa\",\"item\":\"https:\/\/nisantasicosmetic.com\/\"},{\"@type\":\"ListItem\",\"position\":2,\"name\":\"Warranty and Cancellation &#038; Return Conditions\"}]},{\"@type\":\"WebSite\",\"@id\":\"https:\/\/nisantasicosmetic.com\/#website\",\"url\":\"https:\/\/nisantasicosmetic.com\/\",\"name\":\"Ni\u015fanta\u015f\u0131 Kozmetik\",\"description\":\"\",\"publisher\":{\"@id\":\"https:\/\/nisantasicosmetic.com\/#organization\"},\"potentialAction\":[{\"@type\":\"SearchAction\",\"target\":{\"@type\":\"EntryPoint\",\"urlTemplate\":\"https:\/\/nisantasicosmetic.com\/?s={search_term_string}\"},\"query-input\":{\"@type\":\"PropertyValueSpecification\",\"valueRequired\":true,\"valueName\":\"search_term_string\"}}],\"inLanguage\":\"es\"},{\"@type\":\"Organization\",\"@id\":\"https:\/\/nisantasicosmetic.com\/#organization\",\"name\":\"Ni\u015fanta\u015f\u0131 Kozmetik\",\"url\":\"https:\/\/nisantasicosmetic.com\/\",\"logo\":{\"@type\":\"ImageObject\",\"inLanguage\":\"es\",\"@id\":\"https:\/\/nisantasicosmetic.com\/#\/schema\/logo\/image\/\",\"url\":\"https:\/\/nisantasicosmetic.com\/wp-content\/uploads\/2024\/06\/Nisantasi-Cosmetic-Logo.png\",\"contentUrl\":\"https:\/\/nisantasicosmetic.com\/wp-content\/uploads\/2024\/06\/Nisantasi-Cosmetic-Logo.png\",\"width\":1080,\"height\":216,\"caption\":\"Ni\u015fanta\u015f\u0131 Kozmetik\"},\"image\":{\"@id\":\"https:\/\/nisantasicosmetic.com\/#\/schema\/logo\/image\/\"}}]}<\/script>\n<!-- \/ Yoast SEO plugin. -->","yoast_head_json":{"title":"Warranty and Cancellation & Return Conditions - Ni\u015fanta\u015f\u0131 Cosmetic","description":"Learn about Ni\u015fanta\u015f\u0131 Cosmetic's warranty, cancellation, and return policies. Hassle-free solutions for a secure shopping experience!","robots":{"index":"index","follow":"follow","max-snippet":"max-snippet:-1","max-image-preview":"max-image-preview:large","max-video-preview":"max-video-preview:-1"},"canonical":"https:\/\/nisantasicosmetic.com\/es\/condiciones-de-devolucion-garantia-y-cancelacion\/?wmc-currency=EUR","og_locale":"es_ES","og_type":"article","og_title":"Warranty and Cancellation & Return Conditions - Ni\u015fanta\u015f\u0131 Cosmetic","og_description":"Learn about Ni\u015fanta\u015f\u0131 Cosmetic's warranty, cancellation, and return policies. Hassle-free solutions for a secure shopping experience!","og_url":"https:\/\/nisantasicosmetic.com\/es\/condiciones-de-devolucion-garantia-y-cancelacion\/?wmc-currency=EUR","og_site_name":"Ni\u015fanta\u015f\u0131 Cosmetic","article_modified_time":"2025-01-21T13:19:00+00:00","twitter_card":"summary_large_image","twitter_misc":{"Tiempo de lectura":"9 minutos"},"schema":{"@context":"https:\/\/schema.org","@graph":[{"@type":"WebPage","@id":"https:\/\/nisantasicosmetic.com\/warranty-and-cancellation-return-conditions\/","url":"https:\/\/nisantasicosmetic.com\/warranty-and-cancellation-return-conditions\/","name":"Warranty and Cancellation & Return Conditions - Ni\u015fanta\u015f\u0131 Cosmetic","isPartOf":{"@id":"https:\/\/nisantasicosmetic.com\/#website"},"datePublished":"2024-06-05T07:35:20+00:00","dateModified":"2025-01-21T13:19:00+00:00","description":"Learn about Ni\u015fanta\u015f\u0131 Cosmetic's warranty, cancellation, and return policies. Hassle-free solutions for a secure shopping experience!","breadcrumb":{"@id":"https:\/\/nisantasicosmetic.com\/warranty-and-cancellation-return-conditions\/#breadcrumb"},"inLanguage":"es","potentialAction":[{"@type":"ReadAction","target":["https:\/\/nisantasicosmetic.com\/warranty-and-cancellation-return-conditions\/"]}]},{"@type":"BreadcrumbList","@id":"https:\/\/nisantasicosmetic.com\/warranty-and-cancellation-return-conditions\/#breadcrumb","itemListElement":[{"@type":"ListItem","position":1,"name":"Anasayfa","item":"https:\/\/nisantasicosmetic.com\/"},{"@type":"ListItem","position":2,"name":"Warranty and Cancellation &#038; Return Conditions"}]},{"@type":"WebSite","@id":"https:\/\/nisantasicosmetic.com\/#website","url":"https:\/\/nisantasicosmetic.com\/","name":"Ni\u015fanta\u015f\u0131 Kozmetik","description":"","publisher":{"@id":"https:\/\/nisantasicosmetic.com\/#organization"},"potentialAction":[{"@type":"SearchAction","target":{"@type":"EntryPoint","urlTemplate":"https:\/\/nisantasicosmetic.com\/?s={search_term_string}"},"query-input":{"@type":"PropertyValueSpecification","valueRequired":true,"valueName":"search_term_string"}}],"inLanguage":"es"},{"@type":"Organization","@id":"https:\/\/nisantasicosmetic.com\/#organization","name":"Ni\u015fanta\u015f\u0131 Kozmetik","url":"https:\/\/nisantasicosmetic.com\/","logo":{"@type":"ImageObject","inLanguage":"es","@id":"https:\/\/nisantasicosmetic.com\/#\/schema\/logo\/image\/","url":"https:\/\/nisantasicosmetic.com\/wp-content\/uploads\/2024\/06\/Nisantasi-Cosmetic-Logo.png","contentUrl":"https:\/\/nisantasicosmetic.com\/wp-content\/uploads\/2024\/06\/Nisantasi-Cosmetic-Logo.png","width":1080,"height":216,"caption":"Ni\u015fanta\u015f\u0131 Kozmetik"},"image":{"@id":"https:\/\/nisantasicosmetic.com\/#\/schema\/logo\/image\/"}}]}},"_links":{"self":[{"href":"https:\/\/nisantasicosmetic.com\/es\/wp-json\/wp\/v2\/pages\/593","targetHints":{"allow":["GET"]}}],"collection":[{"href":"https:\/\/nisantasicosmetic.com\/es\/wp-json\/wp\/v2\/pages"}],"about":[{"href":"https:\/\/nisantasicosmetic.com\/es\/wp-json\/wp\/v2\/types\/page"}],"author":[{"embeddable":true,"href":"https:\/\/nisantasicosmetic.com\/es\/wp-json\/wp\/v2\/users\/1"}],"replies":[{"embeddable":true,"href":"https:\/\/nisantasicosmetic.com\/es\/wp-json\/wp\/v2\/comments?post=593"}],"version-history":[{"count":3,"href":"https:\/\/nisantasicosmetic.com\/es\/wp-json\/wp\/v2\/pages\/593\/revisions"}],"predecessor-version":[{"id":1614,"href":"https:\/\/nisantasicosmetic.com\/es\/wp-json\/wp\/v2\/pages\/593\/revisions\/1614"}],"wp:attachment":[{"href":"https:\/\/nisantasicosmetic.com\/es\/wp-json\/wp\/v2\/media?parent=593"}],"curies":[{"name":"wp","href":"https:\/\/api.w.org\/{rel}","templated":true}]}}