{"id":1963,"date":"2025-01-06T15:29:56","date_gmt":"2025-01-06T12:29:56","guid":{"rendered":"https:\/\/nisantasicosmetic.com\/?post_type=product&#038;p=1963"},"modified":"2026-03-26T17:27:31","modified_gmt":"2026-03-26T14:27:31","slug":"diox-detoks-tea","status":"publish","type":"product","link":"https:\/\/nisantasicosmetic.com\/de\/urun\/diox-detoks-tea\/","title":{"rendered":"Diox Detox Tee"},"content":{"rendered":"<h4><strong>Was ist Diox Tea Detox?<\/strong><\/h4>\n<p>Diox Tea ist ein aromatischer Kr\u00e4utertee, hergestellt aus sorgf\u00e4ltig ausgew\u00e4hlten Pflanzenextrakten. Mit seinen nat\u00fcrlichen Inhaltsstoffen bietet er eine k\u00f6stliche und angenehme Option f\u00fcr Ihre t\u00e4gliche Getr\u00e4nkeroutine.<\/p>\n<h4><strong>Warum Diox Tea Detox?<\/strong><\/h4>\n<ul>\n<li><strong>Hergestellt mit pflanzlichen Inhaltsstoffen:<\/strong> Hergestellt aus einer ausgewogenen Mischung erlesener Pflanzenextrakte.<\/li>\n<li><strong>Lecker und aromatisch:<\/strong> Bietet dank sorgf\u00e4ltig ausgew\u00e4hlter Kr\u00e4uter ein angenehmes Trinkerlebnis.<\/li>\n<li><strong>Praktische Anwendung:<\/strong> L\u00e4sst sich leicht mit hei\u00dfem Wasser zubereiten und zu verschiedenen Tageszeiten genie\u00dfen.<\/li>\n<\/ul>\n<h4><strong>Anwendungsempfehlung<\/strong><\/h4>\n<ul>\n<li>Geben Sie einen Teebeutel in Ihre Tasse, gie\u00dfen Sie hei\u00dfes Wasser dar\u00fcber und r\u00fchren Sie um.<\/li>\n<li>Sie k\u00f6nnen es nach Belieben mit nat\u00fcrlichem Honig s\u00fc\u00dfen und genie\u00dfen.<\/li>\n<li>Sie k\u00f6nnen es zu jeder Tageszeit in Ihre Getr\u00e4nkeroutine einbeziehen.<\/li>\n<\/ul>\n<p><strong>Produktmerkmale:<\/strong><\/p>\n<ul>\n<li><strong>Spezielle Verpackung:<\/strong> In einer Verpackung pr\u00e4sentiert, die hilft, die Frische zu bewahren.<\/li>\n<li><strong>Einfach zu transportieren:<\/strong> Dank seiner praktischen Form k\u00f6nnen Sie es den ganzen Tag \u00fcber bei sich tragen.<\/li>\n<li><strong>Aromatischer Geschmack:<\/strong> Bietet ein angenehmes Teeerlebnis durch die Harmonie pflanzlicher Inhaltsstoffe.<\/li>\n<\/ul>\n<h4><strong>Weites Vertriebsnetz:<\/strong><\/h4>\n<p>Es erreicht Nutzer nicht nur in der T\u00fcrkei und Europa, sondern auch in anderen Regionen.<\/p>","protected":false},"excerpt":{"rendered":"<p><strong>DIOX Detox Tea<\/strong>: Beleben Sie Ihren K\u00f6rper mit dieser kraftvollen Kr\u00e4utermischung! Unterst\u00fctzt die Verdauung, kurbelt den Stoffwechsel an und f\u00f6rdert die nat\u00fcrliche Entgiftung. Perfekt f\u00fcr einen ges\u00fcnderen, energiegeladenen Lebensstil. Probieren Sie es jetzt f\u00fcr einen erfrischenden Weg zu mehr Wohlbefinden!<\/p>","protected":false},"featured_media":1964,"comment_status":"closed","ping_status":"closed","template":"","meta":[],"product_brand":[],"product_cat":[89],"product_tag":[],"class_list":{"0":"post-1963","1":"product","2":"type-product","3":"status-publish","4":"has-post-thumbnail","6":"product_cat-herbal-products-products","8":"first","9":"instock","10":"sale","11":"taxable","12":"shipping-taxable","13":"purchasable","14":"product-type-simple"},"yoast_head":"<!-- This site is optimized with the Yoast SEO plugin v26.2 - https:\/\/yoast.com\/wordpress\/plugins\/seo\/ -->\n<title>Diox Detoks Tea - Ni\u015fanta\u015f\u0131 Cosmetic<\/title>\n<meta name=\"description\" content=\"Discover Diox Detox Tea at Ni\u015fanta\u015f\u0131 Cosmetic, a refreshing blend designed to cleanse your body and boost your wellness routine. Shop now!\" \/>\n<meta name=\"robots\" content=\"index, follow, max-snippet:-1, max-image-preview:large, max-video-preview:-1\" \/>\n<link rel=\"canonical\" href=\"https:\/\/nisantasicosmetic.com\/de\/urun\/diox-detoks-tea\/?wmc-currency=EUR\" \/>\n<meta property=\"og:locale\" content=\"de_DE\" \/>\n<meta property=\"og:type\" content=\"article\" \/>\n<meta property=\"og:title\" content=\"Diox Detoks Tea - Ni\u015fanta\u015f\u0131 Cosmetic\" \/>\n<meta property=\"og:description\" content=\"Discover Diox Detox Tea at Ni\u015fanta\u015f\u0131 Cosmetic, a refreshing blend designed to cleanse your body and boost your wellness routine. Shop now!\" \/>\n<meta property=\"og:url\" content=\"https:\/\/nisantasicosmetic.com\/de\/urun\/diox-detoks-tea\/?wmc-currency=EUR\" \/>\n<meta property=\"og:site_name\" content=\"Ni\u015fanta\u015f\u0131 Cosmetic\" \/>\n<meta property=\"article:modified_time\" content=\"2026-03-26T14:27:31+00:00\" \/>\n<meta property=\"og:image\" content=\"https:\/\/nisantasicosmetic.com\/wp-content\/uploads\/2025\/01\/Adsiz-tasarim-64.png\" \/>\n\t<meta property=\"og:image:width\" content=\"1000\" \/>\n\t<meta property=\"og:image:height\" content=\"1000\" \/>\n\t<meta property=\"og:image:type\" content=\"image\/png\" \/>\n<meta name=\"twitter:card\" content=\"summary_large_image\" \/>\n<meta name=\"twitter:label1\" content=\"Gesch\u00e4tzte Lesezeit\" \/>\n\t<meta name=\"twitter:data1\" content=\"2\u00a0Minuten\" \/>\n<script type=\"application\/ld+json\" class=\"yoast-schema-graph\">{\"@context\":\"https:\/\/schema.org\",\"@graph\":[{\"@type\":\"WebPage\",\"@id\":\"https:\/\/nisantasicosmetic.com\/urun\/diox-detoks-tea\/\",\"url\":\"https:\/\/nisantasicosmetic.com\/urun\/diox-detoks-tea\/\",\"name\":\"Diox Detoks Tea - Ni\u015fanta\u015f\u0131 Cosmetic\",\"isPartOf\":{\"@id\":\"https:\/\/nisantasicosmetic.com\/#website\"},\"primaryImageOfPage\":{\"@id\":\"https:\/\/nisantasicosmetic.com\/urun\/diox-detoks-tea\/#primaryimage\"},\"image\":{\"@id\":\"https:\/\/nisantasicosmetic.com\/urun\/diox-detoks-tea\/#primaryimage\"},\"thumbnailUrl\":\"https:\/\/nisantasicosmetic.com\/wp-content\/uploads\/2025\/01\/Adsiz-tasarim-64.png\",\"datePublished\":\"2025-01-06T12:29:56+00:00\",\"dateModified\":\"2026-03-26T14:27:31+00:00\",\"description\":\"Discover Diox Detox Tea at Ni\u015fanta\u015f\u0131 Cosmetic, a refreshing blend designed to cleanse your body and boost your wellness routine. Shop now!\",\"breadcrumb\":{\"@id\":\"https:\/\/nisantasicosmetic.com\/urun\/diox-detoks-tea\/#breadcrumb\"},\"inLanguage\":\"de\",\"potentialAction\":[{\"@type\":\"ReadAction\",\"target\":[\"https:\/\/nisantasicosmetic.com\/urun\/diox-detoks-tea\/\"]}]},{\"@type\":\"ImageObject\",\"inLanguage\":\"de\",\"@id\":\"https:\/\/nisantasicosmetic.com\/urun\/diox-detoks-tea\/#primaryimage\",\"url\":\"https:\/\/nisantasicosmetic.com\/wp-content\/uploads\/2025\/01\/Adsiz-tasarim-64.png\",\"contentUrl\":\"https:\/\/nisantasicosmetic.com\/wp-content\/uploads\/2025\/01\/Adsiz-tasarim-64.png\",\"width\":1000,\"height\":1000},{\"@type\":\"BreadcrumbList\",\"@id\":\"https:\/\/nisantasicosmetic.com\/urun\/diox-detoks-tea\/#breadcrumb\",\"itemListElement\":[{\"@type\":\"ListItem\",\"position\":1,\"name\":\"Anasayfa\",\"item\":\"https:\/\/nisantasicosmetic.com\/\"},{\"@type\":\"ListItem\",\"position\":2,\"name\":\"Produtos\",\"item\":\"https:\/\/nisantasicosmetic.com\/pt\/shop\/\"},{\"@type\":\"ListItem\",\"position\":3,\"name\":\"Diox Detoks Tea\"}]},{\"@type\":\"WebSite\",\"@id\":\"https:\/\/nisantasicosmetic.com\/#website\",\"url\":\"https:\/\/nisantasicosmetic.com\/\",\"name\":\"Ni\u015fanta\u015f\u0131 Kozmetik\",\"description\":\"\",\"publisher\":{\"@id\":\"https:\/\/nisantasicosmetic.com\/#organization\"},\"potentialAction\":[{\"@type\":\"SearchAction\",\"target\":{\"@type\":\"EntryPoint\",\"urlTemplate\":\"https:\/\/nisantasicosmetic.com\/?s={search_term_string}\"},\"query-input\":{\"@type\":\"PropertyValueSpecification\",\"valueRequired\":true,\"valueName\":\"search_term_string\"}}],\"inLanguage\":\"de\"},{\"@type\":\"Organization\",\"@id\":\"https:\/\/nisantasicosmetic.com\/#organization\",\"name\":\"Ni\u015fanta\u015f\u0131 Kozmetik\",\"url\":\"https:\/\/nisantasicosmetic.com\/\",\"logo\":{\"@type\":\"ImageObject\",\"inLanguage\":\"de\",\"@id\":\"https:\/\/nisantasicosmetic.com\/#\/schema\/logo\/image\/\",\"url\":\"https:\/\/nisantasicosmetic.com\/wp-content\/uploads\/2024\/06\/Nisantasi-Cosmetic-Logo.png\",\"contentUrl\":\"https:\/\/nisantasicosmetic.com\/wp-content\/uploads\/2024\/06\/Nisantasi-Cosmetic-Logo.png\",\"width\":1080,\"height\":216,\"caption\":\"Ni\u015fanta\u015f\u0131 Kozmetik\"},\"image\":{\"@id\":\"https:\/\/nisantasicosmetic.com\/#\/schema\/logo\/image\/\"}}]}<\/script>\n<!-- \/ Yoast SEO plugin. -->","yoast_head_json":{"title":"Diox Detoks Tea - Ni\u015fanta\u015f\u0131 Cosmetic","description":"Discover Diox Detox Tea at Ni\u015fanta\u015f\u0131 Cosmetic, a refreshing blend designed to cleanse your body and boost your wellness routine. Shop now!","robots":{"index":"index","follow":"follow","max-snippet":"max-snippet:-1","max-image-preview":"max-image-preview:large","max-video-preview":"max-video-preview:-1"},"canonical":"https:\/\/nisantasicosmetic.com\/de\/urun\/diox-detoks-tea\/?wmc-currency=EUR","og_locale":"de_DE","og_type":"article","og_title":"Diox Detoks Tea - Ni\u015fanta\u015f\u0131 Cosmetic","og_description":"Discover Diox Detox Tea at Ni\u015fanta\u015f\u0131 Cosmetic, a refreshing blend designed to cleanse your body and boost your wellness routine. Shop now!","og_url":"https:\/\/nisantasicosmetic.com\/de\/urun\/diox-detoks-tea\/?wmc-currency=EUR","og_site_name":"Ni\u015fanta\u015f\u0131 Cosmetic","article_modified_time":"2026-03-26T14:27:31+00:00","og_image":[{"width":1000,"height":1000,"url":"https:\/\/nisantasicosmetic.com\/wp-content\/uploads\/2025\/01\/Adsiz-tasarim-64.png","type":"image\/png"}],"twitter_card":"summary_large_image","twitter_misc":{"Gesch\u00e4tzte Lesezeit":"2\u00a0Minuten"},"schema":{"@context":"https:\/\/schema.org","@graph":[{"@type":"WebPage","@id":"https:\/\/nisantasicosmetic.com\/urun\/diox-detoks-tea\/","url":"https:\/\/nisantasicosmetic.com\/urun\/diox-detoks-tea\/","name":"Diox Detoks Tea - Ni\u015fanta\u015f\u0131 Cosmetic","isPartOf":{"@id":"https:\/\/nisantasicosmetic.com\/#website"},"primaryImageOfPage":{"@id":"https:\/\/nisantasicosmetic.com\/urun\/diox-detoks-tea\/#primaryimage"},"image":{"@id":"https:\/\/nisantasicosmetic.com\/urun\/diox-detoks-tea\/#primaryimage"},"thumbnailUrl":"https:\/\/nisantasicosmetic.com\/wp-content\/uploads\/2025\/01\/Adsiz-tasarim-64.png","datePublished":"2025-01-06T12:29:56+00:00","dateModified":"2026-03-26T14:27:31+00:00","description":"Discover Diox Detox Tea at Ni\u015fanta\u015f\u0131 Cosmetic, a refreshing blend designed to cleanse your body and boost your wellness routine. Shop now!","breadcrumb":{"@id":"https:\/\/nisantasicosmetic.com\/urun\/diox-detoks-tea\/#breadcrumb"},"inLanguage":"de","potentialAction":[{"@type":"ReadAction","target":["https:\/\/nisantasicosmetic.com\/urun\/diox-detoks-tea\/"]}]},{"@type":"ImageObject","inLanguage":"de","@id":"https:\/\/nisantasicosmetic.com\/urun\/diox-detoks-tea\/#primaryimage","url":"https:\/\/nisantasicosmetic.com\/wp-content\/uploads\/2025\/01\/Adsiz-tasarim-64.png","contentUrl":"https:\/\/nisantasicosmetic.com\/wp-content\/uploads\/2025\/01\/Adsiz-tasarim-64.png","width":1000,"height":1000},{"@type":"BreadcrumbList","@id":"https:\/\/nisantasicosmetic.com\/urun\/diox-detoks-tea\/#breadcrumb","itemListElement":[{"@type":"ListItem","position":1,"name":"Anasayfa","item":"https:\/\/nisantasicosmetic.com\/"},{"@type":"ListItem","position":2,"name":"Produtos","item":"https:\/\/nisantasicosmetic.com\/pt\/shop\/"},{"@type":"ListItem","position":3,"name":"Diox Detoks Tea"}]},{"@type":"WebSite","@id":"https:\/\/nisantasicosmetic.com\/#website","url":"https:\/\/nisantasicosmetic.com\/","name":"Ni\u015fanta\u015f\u0131 Kozmetik","description":"","publisher":{"@id":"https:\/\/nisantasicosmetic.com\/#organization"},"potentialAction":[{"@type":"SearchAction","target":{"@type":"EntryPoint","urlTemplate":"https:\/\/nisantasicosmetic.com\/?s={search_term_string}"},"query-input":{"@type":"PropertyValueSpecification","valueRequired":true,"valueName":"search_term_string"}}],"inLanguage":"de"},{"@type":"Organization","@id":"https:\/\/nisantasicosmetic.com\/#organization","name":"Ni\u015fanta\u015f\u0131 Kozmetik","url":"https:\/\/nisantasicosmetic.com\/","logo":{"@type":"ImageObject","inLanguage":"de","@id":"https:\/\/nisantasicosmetic.com\/#\/schema\/logo\/image\/","url":"https:\/\/nisantasicosmetic.com\/wp-content\/uploads\/2024\/06\/Nisantasi-Cosmetic-Logo.png","contentUrl":"https:\/\/nisantasicosmetic.com\/wp-content\/uploads\/2024\/06\/Nisantasi-Cosmetic-Logo.png","width":1080,"height":216,"caption":"Ni\u015fanta\u015f\u0131 Kozmetik"},"image":{"@id":"https:\/\/nisantasicosmetic.com\/#\/schema\/logo\/image\/"}}]}},"_links":{"self":[{"href":"https:\/\/nisantasicosmetic.com\/de\/wp-json\/wp\/v2\/product\/1963","targetHints":{"allow":["GET"]}}],"collection":[{"href":"https:\/\/nisantasicosmetic.com\/de\/wp-json\/wp\/v2\/product"}],"about":[{"href":"https:\/\/nisantasicosmetic.com\/de\/wp-json\/wp\/v2\/types\/product"}],"replies":[{"embeddable":true,"href":"https:\/\/nisantasicosmetic.com\/de\/wp-json\/wp\/v2\/comments?post=1963"}],"wp:featuredmedia":[{"embeddable":true,"href":"https:\/\/nisantasicosmetic.com\/de\/wp-json\/wp\/v2\/media\/1964"}],"wp:attachment":[{"href":"https:\/\/nisantasicosmetic.com\/de\/wp-json\/wp\/v2\/media?parent=1963"}],"wp:term":[{"taxonomy":"product_brand","embeddable":true,"href":"https:\/\/nisantasicosmetic.com\/de\/wp-json\/wp\/v2\/product_brand?post=1963"},{"taxonomy":"product_cat","embeddable":true,"href":"https:\/\/nisantasicosmetic.com\/de\/wp-json\/wp\/v2\/product_cat?post=1963"},{"taxonomy":"product_tag","embeddable":true,"href":"https:\/\/nisantasicosmetic.com\/de\/wp-json\/wp\/v2\/product_tag?post=1963"}],"curies":[{"name":"wp","href":"https:\/\/api.w.org\/{rel}","templated":true}]}}