{"id":593,"date":"2024-06-05T10:35:20","date_gmt":"2024-06-05T07:35:20","guid":{"rendered":"https:\/\/nisantasi.zarendigital.com\/?page_id=593"},"modified":"2025-01-21T16:19:00","modified_gmt":"2025-01-21T13:19:00","slug":"warranty-and-cancellation-return-conditions","status":"publish","type":"page","link":"https:\/\/nisantasicosmetic.com\/de\/garantie-und-widerrufsbelehrung\/","title":{"rendered":"Garantie-, Stornierungs- und R\u00fcckgabebedingungen"},"content":{"rendered":"<div data-elementor-type=\"wp-page\" data-elementor-id=\"593\" class=\"elementor elementor-593\" data-elementor-post-type=\"page\">\n\t\t\t\t\t\t<section class=\"elementor-section elementor-top-section elementor-element elementor-element-a9b5809 elementor-section-height-min-height elementor-section-content-middle elementor-section-boxed elementor-section-height-default elementor-section-items-middle\" data-id=\"a9b5809\" data-element_type=\"section\">\n\t\t\t\t\t\t<div class=\"elementor-container elementor-column-gap-default\">\n\t\t\t\t\t<div class=\"elementor-column elementor-col-100 elementor-top-column elementor-element elementor-element-6dd84ca\" data-id=\"6dd84ca\" data-element_type=\"column\">\n\t\t\t<div class=\"elementor-widget-wrap elementor-element-populated\">\n\t\t\t\t\t\t<section class=\"elementor-section elementor-inner-section elementor-element elementor-element-9155ff6 elementor-section-content-middle elementor-section-boxed elementor-section-height-default elementor-section-height-default\" data-id=\"9155ff6\" data-element_type=\"section\">\n\t\t\t\t\t\t<div class=\"elementor-container elementor-column-gap-default\">\n\t\t\t\t\t<div class=\"elementor-column elementor-col-100 elementor-inner-column elementor-element elementor-element-03b619f\" data-id=\"03b619f\" data-element_type=\"column\">\n\t\t\t<div class=\"elementor-widget-wrap elementor-element-populated\">\n\t\t\t\t\t\t<div class=\"elementor-element elementor-element-15c6acf elementor-widget elementor-widget-heading\" data-id=\"15c6acf\" data-element_type=\"widget\" data-widget_type=\"heading.default\">\n\t\t\t\t<div class=\"elementor-widget-container\">\n\t\t\t\t\t<h1 class=\"elementor-heading-title elementor-size-default\">Garantie-, Stornierungs- und R\u00fcckgabebedingungen\n<\/h1>\t\t\t\t<\/div>\n\t\t\t\t<\/div>\n\t\t\t\t<div class=\"elementor-element elementor-element-4635fdc elementor-widget elementor-widget-woocommerce-breadcrumb\" data-id=\"4635fdc\" data-element_type=\"widget\" data-widget_type=\"woocommerce-breadcrumb.default\">\n\t\t\t\t<div class=\"elementor-widget-container\">\n\t\t\t\t\t<nav class=\"woocommerce-breadcrumb\" aria-label=\"Breadcrumb\" data-no-translation=\"\" data-trp-gettext=\"\">Startseite<\/nav>\t\t\t\t<\/div>\n\t\t\t\t<\/div>\n\t\t\t\t\t<\/div>\n\t\t<\/div>\n\t\t\t\t\t<\/div>\n\t\t<\/section>\n\t\t\t\t\t<\/div>\n\t\t<\/div>\n\t\t\t\t\t<\/div>\n\t\t<\/section>\n\t\t\t\t<section class=\"elementor-section elementor-top-section elementor-element elementor-element-582af76 elementor-section-content-middle elementor-section-boxed elementor-section-height-default elementor-section-height-default\" data-id=\"582af76\" data-element_type=\"section\">\n\t\t\t\t\t\t<div class=\"elementor-container elementor-column-gap-default\">\n\t\t\t\t\t<div class=\"elementor-column elementor-col-100 elementor-top-column elementor-element elementor-element-d649a91\" data-id=\"d649a91\" data-element_type=\"column\">\n\t\t\t<div class=\"elementor-widget-wrap elementor-element-populated\">\n\t\t\t\t\t\t<div class=\"elementor-element elementor-element-3c69c8b elementor-widget elementor-widget-spacer\" data-id=\"3c69c8b\" data-element_type=\"widget\" data-widget_type=\"spacer.default\">\n\t\t\t\t<div class=\"elementor-widget-container\">\n\t\t\t\t\t\t\t<div class=\"elementor-spacer\">\n\t\t\t<div class=\"elementor-spacer-inner\"><\/div>\n\t\t<\/div>\n\t\t\t\t\t\t<\/div>\n\t\t\t\t<\/div>\n\t\t\t\t\t<\/div>\n\t\t<\/div>\n\t\t\t\t\t<\/div>\n\t\t<\/section>\n\t\t\t\t<section class=\"elementor-section elementor-top-section elementor-element elementor-element-ed5e0dd elementor-section-content-middle elementor-section-boxed elementor-section-height-default elementor-section-height-default\" data-id=\"ed5e0dd\" data-element_type=\"section\">\n\t\t\t\t\t\t<div class=\"elementor-container elementor-column-gap-default\">\n\t\t\t\t\t<div class=\"elementor-column elementor-col-100 elementor-top-column elementor-element elementor-element-63cbb73\" data-id=\"63cbb73\" data-element_type=\"column\">\n\t\t\t<div class=\"elementor-widget-wrap elementor-element-populated\">\n\t\t\t\t\t\t<section class=\"elementor-section elementor-inner-section elementor-element elementor-element-34fdd35 elementor-section-content-middle elementor-section-boxed elementor-section-height-default elementor-section-height-default\" data-id=\"34fdd35\" data-element_type=\"section\">\n\t\t\t\t\t\t<div class=\"elementor-container elementor-column-gap-default\">\n\t\t\t\t\t<div class=\"elementor-column elementor-col-100 elementor-inner-column elementor-element elementor-element-ad730be\" data-id=\"ad730be\" data-element_type=\"column\">\n\t\t\t<div class=\"elementor-widget-wrap elementor-element-populated\">\n\t\t\t\t\t\t<div class=\"elementor-element elementor-element-09705db elementor-widget elementor-widget-text-editor\" data-id=\"09705db\" data-element_type=\"widget\" data-widget_type=\"text-editor.default\">\n\t\t\t\t<div class=\"elementor-widget-container\">\n\t\t\t\t\t\t\t\t\t<p><b>GARANTIE \u2013 VERBRAUCHERRECHTE \u2013 R\u00dcCKTRITT \u2013 STORNIERUNG R\u00dcCKGABEBEDINGUNGEN<\/b><\/p><p><b>ALLGEMEIN:<\/b><\/p><p>Wenn Sie auf elektronischem Wege \u00fcber die von Ihnen genutzte Website eine Bestellung aufgeben, wird davon ausgegangen, dass Sie das Ihnen vorgelegte vorl\u00e4ufige Informationsformular und den Fernabsatzvertrag akzeptieren.<\/p><p>K\u00e4ufer unterliegen den Bestimmungen des Verbraucherschutzgesetzes Nr. 6502 und der Fernabsatzverordnung (OG: 27.11.2014\/29188) sowie anderen geltenden Gesetzen in Bezug auf den Verkauf und die Lieferung der von ihnen gekauften Produkte.<\/p><p>Die Versandkosten, also die Kosten f\u00fcr den Produktversand, werden vom K\u00e4ufer getragen.<\/p><p>Jedes gekaufte Produkt wird an die vom K\u00e4ufer angegebene Person und\/oder Organisation geliefert, sofern die gesetzliche Frist von 30 Tagen nicht \u00fcberschritten wird. Wird das Produkt nicht innerhalb dieser Frist geliefert, k\u00f6nnen K\u00e4ufer vom Vertrag zur\u00fccktreten.<\/p><p>Das gekaufte Produkt muss vollst\u00e4ndig und in \u00dcbereinstimmung mit den in der Bestellung angegebenen Qualifikationen sowie mit Dokumenten wie Garantiezertifikat und Benutzerhandbuch, sofern vorhanden, geliefert werden.<\/p><p>Wenn der Verkauf des gekauften Produkts unm\u00f6glich wird, muss der Verk\u00e4ufer den K\u00e4ufer innerhalb von 3 Tagen nach Kenntnisnahme dieser Situation schriftlich benachrichtigen. Der Gesamtpreis muss dem K\u00e4ufer innerhalb von 14 Tagen zur\u00fcckerstattet werden.<\/p><p><b>WENN DER PREIS DES GEKAUFTEN PRODUKTS NICHT BEZAHLT WIRD:<\/b><\/p><p>Wenn der K\u00e4ufer die von ihm gekaufte Ware nicht bezahlt oder diese in seinen Bankunterlagen storniert, erlischt die Verpflichtung des Verk\u00e4ufers zur Lieferung der Ware.<\/p><p><b>K\u00c4UFE UNTER UNBEFUGTER VERWENDUNG EINER KREDITKARTE:<\/b><\/p><p>Wenn nach der Lieferung des Produkts festgestellt wird, dass die Kreditkarte, mit der der K\u00e4ufer bezahlt hat, von unbefugten Personen zu Unrecht verwendet wurde und der Preis des verkauften Produkts von der betreffenden Bank oder dem betreffenden Finanzinstitut nicht an den Verk\u00e4ufer gezahlt wird, muss der K\u00e4ufer das vertragsgem\u00e4\u00dfe Produkt innerhalb von 3 Tagen auf Kosten des VERK\u00c4UFERS an den VERK\u00c4UFER zur\u00fccksenden.<\/p><p><b>WENN DAS PRODUKT AUS UNVORHERSEHBAREN GR\u00dcNDEN NICHT RECHTZEITIG GELIEFERT WERDEN KANN:<\/b><\/p><p>Wenn h\u00f6here Gewalt eintritt, die der Verk\u00e4ufer nicht vorhersehen kann und das Produkt nicht rechtzeitig geliefert werden kann, wird der K\u00e4ufer \u00fcber die Situation informiert. Der K\u00e4ufer kann die Stornierung der Bestellung, den Ersatz des Produkts durch ein \u00e4hnliches oder eine Verschiebung der Lieferung verlangen, bis das Hindernis beseitigt ist. Wenn der K\u00e4ufer die Bestellung storniert; Wenn die Zahlung in bar erfolgt, wird diese Geb\u00fchr innerhalb von 14 Tagen ab dem Datum der Stornierung in bar bezahlt. Wenn der K\u00e4ufer die Zahlung per Kreditkarte vorgenommen hat und diese storniert, wird der Produktpreis innerhalb von 14 Tagen ab dieser Stornierung an die Bank zur\u00fcckerstattet, es ist jedoch m\u00f6glich, dass die Bank ihn innerhalb von 2-3 Wochen auf das Konto des K\u00e4ufers \u00fcberweist.<\/p><p><b>PFLICHT DES K\u00c4UFERS ZUR \u00dcBERPR\u00dcFUNG DES PRODUKTES:<\/b><\/p><p>Der K\u00e4ufer wird die Waren\/Dienstleistungen, die Gegenstand des Vertrags sind, vor Erhalt pr\u00fcfen; auf Dellen, Br\u00fcche, zerrissene Verpackung usw. Besch\u00e4digte und defekte Waren\/Dienstleistungen werden vom Frachtunternehmen nicht entgegengenommen. Die erhaltenen Waren\/Dienstleistungen gelten als unbesch\u00e4digt und intakt. Der K\u00c4UFER muss die Waren\/Dienstleistungen nach der Lieferung sorgf\u00e4ltig sch\u00fctzen. Wenn das Widerrufsrecht genutzt werden soll, d\u00fcrfen die Waren\/Dienstleistungen nicht genutzt werden. Die Rechnung muss zusammen mit dem Produkt zur\u00fcckgegeben werden.<\/p><p><b>R\u00dcCKTRITTSRECHT:<\/b><\/p><p>K\u00c4UFER; Innerhalb von 14 (vierzehn) Tagen ab dem Datum der Lieferung des gekauften Produkts an ihn\/sie oder an die Person\/Organisation an die angegebene Adresse kann er\/sie sein R\u00fccktrittsrecht vom Vertrag aus\u00fcben, indem er\/sie die Ware ablehnt, ohne dass er\/sie daf\u00fcr eine rechtliche oder strafrechtliche Haftung \u00fcbernimmt und ohne jegliche Begr\u00fcndung, vorausgesetzt, dass er\/sie den VERK\u00c4UFER \u00fcber die untenstehenden Kontaktinformationen benachrichtigt.<\/p><p><b>KONTAKTINFORMATIONEN DES VERK\u00c4UFERS ZUR WIDERRUFSBEKANNTGABE:<\/b><\/p><p>UNTERNEHMEN<\/p><p>NAME\/TITEL: N\u0130\u015eANTA\u015eI COSMETICS<br \/>ADRESSE:Atak\u00f6y 7. \u2013 8. \u2013 9. \u2013 10. Abschnitt Istanbul<br \/>E-MAIL: info@nisantasikozmetik.com<br \/>TELEFON: 08503800101<\/p><p><b>DAUER DES WIDERRUFSRECHTS:<\/b><\/p><p>Wenn der K\u00e4ufer eine Dienstleistung erwirbt, beginnt diese 14-t\u00e4gige Frist mit dem Datum der Unterzeichnung des Vertrags. Das Widerrufsrecht kann nicht bei Dienstleistungsvertr\u00e4gen ausge\u00fcbt werden, bei denen die Ausf\u00fchrung der Dienstleistung mit Zustimmung des Verbrauchers vor Ablauf des Widerrufsrechts beginnt.<\/p><p>Die durch die Aus\u00fcbung des Widerrufsrechts entstehenden Kosten tr\u00e4gt der VERK\u00c4UFER.<\/p><p>Um das Widerrufsrecht auszu\u00fcben, muss die schriftliche Mitteilung per Einschreiben, Fax oder E-Mail innerhalb von 14 (vierzehn) Tagen an den VERK\u00c4UFER erfolgen und das Produkt darf nicht im Rahmen der in diesem Vertrag festgelegten Bestimmungen \u201eProdukte, f\u00fcr die das Widerrufsrecht nicht ausge\u00fcbt werden kann\u201c verwendet worden sein.<\/p><p><b>GEBRAUCH DES WIDERRUFSRECHTS:<\/b><\/p><p>Die Rechnung f\u00fcr das an die Person oder den K\u00c4UFER gelieferte Produkt. (Wenn es sich bei der Rechnung f\u00fcr das zur\u00fcckzugebende Produkt um eine Firmenrechnung handelt, muss diese bei der R\u00fccksendung zusammen mit der von der Institution ausgestellten R\u00fccksenderechnung gesendet werden. Die R\u00fccksendung von Bestellungen, deren Rechnung im Namen von Institutionen ausgestellt wurde, kann nur abgeschlossen werden, wenn die R\u00dcCKSENDERECHNUNG ausgestellt wurde.)<br \/>R\u00fccksendeformular: Die zur\u00fcckzusendenden Produkte m\u00fcssen vollst\u00e4ndig und unbesch\u00e4digt, inklusive Karton, Verpackung und ggf. Standardzubeh\u00f6r, zur\u00fcckgesandt werden.<\/p><p><b>R\u00dcCKGABEBEDINGUNGEN:<\/b><\/p><p>Der VERK\u00c4UFER ist verpflichtet, dem K\u00c4UFER den Gesamtpreis sowie die Unterlagen, die den K\u00c4UFER schulden, sp\u00e4testens innerhalb einer Frist von 10 Tagen nach Erhalt der Widerrufserkl\u00e4rung zur\u00fcckzugeben und die Ware innerhalb von 20 Tagen zur\u00fcckzunehmen.<\/p><p>Wenn der Wert der Ware sinkt oder die R\u00fcckgabe aus einem Grund unm\u00f6glich wird, der durch das Verschulden des K\u00c4UFERS verursacht wurde, ist der K\u00c4UFER verpflichtet, dem VERK\u00c4UFER den Schaden im Verh\u00e4ltnis zum Verschulden zu ersetzen. Der K\u00c4UFER ist jedoch nicht f\u00fcr Ver\u00e4nderungen oder Verschlechterungen verantwortlich, die aufgrund der unsachgem\u00e4\u00dfen Verwendung der Ware oder des Produkts innerhalb der Widerrufsfrist auftreten.<\/p><p>Wird durch die Aus\u00fcbung des Widerrufsrechts der vom VERK\u00c4UFER festgelegte Aktionsh\u00f6chstbetrag unterschritten, verf\u00e4llt der im Rahmen der Aktion in Anspruch genommene Rabattbetrag.<\/p><p><b>PRODUKTE, F\u00dcR DIE DAS WIDERRUFSRECHT NICHT AUSGE\u00dcBT WERDEN KANN:<\/b><\/p><p>Unterhosen, Badeanz\u00fcge und Bikinihosen, Make-up-Materialien, Einwegprodukte, Waren, die nach Wunsch oder eindeutig f\u00fcr den pers\u00f6nlichen Bedarf des K\u00c4UFERS hergestellt werden und nicht zur\u00fcckgeschickt werden k\u00f6nnen, Waren, bei denen die Gefahr eines schnellen Verderbens besteht oder deren Verfallsdatum \u00fcberschritten werden kann, werden dem K\u00c4UFER geliefert. Produkte, die aus gesundheitlichen und hygienischen Gr\u00fcnden nicht zur\u00fcckgegeben werden k\u00f6nnen, wenn die Verpackung nach der Lieferung vom K\u00c4UFER ge\u00f6ffnet wurde, Produkte, die nach der Lieferung mit anderen Produkten vermischt wurden und aufgrund ihrer Beschaffenheit nicht getrennt werden k\u00f6nnen, Waren im Zusammenhang mit Zeitschriften wie Zeitungen und Magazinen, die nicht im Rahmen des Abonnementvertrags geliefert werden, sofortige Erf\u00fcllung in der elektronischen Umgebung. Gem\u00e4\u00df der Verordnung ist es nicht m\u00f6glich, die erbrachten Dienstleistungen oder immateriellen Waren, die sofort an den Verbraucher geliefert wurden, zur\u00fcckzugeben, ebenso wie Audio- oder Videoaufzeichnungen, B\u00fccher, digitale Inhalte, Softwareprogramme, Datenaufzeichnungs- und Datenspeicherger\u00e4te, Computerverbrauchsmaterialien, wenn deren Verpackung vom K\u00c4UFER ge\u00f6ffnet wurde. Dar\u00fcber hinaus ist die Aus\u00fcbung des Widerrufsrechts hinsichtlich Dienstleistungen, deren Ausf\u00fchrung mit Zustimmung des Verbrauchers begonnen hat, bevor das Widerrufsrecht gem\u00e4\u00df der Verordnung erloschen ist, nicht m\u00f6glich.<\/p><p>Kosmetik- und K\u00f6rperpflegeprodukte, Unterw\u00e4sche, Badeanz\u00fcge, Bikinis, B\u00fccher, kopierbare Software und Programme, DVDs, VCDs, CDs und Kassetten sowie Verbrauchsmaterialien f\u00fcr Schreibwaren (Toner, Kartuschen, Farbb\u00e4nder usw.) m\u00fcssen in unge\u00f6ffneter, ungepr\u00fcfter, intakter Verpackung zur\u00fcckgegeben werden. und sie m\u00fcssen unbenutzt sein.<\/p><p><b>Zahlungsverzug und Rechtsfolgen<\/b><\/p><p>Der K\u00c4UFER akzeptiert, erkl\u00e4rt und verpflichtet sich, im Falle eines Zahlungsverzugs bei der Durchf\u00fchrung von Zahlungstransaktionen per Kreditkarte Zinsen im Rahmen der Kreditkartenvereinbarung zwischen dem Karteninhaber und der Bank zu zahlen und gegen\u00fcber der Bank haftbar zu sein. In diesem Fall kann die betreffende Bank rechtliche Schritte einleiten; sie kann vom K\u00c4UFER die entstandenen Kosten und Anwaltskosten verlangen, und in jedem Fall verpflichtet sich der K\u00c4UFER im Falle eines Zahlungsverzugs aufgrund der Schulden des K\u00c4UFERS, die Sch\u00e4den und Verluste zu zahlen, die dem VERK\u00c4UFER aufgrund der versp\u00e4teten Erf\u00fcllung der Schulden entstehen.<\/p><p><b>ZAHLUNGS-UND LIEFERBEDINGUNGEN<\/b><\/p><p>Sie k\u00f6nnen eine Bank\u00fcberweisung oder EFT (Electronic Fund Transfer) auf jedes unserer Bankkonten (TL) vornehmen.<\/p><p>Sie k\u00f6nnen \u00fcber unsere Website mit Ihrer Kreditkarte von Online-Einzelzahlungs- oder Online-Ratenzahlungsm\u00f6glichkeiten profitieren. Bei Online-Zahlungen wird der Betrag am Ende Ihrer Bestellung von Ihrer Kreditkarte abgebucht.<\/p>\t\t\t\t\t\t\t\t<\/div>\n\t\t\t\t<\/div>\n\t\t\t\t\t<\/div>\n\t\t<\/div>\n\t\t\t\t\t<\/div>\n\t\t<\/section>\n\t\t\t\t\t<\/div>\n\t\t<\/div>\n\t\t\t\t\t<\/div>\n\t\t<\/section>\n\t\t\t\t<\/div>","protected":false},"excerpt":{"rendered":"<p>Warranty and Cancellation &#038; Return Conditions WARRANTY &#8211; CONSUMER RIGHTS &#8211; WITHDRAWAL &#8211; CANCELLATION RETURN CONDITIONS GENERAL: If you place an order electronically through the website you are using, you are deemed to have accepted the preliminary information form and distance sales contract presented to you. Buyers are subject to the provisions of the Consumer [&hellip;]<\/p>","protected":false},"author":1,"featured_media":0,"parent":0,"menu_order":0,"comment_status":"closed","ping_status":"closed","template":"elementor_header_footer","meta":{"footnotes":""},"class_list":["post-593","page","type-page","status-publish","hentry"],"yoast_head":"<!-- This site is optimized with the Yoast SEO plugin v26.2 - https:\/\/yoast.com\/wordpress\/plugins\/seo\/ -->\n<title>Warranty and Cancellation &amp; Return Conditions - Ni\u015fanta\u015f\u0131 Cosmetic<\/title>\n<meta name=\"description\" content=\"Learn about Ni\u015fanta\u015f\u0131 Cosmetic&#039;s warranty, cancellation, and return policies. Hassle-free solutions for a secure shopping experience!\" \/>\n<meta name=\"robots\" content=\"index, follow, max-snippet:-1, max-image-preview:large, max-video-preview:-1\" \/>\n<link rel=\"canonical\" href=\"https:\/\/nisantasicosmetic.com\/de\/garantie-und-widerrufsbelehrung\/?wmc-currency=EUR\" \/>\n<meta property=\"og:locale\" content=\"de_DE\" \/>\n<meta property=\"og:type\" content=\"article\" \/>\n<meta property=\"og:title\" content=\"Warranty and Cancellation &amp; Return Conditions - Ni\u015fanta\u015f\u0131 Cosmetic\" \/>\n<meta property=\"og:description\" content=\"Learn about Ni\u015fanta\u015f\u0131 Cosmetic&#039;s warranty, cancellation, and return policies. Hassle-free solutions for a secure shopping experience!\" \/>\n<meta property=\"og:url\" content=\"https:\/\/nisantasicosmetic.com\/de\/garantie-und-widerrufsbelehrung\/?wmc-currency=EUR\" \/>\n<meta property=\"og:site_name\" content=\"Ni\u015fanta\u015f\u0131 Cosmetic\" \/>\n<meta property=\"article:modified_time\" content=\"2025-01-21T13:19:00+00:00\" \/>\n<meta name=\"twitter:card\" content=\"summary_large_image\" \/>\n<meta name=\"twitter:label1\" content=\"Gesch\u00e4tzte Lesezeit\" \/>\n\t<meta name=\"twitter:data1\" content=\"9\u00a0Minuten\" \/>\n<script type=\"application\/ld+json\" class=\"yoast-schema-graph\">{\"@context\":\"https:\/\/schema.org\",\"@graph\":[{\"@type\":\"WebPage\",\"@id\":\"https:\/\/nisantasicosmetic.com\/warranty-and-cancellation-return-conditions\/\",\"url\":\"https:\/\/nisantasicosmetic.com\/warranty-and-cancellation-return-conditions\/\",\"name\":\"Warranty and Cancellation & Return Conditions - Ni\u015fanta\u015f\u0131 Cosmetic\",\"isPartOf\":{\"@id\":\"https:\/\/nisantasicosmetic.com\/#website\"},\"datePublished\":\"2024-06-05T07:35:20+00:00\",\"dateModified\":\"2025-01-21T13:19:00+00:00\",\"description\":\"Learn about Ni\u015fanta\u015f\u0131 Cosmetic's warranty, cancellation, and return policies. Hassle-free solutions for a secure shopping experience!\",\"breadcrumb\":{\"@id\":\"https:\/\/nisantasicosmetic.com\/warranty-and-cancellation-return-conditions\/#breadcrumb\"},\"inLanguage\":\"de\",\"potentialAction\":[{\"@type\":\"ReadAction\",\"target\":[\"https:\/\/nisantasicosmetic.com\/warranty-and-cancellation-return-conditions\/\"]}]},{\"@type\":\"BreadcrumbList\",\"@id\":\"https:\/\/nisantasicosmetic.com\/warranty-and-cancellation-return-conditions\/#breadcrumb\",\"itemListElement\":[{\"@type\":\"ListItem\",\"position\":1,\"name\":\"Anasayfa\",\"item\":\"https:\/\/nisantasicosmetic.com\/\"},{\"@type\":\"ListItem\",\"position\":2,\"name\":\"Warranty and Cancellation &#038; Return Conditions\"}]},{\"@type\":\"WebSite\",\"@id\":\"https:\/\/nisantasicosmetic.com\/#website\",\"url\":\"https:\/\/nisantasicosmetic.com\/\",\"name\":\"Ni\u015fanta\u015f\u0131 Kozmetik\",\"description\":\"\",\"publisher\":{\"@id\":\"https:\/\/nisantasicosmetic.com\/#organization\"},\"potentialAction\":[{\"@type\":\"SearchAction\",\"target\":{\"@type\":\"EntryPoint\",\"urlTemplate\":\"https:\/\/nisantasicosmetic.com\/?s={search_term_string}\"},\"query-input\":{\"@type\":\"PropertyValueSpecification\",\"valueRequired\":true,\"valueName\":\"search_term_string\"}}],\"inLanguage\":\"de\"},{\"@type\":\"Organization\",\"@id\":\"https:\/\/nisantasicosmetic.com\/#organization\",\"name\":\"Ni\u015fanta\u015f\u0131 Kozmetik\",\"url\":\"https:\/\/nisantasicosmetic.com\/\",\"logo\":{\"@type\":\"ImageObject\",\"inLanguage\":\"de\",\"@id\":\"https:\/\/nisantasicosmetic.com\/#\/schema\/logo\/image\/\",\"url\":\"https:\/\/nisantasicosmetic.com\/wp-content\/uploads\/2024\/06\/Nisantasi-Cosmetic-Logo.png\",\"contentUrl\":\"https:\/\/nisantasicosmetic.com\/wp-content\/uploads\/2024\/06\/Nisantasi-Cosmetic-Logo.png\",\"width\":1080,\"height\":216,\"caption\":\"Ni\u015fanta\u015f\u0131 Kozmetik\"},\"image\":{\"@id\":\"https:\/\/nisantasicosmetic.com\/#\/schema\/logo\/image\/\"}}]}<\/script>\n<!-- \/ Yoast SEO plugin. -->","yoast_head_json":{"title":"Warranty and Cancellation & Return Conditions - Ni\u015fanta\u015f\u0131 Cosmetic","description":"Learn about Ni\u015fanta\u015f\u0131 Cosmetic's warranty, cancellation, and return policies. Hassle-free solutions for a secure shopping experience!","robots":{"index":"index","follow":"follow","max-snippet":"max-snippet:-1","max-image-preview":"max-image-preview:large","max-video-preview":"max-video-preview:-1"},"canonical":"https:\/\/nisantasicosmetic.com\/de\/garantie-und-widerrufsbelehrung\/?wmc-currency=EUR","og_locale":"de_DE","og_type":"article","og_title":"Warranty and Cancellation & Return Conditions - Ni\u015fanta\u015f\u0131 Cosmetic","og_description":"Learn about Ni\u015fanta\u015f\u0131 Cosmetic's warranty, cancellation, and return policies. Hassle-free solutions for a secure shopping experience!","og_url":"https:\/\/nisantasicosmetic.com\/de\/garantie-und-widerrufsbelehrung\/?wmc-currency=EUR","og_site_name":"Ni\u015fanta\u015f\u0131 Cosmetic","article_modified_time":"2025-01-21T13:19:00+00:00","twitter_card":"summary_large_image","twitter_misc":{"Gesch\u00e4tzte Lesezeit":"9\u00a0Minuten"},"schema":{"@context":"https:\/\/schema.org","@graph":[{"@type":"WebPage","@id":"https:\/\/nisantasicosmetic.com\/warranty-and-cancellation-return-conditions\/","url":"https:\/\/nisantasicosmetic.com\/warranty-and-cancellation-return-conditions\/","name":"Warranty and Cancellation & Return Conditions - Ni\u015fanta\u015f\u0131 Cosmetic","isPartOf":{"@id":"https:\/\/nisantasicosmetic.com\/#website"},"datePublished":"2024-06-05T07:35:20+00:00","dateModified":"2025-01-21T13:19:00+00:00","description":"Learn about Ni\u015fanta\u015f\u0131 Cosmetic's warranty, cancellation, and return policies. Hassle-free solutions for a secure shopping experience!","breadcrumb":{"@id":"https:\/\/nisantasicosmetic.com\/warranty-and-cancellation-return-conditions\/#breadcrumb"},"inLanguage":"de","potentialAction":[{"@type":"ReadAction","target":["https:\/\/nisantasicosmetic.com\/warranty-and-cancellation-return-conditions\/"]}]},{"@type":"BreadcrumbList","@id":"https:\/\/nisantasicosmetic.com\/warranty-and-cancellation-return-conditions\/#breadcrumb","itemListElement":[{"@type":"ListItem","position":1,"name":"Anasayfa","item":"https:\/\/nisantasicosmetic.com\/"},{"@type":"ListItem","position":2,"name":"Warranty and Cancellation &#038; Return Conditions"}]},{"@type":"WebSite","@id":"https:\/\/nisantasicosmetic.com\/#website","url":"https:\/\/nisantasicosmetic.com\/","name":"Ni\u015fanta\u015f\u0131 Kozmetik","description":"","publisher":{"@id":"https:\/\/nisantasicosmetic.com\/#organization"},"potentialAction":[{"@type":"SearchAction","target":{"@type":"EntryPoint","urlTemplate":"https:\/\/nisantasicosmetic.com\/?s={search_term_string}"},"query-input":{"@type":"PropertyValueSpecification","valueRequired":true,"valueName":"search_term_string"}}],"inLanguage":"de"},{"@type":"Organization","@id":"https:\/\/nisantasicosmetic.com\/#organization","name":"Ni\u015fanta\u015f\u0131 Kozmetik","url":"https:\/\/nisantasicosmetic.com\/","logo":{"@type":"ImageObject","inLanguage":"de","@id":"https:\/\/nisantasicosmetic.com\/#\/schema\/logo\/image\/","url":"https:\/\/nisantasicosmetic.com\/wp-content\/uploads\/2024\/06\/Nisantasi-Cosmetic-Logo.png","contentUrl":"https:\/\/nisantasicosmetic.com\/wp-content\/uploads\/2024\/06\/Nisantasi-Cosmetic-Logo.png","width":1080,"height":216,"caption":"Ni\u015fanta\u015f\u0131 Kozmetik"},"image":{"@id":"https:\/\/nisantasicosmetic.com\/#\/schema\/logo\/image\/"}}]}},"_links":{"self":[{"href":"https:\/\/nisantasicosmetic.com\/de\/wp-json\/wp\/v2\/pages\/593","targetHints":{"allow":["GET"]}}],"collection":[{"href":"https:\/\/nisantasicosmetic.com\/de\/wp-json\/wp\/v2\/pages"}],"about":[{"href":"https:\/\/nisantasicosmetic.com\/de\/wp-json\/wp\/v2\/types\/page"}],"author":[{"embeddable":true,"href":"https:\/\/nisantasicosmetic.com\/de\/wp-json\/wp\/v2\/users\/1"}],"replies":[{"embeddable":true,"href":"https:\/\/nisantasicosmetic.com\/de\/wp-json\/wp\/v2\/comments?post=593"}],"version-history":[{"count":3,"href":"https:\/\/nisantasicosmetic.com\/de\/wp-json\/wp\/v2\/pages\/593\/revisions"}],"predecessor-version":[{"id":1614,"href":"https:\/\/nisantasicosmetic.com\/de\/wp-json\/wp\/v2\/pages\/593\/revisions\/1614"}],"wp:attachment":[{"href":"https:\/\/nisantasicosmetic.com\/de\/wp-json\/wp\/v2\/media?parent=593"}],"curies":[{"name":"wp","href":"https:\/\/api.w.org\/{rel}","templated":true}]}}