{"id":544,"date":"2024-06-05T09:32:06","date_gmt":"2024-06-05T06:32:06","guid":{"rendered":"https:\/\/nisantasi.zarendigital.com\/?page_id=544"},"modified":"2024-06-05T17:41:53","modified_gmt":"2024-06-05T14:41:53","slug":"personal-data-protection-law-agreement","status":"publish","type":"page","link":"https:\/\/nisantasicosmetic.com\/de\/vereinbarung-zum-datenschutzgesetz\/","title":{"rendered":"Vereinbarung zum Schutz personenbezogener Daten"},"content":{"rendered":"<div data-elementor-type=\"wp-page\" data-elementor-id=\"544\" class=\"elementor elementor-544\" data-elementor-post-type=\"page\">\n\t\t\t\t\t\t<section class=\"elementor-section elementor-top-section elementor-element elementor-element-1769d87 elementor-section-height-min-height elementor-section-content-middle elementor-section-boxed elementor-section-height-default elementor-section-items-middle\" data-id=\"1769d87\" data-element_type=\"section\">\n\t\t\t\t\t\t<div class=\"elementor-container elementor-column-gap-default\">\n\t\t\t\t\t<div class=\"elementor-column elementor-col-100 elementor-top-column elementor-element elementor-element-5f039fa\" data-id=\"5f039fa\" data-element_type=\"column\">\n\t\t\t<div class=\"elementor-widget-wrap elementor-element-populated\">\n\t\t\t\t\t\t<section class=\"elementor-section elementor-inner-section elementor-element elementor-element-b01a4cc elementor-section-content-middle elementor-section-boxed elementor-section-height-default elementor-section-height-default\" data-id=\"b01a4cc\" data-element_type=\"section\">\n\t\t\t\t\t\t<div class=\"elementor-container elementor-column-gap-default\">\n\t\t\t\t\t<div class=\"elementor-column elementor-col-100 elementor-inner-column elementor-element elementor-element-cd4178e\" data-id=\"cd4178e\" data-element_type=\"column\">\n\t\t\t<div class=\"elementor-widget-wrap elementor-element-populated\">\n\t\t\t\t\t\t<div class=\"elementor-element elementor-element-5910c5e elementor-widget elementor-widget-heading\" data-id=\"5910c5e\" data-element_type=\"widget\" data-widget_type=\"heading.default\">\n\t\t\t\t<div class=\"elementor-widget-container\">\n\t\t\t\t\t<h2 class=\"elementor-heading-title elementor-size-default\">Vereinbarung zum Schutz personenbezogener Daten<\/h2>\t\t\t\t<\/div>\n\t\t\t\t<\/div>\n\t\t\t\t<div class=\"elementor-element elementor-element-c566768 elementor-widget elementor-widget-woocommerce-breadcrumb\" data-id=\"c566768\" data-element_type=\"widget\" data-widget_type=\"woocommerce-breadcrumb.default\">\n\t\t\t\t<div class=\"elementor-widget-container\">\n\t\t\t\t\t<nav class=\"woocommerce-breadcrumb\" aria-label=\"Breadcrumb\" data-no-translation=\"\" data-trp-gettext=\"\">Startseite<\/nav>\t\t\t\t<\/div>\n\t\t\t\t<\/div>\n\t\t\t\t\t<\/div>\n\t\t<\/div>\n\t\t\t\t\t<\/div>\n\t\t<\/section>\n\t\t\t\t\t<\/div>\n\t\t<\/div>\n\t\t\t\t\t<\/div>\n\t\t<\/section>\n\t\t\t\t<section class=\"elementor-section elementor-top-section elementor-element elementor-element-582af76 elementor-section-content-middle elementor-section-boxed elementor-section-height-default elementor-section-height-default\" data-id=\"582af76\" data-element_type=\"section\">\n\t\t\t\t\t\t<div class=\"elementor-container elementor-column-gap-default\">\n\t\t\t\t\t<div class=\"elementor-column elementor-col-100 elementor-top-column elementor-element elementor-element-d649a91\" data-id=\"d649a91\" data-element_type=\"column\">\n\t\t\t<div class=\"elementor-widget-wrap elementor-element-populated\">\n\t\t\t\t\t\t<div class=\"elementor-element elementor-element-3c69c8b elementor-widget elementor-widget-spacer\" data-id=\"3c69c8b\" data-element_type=\"widget\" data-widget_type=\"spacer.default\">\n\t\t\t\t<div class=\"elementor-widget-container\">\n\t\t\t\t\t\t\t<div class=\"elementor-spacer\">\n\t\t\t<div class=\"elementor-spacer-inner\"><\/div>\n\t\t<\/div>\n\t\t\t\t\t\t<\/div>\n\t\t\t\t<\/div>\n\t\t\t\t\t<\/div>\n\t\t<\/div>\n\t\t\t\t\t<\/div>\n\t\t<\/section>\n\t\t\t\t<section class=\"elementor-section elementor-top-section elementor-element elementor-element-ed5e0dd elementor-section-content-middle elementor-section-boxed elementor-section-height-default elementor-section-height-default\" data-id=\"ed5e0dd\" data-element_type=\"section\">\n\t\t\t\t\t\t<div class=\"elementor-container elementor-column-gap-default\">\n\t\t\t\t\t<div class=\"elementor-column elementor-col-100 elementor-top-column elementor-element elementor-element-63cbb73\" data-id=\"63cbb73\" data-element_type=\"column\">\n\t\t\t<div class=\"elementor-widget-wrap elementor-element-populated\">\n\t\t\t\t\t\t<section class=\"elementor-section elementor-inner-section elementor-element elementor-element-34fdd35 elementor-section-content-middle elementor-section-boxed elementor-section-height-default elementor-section-height-default\" data-id=\"34fdd35\" data-element_type=\"section\">\n\t\t\t\t\t\t<div class=\"elementor-container elementor-column-gap-default\">\n\t\t\t\t\t<div class=\"elementor-column elementor-col-100 elementor-inner-column elementor-element elementor-element-ad730be\" data-id=\"ad730be\" data-element_type=\"column\">\n\t\t\t<div class=\"elementor-widget-wrap elementor-element-populated\">\n\t\t\t\t\t\t<div class=\"elementor-element elementor-element-09705db elementor-widget elementor-widget-text-editor\" data-id=\"09705db\" data-element_type=\"widget\" data-widget_type=\"text-editor.default\">\n\t\t\t\t<div class=\"elementor-widget-container\">\n\t\t\t\t\t\t\t\t\t<p>In der Vereinbarung zum Gesetz zum Schutz personenbezogener Daten werden nachfolgend die Grunds\u00e4tze bez\u00fcglich der Verarbeitung Ihrer personenbezogenen Daten durch den Datenverantwortlichen Private \u00dcsk\u00fcdar American Academy (\u201eInstitution\u201c) gem\u00e4\u00df dem Gesetz zum Schutz personenbezogener Daten Nr. 6698 (\u201eGesetz\u201c) und der einschl\u00e4gigen Gesetzgebung dargelegt.<\/p><ul><li><b>Verantwortlicher und Vertreter<\/b><\/li><\/ul><p>Ihre personenbezogenen Daten werden vom Datenverantwortlichen \u00dcsk\u00fcdar American Academy gem\u00e4\u00df den Anforderungen der aktuellen Technologie in den nachfolgend beschriebenen Verfahren verarbeitet.<\/p><ul><li><b>Zwecke und Rechtsgrundlagen f\u00fcr die Verarbeitung personenbezogener Daten<\/b><\/li><\/ul><p>Alle im Rahmen von Bildungs- und Schulungsaktivit\u00e4ten bei allen durchzuf\u00fchrenden Transaktionen erfassten Informationen werden zur Verwendung in Bildungs- und Schulungsdienstprozessen und zur Durchf\u00fchrung der Aktivit\u00e4ten der Institution gem\u00e4\u00df dem Gesetz verarbeitet. Der Umfang dieser Aktivit\u00e4ten umfasst die Arbeit von Gesch\u00e4ftseinheiten, die Regulierung von Handels- und Sozialrichtlinien, die Gew\u00e4hrleistung des Unternehmensbetriebs, die Gew\u00e4hrleistung der Datensicherheit und die Verwaltung von Personalprozessen.<\/p><ul><li><b>Orte, an die verarbeitete personenbezogene Daten \u00fcbermittelt werden, und Zweck der \u00dcbermittlung<\/b><\/li><\/ul><p>Daten k\u00f6nnen im Rahmen der erforderlichen Bildungs- und Schulungsdienstleistungen gem\u00e4\u00df dem Gesetz an Einrichtungen der Gesundheits- und Bildungsstiftung, Alumni-Vereinigungen, Gesch\u00e4ftspartner, Lieferanten, Subunternehmer und ausnahmsweise an Privatpersonen \u00fcbermittelt werden. Der Zweck der Verarbeitung personenbezogener Daten und der Zweck der Daten\u00fcbermittlung sind parallel.<\/p><ul><li><b>Methode zur Erhebung personenbezogener Daten und Rechtsgrundlage<\/b><\/li><\/ul><p>Ihre personenbezogenen Daten werden von unserer Einrichtung auf verschiedene Weise, insbesondere innerhalb der Netzwerke der Einrichtung, in schriftlichen und elektronischen Medien, erfasst, um unsere Bildungs- und Schulungsaktivit\u00e4ten durchzuf\u00fchren. Ihre personenbezogenen Daten k\u00f6nnen gem\u00e4\u00df den gesetzlich festgelegten Grundprinzipien, Datenverarbeitungsbedingungen und Ausnahmen f\u00fcr die in diesem Informationstext angegebenen Zwecke verarbeitet und \u00fcbermittelt werden.<\/p><ul><li><b>M\u00f6glichkeiten zur Bewerbung als Datenverarbeiter und Datenverantwortlicher<\/b><\/li><\/ul><p>Gem\u00e4\u00df Artikel 11 des Gesetzes k\u00f6nnen Sie bei unserer Institution Ihre personenbezogenen Daten beantragen, a) zu erfahren, ob sie verarbeitet wurden, b) Informationen anzufordern, ob sie verarbeitet wurden, c) den Zweck der Verarbeitung und die zweckgem\u00e4\u00dfe Verwendung zu erfahren, d) zu erfahren, an welche Parteien im In- und Ausland sie \u00fcbermittelt wurden, e) eine Berichtigung zu verlangen, wenn sie unvollst\u00e4ndig oder falsch verarbeitet wurden, f) gem\u00e4\u00df den in Artikel 7 festgelegten Bedingungen ihre L\u00f6schung\/Vernichtung zu verlangen, g) zu verlangen, dass die gem\u00e4\u00df den vorstehenden Klauseln (e) und (f) durchgef\u00fchrten Transaktionen denjenigen Dritten mitgeteilt werden, an die sie \u00fcbermittelt wurden, h) Einspruch gegen ein Ergebnis zu Ihrer Lasten zu erheben, da die Analyse ausschlie\u00dflich durch automatisierte Systeme erfolgt. i) Wenn Ihnen aufgrund einer rechtswidrigen Verarbeitung ein Schaden entsteht, haben Sie das Recht, Ersatz des Schadens zu verlangen.<\/p><ul><li><b>\u00dcber das im unten stehenden Link hinterlegte Bewerbungsformular k\u00f6nnen Sie Ihre Informationen und Bewerbungsw\u00fcnsche an uns richten.<\/b><\/li><\/ul><p>Unsere Einrichtung bearbeitet Ihre Anfragen so schnell wie m\u00f6glich und sp\u00e4testens innerhalb von drei\u00dfig Tagen kostenlos, je nach Art der Anfrage. Wenn die Transaktion jedoch zus\u00e4tzliche Kosten verursacht, kann eine Geb\u00fchr erhoben werden. Unsere Einrichtung kann die Anfrage annehmen und bearbeiten oder sie schriftlich unter Angabe der Gr\u00fcnde ablehnen.<\/p><ul><li><b>Ihre Rechte im Zusammenhang mit der Datenverarbeitung<\/b><\/li><\/ul><p>In F\u00e4llen, in denen der nach dem oben genannten Verfahren gestellte Antrag abgelehnt wird, die Antwort als unzureichend erachtet wird oder der Antrag nicht fristgerecht beantwortet wird; Das Recht, eine Beschwerde beim Personal Data Protection Board (\u201eBoard\u201c) einzureichen, besteht innerhalb von drei\u00dfig Tagen nach Benachrichtigung \u00fcber die Antwort und in jedem Fall innerhalb von sechzig Tagen ab dem Datum der Antragstellung. Eine Beschwerde kann jedoch nicht eingereicht werden, ohne alle Rechtsmittel auszusch\u00f6pfen.<\/p><p>Nach einer Beschwerde oder nach Kenntniserlangung von einem mutma\u00dflichen Versto\u00df f\u00fchrt der Rat von Amts wegen die erforderlichen Untersuchungen zu Angelegenheiten in seinem Aufgabenbereich durch. Nach einer Beschwerde pr\u00fcft der Rat die Anfrage und gibt den Betroffenen eine Antwort. Erfolgt innerhalb von sechzig Tagen ab dem Datum der Beschwerde keine Antwort, gilt die Anfrage als abgelehnt. Wenn aufgrund der Beschwerde oder der Untersuchung von Amts wegen festgestellt wird, dass ein Versto\u00df vorliegt, beschlie\u00dft der Rat, dass die festgestellte Rechtswidrigkeit vom Verantwortlichen behoben wird, und benachrichtigt die betroffenen Parteien. Diese Entscheidung wird unverz\u00fcglich und sp\u00e4testens innerhalb von drei\u00dfig Tagen nach der Benachrichtigung umgesetzt. Der Rat kann beschlie\u00dfen, die Datenverarbeitung oder die \u00dcbermittlung von Daten ins Ausland einzustellen, wenn irreparable oder unm\u00f6gliche Sch\u00e4den vorliegen und ein klarer Versto\u00df gegen das Gesetz vorliegt.<\/p><p>Wir danken Ihnen f\u00fcr Ihr Vertrauen und weisen darauf hin, dass Ihre Daten in unserem Haus sorgf\u00e4ltig gesch\u00fctzt sind.<\/p>\t\t\t\t\t\t\t\t<\/div>\n\t\t\t\t<\/div>\n\t\t\t\t\t<\/div>\n\t\t<\/div>\n\t\t\t\t\t<\/div>\n\t\t<\/section>\n\t\t\t\t\t<\/div>\n\t\t<\/div>\n\t\t\t\t\t<\/div>\n\t\t<\/section>\n\t\t\t\t<\/div>","protected":false},"excerpt":{"rendered":"<p>Personal Data Protection Law Agreement In the Personal Data Protection Law Agreement, the principles regarding the processing of your personal data by the data controller Private \u00dcsk\u00fcdar American Academy (&#8220;Institution&#8221;), in accordance with the Personal Data Protection Law No. 6698 (&#8220;Law&#8221;) and relevant legislation, are stated below. Data Controller and Representative Your personal data is [&hellip;]<\/p>","protected":false},"author":1,"featured_media":0,"parent":0,"menu_order":0,"comment_status":"closed","ping_status":"closed","template":"elementor_header_footer","meta":{"footnotes":""},"class_list":["post-544","page","type-page","status-publish","hentry"],"yoast_head":"<!-- This site is optimized with the Yoast SEO plugin v26.2 - https:\/\/yoast.com\/wordpress\/plugins\/seo\/ -->\n<title>Personal Data Protection Law Agreement - Ni\u015fanta\u015f\u0131 Cosmetic<\/title>\n<meta name=\"description\" content=\"Personal Data Protection Law Agreement\" \/>\n<meta name=\"robots\" content=\"index, follow, max-snippet:-1, max-image-preview:large, max-video-preview:-1\" \/>\n<link rel=\"canonical\" href=\"https:\/\/nisantasicosmetic.com\/de\/vereinbarung-zum-datenschutzgesetz\/?wmc-currency=EUR\" \/>\n<meta property=\"og:locale\" content=\"de_DE\" \/>\n<meta property=\"og:type\" content=\"article\" \/>\n<meta property=\"og:title\" content=\"Personal Data Protection Law Agreement - Ni\u015fanta\u015f\u0131 Cosmetic\" \/>\n<meta property=\"og:description\" content=\"Personal Data Protection Law Agreement\" \/>\n<meta property=\"og:url\" content=\"https:\/\/nisantasicosmetic.com\/de\/vereinbarung-zum-datenschutzgesetz\/?wmc-currency=EUR\" \/>\n<meta property=\"og:site_name\" content=\"Ni\u015fanta\u015f\u0131 Cosmetic\" \/>\n<meta property=\"article:modified_time\" content=\"2024-06-05T14:41:53+00:00\" \/>\n<meta name=\"twitter:card\" content=\"summary_large_image\" \/>\n<meta name=\"twitter:label1\" content=\"Gesch\u00e4tzte Lesezeit\" \/>\n\t<meta name=\"twitter:data1\" content=\"5\u00a0Minuten\" \/>\n<script type=\"application\/ld+json\" class=\"yoast-schema-graph\">{\"@context\":\"https:\/\/schema.org\",\"@graph\":[{\"@type\":\"WebPage\",\"@id\":\"https:\/\/nisantasicosmetic.com\/personal-data-protection-law-agreement\/\",\"url\":\"https:\/\/nisantasicosmetic.com\/personal-data-protection-law-agreement\/\",\"name\":\"Personal Data Protection Law Agreement - Ni\u015fanta\u015f\u0131 Cosmetic\",\"isPartOf\":{\"@id\":\"https:\/\/nisantasicosmetic.com\/#website\"},\"datePublished\":\"2024-06-05T06:32:06+00:00\",\"dateModified\":\"2024-06-05T14:41:53+00:00\",\"description\":\"Personal Data Protection Law Agreement\",\"breadcrumb\":{\"@id\":\"https:\/\/nisantasicosmetic.com\/personal-data-protection-law-agreement\/#breadcrumb\"},\"inLanguage\":\"de\",\"potentialAction\":[{\"@type\":\"ReadAction\",\"target\":[\"https:\/\/nisantasicosmetic.com\/personal-data-protection-law-agreement\/\"]}]},{\"@type\":\"BreadcrumbList\",\"@id\":\"https:\/\/nisantasicosmetic.com\/personal-data-protection-law-agreement\/#breadcrumb\",\"itemListElement\":[{\"@type\":\"ListItem\",\"position\":1,\"name\":\"Anasayfa\",\"item\":\"https:\/\/nisantasicosmetic.com\/\"},{\"@type\":\"ListItem\",\"position\":2,\"name\":\"Personal Data Protection Law Agreement\"}]},{\"@type\":\"WebSite\",\"@id\":\"https:\/\/nisantasicosmetic.com\/#website\",\"url\":\"https:\/\/nisantasicosmetic.com\/\",\"name\":\"Ni\u015fanta\u015f\u0131 Kozmetik\",\"description\":\"\",\"publisher\":{\"@id\":\"https:\/\/nisantasicosmetic.com\/#organization\"},\"potentialAction\":[{\"@type\":\"SearchAction\",\"target\":{\"@type\":\"EntryPoint\",\"urlTemplate\":\"https:\/\/nisantasicosmetic.com\/?s={search_term_string}\"},\"query-input\":{\"@type\":\"PropertyValueSpecification\",\"valueRequired\":true,\"valueName\":\"search_term_string\"}}],\"inLanguage\":\"de\"},{\"@type\":\"Organization\",\"@id\":\"https:\/\/nisantasicosmetic.com\/#organization\",\"name\":\"Ni\u015fanta\u015f\u0131 Kozmetik\",\"url\":\"https:\/\/nisantasicosmetic.com\/\",\"logo\":{\"@type\":\"ImageObject\",\"inLanguage\":\"de\",\"@id\":\"https:\/\/nisantasicosmetic.com\/#\/schema\/logo\/image\/\",\"url\":\"https:\/\/nisantasicosmetic.com\/wp-content\/uploads\/2024\/06\/Nisantasi-Cosmetic-Logo.png\",\"contentUrl\":\"https:\/\/nisantasicosmetic.com\/wp-content\/uploads\/2024\/06\/Nisantasi-Cosmetic-Logo.png\",\"width\":1080,\"height\":216,\"caption\":\"Ni\u015fanta\u015f\u0131 Kozmetik\"},\"image\":{\"@id\":\"https:\/\/nisantasicosmetic.com\/#\/schema\/logo\/image\/\"}}]}<\/script>\n<!-- \/ Yoast SEO plugin. -->","yoast_head_json":{"title":"Personal Data Protection Law Agreement - Ni\u015fanta\u015f\u0131 Cosmetic","description":"Personal Data Protection Law Agreement","robots":{"index":"index","follow":"follow","max-snippet":"max-snippet:-1","max-image-preview":"max-image-preview:large","max-video-preview":"max-video-preview:-1"},"canonical":"https:\/\/nisantasicosmetic.com\/de\/vereinbarung-zum-datenschutzgesetz\/?wmc-currency=EUR","og_locale":"de_DE","og_type":"article","og_title":"Personal Data Protection Law Agreement - Ni\u015fanta\u015f\u0131 Cosmetic","og_description":"Personal Data Protection Law Agreement","og_url":"https:\/\/nisantasicosmetic.com\/de\/vereinbarung-zum-datenschutzgesetz\/?wmc-currency=EUR","og_site_name":"Ni\u015fanta\u015f\u0131 Cosmetic","article_modified_time":"2024-06-05T14:41:53+00:00","twitter_card":"summary_large_image","twitter_misc":{"Gesch\u00e4tzte Lesezeit":"5\u00a0Minuten"},"schema":{"@context":"https:\/\/schema.org","@graph":[{"@type":"WebPage","@id":"https:\/\/nisantasicosmetic.com\/personal-data-protection-law-agreement\/","url":"https:\/\/nisantasicosmetic.com\/personal-data-protection-law-agreement\/","name":"Personal Data Protection Law Agreement - Ni\u015fanta\u015f\u0131 Cosmetic","isPartOf":{"@id":"https:\/\/nisantasicosmetic.com\/#website"},"datePublished":"2024-06-05T06:32:06+00:00","dateModified":"2024-06-05T14:41:53+00:00","description":"Personal Data Protection Law Agreement","breadcrumb":{"@id":"https:\/\/nisantasicosmetic.com\/personal-data-protection-law-agreement\/#breadcrumb"},"inLanguage":"de","potentialAction":[{"@type":"ReadAction","target":["https:\/\/nisantasicosmetic.com\/personal-data-protection-law-agreement\/"]}]},{"@type":"BreadcrumbList","@id":"https:\/\/nisantasicosmetic.com\/personal-data-protection-law-agreement\/#breadcrumb","itemListElement":[{"@type":"ListItem","position":1,"name":"Anasayfa","item":"https:\/\/nisantasicosmetic.com\/"},{"@type":"ListItem","position":2,"name":"Personal Data Protection Law Agreement"}]},{"@type":"WebSite","@id":"https:\/\/nisantasicosmetic.com\/#website","url":"https:\/\/nisantasicosmetic.com\/","name":"Ni\u015fanta\u015f\u0131 Kozmetik","description":"","publisher":{"@id":"https:\/\/nisantasicosmetic.com\/#organization"},"potentialAction":[{"@type":"SearchAction","target":{"@type":"EntryPoint","urlTemplate":"https:\/\/nisantasicosmetic.com\/?s={search_term_string}"},"query-input":{"@type":"PropertyValueSpecification","valueRequired":true,"valueName":"search_term_string"}}],"inLanguage":"de"},{"@type":"Organization","@id":"https:\/\/nisantasicosmetic.com\/#organization","name":"Ni\u015fanta\u015f\u0131 Kozmetik","url":"https:\/\/nisantasicosmetic.com\/","logo":{"@type":"ImageObject","inLanguage":"de","@id":"https:\/\/nisantasicosmetic.com\/#\/schema\/logo\/image\/","url":"https:\/\/nisantasicosmetic.com\/wp-content\/uploads\/2024\/06\/Nisantasi-Cosmetic-Logo.png","contentUrl":"https:\/\/nisantasicosmetic.com\/wp-content\/uploads\/2024\/06\/Nisantasi-Cosmetic-Logo.png","width":1080,"height":216,"caption":"Ni\u015fanta\u015f\u0131 Kozmetik"},"image":{"@id":"https:\/\/nisantasicosmetic.com\/#\/schema\/logo\/image\/"}}]}},"_links":{"self":[{"href":"https:\/\/nisantasicosmetic.com\/de\/wp-json\/wp\/v2\/pages\/544","targetHints":{"allow":["GET"]}}],"collection":[{"href":"https:\/\/nisantasicosmetic.com\/de\/wp-json\/wp\/v2\/pages"}],"about":[{"href":"https:\/\/nisantasicosmetic.com\/de\/wp-json\/wp\/v2\/types\/page"}],"author":[{"embeddable":true,"href":"https:\/\/nisantasicosmetic.com\/de\/wp-json\/wp\/v2\/users\/1"}],"replies":[{"embeddable":true,"href":"https:\/\/nisantasicosmetic.com\/de\/wp-json\/wp\/v2\/comments?post=544"}],"version-history":[{"count":0,"href":"https:\/\/nisantasicosmetic.com\/de\/wp-json\/wp\/v2\/pages\/544\/revisions"}],"wp:attachment":[{"href":"https:\/\/nisantasicosmetic.com\/de\/wp-json\/wp\/v2\/media?parent=544"}],"curies":[{"name":"wp","href":"https:\/\/api.w.org\/{rel}","templated":true}]}}