{"id":1963,"date":"2025-01-06T15:29:56","date_gmt":"2025-01-06T12:29:56","guid":{"rendered":"https:\/\/nisantasicosmetic.com\/?post_type=product&#038;p=1963"},"modified":"2026-03-26T17:27:31","modified_gmt":"2026-03-26T14:27:31","slug":"diox-detoks-tea","status":"publish","type":"product","link":"https:\/\/nisantasicosmetic.com\/ar\/urun\/diox-detoks-tea\/","title":{"rendered":"\u0634\u0627\u064a Diox \u062f\u064a\u062a\u0648\u0643\u0633"},"content":{"rendered":"<h4><strong>\u0645\u0627 \u0647\u0648 Diox Tea Detox<\/strong><\/h4>\n<p>Diox Tea \u0647\u0648 \u0634\u0627\u064a \u0639\u0634\u0628\u064a \u0639\u0637\u0631\u064a \u0645\u064f\u0639\u062f \u0645\u0646 \u062e\u0644\u0627\u0635\u0627\u062a \u0646\u0628\u0627\u062a\u064a\u0629 \u0645\u062e\u062a\u0627\u0631\u0629 \u0628\u0639\u0646\u0627\u064a\u0629. \u0628\u0645\u0643\u0648\u0646\u0627\u062a\u0647 \u0627\u0644\u0637\u0628\u064a\u0639\u064a\u0629\u060c \u064a\u0642\u062f\u0645 \u062e\u064a\u0627\u0631\u064b\u0627 \u0644\u0630\u064a\u0630\u064b\u0627 \u0648\u0645\u0645\u062a\u0639\u064b\u0627 \u0644\u0631\u0648\u062a\u064a\u0646\u0643 \u0627\u0644\u064a\u0648\u0645\u064a \u0641\u064a \u062a\u0646\u0627\u0648\u0644 \u0627\u0644\u0645\u0634\u0631\u0648\u0628\u0627\u062a.<\/p>\n<h4><strong>\u0644\u0645\u0627\u0630\u0627 Diox Tea Detox\u061f<\/strong><\/h4>\n<ul>\n<li><strong>\u0645\u0635\u0646\u0648\u0639 \u0645\u0646 \u0645\u0643\u0648\u0646\u0627\u062a \u0646\u0628\u0627\u062a\u064a\u0629:<\/strong> \u062a\u0645 \u0625\u0639\u062f\u0627\u062f\u0647 \u0628\u0645\u0632\u064a\u062c \u0645\u062a\u0648\u0627\u0632\u0646 \u0645\u0646 \u0645\u0633\u062a\u062e\u0644\u0635\u0627\u062a \u0627\u0644\u0646\u0628\u0627\u062a\u0627\u062a \u0627\u0644\u0645\u0645\u064a\u0632\u0629.<\/li>\n<li><strong>\u0644\u0630\u064a\u0630 \u0648\u0639\u0637\u0631\u064a:<\/strong> \u064a\u0642\u062f\u0645 \u062a\u062c\u0631\u0628\u0629 \u0634\u0631\u0628 \u0645\u0645\u062a\u0639\u0629 \u0628\u0641\u0636\u0644 \u0627\u0644\u0623\u0639\u0634\u0627\u0628 \u0627\u0644\u0645\u062e\u062a\u0627\u0631\u0629 \u0628\u0639\u0646\u0627\u064a\u0629.<\/li>\n<li><strong>\u0627\u0633\u062a\u062e\u062f\u0627\u0645 \u0639\u0645\u0644\u064a:<\/strong> \u064a\u0645\u0643\u0646 \u062a\u062d\u0636\u064a\u0631\u0647 \u0628\u0633\u0647\u0648\u0644\u0629 \u0628\u0627\u0644\u0645\u0627\u0621 \u0627\u0644\u0633\u0627\u062e\u0646 \u0648\u064a\u0645\u0643\u0646 \u062a\u0646\u0627\u0648\u0644\u0647 \u0641\u064a \u0623\u0648\u0642\u0627\u062a \u0645\u062e\u062a\u0644\u0641\u0629 \u0645\u0646 \u0627\u0644\u064a\u0648\u0645.<\/li>\n<\/ul>\n<h4><strong>\u062a\u0648\u0635\u064a\u0629 \u0627\u0644\u0627\u0633\u062a\u062e\u062f\u0627\u0645<\/strong><\/h4>\n<ul>\n<li>\u0636\u0639 \u0643\u064a\u0633 \u0627\u0644\u0634\u0627\u064a \u0641\u064a \u0641\u0646\u062c\u0627\u0646\u0643\u060c \u0623\u0636\u0641 \u0627\u0644\u0645\u0627\u0621 \u0627\u0644\u0633\u0627\u062e\u0646 \u0641\u0648\u0642\u0647 \u0648\u062d\u0631\u0643\u0647.<\/li>\n<li>\u064a\u0645\u0643\u0646\u0643 \u0627\u0644\u0627\u0633\u062a\u0645\u062a\u0627\u0639 \u0628\u0647 \u0645\u062d\u0644\u0649 \u0628\u0627\u0644\u0639\u0633\u0644 \u0627\u0644\u0637\u0628\u064a\u0639\u064a \u0625\u0630\u0627 \u0631\u063a\u0628\u062a.<\/li>\n<li>\u064a\u0645\u0643\u0646\u0643 \u062a\u0636\u0645\u064a\u0646\u0647 \u0641\u064a \u0631\u0648\u062a\u064a\u0646\u0643 \u0627\u0644\u064a\u0648\u0645\u064a \u0644\u062a\u0646\u0627\u0648\u0644 \u0627\u0644\u0645\u0634\u0631\u0648\u0628\u0627\u062a \u0641\u064a \u0623\u064a \u0648\u0642\u062a \u0645\u0646 \u0627\u0644\u064a\u0648\u0645.<\/li>\n<\/ul>\n<p><strong>\u0645\u064a\u0632\u0627\u062a \u0627\u0644\u0645\u0646\u062a\u062c:<\/strong><\/p>\n<ul>\n<li><strong>\u062a\u063a\u0644\u064a\u0641 \u062e\u0627\u0635:<\/strong> \u064a\u064f\u0642\u062f\u0651\u0645 \u0641\u064a \u0639\u0628\u0648\u0629 \u062a\u0633\u0627\u0639\u062f \u0639\u0644\u0649 \u0627\u0644\u062d\u0641\u0627\u0638 \u0639\u0644\u0649 \u0627\u0644\u0637\u0632\u0627\u062c\u0629.<\/li>\n<li><strong>\u0633\u0647\u0644 \u0627\u0644\u062d\u0645\u0644:<\/strong> \u0628\u0641\u0636\u0644 \u062a\u0635\u0645\u064a\u0645\u0647 \u0627\u0644\u0639\u0645\u0644\u064a\u060c \u064a\u0645\u0643\u0646\u0643 \u062d\u0645\u0644\u0647 \u0645\u0639\u0643 \u0637\u0648\u0627\u0644 \u0627\u0644\u064a\u0648\u0645.<\/li>\n<li><strong>\u0645\u0630\u0627\u0642 \u0639\u0637\u0631\u064a:<\/strong> \u064a\u0642\u062f\u0645 \u062a\u062c\u0631\u0628\u0629 \u0634\u0627\u064a \u0645\u0645\u062a\u0639\u0629 \u0628\u062a\u0646\u0627\u063a\u0645 \u0627\u0644\u0645\u0643\u0648\u0646\u0627\u062a \u0627\u0644\u0639\u0634\u0628\u064a\u0629.<\/li>\n<\/ul>\n<h4><strong>\u0634\u0628\u0643\u0629 \u0645\u0628\u064a\u0639\u0627\u062a \u0648\u0627\u0633\u0639\u0629:<\/strong><\/h4>\n<p>\u064a\u0635\u0644 \u0625\u0644\u0649 \u0627\u0644\u0645\u0633\u062a\u062e\u062f\u0645\u064a\u0646 \u0644\u064a\u0633 \u0641\u0642\u0637 \u0641\u064a \u062a\u0631\u0643\u064a\u0627 \u0648\u0623\u0648\u0631\u0648\u0628\u0627\u060c \u0648\u0644\u0643\u0646 \u0623\u064a\u0636\u064b\u0627 \u0641\u064a \u0645\u0646\u0627\u0637\u0642 \u0623\u062e\u0631\u0649.<\/p>","protected":false},"excerpt":{"rendered":"<p><strong>DIOX Detox Tea<\/strong>\u0646\u0634\u0637 \u062c\u0633\u0645\u0643 \u0628\u0647\u0630\u0627 \u0627\u0644\u0645\u0632\u064a\u062c \u0627\u0644\u0642\u0648\u064a \u0645\u0646 \u0627\u0644\u0623\u0639\u0634\u0627\u0628! \u064a\u062f\u0639\u0645 \u0627\u0644\u0647\u0636\u0645\u060c \u0648\u064a\u0639\u0632\u0632 \u0627\u0644\u0623\u064a\u0636\u060c \u0648\u064a\u0633\u0627\u0639\u062f \u0641\u064a \u0627\u0644\u062a\u062e\u0644\u0635 \u0627\u0644\u0637\u0628\u064a\u0639\u064a \u0645\u0646 \u0627\u0644\u0633\u0645\u0648\u0645. \u0645\u062b\u0627\u0644\u064a \u0644\u0623\u0633\u0644\u0648\u0628 \u062d\u064a\u0627\u0629 \u0623\u0643\u062b\u0631 \u0635\u062d\u0629 \u0648\u062d\u064a\u0648\u064a\u0629. \u062c\u0631\u0651\u0628\u0647 \u0627\u0644\u0622\u0646 \u0644\u0644\u062d\u0635\u0648\u0644 \u0639\u0644\u0649 \u0637\u0631\u064a\u0642 \u0645\u0646\u0639\u0634 \u0646\u062d\u0648 \u0627\u0644\u0639\u0627\u0641\u064a\u0629!<\/p>","protected":false},"featured_media":1964,"comment_status":"closed","ping_status":"closed","template":"","meta":[],"product_brand":[],"product_cat":[89],"product_tag":[],"class_list":{"0":"post-1963","1":"product","2":"type-product","3":"status-publish","4":"has-post-thumbnail","6":"product_cat-herbal-products-products","8":"first","9":"instock","10":"sale","11":"taxable","12":"shipping-taxable","13":"purchasable","14":"product-type-simple"},"yoast_head":"<!-- This site is optimized with the Yoast SEO plugin v26.2 - https:\/\/yoast.com\/wordpress\/plugins\/seo\/ -->\n<title>Diox Detoks Tea - Ni\u015fanta\u015f\u0131 Cosmetic<\/title>\n<meta name=\"description\" content=\"Discover Diox Detox Tea at Ni\u015fanta\u015f\u0131 Cosmetic, a refreshing blend designed to cleanse your body and boost your wellness routine. Shop now!\" \/>\n<meta name=\"robots\" content=\"index, follow, max-snippet:-1, max-image-preview:large, max-video-preview:-1\" \/>\n<link rel=\"canonical\" href=\"https:\/\/nisantasicosmetic.com\/ar\/urun\/diox-detoks-tea\/?wmc-currency=EUR\" \/>\n<meta property=\"og:locale\" content=\"ar_AR\" \/>\n<meta property=\"og:type\" content=\"article\" \/>\n<meta property=\"og:title\" content=\"Diox Detoks Tea - Ni\u015fanta\u015f\u0131 Cosmetic\" \/>\n<meta property=\"og:description\" content=\"Discover Diox Detox Tea at Ni\u015fanta\u015f\u0131 Cosmetic, a refreshing blend designed to cleanse your body and boost your wellness routine. Shop now!\" \/>\n<meta property=\"og:url\" content=\"https:\/\/nisantasicosmetic.com\/ar\/urun\/diox-detoks-tea\/?wmc-currency=EUR\" \/>\n<meta property=\"og:site_name\" content=\"Ni\u015fanta\u015f\u0131 Cosmetic\" \/>\n<meta property=\"article:modified_time\" content=\"2026-03-26T14:27:31+00:00\" \/>\n<meta property=\"og:image\" content=\"https:\/\/nisantasicosmetic.com\/wp-content\/uploads\/2025\/01\/Adsiz-tasarim-64.png\" \/>\n\t<meta property=\"og:image:width\" content=\"1000\" \/>\n\t<meta property=\"og:image:height\" content=\"1000\" \/>\n\t<meta property=\"og:image:type\" content=\"image\/png\" \/>\n<meta name=\"twitter:card\" content=\"summary_large_image\" \/>\n<meta name=\"twitter:label1\" content=\"\u0648\u0642\u062a \u0627\u0644\u0642\u0631\u0627\u0621\u0629 \u0627\u0644\u0645\u064f\u0642\u062f\u0651\u0631\" \/>\n\t<meta name=\"twitter:data1\" content=\"\u062f\u0642\u064a\u0642\u062a\u0627\u0646\" \/>\n<script type=\"application\/ld+json\" class=\"yoast-schema-graph\">{\"@context\":\"https:\/\/schema.org\",\"@graph\":[{\"@type\":\"WebPage\",\"@id\":\"https:\/\/nisantasicosmetic.com\/urun\/diox-detoks-tea\/\",\"url\":\"https:\/\/nisantasicosmetic.com\/urun\/diox-detoks-tea\/\",\"name\":\"Diox Detoks Tea - Ni\u015fanta\u015f\u0131 Cosmetic\",\"isPartOf\":{\"@id\":\"https:\/\/nisantasicosmetic.com\/#website\"},\"primaryImageOfPage\":{\"@id\":\"https:\/\/nisantasicosmetic.com\/urun\/diox-detoks-tea\/#primaryimage\"},\"image\":{\"@id\":\"https:\/\/nisantasicosmetic.com\/urun\/diox-detoks-tea\/#primaryimage\"},\"thumbnailUrl\":\"https:\/\/nisantasicosmetic.com\/wp-content\/uploads\/2025\/01\/Adsiz-tasarim-64.png\",\"datePublished\":\"2025-01-06T12:29:56+00:00\",\"dateModified\":\"2026-03-26T14:27:31+00:00\",\"description\":\"Discover Diox Detox Tea at Ni\u015fanta\u015f\u0131 Cosmetic, a refreshing blend designed to cleanse your body and boost your wellness routine. Shop now!\",\"breadcrumb\":{\"@id\":\"https:\/\/nisantasicosmetic.com\/urun\/diox-detoks-tea\/#breadcrumb\"},\"inLanguage\":\"ar\",\"potentialAction\":[{\"@type\":\"ReadAction\",\"target\":[\"https:\/\/nisantasicosmetic.com\/urun\/diox-detoks-tea\/\"]}]},{\"@type\":\"ImageObject\",\"inLanguage\":\"ar\",\"@id\":\"https:\/\/nisantasicosmetic.com\/urun\/diox-detoks-tea\/#primaryimage\",\"url\":\"https:\/\/nisantasicosmetic.com\/wp-content\/uploads\/2025\/01\/Adsiz-tasarim-64.png\",\"contentUrl\":\"https:\/\/nisantasicosmetic.com\/wp-content\/uploads\/2025\/01\/Adsiz-tasarim-64.png\",\"width\":1000,\"height\":1000},{\"@type\":\"BreadcrumbList\",\"@id\":\"https:\/\/nisantasicosmetic.com\/urun\/diox-detoks-tea\/#breadcrumb\",\"itemListElement\":[{\"@type\":\"ListItem\",\"position\":1,\"name\":\"Anasayfa\",\"item\":\"https:\/\/nisantasicosmetic.com\/\"},{\"@type\":\"ListItem\",\"position\":2,\"name\":\"Produtos\",\"item\":\"https:\/\/nisantasicosmetic.com\/pt\/shop\/\"},{\"@type\":\"ListItem\",\"position\":3,\"name\":\"Diox Detoks Tea\"}]},{\"@type\":\"WebSite\",\"@id\":\"https:\/\/nisantasicosmetic.com\/#website\",\"url\":\"https:\/\/nisantasicosmetic.com\/\",\"name\":\"Ni\u015fanta\u015f\u0131 Kozmetik\",\"description\":\"\",\"publisher\":{\"@id\":\"https:\/\/nisantasicosmetic.com\/#organization\"},\"potentialAction\":[{\"@type\":\"SearchAction\",\"target\":{\"@type\":\"EntryPoint\",\"urlTemplate\":\"https:\/\/nisantasicosmetic.com\/?s={search_term_string}\"},\"query-input\":{\"@type\":\"PropertyValueSpecification\",\"valueRequired\":true,\"valueName\":\"search_term_string\"}}],\"inLanguage\":\"ar\"},{\"@type\":\"Organization\",\"@id\":\"https:\/\/nisantasicosmetic.com\/#organization\",\"name\":\"Ni\u015fanta\u015f\u0131 Kozmetik\",\"url\":\"https:\/\/nisantasicosmetic.com\/\",\"logo\":{\"@type\":\"ImageObject\",\"inLanguage\":\"ar\",\"@id\":\"https:\/\/nisantasicosmetic.com\/#\/schema\/logo\/image\/\",\"url\":\"https:\/\/nisantasicosmetic.com\/wp-content\/uploads\/2024\/06\/Nisantasi-Cosmetic-Logo.png\",\"contentUrl\":\"https:\/\/nisantasicosmetic.com\/wp-content\/uploads\/2024\/06\/Nisantasi-Cosmetic-Logo.png\",\"width\":1080,\"height\":216,\"caption\":\"Ni\u015fanta\u015f\u0131 Kozmetik\"},\"image\":{\"@id\":\"https:\/\/nisantasicosmetic.com\/#\/schema\/logo\/image\/\"}}]}<\/script>\n<!-- \/ Yoast SEO plugin. -->","yoast_head_json":{"title":"Diox Detoks Tea - Ni\u015fanta\u015f\u0131 Cosmetic","description":"Discover Diox Detox Tea at Ni\u015fanta\u015f\u0131 Cosmetic, a refreshing blend designed to cleanse your body and boost your wellness routine. Shop now!","robots":{"index":"index","follow":"follow","max-snippet":"max-snippet:-1","max-image-preview":"max-image-preview:large","max-video-preview":"max-video-preview:-1"},"canonical":"https:\/\/nisantasicosmetic.com\/ar\/urun\/diox-detoks-tea\/?wmc-currency=EUR","og_locale":"ar_AR","og_type":"article","og_title":"Diox Detoks Tea - Ni\u015fanta\u015f\u0131 Cosmetic","og_description":"Discover Diox Detox Tea at Ni\u015fanta\u015f\u0131 Cosmetic, a refreshing blend designed to cleanse your body and boost your wellness routine. Shop now!","og_url":"https:\/\/nisantasicosmetic.com\/ar\/urun\/diox-detoks-tea\/?wmc-currency=EUR","og_site_name":"Ni\u015fanta\u015f\u0131 Cosmetic","article_modified_time":"2026-03-26T14:27:31+00:00","og_image":[{"width":1000,"height":1000,"url":"https:\/\/nisantasicosmetic.com\/wp-content\/uploads\/2025\/01\/Adsiz-tasarim-64.png","type":"image\/png"}],"twitter_card":"summary_large_image","twitter_misc":{"\u0648\u0642\u062a \u0627\u0644\u0642\u0631\u0627\u0621\u0629 \u0627\u0644\u0645\u064f\u0642\u062f\u0651\u0631":"\u062f\u0642\u064a\u0642\u062a\u0627\u0646"},"schema":{"@context":"https:\/\/schema.org","@graph":[{"@type":"WebPage","@id":"https:\/\/nisantasicosmetic.com\/urun\/diox-detoks-tea\/","url":"https:\/\/nisantasicosmetic.com\/urun\/diox-detoks-tea\/","name":"Diox Detoks Tea - Ni\u015fanta\u015f\u0131 Cosmetic","isPartOf":{"@id":"https:\/\/nisantasicosmetic.com\/#website"},"primaryImageOfPage":{"@id":"https:\/\/nisantasicosmetic.com\/urun\/diox-detoks-tea\/#primaryimage"},"image":{"@id":"https:\/\/nisantasicosmetic.com\/urun\/diox-detoks-tea\/#primaryimage"},"thumbnailUrl":"https:\/\/nisantasicosmetic.com\/wp-content\/uploads\/2025\/01\/Adsiz-tasarim-64.png","datePublished":"2025-01-06T12:29:56+00:00","dateModified":"2026-03-26T14:27:31+00:00","description":"Discover Diox Detox Tea at Ni\u015fanta\u015f\u0131 Cosmetic, a refreshing blend designed to cleanse your body and boost your wellness routine. Shop now!","breadcrumb":{"@id":"https:\/\/nisantasicosmetic.com\/urun\/diox-detoks-tea\/#breadcrumb"},"inLanguage":"ar","potentialAction":[{"@type":"ReadAction","target":["https:\/\/nisantasicosmetic.com\/urun\/diox-detoks-tea\/"]}]},{"@type":"ImageObject","inLanguage":"ar","@id":"https:\/\/nisantasicosmetic.com\/urun\/diox-detoks-tea\/#primaryimage","url":"https:\/\/nisantasicosmetic.com\/wp-content\/uploads\/2025\/01\/Adsiz-tasarim-64.png","contentUrl":"https:\/\/nisantasicosmetic.com\/wp-content\/uploads\/2025\/01\/Adsiz-tasarim-64.png","width":1000,"height":1000},{"@type":"BreadcrumbList","@id":"https:\/\/nisantasicosmetic.com\/urun\/diox-detoks-tea\/#breadcrumb","itemListElement":[{"@type":"ListItem","position":1,"name":"Anasayfa","item":"https:\/\/nisantasicosmetic.com\/"},{"@type":"ListItem","position":2,"name":"Produtos","item":"https:\/\/nisantasicosmetic.com\/pt\/shop\/"},{"@type":"ListItem","position":3,"name":"Diox Detoks Tea"}]},{"@type":"WebSite","@id":"https:\/\/nisantasicosmetic.com\/#website","url":"https:\/\/nisantasicosmetic.com\/","name":"Ni\u015fanta\u015f\u0131 Kozmetik","description":"","publisher":{"@id":"https:\/\/nisantasicosmetic.com\/#organization"},"potentialAction":[{"@type":"SearchAction","target":{"@type":"EntryPoint","urlTemplate":"https:\/\/nisantasicosmetic.com\/?s={search_term_string}"},"query-input":{"@type":"PropertyValueSpecification","valueRequired":true,"valueName":"search_term_string"}}],"inLanguage":"ar"},{"@type":"Organization","@id":"https:\/\/nisantasicosmetic.com\/#organization","name":"Ni\u015fanta\u015f\u0131 Kozmetik","url":"https:\/\/nisantasicosmetic.com\/","logo":{"@type":"ImageObject","inLanguage":"ar","@id":"https:\/\/nisantasicosmetic.com\/#\/schema\/logo\/image\/","url":"https:\/\/nisantasicosmetic.com\/wp-content\/uploads\/2024\/06\/Nisantasi-Cosmetic-Logo.png","contentUrl":"https:\/\/nisantasicosmetic.com\/wp-content\/uploads\/2024\/06\/Nisantasi-Cosmetic-Logo.png","width":1080,"height":216,"caption":"Ni\u015fanta\u015f\u0131 Kozmetik"},"image":{"@id":"https:\/\/nisantasicosmetic.com\/#\/schema\/logo\/image\/"}}]}},"_links":{"self":[{"href":"https:\/\/nisantasicosmetic.com\/ar\/wp-json\/wp\/v2\/product\/1963","targetHints":{"allow":["GET"]}}],"collection":[{"href":"https:\/\/nisantasicosmetic.com\/ar\/wp-json\/wp\/v2\/product"}],"about":[{"href":"https:\/\/nisantasicosmetic.com\/ar\/wp-json\/wp\/v2\/types\/product"}],"replies":[{"embeddable":true,"href":"https:\/\/nisantasicosmetic.com\/ar\/wp-json\/wp\/v2\/comments?post=1963"}],"wp:featuredmedia":[{"embeddable":true,"href":"https:\/\/nisantasicosmetic.com\/ar\/wp-json\/wp\/v2\/media\/1964"}],"wp:attachment":[{"href":"https:\/\/nisantasicosmetic.com\/ar\/wp-json\/wp\/v2\/media?parent=1963"}],"wp:term":[{"taxonomy":"product_brand","embeddable":true,"href":"https:\/\/nisantasicosmetic.com\/ar\/wp-json\/wp\/v2\/product_brand?post=1963"},{"taxonomy":"product_cat","embeddable":true,"href":"https:\/\/nisantasicosmetic.com\/ar\/wp-json\/wp\/v2\/product_cat?post=1963"},{"taxonomy":"product_tag","embeddable":true,"href":"https:\/\/nisantasicosmetic.com\/ar\/wp-json\/wp\/v2\/product_tag?post=1963"}],"curies":[{"name":"wp","href":"https:\/\/api.w.org\/{rel}","templated":true}]}}