{"id":1393,"date":"2024-06-13T17:34:29","date_gmt":"2024-06-13T14:34:29","guid":{"rendered":"https:\/\/nisantasicosmetic.com\/?post_type=product&#038;p=1393"},"modified":"2026-04-07T16:54:48","modified_gmt":"2026-04-07T13:54:48","slug":"konjac-body-gel-2","status":"publish","type":"product","link":"https:\/\/nisantasicosmetic.com\/ar\/urun\/\u0643\u0648\u0646\u062c\u0627\u0643-\u0627\u0644\u062c\u0633\u0645-\u0647\u0644\u0627\u0645\/","title":{"rendered":"\u062c\u0644 \u0643\u0648\u0646\u062c\u0627\u0643 \u0644\u0644\u062c\u0633\u0645"},"content":{"rendered":"<h2>\u0644\u0645\u0633\u0629 \u0645\u0646\u0639\u0634\u0629 \u0644\u0631\u0648\u062a\u064a\u0646 \u0627\u0644\u0639\u0646\u0627\u064a\u0629 \u0627\u0644\u064a\u0648\u0645\u064a \u0627\u0644\u062e\u0627\u0635 \u0628\u0643<\/h2>\n<p>\u064a\u0645\u062a\u0635 \u062c\u0644 \u0627\u0644\u062c\u0633\u0645 \u0643\u0648\u0646\u062c\u0627\u0643 \u0628\u0633\u0631\u0639\u0629 \u062f\u0648\u0646 \u0623\u0646 \u064a\u062b\u0642\u0644 \u0627\u0644\u0628\u0634\u0631\u0629 \u0628\u0641\u0636\u0644 \u062a\u0631\u0643\u064a\u0628\u062a\u0647 \u0630\u0627\u062a \u0627\u0644\u0623\u0633\u0627\u0633 \u0627\u0644\u0645\u0627\u0626\u064a. \u064a\u0648\u0641\u0631 \u0627\u0633\u062a\u062e\u062f\u0627\u0645\u0627\u064b \u0639\u0645\u0644\u064a\u0627\u064b \u0628\u062a\u0631\u0643\u064a\u0628\u062a\u0647 \u0627\u0644\u062a\u064a \u0644\u0627 \u062a\u062a\u0631\u0643 \u0634\u0639\u0648\u0631\u0627\u064b \u062f\u0647\u0646\u064a\u0627\u064b. \u2728<\/p>\n<h3>\u0627\u0644\u0645\u064a\u0632\u0627\u062a:<\/h3>\n<ul>\n<li class=\" translation-block\"><strong>\u0642\u0627\u0639\u062f\u0629 \u0645\u0627\u0626\u064a\u0629:<\/strong> \u062a\u0631\u0643\u064a\u0628\u0629 \u062e\u0641\u064a\u0641\u0629 \u0648\u0633\u0631\u064a\u0639\u0629 \u0627\u0644\u0627\u0645\u062a\u0635\u0627\u0635.<\/li>\n<li class=\" translation-block\"><strong>\u0644\u0627 \u064a\u062a\u0631\u0643 \u0628\u0642\u0627\u064a\u0627 \u062f\u0647\u0646\u064a\u0629:<\/strong> \u062a\u0637\u0628\u064a\u0642 \u0639\u0645\u0644\u064a \u0648\u0646\u0638\u064a\u0641.<\/li>\n<li><strong>Massage Support:<\/strong> Easily applied through massage thanks to its gel form.<\/li>\n<\/ul>\n<h3>\u0627\u0644\u0627\u0633\u062a\u062e\u062f\u0627\u0645:<\/h3>\n<p>\u0636\u0639\u064a\u0647 \u0639\u0644\u0649 \u0628\u0634\u0631\u0629 \u0646\u0638\u064a\u0641\u0629 \u0639\u0646 \u0637\u0631\u064a\u0642 \u0627\u0644\u062a\u062f\u0644\u064a\u0643 \u0628\u062d\u0631\u0643\u0627\u062a \u062f\u0627\u0626\u0631\u064a\u0629. \ud83e\uddf4<\/p>\n<h3>\ud83d\udee1\ufe0f \u0625\u0634\u0639\u0627\u0631 \u0642\u0627\u0646\u0648\u0646\u064a<\/h3>\n<p>\u0645\u0646\u062a\u062c \u062a\u062c\u0645\u064a\u0644\u064a. \u0644\u0644\u0627\u0633\u062a\u062e\u062f\u0627\u0645 \u0627\u0644\u062e\u0627\u0631\u062c\u064a \u0641\u0642\u0637. \u064a\u062d\u0641\u0638 \u0628\u0639\u064a\u062f\u0627\u064b \u0639\u0646 \u0645\u062a\u0646\u0627\u0648\u0644 \u0627\u0644\u0623\u0637\u0641\u0627\u0644. \u064a\u062d\u0641\u0638 \u0641\u064a \u0645\u0643\u0627\u0646 \u0628\u0627\u0631\u062f \u0648\u062c\u0627\u0641.<\/p>","protected":false},"excerpt":{"rendered":"<p>A Refreshing Touch to Your Daily Skincare Routine Thanks to its water-based structure, Konjac Body Gel absorbs quickly without weighing down your skin. It offers practical use with its non-greasy formula. \u2728 Features: Water-Based Structure: Fast-absorbing, lightweight formula. Leaves No Greasy Residue: Practical and clean application. Massage Support: Easily applied through massage thanks to its [&hellip;]<\/p>","protected":false},"featured_media":1091,"comment_status":"open","ping_status":"closed","template":"","meta":[],"product_brand":[],"product_cat":[89],"product_tag":[],"class_list":{"0":"post-1393","1":"product","2":"type-product","3":"status-publish","4":"has-post-thumbnail","6":"product_cat-herbal-products-products","8":"first","9":"instock","10":"sale","11":"taxable","12":"shipping-taxable","13":"purchasable","14":"product-type-simple"},"yoast_head":"<!-- This site is optimized with the Yoast SEO plugin v26.2 - https:\/\/yoast.com\/wordpress\/plugins\/seo\/ -->\n<title>Konjac Body Gel - Ni\u015fanta\u015f\u0131 Cosmetic<\/title>\n<meta name=\"description\" content=\"Explore Konjac Body Gel at Ni\u015fanta\u015f\u0131 Cosmetic \u2013 a refreshing gel for smooth, toned skin. Nourish and rejuvenate your body with every use!\" \/>\n<meta name=\"robots\" content=\"index, follow, max-snippet:-1, max-image-preview:large, max-video-preview:-1\" \/>\n<link rel=\"canonical\" href=\"https:\/\/nisantasicosmetic.com\/ar\/urun\/\u0643\u0648\u0646\u062c\u0627\u0643-\u0627\u0644\u062c\u0633\u0645-\u0647\u0644\u0627\u0645\/?wmc-currency=EUR\" \/>\n<meta property=\"og:locale\" content=\"ar_AR\" \/>\n<meta property=\"og:type\" content=\"article\" \/>\n<meta property=\"og:title\" content=\"Konjac Body Gel - Ni\u015fanta\u015f\u0131 Cosmetic\" \/>\n<meta property=\"og:description\" content=\"Explore Konjac Body Gel at Ni\u015fanta\u015f\u0131 Cosmetic \u2013 a refreshing gel for smooth, toned skin. Nourish and rejuvenate your body with every use!\" \/>\n<meta property=\"og:url\" content=\"https:\/\/nisantasicosmetic.com\/ar\/urun\/\u0643\u0648\u0646\u062c\u0627\u0643-\u0627\u0644\u062c\u0633\u0645-\u0647\u0644\u0627\u0645\/?wmc-currency=EUR\" \/>\n<meta property=\"og:site_name\" content=\"Ni\u015fanta\u015f\u0131 Cosmetic\" \/>\n<meta property=\"article:modified_time\" content=\"2026-04-07T13:54:48+00:00\" \/>\n<meta property=\"og:image\" content=\"https:\/\/nisantasicosmetic.com\/wp-content\/uploads\/2024\/06\/Konjac-Jel-3.png\" \/>\n\t<meta property=\"og:image:width\" content=\"1000\" \/>\n\t<meta property=\"og:image:height\" content=\"1000\" \/>\n\t<meta property=\"og:image:type\" content=\"image\/png\" \/>\n<meta name=\"twitter:card\" content=\"summary_large_image\" \/>\n<meta name=\"twitter:label1\" content=\"\u0648\u0642\u062a \u0627\u0644\u0642\u0631\u0627\u0621\u0629 \u0627\u0644\u0645\u064f\u0642\u062f\u0651\u0631\" \/>\n\t<meta name=\"twitter:data1\" content=\"3 \u062f\u0642\u0627\u0626\u0642\" \/>\n<script type=\"application\/ld+json\" class=\"yoast-schema-graph\">{\"@context\":\"https:\/\/schema.org\",\"@graph\":[{\"@type\":\"WebPage\",\"@id\":\"https:\/\/nisantasicosmetic.com\/urun\/konjac-body-gel-2\/\",\"url\":\"https:\/\/nisantasicosmetic.com\/urun\/konjac-body-gel-2\/\",\"name\":\"Konjac Body Gel - Ni\u015fanta\u015f\u0131 Cosmetic\",\"isPartOf\":{\"@id\":\"https:\/\/nisantasicosmetic.com\/#website\"},\"primaryImageOfPage\":{\"@id\":\"https:\/\/nisantasicosmetic.com\/urun\/konjac-body-gel-2\/#primaryimage\"},\"image\":{\"@id\":\"https:\/\/nisantasicosmetic.com\/urun\/konjac-body-gel-2\/#primaryimage\"},\"thumbnailUrl\":\"https:\/\/nisantasicosmetic.com\/wp-content\/uploads\/2024\/06\/Konjac-Jel-3.png\",\"datePublished\":\"2024-06-13T14:34:29+00:00\",\"dateModified\":\"2026-04-07T13:54:48+00:00\",\"description\":\"Explore Konjac Body Gel at Ni\u015fanta\u015f\u0131 Cosmetic \u2013 a refreshing gel for smooth, toned skin. Nourish and rejuvenate your body with every use!\",\"breadcrumb\":{\"@id\":\"https:\/\/nisantasicosmetic.com\/urun\/konjac-body-gel-2\/#breadcrumb\"},\"inLanguage\":\"ar\",\"potentialAction\":[{\"@type\":\"ReadAction\",\"target\":[\"https:\/\/nisantasicosmetic.com\/urun\/konjac-body-gel-2\/\"]}]},{\"@type\":\"ImageObject\",\"inLanguage\":\"ar\",\"@id\":\"https:\/\/nisantasicosmetic.com\/urun\/konjac-body-gel-2\/#primaryimage\",\"url\":\"https:\/\/nisantasicosmetic.com\/wp-content\/uploads\/2024\/06\/Konjac-Jel-3.png\",\"contentUrl\":\"https:\/\/nisantasicosmetic.com\/wp-content\/uploads\/2024\/06\/Konjac-Jel-3.png\",\"width\":1000,\"height\":1000},{\"@type\":\"BreadcrumbList\",\"@id\":\"https:\/\/nisantasicosmetic.com\/urun\/konjac-body-gel-2\/#breadcrumb\",\"itemListElement\":[{\"@type\":\"ListItem\",\"position\":1,\"name\":\"Anasayfa\",\"item\":\"https:\/\/nisantasicosmetic.com\/\"},{\"@type\":\"ListItem\",\"position\":2,\"name\":\"Produtos\",\"item\":\"https:\/\/nisantasicosmetic.com\/pt\/shop\/\"},{\"@type\":\"ListItem\",\"position\":3,\"name\":\"Konjac Body Gel\"}]},{\"@type\":\"WebSite\",\"@id\":\"https:\/\/nisantasicosmetic.com\/#website\",\"url\":\"https:\/\/nisantasicosmetic.com\/\",\"name\":\"Ni\u015fanta\u015f\u0131 Kozmetik\",\"description\":\"\",\"publisher\":{\"@id\":\"https:\/\/nisantasicosmetic.com\/#organization\"},\"potentialAction\":[{\"@type\":\"SearchAction\",\"target\":{\"@type\":\"EntryPoint\",\"urlTemplate\":\"https:\/\/nisantasicosmetic.com\/?s={search_term_string}\"},\"query-input\":{\"@type\":\"PropertyValueSpecification\",\"valueRequired\":true,\"valueName\":\"search_term_string\"}}],\"inLanguage\":\"ar\"},{\"@type\":\"Organization\",\"@id\":\"https:\/\/nisantasicosmetic.com\/#organization\",\"name\":\"Ni\u015fanta\u015f\u0131 Kozmetik\",\"url\":\"https:\/\/nisantasicosmetic.com\/\",\"logo\":{\"@type\":\"ImageObject\",\"inLanguage\":\"ar\",\"@id\":\"https:\/\/nisantasicosmetic.com\/#\/schema\/logo\/image\/\",\"url\":\"https:\/\/nisantasicosmetic.com\/wp-content\/uploads\/2024\/06\/Nisantasi-Cosmetic-Logo.png\",\"contentUrl\":\"https:\/\/nisantasicosmetic.com\/wp-content\/uploads\/2024\/06\/Nisantasi-Cosmetic-Logo.png\",\"width\":1080,\"height\":216,\"caption\":\"Ni\u015fanta\u015f\u0131 Kozmetik\"},\"image\":{\"@id\":\"https:\/\/nisantasicosmetic.com\/#\/schema\/logo\/image\/\"}}]}<\/script>\n<!-- \/ Yoast SEO plugin. -->","yoast_head_json":{"title":"Konjac Body Gel - Ni\u015fanta\u015f\u0131 Cosmetic","description":"Explore Konjac Body Gel at Ni\u015fanta\u015f\u0131 Cosmetic \u2013 a refreshing gel for smooth, toned skin. Nourish and rejuvenate your body with every use!","robots":{"index":"index","follow":"follow","max-snippet":"max-snippet:-1","max-image-preview":"max-image-preview:large","max-video-preview":"max-video-preview:-1"},"canonical":"https:\/\/nisantasicosmetic.com\/ar\/urun\/\u0643\u0648\u0646\u062c\u0627\u0643-\u0627\u0644\u062c\u0633\u0645-\u0647\u0644\u0627\u0645\/?wmc-currency=EUR","og_locale":"ar_AR","og_type":"article","og_title":"Konjac Body Gel - Ni\u015fanta\u015f\u0131 Cosmetic","og_description":"Explore Konjac Body Gel at Ni\u015fanta\u015f\u0131 Cosmetic \u2013 a refreshing gel for smooth, toned skin. Nourish and rejuvenate your body with every use!","og_url":"https:\/\/nisantasicosmetic.com\/ar\/urun\/\u0643\u0648\u0646\u062c\u0627\u0643-\u0627\u0644\u062c\u0633\u0645-\u0647\u0644\u0627\u0645\/?wmc-currency=EUR","og_site_name":"Ni\u015fanta\u015f\u0131 Cosmetic","article_modified_time":"2026-04-07T13:54:48+00:00","og_image":[{"width":1000,"height":1000,"url":"https:\/\/nisantasicosmetic.com\/wp-content\/uploads\/2024\/06\/Konjac-Jel-3.png","type":"image\/png"}],"twitter_card":"summary_large_image","twitter_misc":{"\u0648\u0642\u062a \u0627\u0644\u0642\u0631\u0627\u0621\u0629 \u0627\u0644\u0645\u064f\u0642\u062f\u0651\u0631":"3 \u062f\u0642\u0627\u0626\u0642"},"schema":{"@context":"https:\/\/schema.org","@graph":[{"@type":"WebPage","@id":"https:\/\/nisantasicosmetic.com\/urun\/konjac-body-gel-2\/","url":"https:\/\/nisantasicosmetic.com\/urun\/konjac-body-gel-2\/","name":"Konjac Body Gel - Ni\u015fanta\u015f\u0131 Cosmetic","isPartOf":{"@id":"https:\/\/nisantasicosmetic.com\/#website"},"primaryImageOfPage":{"@id":"https:\/\/nisantasicosmetic.com\/urun\/konjac-body-gel-2\/#primaryimage"},"image":{"@id":"https:\/\/nisantasicosmetic.com\/urun\/konjac-body-gel-2\/#primaryimage"},"thumbnailUrl":"https:\/\/nisantasicosmetic.com\/wp-content\/uploads\/2024\/06\/Konjac-Jel-3.png","datePublished":"2024-06-13T14:34:29+00:00","dateModified":"2026-04-07T13:54:48+00:00","description":"Explore Konjac Body Gel at Ni\u015fanta\u015f\u0131 Cosmetic \u2013 a refreshing gel for smooth, toned skin. Nourish and rejuvenate your body with every use!","breadcrumb":{"@id":"https:\/\/nisantasicosmetic.com\/urun\/konjac-body-gel-2\/#breadcrumb"},"inLanguage":"ar","potentialAction":[{"@type":"ReadAction","target":["https:\/\/nisantasicosmetic.com\/urun\/konjac-body-gel-2\/"]}]},{"@type":"ImageObject","inLanguage":"ar","@id":"https:\/\/nisantasicosmetic.com\/urun\/konjac-body-gel-2\/#primaryimage","url":"https:\/\/nisantasicosmetic.com\/wp-content\/uploads\/2024\/06\/Konjac-Jel-3.png","contentUrl":"https:\/\/nisantasicosmetic.com\/wp-content\/uploads\/2024\/06\/Konjac-Jel-3.png","width":1000,"height":1000},{"@type":"BreadcrumbList","@id":"https:\/\/nisantasicosmetic.com\/urun\/konjac-body-gel-2\/#breadcrumb","itemListElement":[{"@type":"ListItem","position":1,"name":"Anasayfa","item":"https:\/\/nisantasicosmetic.com\/"},{"@type":"ListItem","position":2,"name":"Produtos","item":"https:\/\/nisantasicosmetic.com\/pt\/shop\/"},{"@type":"ListItem","position":3,"name":"Konjac Body Gel"}]},{"@type":"WebSite","@id":"https:\/\/nisantasicosmetic.com\/#website","url":"https:\/\/nisantasicosmetic.com\/","name":"Ni\u015fanta\u015f\u0131 Kozmetik","description":"","publisher":{"@id":"https:\/\/nisantasicosmetic.com\/#organization"},"potentialAction":[{"@type":"SearchAction","target":{"@type":"EntryPoint","urlTemplate":"https:\/\/nisantasicosmetic.com\/?s={search_term_string}"},"query-input":{"@type":"PropertyValueSpecification","valueRequired":true,"valueName":"search_term_string"}}],"inLanguage":"ar"},{"@type":"Organization","@id":"https:\/\/nisantasicosmetic.com\/#organization","name":"Ni\u015fanta\u015f\u0131 Kozmetik","url":"https:\/\/nisantasicosmetic.com\/","logo":{"@type":"ImageObject","inLanguage":"ar","@id":"https:\/\/nisantasicosmetic.com\/#\/schema\/logo\/image\/","url":"https:\/\/nisantasicosmetic.com\/wp-content\/uploads\/2024\/06\/Nisantasi-Cosmetic-Logo.png","contentUrl":"https:\/\/nisantasicosmetic.com\/wp-content\/uploads\/2024\/06\/Nisantasi-Cosmetic-Logo.png","width":1080,"height":216,"caption":"Ni\u015fanta\u015f\u0131 Kozmetik"},"image":{"@id":"https:\/\/nisantasicosmetic.com\/#\/schema\/logo\/image\/"}}]}},"_links":{"self":[{"href":"https:\/\/nisantasicosmetic.com\/ar\/wp-json\/wp\/v2\/product\/1393","targetHints":{"allow":["GET"]}}],"collection":[{"href":"https:\/\/nisantasicosmetic.com\/ar\/wp-json\/wp\/v2\/product"}],"about":[{"href":"https:\/\/nisantasicosmetic.com\/ar\/wp-json\/wp\/v2\/types\/product"}],"replies":[{"embeddable":true,"href":"https:\/\/nisantasicosmetic.com\/ar\/wp-json\/wp\/v2\/comments?post=1393"}],"wp:featuredmedia":[{"embeddable":true,"href":"https:\/\/nisantasicosmetic.com\/ar\/wp-json\/wp\/v2\/media\/1091"}],"wp:attachment":[{"href":"https:\/\/nisantasicosmetic.com\/ar\/wp-json\/wp\/v2\/media?parent=1393"}],"wp:term":[{"taxonomy":"product_brand","embeddable":true,"href":"https:\/\/nisantasicosmetic.com\/ar\/wp-json\/wp\/v2\/product_brand?post=1393"},{"taxonomy":"product_cat","embeddable":true,"href":"https:\/\/nisantasicosmetic.com\/ar\/wp-json\/wp\/v2\/product_cat?post=1393"},{"taxonomy":"product_tag","embeddable":true,"href":"https:\/\/nisantasicosmetic.com\/ar\/wp-json\/wp\/v2\/product_tag?post=1393"}],"curies":[{"name":"wp","href":"https:\/\/api.w.org\/{rel}","templated":true}]}}