{"id":438,"date":"2024-06-04T12:36:49","date_gmt":"2024-06-04T09:36:49","guid":{"rendered":"http:\/\/nisantasi-kozmetik.test\/?page_id=438"},"modified":"2024-06-05T17:40:33","modified_gmt":"2024-06-05T14:40:33","slug":"my-account","status":"publish","type":"page","link":"https:\/\/nisantasicosmetic.com\/ar\/my-account\/","title":{"rendered":"My Account"},"content":{"rendered":"<div data-elementor-type=\"wp-page\" data-elementor-id=\"438\" class=\"elementor elementor-438\" data-elementor-post-type=\"page\">\n\t\t\t\t\t\t<section class=\"elementor-section elementor-top-section elementor-element elementor-element-ffbc9f7 elementor-section-height-min-height elementor-section-content-middle elementor-section-boxed elementor-section-height-default elementor-section-items-middle\" data-id=\"ffbc9f7\" data-element_type=\"section\">\n\t\t\t\t\t\t<div class=\"elementor-container elementor-column-gap-default\">\n\t\t\t\t\t<div class=\"elementor-column elementor-col-100 elementor-top-column elementor-element elementor-element-25dee49\" data-id=\"25dee49\" data-element_type=\"column\">\n\t\t\t<div class=\"elementor-widget-wrap elementor-element-populated\">\n\t\t\t\t\t\t<section class=\"elementor-section elementor-inner-section elementor-element elementor-element-b9f4772 elementor-section-content-middle elementor-section-boxed elementor-section-height-default elementor-section-height-default\" data-id=\"b9f4772\" data-element_type=\"section\">\n\t\t\t\t\t\t<div class=\"elementor-container elementor-column-gap-default\">\n\t\t\t\t\t<div class=\"elementor-column elementor-col-100 elementor-inner-column elementor-element elementor-element-7fe83bc\" data-id=\"7fe83bc\" data-element_type=\"column\">\n\t\t\t<div class=\"elementor-widget-wrap elementor-element-populated\">\n\t\t\t\t\t\t<div class=\"elementor-element elementor-element-1d07c2a elementor-widget elementor-widget-heading\" data-id=\"1d07c2a\" data-element_type=\"widget\" data-widget_type=\"heading.default\">\n\t\t\t\t<div class=\"elementor-widget-container\">\n\t\t\t\t\t<h2 class=\"elementor-heading-title elementor-size-default\">My Account<\/h2>\t\t\t\t<\/div>\n\t\t\t\t<\/div>\n\t\t\t\t<div class=\"elementor-element elementor-element-37086f6 elementor-widget elementor-widget-woocommerce-breadcrumb\" data-id=\"37086f6\" data-element_type=\"widget\" data-widget_type=\"woocommerce-breadcrumb.default\">\n\t\t\t\t<div class=\"elementor-widget-container\">\n\t\t\t\t\t<nav class=\"woocommerce-breadcrumb\" aria-label=\"Breadcrumb\" data-no-translation=\"\" data-trp-gettext=\"\">\u0627\u0644\u0631\u0626\u064a\u0633\u064a\u0629<\/nav>\t\t\t\t<\/div>\n\t\t\t\t<\/div>\n\t\t\t\t\t<\/div>\n\t\t<\/div>\n\t\t\t\t\t<\/div>\n\t\t<\/section>\n\t\t\t\t\t<\/div>\n\t\t<\/div>\n\t\t\t\t\t<\/div>\n\t\t<\/section>\n\t\t\t\t<section class=\"elementor-section elementor-top-section elementor-element elementor-element-582af76 elementor-section-content-middle elementor-section-boxed elementor-section-height-default elementor-section-height-default\" data-id=\"582af76\" data-element_type=\"section\">\n\t\t\t\t\t\t<div class=\"elementor-container elementor-column-gap-default\">\n\t\t\t\t\t<div class=\"elementor-column elementor-col-100 elementor-top-column elementor-element elementor-element-d649a91\" data-id=\"d649a91\" data-element_type=\"column\">\n\t\t\t<div class=\"elementor-widget-wrap elementor-element-populated\">\n\t\t\t\t\t\t<div class=\"elementor-element elementor-element-3c69c8b elementor-widget elementor-widget-spacer\" data-id=\"3c69c8b\" data-element_type=\"widget\" data-widget_type=\"spacer.default\">\n\t\t\t\t<div class=\"elementor-widget-container\">\n\t\t\t\t\t\t\t<div class=\"elementor-spacer\">\n\t\t\t<div class=\"elementor-spacer-inner\"><\/div>\n\t\t<\/div>\n\t\t\t\t\t\t<\/div>\n\t\t\t\t<\/div>\n\t\t\t\t\t<\/div>\n\t\t<\/div>\n\t\t\t\t\t<\/div>\n\t\t<\/section>\n\t\t\t\t<section class=\"elementor-section elementor-top-section elementor-element elementor-element-ed5e0dd elementor-section-content-middle elementor-section-boxed elementor-section-height-default elementor-section-height-default\" data-id=\"ed5e0dd\" data-element_type=\"section\">\n\t\t\t\t\t\t<div class=\"elementor-container elementor-column-gap-default\">\n\t\t\t\t\t<div class=\"elementor-column elementor-col-100 elementor-top-column elementor-element elementor-element-63cbb73\" data-id=\"63cbb73\" data-element_type=\"column\">\n\t\t\t<div class=\"elementor-widget-wrap elementor-element-populated\">\n\t\t\t\t\t\t<div class=\"elementor-element elementor-element-e485aa0 e-my-account-tabs-vertical elementor-widget elementor-widget-woocommerce-my-account\" data-id=\"e485aa0\" data-element_type=\"widget\" data-widget_type=\"woocommerce-my-account.default\">\n\t\t\t\t<div class=\"elementor-widget-container\">\n\t\t\t\t\t<div class=\"e-my-account-tab e-my-account-tab__\">\t\t\t<div class=\"woocommerce\"><\/div>\t\t<\/div>\n\t\t\t\t\t\t<\/div>\n\t\t\t\t<\/div>\n\t\t\t\t\t<\/div>\n\t\t<\/div>\n\t\t\t\t\t<\/div>\n\t\t<\/section>\n\t\t\t\t<\/div>","protected":false},"excerpt":{"rendered":"<p>My Account Dashboard Orders Downloads Addresses Account Details Logout Merhaba nisantasi.admin (nisantasi.admin de\u011fil misiniz? \u00c7\u0131k\u0131\u015f yap\u0131n) Hesap panonuzdan son sipari\u015flerinizi g\u00f6r\u00fcnt\u00fcleyebilir, g\u00f6nderim ve fatura adreslerinizi y\u00f6netebilir ve \u015fifreniz ile hesap ayr\u0131nt\u0131lar\u0131n\u0131z\u0131 d\u00fczenleyebilirsiniz.<\/p>","protected":false},"author":1,"featured_media":0,"parent":0,"menu_order":0,"comment_status":"closed","ping_status":"closed","template":"elementor_header_footer","meta":{"footnotes":""},"class_list":["post-438","page","type-page","status-publish","hentry"],"yoast_head":"<!-- This site is optimized with the Yoast SEO plugin v26.2 - https:\/\/yoast.com\/wordpress\/plugins\/seo\/ -->\n<title>My Account - Ni\u015fanta\u015f\u0131 Cosmetic<\/title>\n<meta name=\"robots\" content=\"index, follow, max-snippet:-1, max-image-preview:large, max-video-preview:-1\" \/>\n<link rel=\"canonical\" href=\"https:\/\/nisantasicosmetic.com\/ar\/my-account\/?wmc-currency=EUR\" \/>\n<meta property=\"og:locale\" content=\"ar_AR\" \/>\n<meta property=\"og:type\" content=\"article\" \/>\n<meta property=\"og:title\" content=\"My Account - Ni\u015fanta\u015f\u0131 Cosmetic\" \/>\n<meta property=\"og:description\" content=\"My Account Dashboard Orders Downloads Addresses Account Details Logout Merhaba nisantasi.admin (nisantasi.admin de\u011fil misiniz? \u00c7\u0131k\u0131\u015f yap\u0131n) Hesap panonuzdan son sipari\u015flerinizi g\u00f6r\u00fcnt\u00fcleyebilir, g\u00f6nderim ve fatura adreslerinizi y\u00f6netebilir ve \u015fifreniz ile hesap ayr\u0131nt\u0131lar\u0131n\u0131z\u0131 d\u00fczenleyebilirsiniz.\" \/>\n<meta property=\"og:url\" content=\"https:\/\/nisantasicosmetic.com\/ar\/my-account\/?wmc-currency=EUR\" \/>\n<meta property=\"og:site_name\" content=\"Ni\u015fanta\u015f\u0131 Cosmetic\" \/>\n<meta property=\"article:modified_time\" content=\"2024-06-05T14:40:33+00:00\" \/>\n<meta name=\"twitter:card\" content=\"summary_large_image\" \/>\n<meta name=\"twitter:label1\" content=\"\u0648\u0642\u062a \u0627\u0644\u0642\u0631\u0627\u0621\u0629 \u0627\u0644\u0645\u064f\u0642\u062f\u0651\u0631\" \/>\n\t<meta name=\"twitter:data1\" content=\"\u062f\u0642\u064a\u0642\u0629 \u0648\u0627\u062d\u062f\u0629\" \/>\n<script type=\"application\/ld+json\" class=\"yoast-schema-graph\">{\"@context\":\"https:\/\/schema.org\",\"@graph\":[{\"@type\":\"WebPage\",\"@id\":\"https:\/\/nisantasicosmetic.com\/my-account\/\",\"url\":\"https:\/\/nisantasicosmetic.com\/my-account\/\",\"name\":\"My Account - Ni\u015fanta\u015f\u0131 Cosmetic\",\"isPartOf\":{\"@id\":\"https:\/\/nisantasicosmetic.com\/#website\"},\"datePublished\":\"2024-06-04T09:36:49+00:00\",\"dateModified\":\"2024-06-05T14:40:33+00:00\",\"breadcrumb\":{\"@id\":\"https:\/\/nisantasicosmetic.com\/my-account\/#breadcrumb\"},\"inLanguage\":\"ar\",\"potentialAction\":[{\"@type\":\"ReadAction\",\"target\":[\"https:\/\/nisantasicosmetic.com\/my-account\/\"]}]},{\"@type\":\"BreadcrumbList\",\"@id\":\"https:\/\/nisantasicosmetic.com\/my-account\/#breadcrumb\",\"itemListElement\":[{\"@type\":\"ListItem\",\"position\":1,\"name\":\"Anasayfa\",\"item\":\"https:\/\/nisantasicosmetic.com\/\"},{\"@type\":\"ListItem\",\"position\":2,\"name\":\"My Account\"}]},{\"@type\":\"WebSite\",\"@id\":\"https:\/\/nisantasicosmetic.com\/#website\",\"url\":\"https:\/\/nisantasicosmetic.com\/\",\"name\":\"Ni\u015fanta\u015f\u0131 Kozmetik\",\"description\":\"\",\"publisher\":{\"@id\":\"https:\/\/nisantasicosmetic.com\/#organization\"},\"potentialAction\":[{\"@type\":\"SearchAction\",\"target\":{\"@type\":\"EntryPoint\",\"urlTemplate\":\"https:\/\/nisantasicosmetic.com\/?s={search_term_string}\"},\"query-input\":{\"@type\":\"PropertyValueSpecification\",\"valueRequired\":true,\"valueName\":\"search_term_string\"}}],\"inLanguage\":\"ar\"},{\"@type\":\"Organization\",\"@id\":\"https:\/\/nisantasicosmetic.com\/#organization\",\"name\":\"Ni\u015fanta\u015f\u0131 Kozmetik\",\"url\":\"https:\/\/nisantasicosmetic.com\/\",\"logo\":{\"@type\":\"ImageObject\",\"inLanguage\":\"ar\",\"@id\":\"https:\/\/nisantasicosmetic.com\/#\/schema\/logo\/image\/\",\"url\":\"https:\/\/nisantasicosmetic.com\/wp-content\/uploads\/2024\/06\/Nisantasi-Cosmetic-Logo.png\",\"contentUrl\":\"https:\/\/nisantasicosmetic.com\/wp-content\/uploads\/2024\/06\/Nisantasi-Cosmetic-Logo.png\",\"width\":1080,\"height\":216,\"caption\":\"Ni\u015fanta\u015f\u0131 Kozmetik\"},\"image\":{\"@id\":\"https:\/\/nisantasicosmetic.com\/#\/schema\/logo\/image\/\"}}]}<\/script>\n<!-- \/ Yoast SEO plugin. -->","yoast_head_json":{"title":"My Account - Ni\u015fanta\u015f\u0131 Cosmetic","robots":{"index":"index","follow":"follow","max-snippet":"max-snippet:-1","max-image-preview":"max-image-preview:large","max-video-preview":"max-video-preview:-1"},"canonical":"https:\/\/nisantasicosmetic.com\/ar\/my-account\/?wmc-currency=EUR","og_locale":"ar_AR","og_type":"article","og_title":"My Account - Ni\u015fanta\u015f\u0131 Cosmetic","og_description":"My Account Dashboard Orders Downloads Addresses Account Details Logout Merhaba nisantasi.admin (nisantasi.admin de\u011fil misiniz? \u00c7\u0131k\u0131\u015f yap\u0131n) Hesap panonuzdan son sipari\u015flerinizi g\u00f6r\u00fcnt\u00fcleyebilir, g\u00f6nderim ve fatura adreslerinizi y\u00f6netebilir ve \u015fifreniz ile hesap ayr\u0131nt\u0131lar\u0131n\u0131z\u0131 d\u00fczenleyebilirsiniz.","og_url":"https:\/\/nisantasicosmetic.com\/ar\/my-account\/?wmc-currency=EUR","og_site_name":"Ni\u015fanta\u015f\u0131 Cosmetic","article_modified_time":"2024-06-05T14:40:33+00:00","twitter_card":"summary_large_image","twitter_misc":{"\u0648\u0642\u062a \u0627\u0644\u0642\u0631\u0627\u0621\u0629 \u0627\u0644\u0645\u064f\u0642\u062f\u0651\u0631":"\u062f\u0642\u064a\u0642\u0629 \u0648\u0627\u062d\u062f\u0629"},"schema":{"@context":"https:\/\/schema.org","@graph":[{"@type":"WebPage","@id":"https:\/\/nisantasicosmetic.com\/my-account\/","url":"https:\/\/nisantasicosmetic.com\/my-account\/","name":"My Account - Ni\u015fanta\u015f\u0131 Cosmetic","isPartOf":{"@id":"https:\/\/nisantasicosmetic.com\/#website"},"datePublished":"2024-06-04T09:36:49+00:00","dateModified":"2024-06-05T14:40:33+00:00","breadcrumb":{"@id":"https:\/\/nisantasicosmetic.com\/my-account\/#breadcrumb"},"inLanguage":"ar","potentialAction":[{"@type":"ReadAction","target":["https:\/\/nisantasicosmetic.com\/my-account\/"]}]},{"@type":"BreadcrumbList","@id":"https:\/\/nisantasicosmetic.com\/my-account\/#breadcrumb","itemListElement":[{"@type":"ListItem","position":1,"name":"Anasayfa","item":"https:\/\/nisantasicosmetic.com\/"},{"@type":"ListItem","position":2,"name":"My Account"}]},{"@type":"WebSite","@id":"https:\/\/nisantasicosmetic.com\/#website","url":"https:\/\/nisantasicosmetic.com\/","name":"Ni\u015fanta\u015f\u0131 Kozmetik","description":"","publisher":{"@id":"https:\/\/nisantasicosmetic.com\/#organization"},"potentialAction":[{"@type":"SearchAction","target":{"@type":"EntryPoint","urlTemplate":"https:\/\/nisantasicosmetic.com\/?s={search_term_string}"},"query-input":{"@type":"PropertyValueSpecification","valueRequired":true,"valueName":"search_term_string"}}],"inLanguage":"ar"},{"@type":"Organization","@id":"https:\/\/nisantasicosmetic.com\/#organization","name":"Ni\u015fanta\u015f\u0131 Kozmetik","url":"https:\/\/nisantasicosmetic.com\/","logo":{"@type":"ImageObject","inLanguage":"ar","@id":"https:\/\/nisantasicosmetic.com\/#\/schema\/logo\/image\/","url":"https:\/\/nisantasicosmetic.com\/wp-content\/uploads\/2024\/06\/Nisantasi-Cosmetic-Logo.png","contentUrl":"https:\/\/nisantasicosmetic.com\/wp-content\/uploads\/2024\/06\/Nisantasi-Cosmetic-Logo.png","width":1080,"height":216,"caption":"Ni\u015fanta\u015f\u0131 Kozmetik"},"image":{"@id":"https:\/\/nisantasicosmetic.com\/#\/schema\/logo\/image\/"}}]}},"_links":{"self":[{"href":"https:\/\/nisantasicosmetic.com\/ar\/wp-json\/wp\/v2\/pages\/438","targetHints":{"allow":["GET"]}}],"collection":[{"href":"https:\/\/nisantasicosmetic.com\/ar\/wp-json\/wp\/v2\/pages"}],"about":[{"href":"https:\/\/nisantasicosmetic.com\/ar\/wp-json\/wp\/v2\/types\/page"}],"author":[{"embeddable":true,"href":"https:\/\/nisantasicosmetic.com\/ar\/wp-json\/wp\/v2\/users\/1"}],"replies":[{"embeddable":true,"href":"https:\/\/nisantasicosmetic.com\/ar\/wp-json\/wp\/v2\/comments?post=438"}],"version-history":[{"count":0,"href":"https:\/\/nisantasicosmetic.com\/ar\/wp-json\/wp\/v2\/pages\/438\/revisions"}],"wp:attachment":[{"href":"https:\/\/nisantasicosmetic.com\/ar\/wp-json\/wp\/v2\/media?parent=438"}],"curies":[{"name":"wp","href":"https:\/\/api.w.org\/{rel}","templated":true}]}}