{"id":330,"date":"2024-06-04T10:56:13","date_gmt":"2024-06-04T07:56:13","guid":{"rendered":"http:\/\/nisantasi-kozmetik.test\/?post_type=product&#038;p=330"},"modified":"2026-03-26T17:34:33","modified_gmt":"2026-03-26T14:34:33","slug":"konjac-tea","status":"publish","type":"product","link":"http:\/\/nisantasicosmetic.com\/tr\/urun\/konjac-cayi\/","title":{"rendered":"Konjak \u00c7ay\u0131"},"content":{"rendered":"<div class=\"col-md-12\">\n<h2>\ud83c\udf3f <strong>Konjac \u00c7ay\u0131 \u0130\u00e7indekiler Nedir?<\/strong><\/h2>\n<p>Konjac \u00c7ay\u0131; Pirin\u00e7 Kabu\u011fu Tozu \u00d6z\u00fc, Biberiye \u00d6z\u00fc, Brokoli \u00d6z\u00fc, Ekinezya \u00d6z\u00fc, Goji Berry \u00d6z\u00fc, Yaban Mersini \u00d6z\u00fc, Yo\u011furt Otu \u00d6z\u00fc, C\u00fcce Palmiye \u00d6z\u00fc, Hu\u015f A\u011fac\u0131 \u00d6z\u00fc, Orman Meyvesi Aromas\u0131 ve L-Karnitin gibi bitkisel i\u00e7eriklerin \u00f6zenle harmanlanmas\u0131yla haz\u0131rlanm\u0131\u015ft\u0131r.<\/p>\n<h2>\u2615 <strong>Konjac \u00c7ay\u0131 nas\u0131l kullan\u0131l\u0131r?<\/strong><\/h2>\n<p>Bir fincan s\u0131cak suya 1 po\u015fet ekleyerek g\u00fcn i\u00e7erisinde keyifle t\u00fcketebilirsiniz. Pratik haz\u0131rlan\u0131\u015f\u0131 sayesinde g\u00fcnl\u00fck i\u00e7ecek rutininize kolayca dahil edilebilir.<\/p>\n<h2>\u26a0 <strong>Konjac \u00c7ay\u0131 Kimler \u0130\u00e7in Uygun De\u011fildir?<\/strong><\/h2>\n<ul>\n<li>Hamile ve emzirme d\u00f6nemindeki ki\u015filer<\/li>\n<li>Kalp, b\u00f6brek, tansiyon veya d\u00fc\u015f\u00fck \u015feker rahats\u0131zl\u0131\u011f\u0131 bulunanlar<\/li>\n<li>\u0130\u00e7eri\u011finde yer alan bitkilere kar\u015f\u0131 hassasiyeti veya alerjisi olan ki\u015filer<\/li>\n<\/ul>\n<p>Herhangi bir sa\u011fl\u0131k durumu veya d\u00fczenli ila\u00e7 kullan\u0131m\u0131 s\u00f6z konusuysa, kullan\u0131m \u00f6ncesinde bir uzmana dan\u0131\u015f\u0131lmas\u0131 \u00f6nerilir.<\/p>\n<\/div>","protected":false},"excerpt":{"rendered":"<p>Konjac, Konja k\u00f6k\u00fcnden elde edilen s\u0131f\u0131r kalori i\u00e7eren lifli bir \u015fekerdir.<\/p>","protected":false},"featured_media":1159,"comment_status":"open","ping_status":"closed","template":"","meta":[],"product_brand":[],"product_cat":[89],"product_tag":[64,65,66],"class_list":{"0":"post-330","1":"product","2":"type-product","3":"status-publish","4":"has-post-thumbnail","6":"product_cat-herbal-products-products","7":"product_tag-konjac","8":"product_tag-konjac-cay","9":"product_tag-konjac-tea","11":"first","12":"instock","13":"sale","14":"taxable","15":"shipping-taxable","16":"purchasable","17":"product-type-simple"},"yoast_head":"<!-- This site is optimized with the Yoast SEO plugin v26.2 - https:\/\/yoast.com\/wordpress\/plugins\/seo\/ -->\n<title>Konjac Tea - Ni\u015fanta\u015f\u0131 Cosmetic<\/title>\n<meta name=\"description\" content=\"Experience the benefits of Konjac Tea from Ni\u015fanta\u015f\u0131 Cosmetic \u2013 a natural blend designed to support weight management and enhance your well-being!\" \/>\n<meta name=\"robots\" content=\"index, follow, max-snippet:-1, max-image-preview:large, max-video-preview:-1\" \/>\n<link rel=\"canonical\" href=\"http:\/\/nisantasicosmetic.com\/tr\/urun\/konjac-cayi\/?wmc-currency=TRY\" \/>\n<meta property=\"og:locale\" content=\"tr_TR\" \/>\n<meta property=\"og:type\" content=\"article\" \/>\n<meta property=\"og:title\" content=\"Konjac Tea - Ni\u015fanta\u015f\u0131 Cosmetic\" \/>\n<meta property=\"og:description\" content=\"Experience the benefits of Konjac Tea from Ni\u015fanta\u015f\u0131 Cosmetic \u2013 a natural blend designed to support weight management and enhance your well-being!\" \/>\n<meta property=\"og:url\" content=\"http:\/\/nisantasicosmetic.com\/tr\/urun\/konjac-cayi\/?wmc-currency=TRY\" \/>\n<meta property=\"og:site_name\" content=\"Ni\u015fanta\u015f\u0131 Cosmetic\" \/>\n<meta property=\"article:modified_time\" content=\"2026-03-26T14:34:33+00:00\" \/>\n<meta property=\"og:image\" content=\"https:\/\/nisantasicosmetic.com\/wp-content\/uploads\/2024\/06\/Konjac-Tea-55-1.png\" \/>\n\t<meta property=\"og:image:width\" content=\"1000\" \/>\n\t<meta property=\"og:image:height\" content=\"1000\" \/>\n\t<meta property=\"og:image:type\" content=\"image\/png\" \/>\n<meta name=\"twitter:card\" content=\"summary_large_image\" \/>\n<meta name=\"twitter:label1\" content=\"Tahmini okuma s\u00fcresi\" \/>\n\t<meta name=\"twitter:data1\" content=\"2 dakika\" \/>\n<script type=\"application\/ld+json\" class=\"yoast-schema-graph\">{\"@context\":\"https:\/\/schema.org\",\"@graph\":[{\"@type\":\"WebPage\",\"@id\":\"https:\/\/nisantasicosmetic.com\/urun\/konjac-tea\/\",\"url\":\"https:\/\/nisantasicosmetic.com\/urun\/konjac-tea\/\",\"name\":\"Konjac Tea - Ni\u015fanta\u015f\u0131 Cosmetic\",\"isPartOf\":{\"@id\":\"https:\/\/nisantasicosmetic.com\/#website\"},\"primaryImageOfPage\":{\"@id\":\"https:\/\/nisantasicosmetic.com\/urun\/konjac-tea\/#primaryimage\"},\"image\":{\"@id\":\"https:\/\/nisantasicosmetic.com\/urun\/konjac-tea\/#primaryimage\"},\"thumbnailUrl\":\"https:\/\/nisantasicosmetic.com\/wp-content\/uploads\/2024\/06\/Konjac-Tea-55-1.png\",\"datePublished\":\"2024-06-04T07:56:13+00:00\",\"dateModified\":\"2026-03-26T14:34:33+00:00\",\"description\":\"Experience the benefits of Konjac Tea from Ni\u015fanta\u015f\u0131 Cosmetic \u2013 a natural blend designed to support weight management and enhance your well-being!\",\"breadcrumb\":{\"@id\":\"https:\/\/nisantasicosmetic.com\/urun\/konjac-tea\/#breadcrumb\"},\"inLanguage\":\"tr\",\"potentialAction\":[{\"@type\":\"ReadAction\",\"target\":[\"https:\/\/nisantasicosmetic.com\/urun\/konjac-tea\/\"]}]},{\"@type\":\"ImageObject\",\"inLanguage\":\"tr\",\"@id\":\"https:\/\/nisantasicosmetic.com\/urun\/konjac-tea\/#primaryimage\",\"url\":\"https:\/\/nisantasicosmetic.com\/wp-content\/uploads\/2024\/06\/Konjac-Tea-55-1.png\",\"contentUrl\":\"https:\/\/nisantasicosmetic.com\/wp-content\/uploads\/2024\/06\/Konjac-Tea-55-1.png\",\"width\":1000,\"height\":1000},{\"@type\":\"BreadcrumbList\",\"@id\":\"https:\/\/nisantasicosmetic.com\/urun\/konjac-tea\/#breadcrumb\",\"itemListElement\":[{\"@type\":\"ListItem\",\"position\":1,\"name\":\"Anasayfa\",\"item\":\"https:\/\/nisantasicosmetic.com\/\"},{\"@type\":\"ListItem\",\"position\":2,\"name\":\"Produtos\",\"item\":\"https:\/\/nisantasicosmetic.com\/pt\/shop\/\"},{\"@type\":\"ListItem\",\"position\":3,\"name\":\"Konjac Tea\"}]},{\"@type\":\"WebSite\",\"@id\":\"https:\/\/nisantasicosmetic.com\/#website\",\"url\":\"https:\/\/nisantasicosmetic.com\/\",\"name\":\"Ni\u015fanta\u015f\u0131 Kozmetik\",\"description\":\"\",\"publisher\":{\"@id\":\"https:\/\/nisantasicosmetic.com\/#organization\"},\"potentialAction\":[{\"@type\":\"SearchAction\",\"target\":{\"@type\":\"EntryPoint\",\"urlTemplate\":\"https:\/\/nisantasicosmetic.com\/?s={search_term_string}\"},\"query-input\":{\"@type\":\"PropertyValueSpecification\",\"valueRequired\":true,\"valueName\":\"search_term_string\"}}],\"inLanguage\":\"tr\"},{\"@type\":\"Organization\",\"@id\":\"https:\/\/nisantasicosmetic.com\/#organization\",\"name\":\"Ni\u015fanta\u015f\u0131 Kozmetik\",\"url\":\"https:\/\/nisantasicosmetic.com\/\",\"logo\":{\"@type\":\"ImageObject\",\"inLanguage\":\"tr\",\"@id\":\"https:\/\/nisantasicosmetic.com\/#\/schema\/logo\/image\/\",\"url\":\"https:\/\/nisantasicosmetic.com\/wp-content\/uploads\/2024\/06\/Nisantasi-Cosmetic-Logo.png\",\"contentUrl\":\"https:\/\/nisantasicosmetic.com\/wp-content\/uploads\/2024\/06\/Nisantasi-Cosmetic-Logo.png\",\"width\":1080,\"height\":216,\"caption\":\"Ni\u015fanta\u015f\u0131 Kozmetik\"},\"image\":{\"@id\":\"https:\/\/nisantasicosmetic.com\/#\/schema\/logo\/image\/\"}}]}<\/script>\n<!-- \/ Yoast SEO plugin. -->","yoast_head_json":{"title":"Konjac Tea - Ni\u015fanta\u015f\u0131 Cosmetic","description":"Experience the benefits of Konjac Tea from Ni\u015fanta\u015f\u0131 Cosmetic \u2013 a natural blend designed to support weight management and enhance your well-being!","robots":{"index":"index","follow":"follow","max-snippet":"max-snippet:-1","max-image-preview":"max-image-preview:large","max-video-preview":"max-video-preview:-1"},"canonical":"http:\/\/nisantasicosmetic.com\/tr\/urun\/konjac-cayi\/?wmc-currency=TRY","og_locale":"tr_TR","og_type":"article","og_title":"Konjac Tea - Ni\u015fanta\u015f\u0131 Cosmetic","og_description":"Experience the benefits of Konjac Tea from Ni\u015fanta\u015f\u0131 Cosmetic \u2013 a natural blend designed to support weight management and enhance your well-being!","og_url":"http:\/\/nisantasicosmetic.com\/tr\/urun\/konjac-cayi\/?wmc-currency=TRY","og_site_name":"Ni\u015fanta\u015f\u0131 Cosmetic","article_modified_time":"2026-03-26T14:34:33+00:00","og_image":[{"width":1000,"height":1000,"url":"https:\/\/nisantasicosmetic.com\/wp-content\/uploads\/2024\/06\/Konjac-Tea-55-1.png","type":"image\/png"}],"twitter_card":"summary_large_image","twitter_misc":{"Tahmini okuma s\u00fcresi":"2 dakika"},"schema":{"@context":"https:\/\/schema.org","@graph":[{"@type":"WebPage","@id":"https:\/\/nisantasicosmetic.com\/urun\/konjac-tea\/","url":"https:\/\/nisantasicosmetic.com\/urun\/konjac-tea\/","name":"Konjac Tea - Ni\u015fanta\u015f\u0131 Cosmetic","isPartOf":{"@id":"https:\/\/nisantasicosmetic.com\/#website"},"primaryImageOfPage":{"@id":"https:\/\/nisantasicosmetic.com\/urun\/konjac-tea\/#primaryimage"},"image":{"@id":"https:\/\/nisantasicosmetic.com\/urun\/konjac-tea\/#primaryimage"},"thumbnailUrl":"https:\/\/nisantasicosmetic.com\/wp-content\/uploads\/2024\/06\/Konjac-Tea-55-1.png","datePublished":"2024-06-04T07:56:13+00:00","dateModified":"2026-03-26T14:34:33+00:00","description":"Experience the benefits of Konjac Tea from Ni\u015fanta\u015f\u0131 Cosmetic \u2013 a natural blend designed to support weight management and enhance your well-being!","breadcrumb":{"@id":"https:\/\/nisantasicosmetic.com\/urun\/konjac-tea\/#breadcrumb"},"inLanguage":"tr","potentialAction":[{"@type":"ReadAction","target":["https:\/\/nisantasicosmetic.com\/urun\/konjac-tea\/"]}]},{"@type":"ImageObject","inLanguage":"tr","@id":"https:\/\/nisantasicosmetic.com\/urun\/konjac-tea\/#primaryimage","url":"https:\/\/nisantasicosmetic.com\/wp-content\/uploads\/2024\/06\/Konjac-Tea-55-1.png","contentUrl":"https:\/\/nisantasicosmetic.com\/wp-content\/uploads\/2024\/06\/Konjac-Tea-55-1.png","width":1000,"height":1000},{"@type":"BreadcrumbList","@id":"https:\/\/nisantasicosmetic.com\/urun\/konjac-tea\/#breadcrumb","itemListElement":[{"@type":"ListItem","position":1,"name":"Anasayfa","item":"https:\/\/nisantasicosmetic.com\/"},{"@type":"ListItem","position":2,"name":"Produtos","item":"https:\/\/nisantasicosmetic.com\/pt\/shop\/"},{"@type":"ListItem","position":3,"name":"Konjac Tea"}]},{"@type":"WebSite","@id":"https:\/\/nisantasicosmetic.com\/#website","url":"https:\/\/nisantasicosmetic.com\/","name":"Ni\u015fanta\u015f\u0131 Kozmetik","description":"","publisher":{"@id":"https:\/\/nisantasicosmetic.com\/#organization"},"potentialAction":[{"@type":"SearchAction","target":{"@type":"EntryPoint","urlTemplate":"https:\/\/nisantasicosmetic.com\/?s={search_term_string}"},"query-input":{"@type":"PropertyValueSpecification","valueRequired":true,"valueName":"search_term_string"}}],"inLanguage":"tr"},{"@type":"Organization","@id":"https:\/\/nisantasicosmetic.com\/#organization","name":"Ni\u015fanta\u015f\u0131 Kozmetik","url":"https:\/\/nisantasicosmetic.com\/","logo":{"@type":"ImageObject","inLanguage":"tr","@id":"https:\/\/nisantasicosmetic.com\/#\/schema\/logo\/image\/","url":"https:\/\/nisantasicosmetic.com\/wp-content\/uploads\/2024\/06\/Nisantasi-Cosmetic-Logo.png","contentUrl":"https:\/\/nisantasicosmetic.com\/wp-content\/uploads\/2024\/06\/Nisantasi-Cosmetic-Logo.png","width":1080,"height":216,"caption":"Ni\u015fanta\u015f\u0131 Kozmetik"},"image":{"@id":"https:\/\/nisantasicosmetic.com\/#\/schema\/logo\/image\/"}}]}},"_links":{"self":[{"href":"http:\/\/nisantasicosmetic.com\/tr\/wp-json\/wp\/v2\/product\/330","targetHints":{"allow":["GET"]}}],"collection":[{"href":"http:\/\/nisantasicosmetic.com\/tr\/wp-json\/wp\/v2\/product"}],"about":[{"href":"http:\/\/nisantasicosmetic.com\/tr\/wp-json\/wp\/v2\/types\/product"}],"replies":[{"embeddable":true,"href":"http:\/\/nisantasicosmetic.com\/tr\/wp-json\/wp\/v2\/comments?post=330"}],"wp:featuredmedia":[{"embeddable":true,"href":"http:\/\/nisantasicosmetic.com\/tr\/wp-json\/wp\/v2\/media\/1159"}],"wp:attachment":[{"href":"http:\/\/nisantasicosmetic.com\/tr\/wp-json\/wp\/v2\/media?parent=330"}],"wp:term":[{"taxonomy":"product_brand","embeddable":true,"href":"http:\/\/nisantasicosmetic.com\/tr\/wp-json\/wp\/v2\/product_brand?post=330"},{"taxonomy":"product_cat","embeddable":true,"href":"http:\/\/nisantasicosmetic.com\/tr\/wp-json\/wp\/v2\/product_cat?post=330"},{"taxonomy":"product_tag","embeddable":true,"href":"http:\/\/nisantasicosmetic.com\/tr\/wp-json\/wp\/v2\/product_tag?post=330"}],"curies":[{"name":"wp","href":"https:\/\/api.w.org\/{rel}","templated":true}]}}