{"id":581,"date":"2024-06-05T09:56:41","date_gmt":"2024-06-05T06:56:41","guid":{"rendered":"https:\/\/nisantasi.zarendigital.com\/?page_id=581"},"modified":"2024-06-05T17:39:57","modified_gmt":"2024-06-05T14:39:57","slug":"membership-agreement","status":"publish","type":"page","link":"http:\/\/nisantasicosmetic.com\/pt\/acordo-de-adesao\/","title":{"rendered":"Acordo de Associa\u00e7\u00e3o"},"content":{"rendered":"<div data-elementor-type=\"wp-page\" data-elementor-id=\"581\" class=\"elementor elementor-581\" data-elementor-post-type=\"page\">\n\t\t\t\t\t\t<section class=\"elementor-section elementor-top-section elementor-element elementor-element-f6fdf1b elementor-section-height-min-height elementor-section-content-middle elementor-section-boxed elementor-section-height-default elementor-section-items-middle\" data-id=\"f6fdf1b\" data-element_type=\"section\">\n\t\t\t\t\t\t<div class=\"elementor-container elementor-column-gap-default\">\n\t\t\t\t\t<div class=\"elementor-column elementor-col-100 elementor-top-column elementor-element elementor-element-60133d5\" data-id=\"60133d5\" data-element_type=\"column\">\n\t\t\t<div class=\"elementor-widget-wrap elementor-element-populated\">\n\t\t\t\t\t\t<section class=\"elementor-section elementor-inner-section elementor-element elementor-element-42e5b59 elementor-section-content-middle elementor-section-boxed elementor-section-height-default elementor-section-height-default\" data-id=\"42e5b59\" data-element_type=\"section\">\n\t\t\t\t\t\t<div class=\"elementor-container elementor-column-gap-default\">\n\t\t\t\t\t<div class=\"elementor-column elementor-col-100 elementor-inner-column elementor-element elementor-element-eef93b9\" data-id=\"eef93b9\" data-element_type=\"column\">\n\t\t\t<div class=\"elementor-widget-wrap elementor-element-populated\">\n\t\t\t\t\t\t<div class=\"elementor-element elementor-element-e197cab elementor-widget elementor-widget-heading\" data-id=\"e197cab\" data-element_type=\"widget\" data-widget_type=\"heading.default\">\n\t\t\t\t<div class=\"elementor-widget-container\">\n\t\t\t\t\t<h2 class=\"elementor-heading-title elementor-size-default\">Acordo de Associa\u00e7\u00e3o<\/h2>\t\t\t\t<\/div>\n\t\t\t\t<\/div>\n\t\t\t\t<div class=\"elementor-element elementor-element-6050a0c elementor-widget elementor-widget-woocommerce-breadcrumb\" data-id=\"6050a0c\" data-element_type=\"widget\" data-widget_type=\"woocommerce-breadcrumb.default\">\n\t\t\t\t<div class=\"elementor-widget-container\">\n\t\t\t\t\t<nav class=\"woocommerce-breadcrumb\" aria-label=\"Breadcrumb\" data-no-translation=\"\" data-trp-gettext=\"\">In\u00edcio<\/nav>\t\t\t\t<\/div>\n\t\t\t\t<\/div>\n\t\t\t\t\t<\/div>\n\t\t<\/div>\n\t\t\t\t\t<\/div>\n\t\t<\/section>\n\t\t\t\t\t<\/div>\n\t\t<\/div>\n\t\t\t\t\t<\/div>\n\t\t<\/section>\n\t\t\t\t<section class=\"elementor-section elementor-top-section elementor-element elementor-element-582af76 elementor-section-content-middle elementor-section-boxed elementor-section-height-default elementor-section-height-default\" data-id=\"582af76\" data-element_type=\"section\">\n\t\t\t\t\t\t<div class=\"elementor-container elementor-column-gap-default\">\n\t\t\t\t\t<div class=\"elementor-column elementor-col-100 elementor-top-column elementor-element elementor-element-d649a91\" data-id=\"d649a91\" data-element_type=\"column\">\n\t\t\t<div class=\"elementor-widget-wrap elementor-element-populated\">\n\t\t\t\t\t\t<div class=\"elementor-element elementor-element-3c69c8b elementor-widget elementor-widget-spacer\" data-id=\"3c69c8b\" data-element_type=\"widget\" data-widget_type=\"spacer.default\">\n\t\t\t\t<div class=\"elementor-widget-container\">\n\t\t\t\t\t\t\t<div class=\"elementor-spacer\">\n\t\t\t<div class=\"elementor-spacer-inner\"><\/div>\n\t\t<\/div>\n\t\t\t\t\t\t<\/div>\n\t\t\t\t<\/div>\n\t\t\t\t\t<\/div>\n\t\t<\/div>\n\t\t\t\t\t<\/div>\n\t\t<\/section>\n\t\t\t\t<section class=\"elementor-section elementor-top-section elementor-element elementor-element-ed5e0dd elementor-section-content-middle elementor-section-boxed elementor-section-height-default elementor-section-height-default\" data-id=\"ed5e0dd\" data-element_type=\"section\">\n\t\t\t\t\t\t<div class=\"elementor-container elementor-column-gap-default\">\n\t\t\t\t\t<div class=\"elementor-column elementor-col-100 elementor-top-column elementor-element elementor-element-63cbb73\" data-id=\"63cbb73\" data-element_type=\"column\">\n\t\t\t<div class=\"elementor-widget-wrap elementor-element-populated\">\n\t\t\t\t\t\t<section class=\"elementor-section elementor-inner-section elementor-element elementor-element-34fdd35 elementor-section-content-middle elementor-section-boxed elementor-section-height-default elementor-section-height-default\" data-id=\"34fdd35\" data-element_type=\"section\">\n\t\t\t\t\t\t<div class=\"elementor-container elementor-column-gap-default\">\n\t\t\t\t\t<div class=\"elementor-column elementor-col-100 elementor-inner-column elementor-element elementor-element-ad730be\" data-id=\"ad730be\" data-element_type=\"column\">\n\t\t\t<div class=\"elementor-widget-wrap elementor-element-populated\">\n\t\t\t\t\t\t<div class=\"elementor-element elementor-element-09705db elementor-widget elementor-widget-text-editor\" data-id=\"09705db\" data-element_type=\"widget\" data-widget_type=\"text-editor.default\">\n\t\t\t\t<div class=\"elementor-widget-container\">\n\t\t\t\t\t\t\t\t\t<p><b>TERMOS DE USO DO SITE<\/b><\/p><p>Em nosso Contrato de Associa\u00e7\u00e3o, leia estes &#039;termos de uso do site&#039; com aten\u00e7\u00e3o antes de usar nosso site.<br \/>Presume-se que nossos clientes que usam e compram neste site de compras aceitaram os seguintes termos:<br \/>As p\u00e1ginas da web em nosso site e todas as p\u00e1ginas vinculadas a ele (&#039;site&#039;) s\u00e3o propriedade da empresa N\u0130\u015eANTA\u015eI KOZMETIK (Empresa) em www.nisantasikozmetik.com e www.nisantasikozmetik.com e s\u00e3o operadas por ela. Enquanto voc\u00ea (&#039;Usu\u00e1rio&#039;) utiliza todos os servi\u00e7os oferecidos no site, voc\u00ea est\u00e1 sujeito \u00e0s seguintes condi\u00e7\u00f5es, ao beneficiar e continuar a utilizar o servi\u00e7o do site; Considera-se que voc\u00ea tem o direito, autoridade e capacidade legal para assinar um contrato de acordo com as leis pelas quais est\u00e1 vinculado e que tem mais de 18 anos de idade, que leu e compreendeu este contrato e que est\u00e1 vinculado ao termos escritos no contrato.<\/p><p>Este Acordo de Ades\u00e3o imp\u00f5e direitos e obriga\u00e7\u00f5es \u00e0s partes em rela\u00e7\u00e3o ao site objeto do contrato, e quando as partes aceitam este acordo, declaram que cumprir\u00e3o os referidos direitos e obriga\u00e7\u00f5es de forma completa, precisa, dentro do prazo e nas condi\u00e7\u00f5es solicitadas em este acordo.<\/p><p><b>1. RESPONSABILIDADES<\/b><\/p><p>a.A empresa reserva-se sempre o direito de efetuar altera\u00e7\u00f5es nos pre\u00e7os e nos produtos e servi\u00e7os oferecidos.<\/p><p>b.A empresa aceita e compromete-se a que o associado beneficie dos servi\u00e7os objeto do contrato, excluindo avarias t\u00e9cnicas.<\/p><p>c. O usu\u00e1rio aceita antecipadamente que n\u00e3o far\u00e1 engenharia reversa no uso do site ou realizar\u00e1 qualquer outra a\u00e7\u00e3o para encontrar ou obter o c\u00f3digo-fonte do site, caso contr\u00e1rio ser\u00e1 respons\u00e1vel por quaisquer danos que possam ocorrer a terceiros e legais e criminais. ser\u00e1 instaurado um processo contra ele.<\/p><p>d. O Usu\u00e1rio, em suas atividades dentro do site, em qualquer parte do site ou em suas comunica\u00e7\u00f5es, pode violar a moral geral e os bons costumes, ser contra a lei, prejudicar direitos de terceiros, ser enganoso, ofensivo, obsceno, pornogr\u00e1fico, prejudicar direitos pessoais, violar direitos autorais, encorajar atividades ilegais. Ele concorda que n\u00e3o produzir\u00e1 ou compartilhar\u00e1 conte\u00fado. Caso contr\u00e1rio, ele\/ela \u00e9 inteiramente respons\u00e1vel pelos danos que possam ocorrer e, neste caso, as autoridades do \u2018Site\u2019 poder\u00e3o suspender ou encerrar tais contas e reservar-se o direito de iniciar processos judiciais. Por este motivo, reserva-se o direito de partilhar informa\u00e7\u00f5es sobre atividades ou contas de utilizadores se solicitado pelas autoridades judiciais.<\/p><p>e. Os membros do site s\u00e3o respons\u00e1veis pelas suas rela\u00e7\u00f5es entre si ou com terceiros.<\/p><p><b>2. Direitos de Propriedade Intelectual<\/b><\/p><p>2.1. Todos os direitos de propriedade intelectual registrados ou n\u00e3o registrados, como t\u00edtulo, nome comercial, marca registrada, patente, logotipo, design, informa\u00e7\u00f5es e m\u00e9todo contidos neste Site pertencem ao operador do site e \u00e0 empresa propriet\u00e1ria ou \u00e0 pessoa especificada e est\u00e3o sob a prote\u00e7\u00e3o de leis nacionais e internacionais. lei. Visitar este Site ou utilizar os servi\u00e7os deste Site n\u00e3o concede quaisquer direitos a tais direitos de propriedade intelectual.<\/p><p>2.2. As informa\u00e7\u00f5es contidas no site n\u00e3o podem ser reproduzidas, publicadas, copiadas, apresentadas e\/ou transferidas de forma alguma. A totalidade ou parte do site n\u00e3o pode ser usada em outro site sem permiss\u00e3o.<\/p><p><b>3. Informa\u00e7\u00f5es secretas<\/b><\/p><p>3.1. A empresa n\u00e3o divulgar\u00e1 informa\u00e7\u00f5es pessoais transmitidas pelos usu\u00e1rios atrav\u00e9s do site a terceiros. Estas informa\u00e7\u00f5es pessoais; Cont\u00e9m todo o tipo de outras informa\u00e7\u00f5es destinadas a identificar o Utilizador, tais como nome e apelido da pessoa, morada, n\u00famero de telefone, telem\u00f3vel, endere\u00e7o de e-mail, e ser\u00e3o brevemente referidas como &#039;Informa\u00e7\u00f5es Confidenciais&#039;.<\/p><p>3.2. O usu\u00e1rio s\u00f3 poder\u00e1 utilizar promo\u00e7\u00f5es, an\u00fancios, campanhas, promo\u00e7\u00f5es, comunicados, etc. Ele aceita e declara que consente que a empresa propriet\u00e1ria do Site compartilhe seu contato, status de portf\u00f3lio e informa\u00e7\u00f5es demogr\u00e1ficas com suas subsidi\u00e1rias ou empresas do grupo a que \u00e9 afiliado, limitado \u00e0 sua utiliza\u00e7\u00e3o no \u00e2mbito de atividades de marketing. Estas informa\u00e7\u00f5es pessoais poder\u00e3o ser utilizadas para determinar o perfil do cliente dentro da empresa, para oferecer promo\u00e7\u00f5es e campanhas adequadas ao perfil do cliente e para realizar estudos estat\u00edsticos.<\/p><p>3.3. A Informa\u00e7\u00e3o Confidencial s\u00f3 pode ser divulgada \u00e0s autoridades oficiais se esta informa\u00e7\u00e3o for solicitada oportunamente pelas autoridades oficiais e nos casos em que a divulga\u00e7\u00e3o \u00e0s autoridades oficiais seja obrigat\u00f3ria de acordo com a legisla\u00e7\u00e3o obrigat\u00f3ria em vigor.<\/p><p>4<b>. Sem garantia:<\/b> ESTA CL\u00c1USULA DO CONTRATO SER\u00c1 V\u00c1LIDA NA MEDIDA M\u00c1XIMA PERMITIDA PELA LEI APLIC\u00c1VEL. OS SERVI\u00c7OS OFERECIDOS PELA EMPRESA S\u00c3O FORNECIDOS \u201cCOMO EST\u00c3O\u201d E \u201cCONFORME DISPON\u00cdVEIS\u201d E COM RESPEITO AOS SERVI\u00c7OS OU \u00c0 APLICA\u00c7\u00c3O, INCLUINDO TODAS AS GARANTIAS IMPL\u00cdCITAS DE COMERCIALIZA\u00c7\u00c3O, ADEQUA\u00c7\u00c3O A UM DETERMINADO FIM OU N\u00c3O VIOLA\u00c7\u00c3O (TODAS AS INFORMA\u00c7\u00d5ES CONTIDO NELE). EXPRESSA OU IMPL\u00cdCITA N\u00c3O OFERECE GARANTIA DE QUALQUER TIPO, ESTATUT\u00c1RIA OU OUTRA.<\/p><p><span style=\"color: var( --e-global-color-text ); font-size: 1rem; text-align: var(--bs-body-text-align);\"><b>5. Registro e Seguran\u00e7a<\/b><\/span><\/p><p>O usu\u00e1rio dever\u00e1 fornecer informa\u00e7\u00f5es cadastrais precisas, completas e atualizadas. Caso contr\u00e1rio, este Contrato ser\u00e1 considerado violado e a conta poder\u00e1 ser encerrada sem informar o Usu\u00e1rio.<\/p><p>O usu\u00e1rio \u00e9 respons\u00e1vel pela senha e seguran\u00e7a da conta no site e em sites de terceiros. Caso contr\u00e1rio, a Empresa n\u00e3o pode ser responsabilizada por qualquer perda de dados, viola\u00e7\u00f5es de seguran\u00e7a ou danos ao hardware e dispositivos que possam ocorrer<\/p><p><b>6. For\u00e7a Maior<\/b><\/p><p>N\u00e3o est\u00e1 sob o controle das partes; decorrentes do contrato devido a motivos como desastres naturais, inc\u00eandios, explos\u00f5es, guerras civis, guerras, motins, movimentos p\u00fablicos, declara\u00e7\u00e3o de mobiliza\u00e7\u00e3o, greves, bloqueios e epidemias, falhas de infraestrutura e internet, cortes de energia (doravante denominados em conjunto como \u201c For\u00e7a maior&quot;). Se as obriga\u00e7\u00f5es n\u00e3o forem cumpridas pelas partes, as partes n\u00e3o ser\u00e3o respons\u00e1veis por isso. Durante este per\u00edodo, os direitos e obriga\u00e7\u00f5es das Partes decorrentes deste Acordo ficam suspensos.<\/p><p><b>7. Integridade do Contrato e Aplicabilidade<\/b><\/p><p>Se um dos termos deste acordo se tornar parcial ou totalmente inv\u00e1lido, o restante do acordo continuar\u00e1 v\u00e1lido.<\/p><p><b>8. Altera\u00e7\u00f5es a serem feitas no Contrato<\/b><\/p><p>A empresa poder\u00e1 alterar parcial ou totalmente os servi\u00e7os oferecidos no site e os termos deste contrato a qualquer momento. As altera\u00e7\u00f5es ser\u00e3o v\u00e1lidas a partir da data de publica\u00e7\u00e3o no site. \u00c9 responsabilidade do Usu\u00e1rio acompanhar as altera\u00e7\u00f5es. Considera-se que o utilizador aceitou estas altera\u00e7\u00f5es continuando a beneficiar dos servi\u00e7os oferecidos.<\/p><p><b>9. Notifica\u00e7\u00e3o<\/b><\/p><p>Todas as notifica\u00e7\u00f5es a serem enviadas \u00e0s partes em rela\u00e7\u00e3o a este Contrato de Ades\u00e3o ser\u00e3o feitas atrav\u00e9s do endere\u00e7o de e-mail conhecido da Empresa e do endere\u00e7o de e-mail especificado pelo usu\u00e1rio no formul\u00e1rio de ades\u00e3o. O usu\u00e1rio aceita que o endere\u00e7o especificado no momento da inscri\u00e7\u00e3o seja o endere\u00e7o de notifica\u00e7\u00e3o v\u00e1lido e que, em caso de altera\u00e7\u00e3o, notificar\u00e1 a outra parte por escrito no prazo de 5 dias, caso contr\u00e1rio as notifica\u00e7\u00f5es para este endere\u00e7o ser\u00e3o consideradas v\u00e1lidas.<\/p><p><b>10. Acordo de Evid\u00eancia<\/b><\/p><p>Em quaisquer disputas que possam surgir entre as Partes em rela\u00e7\u00e3o \u00e0s transa\u00e7\u00f5es relacionadas a este contrato, os livros, registros e documentos das Partes, registros de computador e registros de fax ser\u00e3o aceitos como prova de acordo com o C\u00f3digo de Processo Civil n\u00ba 6.100, e o o usu\u00e1rio concorda que n\u00e3o se opor\u00e1 a esses registros.<\/p><p><b>11. Resolu\u00e7\u00e3o de disputas<\/b><\/p><p>Os Tribunais e Escrit\u00f3rios de Execu\u00e7\u00e3o de Istambul (Central) est\u00e3o autorizados a resolver quaisquer disputas decorrentes da implementa\u00e7\u00e3o ou interpreta\u00e7\u00e3o deste Contrato de Ades\u00e3o.<\/p>\t\t\t\t\t\t\t\t<\/div>\n\t\t\t\t<\/div>\n\t\t\t\t\t<\/div>\n\t\t<\/div>\n\t\t\t\t\t<\/div>\n\t\t<\/section>\n\t\t\t\t\t<\/div>\n\t\t<\/div>\n\t\t\t\t\t<\/div>\n\t\t<\/section>\n\t\t\t\t<\/div>","protected":false},"excerpt":{"rendered":"<p>Membership Agreement SITE TERMS OF USE In our Membership Agreement, please read these &#8216;site terms of use&#8217; carefully before using our site.Our customers who use and shop on this shopping site are assumed to have accepted the following terms:The web pages on our site and all pages linked to it (&#8216;site&#8217;) are the property of [&hellip;]<\/p>","protected":false},"author":1,"featured_media":0,"parent":0,"menu_order":0,"comment_status":"closed","ping_status":"closed","template":"elementor_header_footer","meta":{"footnotes":""},"class_list":["post-581","page","type-page","status-publish","hentry"],"yoast_head":"<!-- This site is optimized with the Yoast SEO plugin v26.2 - https:\/\/yoast.com\/wordpress\/plugins\/seo\/ -->\n<title>Membership Agreement - Ni\u015fanta\u015f\u0131 Cosmetic<\/title>\n<meta name=\"description\" content=\"Membership Agreement\" \/>\n<meta name=\"robots\" content=\"index, follow, max-snippet:-1, max-image-preview:large, max-video-preview:-1\" \/>\n<link rel=\"canonical\" href=\"http:\/\/nisantasicosmetic.com\/pt\/acordo-de-adesao\/?wmc-currency=EUR\" \/>\n<meta property=\"og:locale\" content=\"pt_PT\" \/>\n<meta property=\"og:type\" content=\"article\" \/>\n<meta property=\"og:title\" content=\"Membership Agreement - Ni\u015fanta\u015f\u0131 Cosmetic\" \/>\n<meta property=\"og:description\" content=\"Membership Agreement\" \/>\n<meta property=\"og:url\" content=\"http:\/\/nisantasicosmetic.com\/pt\/acordo-de-adesao\/?wmc-currency=EUR\" \/>\n<meta property=\"og:site_name\" content=\"Ni\u015fanta\u015f\u0131 Cosmetic\" \/>\n<meta property=\"article:modified_time\" content=\"2024-06-05T14:39:57+00:00\" \/>\n<meta name=\"twitter:card\" content=\"summary_large_image\" \/>\n<meta name=\"twitter:label1\" content=\"Tempo estimado de leitura\" \/>\n\t<meta name=\"twitter:data1\" content=\"8 minutos\" \/>\n<script type=\"application\/ld+json\" class=\"yoast-schema-graph\">{\"@context\":\"https:\/\/schema.org\",\"@graph\":[{\"@type\":\"WebPage\",\"@id\":\"https:\/\/nisantasicosmetic.com\/membership-agreement\/\",\"url\":\"https:\/\/nisantasicosmetic.com\/membership-agreement\/\",\"name\":\"Membership Agreement - Ni\u015fanta\u015f\u0131 Cosmetic\",\"isPartOf\":{\"@id\":\"https:\/\/nisantasicosmetic.com\/#website\"},\"datePublished\":\"2024-06-05T06:56:41+00:00\",\"dateModified\":\"2024-06-05T14:39:57+00:00\",\"description\":\"Membership Agreement\",\"breadcrumb\":{\"@id\":\"https:\/\/nisantasicosmetic.com\/membership-agreement\/#breadcrumb\"},\"inLanguage\":\"pt-PT\",\"potentialAction\":[{\"@type\":\"ReadAction\",\"target\":[\"https:\/\/nisantasicosmetic.com\/membership-agreement\/\"]}]},{\"@type\":\"BreadcrumbList\",\"@id\":\"https:\/\/nisantasicosmetic.com\/membership-agreement\/#breadcrumb\",\"itemListElement\":[{\"@type\":\"ListItem\",\"position\":1,\"name\":\"Anasayfa\",\"item\":\"https:\/\/nisantasicosmetic.com\/\"},{\"@type\":\"ListItem\",\"position\":2,\"name\":\"Membership Agreement\"}]},{\"@type\":\"WebSite\",\"@id\":\"https:\/\/nisantasicosmetic.com\/#website\",\"url\":\"https:\/\/nisantasicosmetic.com\/\",\"name\":\"Ni\u015fanta\u015f\u0131 Kozmetik\",\"description\":\"\",\"publisher\":{\"@id\":\"https:\/\/nisantasicosmetic.com\/#organization\"},\"potentialAction\":[{\"@type\":\"SearchAction\",\"target\":{\"@type\":\"EntryPoint\",\"urlTemplate\":\"https:\/\/nisantasicosmetic.com\/?s={search_term_string}\"},\"query-input\":{\"@type\":\"PropertyValueSpecification\",\"valueRequired\":true,\"valueName\":\"search_term_string\"}}],\"inLanguage\":\"pt-PT\"},{\"@type\":\"Organization\",\"@id\":\"https:\/\/nisantasicosmetic.com\/#organization\",\"name\":\"Ni\u015fanta\u015f\u0131 Kozmetik\",\"url\":\"https:\/\/nisantasicosmetic.com\/\",\"logo\":{\"@type\":\"ImageObject\",\"inLanguage\":\"pt-PT\",\"@id\":\"https:\/\/nisantasicosmetic.com\/#\/schema\/logo\/image\/\",\"url\":\"https:\/\/nisantasicosmetic.com\/wp-content\/uploads\/2024\/06\/Nisantasi-Cosmetic-Logo.png\",\"contentUrl\":\"https:\/\/nisantasicosmetic.com\/wp-content\/uploads\/2024\/06\/Nisantasi-Cosmetic-Logo.png\",\"width\":1080,\"height\":216,\"caption\":\"Ni\u015fanta\u015f\u0131 Kozmetik\"},\"image\":{\"@id\":\"https:\/\/nisantasicosmetic.com\/#\/schema\/logo\/image\/\"}}]}<\/script>\n<!-- \/ Yoast SEO plugin. -->","yoast_head_json":{"title":"Membership Agreement - Ni\u015fanta\u015f\u0131 Cosmetic","description":"Membership Agreement","robots":{"index":"index","follow":"follow","max-snippet":"max-snippet:-1","max-image-preview":"max-image-preview:large","max-video-preview":"max-video-preview:-1"},"canonical":"http:\/\/nisantasicosmetic.com\/pt\/acordo-de-adesao\/?wmc-currency=EUR","og_locale":"pt_PT","og_type":"article","og_title":"Membership Agreement - Ni\u015fanta\u015f\u0131 Cosmetic","og_description":"Membership Agreement","og_url":"http:\/\/nisantasicosmetic.com\/pt\/acordo-de-adesao\/?wmc-currency=EUR","og_site_name":"Ni\u015fanta\u015f\u0131 Cosmetic","article_modified_time":"2024-06-05T14:39:57+00:00","twitter_card":"summary_large_image","twitter_misc":{"Tempo estimado de leitura":"8 minutos"},"schema":{"@context":"https:\/\/schema.org","@graph":[{"@type":"WebPage","@id":"https:\/\/nisantasicosmetic.com\/membership-agreement\/","url":"https:\/\/nisantasicosmetic.com\/membership-agreement\/","name":"Membership Agreement - Ni\u015fanta\u015f\u0131 Cosmetic","isPartOf":{"@id":"https:\/\/nisantasicosmetic.com\/#website"},"datePublished":"2024-06-05T06:56:41+00:00","dateModified":"2024-06-05T14:39:57+00:00","description":"Membership Agreement","breadcrumb":{"@id":"https:\/\/nisantasicosmetic.com\/membership-agreement\/#breadcrumb"},"inLanguage":"pt-PT","potentialAction":[{"@type":"ReadAction","target":["https:\/\/nisantasicosmetic.com\/membership-agreement\/"]}]},{"@type":"BreadcrumbList","@id":"https:\/\/nisantasicosmetic.com\/membership-agreement\/#breadcrumb","itemListElement":[{"@type":"ListItem","position":1,"name":"Anasayfa","item":"https:\/\/nisantasicosmetic.com\/"},{"@type":"ListItem","position":2,"name":"Membership Agreement"}]},{"@type":"WebSite","@id":"https:\/\/nisantasicosmetic.com\/#website","url":"https:\/\/nisantasicosmetic.com\/","name":"Ni\u015fanta\u015f\u0131 Kozmetik","description":"","publisher":{"@id":"https:\/\/nisantasicosmetic.com\/#organization"},"potentialAction":[{"@type":"SearchAction","target":{"@type":"EntryPoint","urlTemplate":"https:\/\/nisantasicosmetic.com\/?s={search_term_string}"},"query-input":{"@type":"PropertyValueSpecification","valueRequired":true,"valueName":"search_term_string"}}],"inLanguage":"pt-PT"},{"@type":"Organization","@id":"https:\/\/nisantasicosmetic.com\/#organization","name":"Ni\u015fanta\u015f\u0131 Kozmetik","url":"https:\/\/nisantasicosmetic.com\/","logo":{"@type":"ImageObject","inLanguage":"pt-PT","@id":"https:\/\/nisantasicosmetic.com\/#\/schema\/logo\/image\/","url":"https:\/\/nisantasicosmetic.com\/wp-content\/uploads\/2024\/06\/Nisantasi-Cosmetic-Logo.png","contentUrl":"https:\/\/nisantasicosmetic.com\/wp-content\/uploads\/2024\/06\/Nisantasi-Cosmetic-Logo.png","width":1080,"height":216,"caption":"Ni\u015fanta\u015f\u0131 Kozmetik"},"image":{"@id":"https:\/\/nisantasicosmetic.com\/#\/schema\/logo\/image\/"}}]}},"_links":{"self":[{"href":"http:\/\/nisantasicosmetic.com\/pt\/wp-json\/wp\/v2\/pages\/581","targetHints":{"allow":["GET"]}}],"collection":[{"href":"http:\/\/nisantasicosmetic.com\/pt\/wp-json\/wp\/v2\/pages"}],"about":[{"href":"http:\/\/nisantasicosmetic.com\/pt\/wp-json\/wp\/v2\/types\/page"}],"author":[{"embeddable":true,"href":"http:\/\/nisantasicosmetic.com\/pt\/wp-json\/wp\/v2\/users\/1"}],"replies":[{"embeddable":true,"href":"http:\/\/nisantasicosmetic.com\/pt\/wp-json\/wp\/v2\/comments?post=581"}],"version-history":[{"count":0,"href":"http:\/\/nisantasicosmetic.com\/pt\/wp-json\/wp\/v2\/pages\/581\/revisions"}],"wp:attachment":[{"href":"http:\/\/nisantasicosmetic.com\/pt\/wp-json\/wp\/v2\/media?parent=581"}],"curies":[{"name":"wp","href":"https:\/\/api.w.org\/{rel}","templated":true}]}}